{"id":4039,"date":"2026-03-18T10:40:46","date_gmt":"2026-03-18T09:40:46","guid":{"rendered":"https:\/\/www.ellingyachting.com\/elling-explorer-yacht\/"},"modified":"2026-04-08T09:12:45","modified_gmt":"2026-04-08T07:12:45","slug":"elling-explorer-yacht","status":"publish","type":"page","link":"https:\/\/www.ellingyachting.com\/no\/elling-explorer-yacht\/","title":{"rendered":"Elling Explorer yacht"},"content":{"rendered":"<div class=\"wpb-content-wrapper\"><p>[vc_row row_type=&raquo;parallax&raquo; parallax_content_width=&raquo;in_grid&raquo; text_align=&raquo;left&raquo; full_screen_section_height=&raquo;no&raquo; section_height=&raquo;400&#8243; background_image=&raquo;478&#8243; el_class=&raquo;dont-show-on-mobile&raquo;][vc_column][\/vc_column][\/vc_row][vc_row css_animation=&raquo;&raquo; row_type=&raquo;row&raquo; use_row_as_full_screen_section=&raquo;no&raquo; type=&raquo;full_width&raquo; angled_section=&raquo;no&raquo; text_align=&raquo;left&raquo; background_image_as_pattern=&raquo;without_pattern&raquo; el_class=&raquo;flex-row-over dont-show-on-mobile&raquo; z_index=&raquo;&raquo;][vc_column][vc_row_inner row_type=&raquo;row&raquo; type=&raquo;grid&raquo; text_align=&raquo;left&raquo; css_animation=&raquo;element_from_fade&raquo; el_class=&raquo;home-h1-styling&raquo;][vc_column_inner width=&raquo;1\/2&#8243;][vc_column_text css=&raquo;&raquo;]<span class=\"h1-style\">Elling Explorer Yacht<br \/>\nKraft og eleganse<\/span>[\/vc_column_text][\/vc_column_inner][vc_column_inner el_class=&raquo;text-align-right&raquo; width=&raquo;1\/2&#8243;]<a  itemprop=\"url\" href=\"https:\/\/www.ellingyachting.com\/the-elling-motor-yacht-range\/elling-e6\/\" target=\"_self\"  class=\"qbutton  default\" style=\"margin: 20px 0px 10px 0px; \">Oppdag E6<i class=\"qode_icon_font_awesome fa fa-chevron-right qode_button_icon_element\"><\/i><\/a>[\/vc_column_inner][\/vc_row_inner][\/vc_column][\/vc_row][vc_row css_animation=&raquo;element_from_fade&raquo; row_type=&raquo;row&raquo; use_row_as_full_screen_section=&raquo;no&raquo; type=&raquo;full_width&raquo; angled_section=&raquo;no&raquo; text_align=&raquo;left&raquo; background_image_as_pattern=&raquo;without_pattern&raquo; css=&raquo;.vc_custom_1582201138721{padding-top: 40px !important;padding-bottom: 80px !important;}&raquo; z_index=&raquo;&raquo;][vc_column][vc_row_inner row_type=&raquo;row&raquo; type=&raquo;grid&raquo; text_align=&raquo;left&raquo; css_animation=&raquo;&raquo;][vc_column_inner][vc_column_text css=&raquo;&raquo; el_class=&raquo;big-brown-head&raquo;]<\/p>\n<h1>Det komplette utvalget av Elling Explorer Yachts<\/h1>\n<p>[\/vc_column_text][\/vc_column_inner][\/vc_row_inner][vc_row_inner row_type=&raquo;row&raquo; type=&raquo;grid&raquo; text_align=&raquo;left&raquo; css_animation=&raquo;&raquo; css=&raquo;.vc_custom_1570609570604{margin-top: 30px !important;}&raquo;][vc_column_inner width=&raquo;1\/2&#8243;]<div class=\"q_image_with_text_over q_iwto_hover\"><div class=\"shader\" style=\"background-color: rgba(0,0,0,0.01)\"><\/div><div class=\"shader_hover\" style=\"background-color: rgba(0,0,0,0.5)\"><\/div><img decoding=\"async\" itemprop=\"image\" src=\"https:\/\/www.ellingyachting.com\/wp-content\/uploads\/2020\/03\/elling-e3-range.jpg\" alt=\"Elling E3 Motoryacht\" \/><div class=\"text\"><table><tr><td><h3 class=\"caption no_icon\" style=\"\"><\/h3><\/td><\/tr><\/table><table><tr><td><div class=\"desc\"><\/p>\n<h3 class=\"h2-style\">Elling <span class=\"gold-head\">E3<\/span><\/h3>\n<p><span class=\"no-show-only-hover h4-style\">13,8 m : 45 fot<\/span><br \/>\n<span class=\"no-show-only-hover\">E3 er smidig og sportslig og klar for alt du kan utsette den for!<\/span><\/p>\n<p><a class=\"qbutton no-show-only-hover default\" href=\"https:\/\/www.ellingyachting.com\/no\/ellings-utvalg-av-motorbater\/elling-e3\/\" target=\"_self\" rel=\"noopener noreferrer\">Flere detaljer<i class=\"qode_icon_font_awesome fa fa-chevron-right qode_button_icon_element\"><\/i><\/a><\/div><\/td><\/tr><\/table><\/div><\/div>[vc_empty_space height=&raquo;30px&raquo;]<div class=\"q_image_with_text_over q_iwto_hover\"><div class=\"shader\" style=\"background-color: rgba(0,0,0,0.01)\"><\/div><div class=\"shader_hover\" style=\"background-color: rgba(0,0,0,0.5)\"><\/div><img decoding=\"async\" itemprop=\"image\" src=\"https:\/\/www.ellingyachting.com\/wp-content\/uploads\/2019\/10\/Elling-e4-model-full.jpg\" alt=\"Elling E4 Model\" \/><div class=\"text\"><table><tr><td><h3 class=\"caption no_icon\" style=\"\"><\/h3><\/td><\/tr><\/table><table><tr><td><div class=\"desc\"><\/p>\n<h3 class=\"h2-style\">Elling <span class=\"gold-head\">E4<\/span><\/h3>\n<p><span class=\"no-show-only-hover h4-style\">14,95 m : 49 fot<\/span><br \/>\n<span class=\"no-show-only-hover\">E4 er t\u00f8ff og stilig med litt mer plass til overnatting.<\/span><\/p>\n<p><a class=\"qbutton no-show-only-hover default\" href=\"https:\/\/www.ellingyachting.com\/no\/ellings-utvalg-av-motorbater\/elling-e4\/\" target=\"_self\" rel=\"noopener noreferrer\">Flere detaljer<i class=\"qode_icon_font_awesome fa fa-chevron-right qode_button_icon_element\"><\/i><\/a><\/div><\/td><\/tr><\/table><\/div><\/div>[\/vc_column_inner][vc_column_inner el_class=&raquo;overview-after-boat-brown&raquo; width=&raquo;1\/2&#8243;][vc_empty_space height=&raquo;200px&raquo;]<div class=\"q_image_with_text_over q_iwto_hover\"><div class=\"shader\" style=\"background-color: rgba(0,0,0,0.01)\"><\/div><div class=\"shader_hover\" style=\"background-color: rgba(0,0,0,0.5)\"><\/div><img decoding=\"async\" itemprop=\"image\" src=\"https:\/\/www.ellingyachting.com\/wp-content\/uploads\/2020\/03\/elling-e6-range.jpg\" alt=\"The Elling E6 Motoryacht\" \/><div class=\"text\"><table><tr><td><h3 class=\"caption no_icon\" style=\"\"><\/h3><\/td><\/tr><\/table><table><tr><td><div class=\"desc\"><\/p>\n<h3 class=\"h2-style\">Elling <span class=\"gold-head\">E6<\/span><\/h3>\n<p><span class=\"no-show-only-hover h4-style\">19,8 m : 65 fot<\/span><br \/>\n<span class=\"no-show-only-hover\">Neste generasjon er her. Enda mer plass til \u00e5 slappe av og nyte! <\/span><\/p>\n<p><a class=\"qbutton no-show-only-hover default\" href=\"https:\/\/www.ellingyachting.com\/no\/ellings-utvalg-av-motorbater\/elling-e6\/\" target=\"_self\" rel=\"noopener noreferrer\">Flere detaljer<i class=\"qode_icon_font_awesome fa fa-chevron-right qode_button_icon_element\"><\/i><\/a><\/div><\/td><\/tr><\/table><\/div><\/div>[\/vc_column_inner][\/vc_row_inner][\/vc_column][\/vc_row][vc_row css_animation=&raquo;&raquo; row_type=&raquo;row&raquo; use_row_as_full_screen_section=&raquo;no&raquo; type=&raquo;full_width&raquo; angled_section=&raquo;no&raquo; text_align=&raquo;left&raquo; background_image_as_pattern=&raquo;without_pattern&raquo;][vc_column][vc_row_inner row_type=&raquo;row&raquo; type=&raquo;grid&raquo; text_align=&raquo;left&raquo; css_animation=&raquo;element_from_fade&raquo; css=&raquo;.vc_custom_1583759421093{padding-top: 80px !important;padding-bottom: 80px !important;}&raquo; transition_delay=&raquo;500&#8243; el_class=&raquo;two-block-style order-change-mobile&raquo;][vc_column_inner el_class=&raquo;white-box-around&raquo; width=&raquo;1\/3&#8243; css=&raquo;.vc_custom_1582199390133{padding-top: 20px !important;padding-bottom: 40px !important;}&raquo;][vc_column_text css=&raquo;&raquo;]<\/p>\n<h2>Explorer Yacht i Amerika: Oppdag Elling<\/h2>\n<p>Hvis du er p\u00e5 utkikk etter en utforskerb\u00e5t i USA, kan Elling tilby en sjelden kombinasjon av nederlandsk b\u00e5tbygging, havg\u00e5ende selvtillit og langtidskomfort. Elling-serien er bygget for eiere som \u00f8nsker mer enn en weekendcruiser: en yacht som f\u00f8ler seg hjemme p\u00e5 den amerikanske \u00f8stkysten, p\u00e5 Great Loop, under kystpassasjer og p\u00e5 seri\u00f8se offshore-reiser. Elling selv posisjonerer b\u00e5tene sine som oppdagelsesfart\u00f8yer, trawlere med h\u00f8y ytelse, luksuri\u00f8se motorb\u00e5ter og cruiseb\u00e5ter for bl\u00e5tt vann &#8211; akkurat den miksen mange amerikanske eiere er ute etter.[\/vc_column_text][vc_column_text]E-serien n\u00e5r nye h\u00f8yder n\u00e5r det gjelder sikkerhet og luksus i moderne yachtdesign, bygget av Twaron\u00ae i henhold til den krevende CE-kategori A-standarden (Ocean), som er like robust som en livb\u00e5t! V\u00e5re modeller leveres med mulighet for hjelpemotor for ekstra trygghet n\u00e5r forholdene blir virkelig t\u00f8ffe! Enten du skal krysse Kanalen eller Atlanterhavet, vil du \u00f8nske \u00e5 oppleve luksusen i E-serien hele \u00e5ret rundt.[\/vc_column_text]<a  itemprop=\"url\" href=\"https:\/\/www.ellingyachting.com\/no\/ellings-utvalg-av-motorbater\/elling-e3\/\" target=\"_self\"  class=\"qbutton  default\" style=\"margin: 20px 0px 0px 0px; \">Se flere detaljer om E6<i class=\"qode_icon_font_awesome fa fa-chevron-right qode_button_icon_element\"><\/i><\/a>[\/vc_column_inner][vc_column_inner el_class=&raquo;give-text-more-space-left&raquo; width=&raquo;2\/3&#8243; css=&raquo;.vc_custom_1582199911979{padding-top: 50px !important;}&raquo;][vc_single_image image=&raquo;3021&#8243; img_size=&raquo;full&raquo; alignment=&raquo;right&raquo; qode_css_animation=&raquo;&raquo;][vc_single_image image=&raquo;3010&#8243; img_size=&raquo;full&raquo; css=&raquo;.vc_custom_1570541907456{margin-top: 30px !important;}&raquo; qode_css_animation=&raquo;&raquo; el_class=&raquo;blue-after-landscape-small&raquo;][\/vc_column_inner][\/vc_row_inner][\/vc_column][\/vc_row][vc_row css_animation=&raquo;&raquo; row_type=&raquo;row&raquo; use_row_as_full_screen_section=&raquo;no&raquo; type=&raquo;full_width&raquo; angled_section=&raquo;no&raquo; text_align=&raquo;left&raquo; background_image_as_pattern=&raquo;without_pattern&raquo;][vc_column][vc_row_inner row_type=&raquo;row&raquo; type=&raquo;grid&raquo; text_align=&raquo;left&raquo; css_animation=&raquo;element_from_fade&raquo; css=&raquo;.vc_custom_1583755647406{padding-top: 120px !important;padding-bottom: 120px !important;}&raquo; el_class=&raquo;two-block-style&raquo;][vc_column_inner width=&raquo;1\/3&#8243;][vc_single_image image=&raquo;3013&#8243; img_size=&raquo;full&raquo; alignment=&raquo;center&raquo; qode_css_animation=&raquo;&raquo; el_class=&raquo;brown-after-landscape-small&raquo;][vc_single_image image=&raquo;3015&#8243; img_size=&raquo;full&raquo; alignment=&raquo;center&raquo; css=&raquo;.vc_custom_1583759642833{margin-top: 30px !important;}&raquo; qode_css_animation=&raquo;&raquo; el_class=&raquo;blue-after-landscape-medium&raquo;][\/vc_column_inner][vc_column_inner el_class=&raquo;give-text-bigger-space-left white-box-around&raquo; width=&raquo;2\/3&#8243;][vc_column_text css=&raquo;&raquo;]<\/p>\n<h2 data-section-id=\"116s3cv\" data-start=\"1604\" data-end=\"1660\">Hvorfor Elling skiller seg ut som en explorer-yacht i USA<\/h2>\n<p>Ellings E-serie er designet med fokus p\u00e5 sikkerhet, innovasjon og komfort \u00e5ret rundt. Elling E4 er bygget av kevlar, er CE-sertifisert i kategori A (Ocean) og kan utstyres med en hjelpemotor for ekstra trygghet offshore. For eiere som \u00f8nsker mer st\u00f8rrelse, mer autonomi og mer luksus, presenteres flaggskipet Elling E6 som en motorb\u00e5t som kan brukes overalt, med et Kevlar-forsterket skrog, CE-kategori A-sertifisering og en layout som er designet for lengre cruiseturer.<\/p>\n<h2 data-section-id=\"rw9pg8\" data-start=\"2171\" data-end=\"2207\">Bygget for amerikanske cruiseplaner<\/h2>\n<p data-start=\"2209\" data-end=\"2764\">Elling er spesielt relevant for amerikanske eiere fordi det offisielle materialet allerede knytter b\u00e5tene til amerikanske cruisescenarier. Elling-brosjyrene viser til ruter som New York til Boston, Great Loop og de indre vannveiene p\u00e5 den amerikanske \u00f8stkysten. De fremhever ogs\u00e5 egenskaper som er viktige p\u00e5 disse rutene, inkludert begrenset dypgang, brovennlig design med senkbar mast og det lukkede, klimakontrollerte styrehuset som hjelper eierne med \u00e5 cruise komfortabelt p\u00e5 tvers av skiftende \u00e5rstider og v\u00e6rforhold.<\/p>\n<p>[\/vc_column_text]<a  itemprop=\"url\" href=\"https:\/\/www.ellingyachting.com\/no\/ellings-utvalg-av-motorbater\/\" target=\"_self\"  class=\"qbutton  default\" style=\"margin: 20px 0px 0px 0px; \">Oppdag mer<i class=\"qode_icon_font_awesome fa fa-chevron-right qode_button_icon_element\"><\/i><\/a>[\/vc_column_inner][\/vc_row_inner][\/vc_column][\/vc_row][vc_row css_animation=&raquo;&raquo; row_type=&raquo;row&raquo; use_row_as_full_screen_section=&raquo;no&raquo; type=&raquo;full_width&raquo; angled_section=&raquo;no&raquo; text_align=&raquo;left&raquo; background_image_as_pattern=&raquo;without_pattern&raquo;][vc_column][vc_row_inner row_type=&raquo;row&raquo; type=&raquo;grid&raquo; text_align=&raquo;left&raquo; css_animation=&raquo;&raquo;][vc_column_inner width=&raquo;1\/2&#8243;][vc_single_image image=&raquo;3087&#8243; img_size=&raquo;full&raquo; qode_css_animation=&raquo;&raquo; el_class=&raquo;image-with-shadow blue-after-image&raquo;][vc_empty_space height=&raquo;50px&raquo;][\/vc_column_inner][vc_column_inner el_class=&raquo;white-box-around&raquo; width=&raquo;1\/2&#8243; css=&raquo;.vc_custom_1584002804476{padding-top: 40px !important;padding-bottom: 40px !important;}&raquo;][vc_column_text css=&raquo;&raquo;]<\/p>\n<h2 data-section-id=\"153m1i2\" data-start=\"4364\" data-end=\"4415\">En nederlandskbygd oppdagelsesb\u00e5t for amerikanske eiere<\/h2>\n<p>Enten du definerer din neste b\u00e5t som en oppdagelsesb\u00e5t, en havg\u00e5ende motorb\u00e5t, en tr\u00e5lerb\u00e5t eller en bl\u00e5vannscruiser, bringer Elling disse verdenene sammen i ett konsept. Hvis du vil ha en yacht for Great Loop, den amerikanske \u00f8stkysten, offshore-passasjer og et langt liv om bord, fortjener Elling E4 og Elling E6 en plass p\u00e5 favorittlisten din. Utforsk utvalget, sammenlign modellene og kontakt Elling for \u00e5 diskutere hvilken b\u00e5t som passer best til dine planer i Amerika.[\/vc_column_text][\/vc_column_inner][\/vc_row_inner][\/vc_column][\/vc_row][vc_row css_animation=&raquo;&raquo; row_type=&raquo;row&raquo; use_row_as_full_screen_section=&raquo;no&raquo; type=&raquo;full_width&raquo; angled_section=&raquo;no&raquo; text_align=&raquo;left&raquo; background_image_as_pattern=&raquo;without_pattern&raquo;][vc_column][\/vc_column][\/vc_row]<\/p>\n<\/div>","protected":false},"excerpt":{"rendered":"<p>[vc_row row_type=&raquo;parallax&raquo; parallax_content_width=&raquo;in_grid&raquo; text_align=&raquo;left&raquo; full_screen_section_height=&raquo;no&raquo; section_height=&raquo;400&#8243; background_image=&raquo;478&#8243; el_class=&raquo;dont-show-on-mobile&raquo;][vc_column][\/vc_column][\/vc_row][vc_row css_animation=&raquo;&raquo; row_type=&raquo;row&raquo; use_row_as_full_screen_section=&raquo;no&raquo; type=&raquo;full_width&raquo; angled_section=&raquo;no&raquo; text_align=&raquo;left&raquo; background_image_as_pattern=&raquo;without_pattern&raquo; el_class=&raquo;flex-row-over dont-show-on-mobile&raquo; z_index=&raquo;&raquo;][vc_column][vc_row_inner row_type=&raquo;row&raquo; type=&raquo;grid&raquo; text_align=&raquo;left&raquo; css_animation=&raquo;element_from_fade&raquo; el_class=&raquo;home-h1-styling&raquo;][vc_column_inner width=&raquo;1\/2&#8243;][vc_column_text css=&raquo;&raquo;]Elling Explorer Yacht Kraft og eleganse[\/vc_column_text][\/vc_column_inner][vc_column_inner el_class=&raquo;text-align-right&raquo; width=&raquo;1\/2&#8243;][\/vc_column_inner][\/vc_row_inner][\/vc_column][\/vc_row][vc_row css_animation=&raquo;element_from_fade&raquo; row_type=&raquo;row&raquo; use_row_as_full_screen_section=&raquo;no&raquo; type=&raquo;full_width&raquo; angled_section=&raquo;no&raquo; text_align=&raquo;left&raquo; background_image_as_pattern=&raquo;without_pattern&raquo; css=&raquo;.vc_custom_1582201138721{padding-top: 40px !important;padding-bottom: 80px !important;}&raquo; z_index=&raquo;&raquo;][vc_column][vc_row_inner&#8230;<\/p>\n","protected":false},"author":6,"featured_media":0,"parent":0,"menu_order":0,"comment_status":"closed","ping_status":"closed","template":"full_width.php","meta":{"_acf_changed":false,"footnotes":""},"class_list":["post-4039","page","type-page","status-publish","hentry"],"acf":[],"yoast_head":"<!-- This site is optimized with the Yoast SEO plugin v26.9 - https:\/\/yoast.com\/product\/yoast-seo-wordpress\/ -->\n<title>Explorer Yacht USA | Nederlandskbygde langdistanse motorb\u00e5ter | Elling<\/title>\n<meta name=\"description\" content=\"Oppdag Elling explorer yachter i USA. Nederlandskbygde, havg\u00e5ende motorb\u00e5ter for Great Loop, cruising p\u00e5 \u00f8stkysten og komfort \u00e5ret rundt.\" \/>\n<meta name=\"robots\" content=\"index, follow, max-snippet:-1, max-image-preview:large, max-video-preview:-1\" \/>\n<link rel=\"canonical\" href=\"https:\/\/www.ellingyachting.com\/no\/elling-explorer-yacht\/\" \/>\n<meta property=\"og:locale\" content=\"nb_NO\" \/>\n<meta property=\"og:type\" content=\"article\" \/>\n<meta property=\"og:title\" content=\"Explorer Yacht USA | Nederlandskbygde langdistanse motorb\u00e5ter | Elling\" \/>\n<meta property=\"og:description\" content=\"Oppdag Elling explorer yachter i USA. Nederlandskbygde, havg\u00e5ende motorb\u00e5ter for Great Loop, cruising p\u00e5 \u00f8stkysten og komfort \u00e5ret rundt.\" \/>\n<meta property=\"og:url\" content=\"https:\/\/www.ellingyachting.com\/no\/elling-explorer-yacht\/\" \/>\n<meta property=\"og:site_name\" content=\"Elling Yachting\" \/>\n<meta property=\"article:publisher\" content=\"https:\/\/www.facebook.com\/profile.php?id=100063969341938&amp;locale=nl_NL\" \/>\n<meta property=\"article:modified_time\" content=\"2026-04-08T07:12:45+00:00\" \/>\n<meta property=\"og:image\" content=\"https:\/\/www.ellingyachting.com\/wp-content\/uploads\/2024\/12\/logo.png\" \/>\n\t<meta property=\"og:image:width\" content=\"159\" \/>\n\t<meta property=\"og:image:height\" content=\"125\" \/>\n\t<meta property=\"og:image:type\" content=\"image\/png\" \/>\n<meta name=\"twitter:card\" content=\"summary_large_image\" \/>\n<meta name=\"twitter:label1\" content=\"Ansl. lesetid\" \/>\n\t<meta name=\"twitter:data1\" content=\"4 minutter\" \/>\n<script type=\"application\/ld+json\" class=\"yoast-schema-graph\">{\"@context\":\"https:\/\/schema.org\",\"@graph\":[{\"@type\":\"WebPage\",\"@id\":\"https:\/\/www.ellingyachting.com\/no\/elling-explorer-yacht\/\",\"url\":\"https:\/\/www.ellingyachting.com\/no\/elling-explorer-yacht\/\",\"name\":\"Explorer Yacht USA | Nederlandskbygde langdistanse motorb\u00e5ter | Elling\",\"isPartOf\":{\"@id\":\"https:\/\/www.ellingyachting.com\/#website\"},\"datePublished\":\"2026-03-18T09:40:46+00:00\",\"dateModified\":\"2026-04-08T07:12:45+00:00\",\"description\":\"Oppdag Elling explorer yachter i USA. Nederlandskbygde, havg\u00e5ende motorb\u00e5ter for Great Loop, cruising p\u00e5 \u00f8stkysten og komfort \u00e5ret rundt.\",\"breadcrumb\":{\"@id\":\"https:\/\/www.ellingyachting.com\/no\/elling-explorer-yacht\/#breadcrumb\"},\"inLanguage\":\"nb-NO\",\"potentialAction\":[{\"@type\":\"ReadAction\",\"target\":[\"https:\/\/www.ellingyachting.com\/no\/elling-explorer-yacht\/\"]}]},{\"@type\":\"BreadcrumbList\",\"@id\":\"https:\/\/www.ellingyachting.com\/no\/elling-explorer-yacht\/#breadcrumb\",\"itemListElement\":[{\"@type\":\"ListItem\",\"position\":1,\"name\":\"Home\",\"item\":\"https:\/\/www.ellingyachting.com\/no\/\"},{\"@type\":\"ListItem\",\"position\":2,\"name\":\"Elling Explorer yacht\"}]},{\"@type\":\"WebSite\",\"@id\":\"https:\/\/www.ellingyachting.com\/#website\",\"url\":\"https:\/\/www.ellingyachting.com\/\",\"name\":\"Elling Yachting\",\"description\":\"Luxury Elling Yachts builders\",\"publisher\":{\"@id\":\"https:\/\/www.ellingyachting.com\/#organization\"},\"potentialAction\":[{\"@type\":\"SearchAction\",\"target\":{\"@type\":\"EntryPoint\",\"urlTemplate\":\"https:\/\/www.ellingyachting.com\/?s={search_term_string}\"},\"query-input\":{\"@type\":\"PropertyValueSpecification\",\"valueRequired\":true,\"valueName\":\"search_term_string\"}}],\"inLanguage\":\"nb-NO\"},{\"@type\":\"Organization\",\"@id\":\"https:\/\/www.ellingyachting.com\/#organization\",\"name\":\"Elling shipbuilding\",\"url\":\"https:\/\/www.ellingyachting.com\/\",\"logo\":{\"@type\":\"ImageObject\",\"inLanguage\":\"nb-NO\",\"@id\":\"https:\/\/www.ellingyachting.com\/#\/schema\/logo\/image\/\",\"url\":\"https:\/\/www.ellingyachting.com\/wp-content\/uploads\/2024\/12\/logo.png\",\"contentUrl\":\"https:\/\/www.ellingyachting.com\/wp-content\/uploads\/2024\/12\/logo.png\",\"width\":159,\"height\":125,\"caption\":\"Elling shipbuilding\"},\"image\":{\"@id\":\"https:\/\/www.ellingyachting.com\/#\/schema\/logo\/image\/\"},\"sameAs\":[\"https:\/\/www.facebook.com\/profile.php?id=100063969341938&locale=nl_NL\",\"https:\/\/www.instagram.com\/ellingyachts\/\"]}]}<\/script>\n<!-- \/ Yoast SEO plugin. -->","yoast_head_json":{"title":"Explorer Yacht USA | Nederlandskbygde langdistanse motorb\u00e5ter | Elling","description":"Oppdag Elling explorer yachter i USA. Nederlandskbygde, havg\u00e5ende motorb\u00e5ter for Great Loop, cruising p\u00e5 \u00f8stkysten og komfort \u00e5ret rundt.","robots":{"index":"index","follow":"follow","max-snippet":"max-snippet:-1","max-image-preview":"max-image-preview:large","max-video-preview":"max-video-preview:-1"},"canonical":"https:\/\/www.ellingyachting.com\/no\/elling-explorer-yacht\/","og_locale":"nb_NO","og_type":"article","og_title":"Explorer Yacht USA | Nederlandskbygde langdistanse motorb\u00e5ter | Elling","og_description":"Oppdag Elling explorer yachter i USA. Nederlandskbygde, havg\u00e5ende motorb\u00e5ter for Great Loop, cruising p\u00e5 \u00f8stkysten og komfort \u00e5ret rundt.","og_url":"https:\/\/www.ellingyachting.com\/no\/elling-explorer-yacht\/","og_site_name":"Elling Yachting","article_publisher":"https:\/\/www.facebook.com\/profile.php?id=100063969341938&locale=nl_NL","article_modified_time":"2026-04-08T07:12:45+00:00","og_image":[{"width":159,"height":125,"url":"https:\/\/www.ellingyachting.com\/wp-content\/uploads\/2024\/12\/logo.png","type":"image\/png"}],"twitter_card":"summary_large_image","twitter_misc":{"Ansl. lesetid":"4 minutter"},"schema":{"@context":"https:\/\/schema.org","@graph":[{"@type":"WebPage","@id":"https:\/\/www.ellingyachting.com\/no\/elling-explorer-yacht\/","url":"https:\/\/www.ellingyachting.com\/no\/elling-explorer-yacht\/","name":"Explorer Yacht USA | Nederlandskbygde langdistanse motorb\u00e5ter | Elling","isPartOf":{"@id":"https:\/\/www.ellingyachting.com\/#website"},"datePublished":"2026-03-18T09:40:46+00:00","dateModified":"2026-04-08T07:12:45+00:00","description":"Oppdag Elling explorer yachter i USA. Nederlandskbygde, havg\u00e5ende motorb\u00e5ter for Great Loop, cruising p\u00e5 \u00f8stkysten og komfort \u00e5ret rundt.","breadcrumb":{"@id":"https:\/\/www.ellingyachting.com\/no\/elling-explorer-yacht\/#breadcrumb"},"inLanguage":"nb-NO","potentialAction":[{"@type":"ReadAction","target":["https:\/\/www.ellingyachting.com\/no\/elling-explorer-yacht\/"]}]},{"@type":"BreadcrumbList","@id":"https:\/\/www.ellingyachting.com\/no\/elling-explorer-yacht\/#breadcrumb","itemListElement":[{"@type":"ListItem","position":1,"name":"Home","item":"https:\/\/www.ellingyachting.com\/no\/"},{"@type":"ListItem","position":2,"name":"Elling Explorer yacht"}]},{"@type":"WebSite","@id":"https:\/\/www.ellingyachting.com\/#website","url":"https:\/\/www.ellingyachting.com\/","name":"Elling Yachting","description":"Luxury Elling Yachts builders","publisher":{"@id":"https:\/\/www.ellingyachting.com\/#organization"},"potentialAction":[{"@type":"SearchAction","target":{"@type":"EntryPoint","urlTemplate":"https:\/\/www.ellingyachting.com\/?s={search_term_string}"},"query-input":{"@type":"PropertyValueSpecification","valueRequired":true,"valueName":"search_term_string"}}],"inLanguage":"nb-NO"},{"@type":"Organization","@id":"https:\/\/www.ellingyachting.com\/#organization","name":"Elling shipbuilding","url":"https:\/\/www.ellingyachting.com\/","logo":{"@type":"ImageObject","inLanguage":"nb-NO","@id":"https:\/\/www.ellingyachting.com\/#\/schema\/logo\/image\/","url":"https:\/\/www.ellingyachting.com\/wp-content\/uploads\/2024\/12\/logo.png","contentUrl":"https:\/\/www.ellingyachting.com\/wp-content\/uploads\/2024\/12\/logo.png","width":159,"height":125,"caption":"Elling shipbuilding"},"image":{"@id":"https:\/\/www.ellingyachting.com\/#\/schema\/logo\/image\/"},"sameAs":["https:\/\/www.facebook.com\/profile.php?id=100063969341938&locale=nl_NL","https:\/\/www.instagram.com\/ellingyachts\/"]}]}},"_links":{"self":[{"href":"https:\/\/www.ellingyachting.com\/no\/wp-json\/wp\/v2\/pages\/4039","targetHints":{"allow":["GET"]}}],"collection":[{"href":"https:\/\/www.ellingyachting.com\/no\/wp-json\/wp\/v2\/pages"}],"about":[{"href":"https:\/\/www.ellingyachting.com\/no\/wp-json\/wp\/v2\/types\/page"}],"author":[{"embeddable":true,"href":"https:\/\/www.ellingyachting.com\/no\/wp-json\/wp\/v2\/users\/6"}],"replies":[{"embeddable":true,"href":"https:\/\/www.ellingyachting.com\/no\/wp-json\/wp\/v2\/comments?post=4039"}],"version-history":[{"count":19,"href":"https:\/\/www.ellingyachting.com\/no\/wp-json\/wp\/v2\/pages\/4039\/revisions"}],"predecessor-version":[{"id":4100,"href":"https:\/\/www.ellingyachting.com\/no\/wp-json\/wp\/v2\/pages\/4039\/revisions\/4100"}],"wp:attachment":[{"href":"https:\/\/www.ellingyachting.com\/no\/wp-json\/wp\/v2\/media?parent=4039"}],"curies":[{"name":"wp","href":"https:\/\/api.w.org\/{rel}","templated":true}]}}