{"id":4027,"date":"2026-03-18T14:21:41","date_gmt":"2026-03-18T13:21:41","guid":{"rendered":"https:\/\/www.ellingyachting.com\/ekspedisjonsbat\/"},"modified":"2026-04-08T09:20:37","modified_gmt":"2026-04-08T07:20:37","slug":"ekspedisjonsbat","status":"publish","type":"page","link":"https:\/\/www.ellingyachting.com\/no\/ekspedisjonsbat\/","title":{"rendered":"Ekspedisjonsb\u00e5t"},"content":{"rendered":"<div class=\"wpb-content-wrapper\"><p>[vc_row row_type=&raquo;parallax&raquo; parallax_content_width=&raquo;in_grid&raquo; text_align=&raquo;left&raquo; full_screen_section_height=&raquo;no&raquo; section_height=&raquo;400&#8243; background_image=&raquo;478&#8243; el_class=&raquo;dont-show-on-mobile&raquo;][vc_column][\/vc_column][\/vc_row][vc_row css_animation=&raquo;&raquo; row_type=&raquo;row&raquo; use_row_as_full_screen_section=&raquo;no&raquo; type=&raquo;full_width&raquo; angled_section=&raquo;no&raquo; text_align=&raquo;left&raquo; background_image_as_pattern=&raquo;without_pattern&raquo; el_class=&raquo;flex-row-over dont-show-on-mobile&raquo; z_index=&raquo;&raquo;][vc_column][vc_row_inner row_type=&raquo;row&raquo; type=&raquo;grid&raquo; text_align=&raquo;left&raquo; css_animation=&raquo;element_from_fade&raquo; el_class=&raquo;home-h1-styling&raquo;][vc_column_inner width=&raquo;1\/2&#8243;][vc_column_text css=&raquo;&raquo;]<span class=\"h1-style\">Elling Expedition Yacht<br \/>\nKraft og eleganse<\/span>[\/vc_column_text][\/vc_column_inner][vc_column_inner el_class=&raquo;text-align-right&raquo; width=&raquo;1\/2&#8243;]<a  itemprop=\"url\" href=\"https:\/\/www.ellingyachting.com\/the-elling-motor-yacht-range\/elling-e6\/\" target=\"_self\"  class=\"qbutton  default\" style=\"margin: 20px 0px 10px 0px; \">Oppdag E6<i class=\"qode_icon_font_awesome fa fa-chevron-right qode_button_icon_element\"><\/i><\/a>[\/vc_column_inner][\/vc_row_inner][\/vc_column][\/vc_row][vc_row css_animation=&raquo;element_from_fade&raquo; row_type=&raquo;row&raquo; use_row_as_full_screen_section=&raquo;no&raquo; type=&raquo;full_width&raquo; angled_section=&raquo;no&raquo; text_align=&raquo;left&raquo; background_image_as_pattern=&raquo;without_pattern&raquo; css=&raquo;.vc_custom_1582201138721{padding-top: 40px !important;padding-bottom: 80px !important;}&raquo; z_index=&raquo;&raquo;][vc_column][vc_row_inner row_type=&raquo;row&raquo; type=&raquo;grid&raquo; text_align=&raquo;left&raquo; css_animation=&raquo;&raquo;][vc_column_inner][vc_column_text css=&raquo;&raquo; el_class=&raquo;big-brown-head&raquo;]<\/p>\n<h1>Det komplette utvalget av Elling Expedition Yachts<\/h1>\n<p>[\/vc_column_text][\/vc_column_inner][\/vc_row_inner][vc_row_inner row_type=&raquo;row&raquo; type=&raquo;grid&raquo; text_align=&raquo;left&raquo; css_animation=&raquo;&raquo; css=&raquo;.vc_custom_1570609570604{margin-top: 30px !important;}&raquo;][vc_column_inner width=&raquo;1\/2&#8243;]<div class=\"q_image_with_text_over q_iwto_hover\"><div class=\"shader\" style=\"background-color: rgba(0,0,0,0.01)\"><\/div><div class=\"shader_hover\" style=\"background-color: rgba(0,0,0,0.5)\"><\/div><img decoding=\"async\" itemprop=\"image\" src=\"https:\/\/www.ellingyachting.com\/wp-content\/uploads\/2020\/03\/elling-e3-range.jpg\" alt=\"Elling E3 Motoryacht\" \/><div class=\"text\"><table><tr><td><h3 class=\"caption no_icon\" style=\"\"><\/h3><\/td><\/tr><\/table><table><tr><td><div class=\"desc\"><\/p>\n<h3 class=\"h2-style\">Elling <span class=\"gold-head\">E3<\/span><\/h3>\n<p><span class=\"no-show-only-hover h4-style\">13,8 m : 45 fot<\/span><br \/>\n<span class=\"no-show-only-hover\">E3 er smidig og sportslig og klar for alt du kan utsette den for!<\/span><\/p>\n<p><a class=\"qbutton no-show-only-hover default\" href=\"https:\/\/www.ellingyachting.com\/no\/ellings-utvalg-av-motorbater\/elling-e3\/\" target=\"_self\" rel=\"noopener noreferrer\">Flere detaljer<i class=\"qode_icon_font_awesome fa fa-chevron-right qode_button_icon_element\"><\/i><\/a><\/div><\/td><\/tr><\/table><\/div><\/div>[vc_empty_space height=&raquo;30px&raquo;]<div class=\"q_image_with_text_over q_iwto_hover\"><div class=\"shader\" style=\"background-color: rgba(0,0,0,0.01)\"><\/div><div class=\"shader_hover\" style=\"background-color: rgba(0,0,0,0.5)\"><\/div><img decoding=\"async\" itemprop=\"image\" src=\"https:\/\/www.ellingyachting.com\/wp-content\/uploads\/2019\/10\/Elling-e4-model-full.jpg\" alt=\"Elling E4 Model\" \/><div class=\"text\"><table><tr><td><h3 class=\"caption no_icon\" style=\"\"><\/h3><\/td><\/tr><\/table><table><tr><td><div class=\"desc\"><\/p>\n<h3 class=\"h2-style\">Elling <span class=\"gold-head\">E4<\/span><\/h3>\n<p><span class=\"no-show-only-hover h4-style\">14,95 m : 49 fot<\/span><br \/>\n<span class=\"no-show-only-hover\">E4 er t\u00f8ff og stilig med litt mer plass til overnatting.<\/span><\/p>\n<p><a class=\"qbutton no-show-only-hover default\" href=\"https:\/\/www.ellingyachting.com\/no\/ellings-utvalg-av-motorbater\/elling-e4\/\" target=\"_self\" rel=\"noopener noreferrer\">Flere detaljer<i class=\"qode_icon_font_awesome fa fa-chevron-right qode_button_icon_element\"><\/i><\/a><\/div><\/td><\/tr><\/table><\/div><\/div>[\/vc_column_inner][vc_column_inner el_class=&raquo;overview-after-boat-brown&raquo; width=&raquo;1\/2&#8243;][vc_empty_space height=&raquo;200px&raquo;]<div class=\"q_image_with_text_over q_iwto_hover\"><div class=\"shader\" style=\"background-color: rgba(0,0,0,0.01)\"><\/div><div class=\"shader_hover\" style=\"background-color: rgba(0,0,0,0.5)\"><\/div><img decoding=\"async\" itemprop=\"image\" src=\"https:\/\/www.ellingyachting.com\/wp-content\/uploads\/2020\/03\/elling-e6-range.jpg\" alt=\"The Elling E6 Motoryacht\" \/><div class=\"text\"><table><tr><td><h3 class=\"caption no_icon\" style=\"\"><\/h3><\/td><\/tr><\/table><table><tr><td><div class=\"desc\"><\/p>\n<h3 class=\"h2-style\">Elling <span class=\"gold-head\">E6<\/span><\/h3>\n<p><span class=\"no-show-only-hover h4-style\">19,8 m : 65 fot<\/span><br \/>\n<span class=\"no-show-only-hover\">Neste generasjon er her. Enda mer plass til \u00e5 slappe av og nyte! <\/span><\/p>\n<p><a class=\"qbutton no-show-only-hover default\" href=\"https:\/\/www.ellingyachting.com\/no\/ellings-utvalg-av-motorbater\/elling-e6\/\" target=\"_self\" rel=\"noopener noreferrer\">Flere detaljer<i class=\"qode_icon_font_awesome fa fa-chevron-right qode_button_icon_element\"><\/i><\/a><\/div><\/td><\/tr><\/table><\/div><\/div>[\/vc_column_inner][\/vc_row_inner][\/vc_column][\/vc_row][vc_row css_animation=&raquo;&raquo; row_type=&raquo;row&raquo; use_row_as_full_screen_section=&raquo;no&raquo; type=&raquo;full_width&raquo; angled_section=&raquo;no&raquo; text_align=&raquo;left&raquo; background_image_as_pattern=&raquo;without_pattern&raquo;][vc_column][vc_row_inner row_type=&raquo;row&raquo; type=&raquo;grid&raquo; text_align=&raquo;left&raquo; css_animation=&raquo;element_from_fade&raquo; css=&raquo;.vc_custom_1583759421093{padding-top: 80px !important;padding-bottom: 80px !important;}&raquo; transition_delay=&raquo;500&#8243; el_class=&raquo;two-block-style order-change-mobile&raquo;][vc_column_inner el_class=&raquo;white-box-around&raquo; width=&raquo;1\/3&#8243; css=&raquo;.vc_custom_1582199390133{padding-top: 20px !important;padding-bottom: 40px !important;}&raquo;][vc_column_text css=&raquo;&raquo;]<\/p>\n<h2>Ekspedisjonsb\u00e5ter fra Elling Yachting<\/h2>\n<p data-start=\"1277\" data-end=\"1450\">Ellings yachter bygges i Nederland og er konstruert for krevende forhold. Fokuset er ikke bare p\u00e5 luksus, men ogs\u00e5 p\u00e5 p\u00e5litelighet, sikkerhet og langdistansekapasitet.<\/p>\n<p data-start=\"753\" data-end=\"1045\">Elling Yachting opererer nettopp i dette omr\u00e5det. I stedet for \u00e5 passe inn i \u00e9n enkelt kategori, kombinerer Elling egenskapene til ekspedisjonsb\u00e5ter, oppdagelsesb\u00e5ter og tr\u00e5lere i ett og samme konsept: havg\u00e5ende motorb\u00e5ter som er bygget for virkelig cruising, ikke bare for sporadisk bruk.<\/p>\n<p>[\/vc_column_text][vc_column_text css=&raquo;&raquo;]<\/p>\n<h2 data-section-id=\"19buivg\" data-start=\"1052\" data-end=\"1105\">Nederlandskbygde ekspedisjonsb\u00e5ter for seri\u00f8s cruising<\/h2>\n<p data-start=\"1107\" data-end=\"1406\">Alle Ellings b\u00e5ter bygges i Nederland, der ingeni\u00f8rkunst, p\u00e5litelighet og h\u00e5ndverk danner grunnlaget for designfilosofien. Mens mange yachter legger vekt p\u00e5 luksus som en prim\u00e6r egenskap, har Elling en mer balansert tiln\u00e6rming &#8211; der komfort matches av sikkerhet og lang rekkevidde.<\/p>\n<p>[\/vc_column_text]<a  itemprop=\"url\" href=\"https:\/\/www.ellingyachting.com\/no\/ellings-utvalg-av-motorbater\/elling-e6\/\" target=\"_self\"  class=\"qbutton  default\" style=\"margin: 20px 0px 0px 0px; \">Se flere detaljer om E6<i class=\"qode_icon_font_awesome fa fa-chevron-right qode_button_icon_element\"><\/i><\/a>[\/vc_column_inner][vc_column_inner el_class=&raquo;give-text-more-space-left&raquo; width=&raquo;2\/3&#8243; css=&raquo;.vc_custom_1582199911979{padding-top: 50px !important;}&raquo;][vc_single_image image=&raquo;3021&#8243; img_size=&raquo;full&raquo; alignment=&raquo;right&raquo; qode_css_animation=&raquo;&raquo;][vc_single_image image=&raquo;3010&#8243; img_size=&raquo;full&raquo; css=&raquo;.vc_custom_1570541907456{margin-top: 30px !important;}&raquo; qode_css_animation=&raquo;&raquo; el_class=&raquo;blue-after-landscape-small&raquo;][\/vc_column_inner][\/vc_row_inner][\/vc_column][\/vc_row][vc_row css_animation=&raquo;&raquo; row_type=&raquo;row&raquo; use_row_as_full_screen_section=&raquo;no&raquo; type=&raquo;full_width&raquo; angled_section=&raquo;no&raquo; text_align=&raquo;left&raquo; background_image_as_pattern=&raquo;without_pattern&raquo;][vc_column][vc_row_inner row_type=&raquo;row&raquo; type=&raquo;grid&raquo; text_align=&raquo;left&raquo; css_animation=&raquo;element_from_fade&raquo; css=&raquo;.vc_custom_1583755647406{padding-top: 120px !important;padding-bottom: 120px !important;}&raquo; el_class=&raquo;two-block-style&raquo;][vc_column_inner width=&raquo;1\/3&#8243;][vc_single_image image=&raquo;3013&#8243; img_size=&raquo;full&raquo; alignment=&raquo;center&raquo; qode_css_animation=&raquo;&raquo; el_class=&raquo;brown-after-landscape-small&raquo;][vc_single_image image=&raquo;3015&#8243; img_size=&raquo;full&raquo; alignment=&raquo;center&raquo; css=&raquo;.vc_custom_1583759642833{margin-top: 30px !important;}&raquo; qode_css_animation=&raquo;&raquo; el_class=&raquo;blue-after-landscape-medium&raquo;][\/vc_column_inner][vc_column_inner el_class=&raquo;give-text-bigger-space-left white-box-around&raquo; width=&raquo;2\/3&#8243;][vc_column_text css=&raquo;&raquo;]<\/p>\n<h2 data-section-id=\"1cl7p2w\" data-start=\"2093\" data-end=\"2129\">Elling Expedition Yacht-serien<\/h2>\n<p data-start=\"2131\" data-end=\"2300\">Elling tilbyr et n\u00f8ye utviklet utvalg av b\u00e5ter som tolker ekspedisjonsb\u00e5tkonseptet p\u00e5 hver sin m\u00e5te, avhengig av st\u00f8rrelse, kapasitet og komfort om bord.<\/p>\n<h3 data-section-id=\"1gn3ild\" data-start=\"2302\" data-end=\"2350\"><strong data-start=\"2306\" data-end=\"2350\">Elling E3: Kompakt ekspedisjonskapasitet<\/strong><\/h3>\n<p data-start=\"2352\" data-end=\"2592\">Elling E3 er den mest kompakte nyheten i serien, men den gjenspeiler allerede kjernefilosofien bak merket. E3 er designet for b\u00e5de korte og lengre turer, og tilbyr en balanse mellom effektivitet, sikkerhet og komfort.<\/p>\n<p data-start=\"2594\" data-end=\"2876\">Den h\u00e5ndterlige st\u00f8rrelsen gj\u00f8r den spesielt attraktiv for redere som \u00f8nsker \u00e5 ta steget inn i ekspedisjonscruise uten \u00e5 g\u00e5 over til st\u00f8rre b\u00e5tkategorier. Samtidig s\u00f8rger havg\u00e5ende sertifisering for at den leverer mer enn hva dimensjonene skulle tilsi.<\/p>\n<h3 data-section-id=\"1hnii6i\" data-start=\"2883\" data-end=\"2934\"><strong data-start=\"2887\" data-end=\"2934\">Elling E4: Utpr\u00f8vd offshore-ekspedisjonsb\u00e5t<\/strong><\/h3>\n<p data-start=\"2936\" data-end=\"3186\">Elling E4 er ansett som hjertet i serien og et av de mest overbevisende alternativene for dem som er p\u00e5 jakt etter en ekte ekspedisjonsb\u00e5t under 50 fot. Den kombinerer offshore-egenskaper med et komfortniv\u00e5 som gj\u00f8r det mulig \u00e5 tilbringe lang tid om bord.<\/p>\n<p data-start=\"3188\" data-end=\"3499\">E4 er bygget med kevlar og sertifisert for havforhold, og er designet for \u00e5 skape trygghet p\u00e5 lengre turer. Funksjoner som den valgfrie hjelpemotoren gir et ekstra lag med sikkerhet, mens b\u00e5tens isolasjon og layout gj\u00f8r den like egnet for livet om bord som for selve reisen.<\/p>\n<p data-start=\"3501\" data-end=\"3670\">Denne balansen mellom kapasitet og komfort er det som gj\u00f8r at E4 skiller seg ut &#8211; det er ikke bare en yacht som kan reise langt, men en som er designet for \u00e5 leve p\u00e5 underveis.<\/p>\n<h3 data-section-id=\"10s20zm\" data-start=\"3677\" data-end=\"3732\"><strong data-start=\"3681\" data-end=\"3732\">Elling E6: Flaggskipet blant langdistanseekspedisjonsb\u00e5tene<\/strong><\/h3>\n<p data-start=\"3734\" data-end=\"4004\">Elling E6 er det mest komplette uttrykket for ekspedisjonsb\u00e5tkonseptet i Ellings sortiment, og ligger p\u00e5 toppen av serien. Med sin \u00f8kte st\u00f8rrelse og volum gir E6 en st\u00f8rre f\u00f8lelse av plass, autonomi og luksus, uten at det g\u00e5r p\u00e5 bekostning av ytelsen.<\/p>\n<p data-start=\"4006\" data-end=\"4309\">B\u00e5ten er designet for eiere som forventer b\u00e5de seri\u00f8se offshore-egenskaper og en h\u00f8y standard om bord. Fra roret gir panoramautsikt trygghet og kontroll, mens avanserte sikkerhetskonsepter &#8211; som redundanssystemer og vanntett integritet &#8211; forsterker b\u00e5tens ambisjoner om lang rekkevidde.<\/p>\n<p data-start=\"4311\" data-end=\"4482\">Innvendig byr E6 p\u00e5 et raffinert og romslig milj\u00f8 som st\u00f8tter lengre reiser, enten det betyr uker p\u00e5 vannet eller en mer permanent liveaboard-livsstil.<\/p>\n<p>[\/vc_column_text]<a  itemprop=\"url\" href=\"https:\/\/www.ellingyachting.com\/no\/ellings-utvalg-av-motorbater\/\" target=\"_self\"  class=\"qbutton  default\" style=\"margin: 20px 0px 0px 0px; \">Oppdag mer<i class=\"qode_icon_font_awesome fa fa-chevron-right qode_button_icon_element\"><\/i><\/a>[\/vc_column_inner][\/vc_row_inner][\/vc_column][\/vc_row][vc_row css_animation=&raquo;&raquo; row_type=&raquo;row&raquo; use_row_as_full_screen_section=&raquo;no&raquo; type=&raquo;full_width&raquo; angled_section=&raquo;no&raquo; text_align=&raquo;left&raquo; background_image_as_pattern=&raquo;without_pattern&raquo;][vc_column][vc_row_inner row_type=&raquo;row&raquo; type=&raquo;grid&raquo; text_align=&raquo;left&raquo; css_animation=&raquo;&raquo;][vc_column_inner width=&raquo;1\/2&#8243;][vc_single_image image=&raquo;3087&#8243; img_size=&raquo;full&raquo; qode_css_animation=&raquo;&raquo; el_class=&raquo;image-with-shadow blue-after-image&raquo;][vc_empty_space height=&raquo;50px&raquo;][\/vc_column_inner][vc_column_inner el_class=&raquo;white-box-around&raquo; width=&raquo;1\/2&#8243; css=&raquo;.vc_custom_1584002804476{padding-top: 40px !important;padding-bottom: 40px !important;}&raquo;][vc_column_text css=&raquo;&raquo;]<\/p>\n<h2 data-section-id=\"1tzb7e7\" data-start=\"6556\" data-end=\"6585\">Finn din ekspedisjonsb\u00e5t<\/h2>\n<p data-start=\"6587\" data-end=\"6812\">\u00c5 velge en ekspedisjonsb\u00e5t handler til syvende og sist om \u00e5 definere hvordan og hvor du \u00f8nsker \u00e5 cruise. Enten du fokuserer p\u00e5 h\u00e5ndterbar st\u00f8rrelse, offshore-egenskaper eller maksimal komfort, tilbyr Elling en klar progresjon i sitt sortiment.<\/p>\n<p data-start=\"6814\" data-end=\"7025\">E3 er en lett tilgjengelig inngang til ekspedisjonscruise, E4 leverer en velpr\u00f8vd balanse mellom ytelse og komfort, og E6 er flaggskipet for dem som \u00f8nsker \u00e5 g\u00e5 lenger i alle henseender.<\/p>\n<p data-start=\"7027\" data-end=\"7219\">Ved \u00e5 kombinere nederlandsk ingeni\u00f8rkunst med et tydelig fokus p\u00e5 praktisk bruk, presenterer Elling Yachting et overbevisende alternativ for alle som er p\u00e5 jakt etter en ekspedisjonsb\u00e5t som er b\u00e5de dyktig og raffinert.<\/p>\n<p>[\/vc_column_text][\/vc_column_inner][\/vc_row_inner][\/vc_column][\/vc_row][vc_row css_animation=&raquo;&raquo; row_type=&raquo;row&raquo; use_row_as_full_screen_section=&raquo;no&raquo; type=&raquo;full_width&raquo; angled_section=&raquo;no&raquo; text_align=&raquo;left&raquo; background_image_as_pattern=&raquo;without_pattern&raquo;][vc_column][\/vc_column][\/vc_row]<\/p>\n<\/div>","protected":false},"excerpt":{"rendered":"<p>[vc_row row_type=&raquo;parallax&raquo; parallax_content_width=&raquo;in_grid&raquo; text_align=&raquo;left&raquo; full_screen_section_height=&raquo;no&raquo; section_height=&raquo;400&#8243; background_image=&raquo;478&#8243; el_class=&raquo;dont-show-on-mobile&raquo;][vc_column][\/vc_column][\/vc_row][vc_row css_animation=&raquo;&raquo; row_type=&raquo;row&raquo; use_row_as_full_screen_section=&raquo;no&raquo; type=&raquo;full_width&raquo; angled_section=&raquo;no&raquo; text_align=&raquo;left&raquo; background_image_as_pattern=&raquo;without_pattern&raquo; el_class=&raquo;flex-row-over dont-show-on-mobile&raquo; z_index=&raquo;&raquo;][vc_column][vc_row_inner row_type=&raquo;row&raquo; type=&raquo;grid&raquo; text_align=&raquo;left&raquo; css_animation=&raquo;element_from_fade&raquo; el_class=&raquo;home-h1-styling&raquo;][vc_column_inner width=&raquo;1\/2&#8243;][vc_column_text css=&raquo;&raquo;]Elling Expedition Yacht Kraft og eleganse[\/vc_column_text][\/vc_column_inner][vc_column_inner el_class=&raquo;text-align-right&raquo; width=&raquo;1\/2&#8243;][\/vc_column_inner][\/vc_row_inner][\/vc_column][\/vc_row][vc_row css_animation=&raquo;element_from_fade&raquo; row_type=&raquo;row&raquo; use_row_as_full_screen_section=&raquo;no&raquo; type=&raquo;full_width&raquo; angled_section=&raquo;no&raquo; text_align=&raquo;left&raquo; background_image_as_pattern=&raquo;without_pattern&raquo; css=&raquo;.vc_custom_1582201138721{padding-top: 40px !important;padding-bottom: 80px !important;}&raquo; z_index=&raquo;&raquo;][vc_column][vc_row_inner&#8230;<\/p>\n","protected":false},"author":6,"featured_media":0,"parent":0,"menu_order":0,"comment_status":"closed","ping_status":"closed","template":"full_width.php","meta":{"_acf_changed":false,"footnotes":""},"class_list":["post-4027","page","type-page","status-publish","hentry"],"acf":[],"yoast_head":"<!-- This site is optimized with the Yoast SEO plugin v26.9 - https:\/\/yoast.com\/product\/yoast-seo-wordpress\/ -->\n<title>Ekspedisjonsyacht | Langdistanse havg\u00e5ende motorb\u00e5ter | Elling<\/title>\n<meta name=\"description\" content=\"Oppdag Ellings ekspedisjonsyachter. Nederlandskbygde, havg\u00e5ende motorb\u00e5ter designet for langdistansecruise, sikkerhet og komfort. Utforsk Elling E4 og E6.\" \/>\n<meta name=\"robots\" content=\"index, follow, max-snippet:-1, max-image-preview:large, max-video-preview:-1\" \/>\n<link rel=\"canonical\" href=\"https:\/\/www.ellingyachting.com\/no\/ekspedisjonsbat\/\" \/>\n<meta property=\"og:locale\" content=\"nb_NO\" \/>\n<meta property=\"og:type\" content=\"article\" \/>\n<meta property=\"og:title\" content=\"Ekspedisjonsyacht | Langdistanse havg\u00e5ende motorb\u00e5ter | Elling\" \/>\n<meta property=\"og:description\" content=\"Oppdag Ellings ekspedisjonsyachter. Nederlandskbygde, havg\u00e5ende motorb\u00e5ter designet for langdistansecruise, sikkerhet og komfort. Utforsk Elling E4 og E6.\" \/>\n<meta property=\"og:url\" content=\"https:\/\/www.ellingyachting.com\/no\/ekspedisjonsbat\/\" \/>\n<meta property=\"og:site_name\" content=\"Elling Yachting\" \/>\n<meta property=\"article:publisher\" content=\"https:\/\/www.facebook.com\/profile.php?id=100063969341938&amp;locale=nl_NL\" \/>\n<meta property=\"article:modified_time\" content=\"2026-04-08T07:20:37+00:00\" \/>\n<meta property=\"og:image\" content=\"https:\/\/www.ellingyachting.com\/wp-content\/uploads\/2024\/12\/logo.png\" \/>\n\t<meta property=\"og:image:width\" content=\"159\" \/>\n\t<meta property=\"og:image:height\" content=\"125\" \/>\n\t<meta property=\"og:image:type\" content=\"image\/png\" \/>\n<meta name=\"twitter:card\" content=\"summary_large_image\" \/>\n<meta name=\"twitter:label1\" content=\"Ansl. lesetid\" \/>\n\t<meta name=\"twitter:data1\" content=\"5 minutter\" \/>\n<script type=\"application\/ld+json\" class=\"yoast-schema-graph\">{\"@context\":\"https:\/\/schema.org\",\"@graph\":[{\"@type\":\"WebPage\",\"@id\":\"https:\/\/www.ellingyachting.com\/no\/ekspedisjonsbat\/\",\"url\":\"https:\/\/www.ellingyachting.com\/no\/ekspedisjonsbat\/\",\"name\":\"Ekspedisjonsyacht | Langdistanse havg\u00e5ende motorb\u00e5ter | Elling\",\"isPartOf\":{\"@id\":\"https:\/\/www.ellingyachting.com\/#website\"},\"datePublished\":\"2026-03-18T13:21:41+00:00\",\"dateModified\":\"2026-04-08T07:20:37+00:00\",\"description\":\"Oppdag Ellings ekspedisjonsyachter. Nederlandskbygde, havg\u00e5ende motorb\u00e5ter designet for langdistansecruise, sikkerhet og komfort. Utforsk Elling E4 og E6.\",\"breadcrumb\":{\"@id\":\"https:\/\/www.ellingyachting.com\/no\/ekspedisjonsbat\/#breadcrumb\"},\"inLanguage\":\"nb-NO\",\"potentialAction\":[{\"@type\":\"ReadAction\",\"target\":[\"https:\/\/www.ellingyachting.com\/no\/ekspedisjonsbat\/\"]}]},{\"@type\":\"BreadcrumbList\",\"@id\":\"https:\/\/www.ellingyachting.com\/no\/ekspedisjonsbat\/#breadcrumb\",\"itemListElement\":[{\"@type\":\"ListItem\",\"position\":1,\"name\":\"Home\",\"item\":\"https:\/\/www.ellingyachting.com\/no\/\"},{\"@type\":\"ListItem\",\"position\":2,\"name\":\"Ekspedisjonsb\u00e5t\"}]},{\"@type\":\"WebSite\",\"@id\":\"https:\/\/www.ellingyachting.com\/#website\",\"url\":\"https:\/\/www.ellingyachting.com\/\",\"name\":\"Elling Yachting\",\"description\":\"Luxury Elling Yachts builders\",\"publisher\":{\"@id\":\"https:\/\/www.ellingyachting.com\/#organization\"},\"potentialAction\":[{\"@type\":\"SearchAction\",\"target\":{\"@type\":\"EntryPoint\",\"urlTemplate\":\"https:\/\/www.ellingyachting.com\/?s={search_term_string}\"},\"query-input\":{\"@type\":\"PropertyValueSpecification\",\"valueRequired\":true,\"valueName\":\"search_term_string\"}}],\"inLanguage\":\"nb-NO\"},{\"@type\":\"Organization\",\"@id\":\"https:\/\/www.ellingyachting.com\/#organization\",\"name\":\"Elling shipbuilding\",\"url\":\"https:\/\/www.ellingyachting.com\/\",\"logo\":{\"@type\":\"ImageObject\",\"inLanguage\":\"nb-NO\",\"@id\":\"https:\/\/www.ellingyachting.com\/#\/schema\/logo\/image\/\",\"url\":\"https:\/\/www.ellingyachting.com\/wp-content\/uploads\/2024\/12\/logo.png\",\"contentUrl\":\"https:\/\/www.ellingyachting.com\/wp-content\/uploads\/2024\/12\/logo.png\",\"width\":159,\"height\":125,\"caption\":\"Elling shipbuilding\"},\"image\":{\"@id\":\"https:\/\/www.ellingyachting.com\/#\/schema\/logo\/image\/\"},\"sameAs\":[\"https:\/\/www.facebook.com\/profile.php?id=100063969341938&locale=nl_NL\",\"https:\/\/www.instagram.com\/ellingyachts\/\"]}]}<\/script>\n<!-- \/ Yoast SEO plugin. -->","yoast_head_json":{"title":"Ekspedisjonsyacht | Langdistanse havg\u00e5ende motorb\u00e5ter | Elling","description":"Oppdag Ellings ekspedisjonsyachter. Nederlandskbygde, havg\u00e5ende motorb\u00e5ter designet for langdistansecruise, sikkerhet og komfort. Utforsk Elling E4 og E6.","robots":{"index":"index","follow":"follow","max-snippet":"max-snippet:-1","max-image-preview":"max-image-preview:large","max-video-preview":"max-video-preview:-1"},"canonical":"https:\/\/www.ellingyachting.com\/no\/ekspedisjonsbat\/","og_locale":"nb_NO","og_type":"article","og_title":"Ekspedisjonsyacht | Langdistanse havg\u00e5ende motorb\u00e5ter | Elling","og_description":"Oppdag Ellings ekspedisjonsyachter. Nederlandskbygde, havg\u00e5ende motorb\u00e5ter designet for langdistansecruise, sikkerhet og komfort. Utforsk Elling E4 og E6.","og_url":"https:\/\/www.ellingyachting.com\/no\/ekspedisjonsbat\/","og_site_name":"Elling Yachting","article_publisher":"https:\/\/www.facebook.com\/profile.php?id=100063969341938&locale=nl_NL","article_modified_time":"2026-04-08T07:20:37+00:00","og_image":[{"width":159,"height":125,"url":"https:\/\/www.ellingyachting.com\/wp-content\/uploads\/2024\/12\/logo.png","type":"image\/png"}],"twitter_card":"summary_large_image","twitter_misc":{"Ansl. lesetid":"5 minutter"},"schema":{"@context":"https:\/\/schema.org","@graph":[{"@type":"WebPage","@id":"https:\/\/www.ellingyachting.com\/no\/ekspedisjonsbat\/","url":"https:\/\/www.ellingyachting.com\/no\/ekspedisjonsbat\/","name":"Ekspedisjonsyacht | Langdistanse havg\u00e5ende motorb\u00e5ter | Elling","isPartOf":{"@id":"https:\/\/www.ellingyachting.com\/#website"},"datePublished":"2026-03-18T13:21:41+00:00","dateModified":"2026-04-08T07:20:37+00:00","description":"Oppdag Ellings ekspedisjonsyachter. Nederlandskbygde, havg\u00e5ende motorb\u00e5ter designet for langdistansecruise, sikkerhet og komfort. Utforsk Elling E4 og E6.","breadcrumb":{"@id":"https:\/\/www.ellingyachting.com\/no\/ekspedisjonsbat\/#breadcrumb"},"inLanguage":"nb-NO","potentialAction":[{"@type":"ReadAction","target":["https:\/\/www.ellingyachting.com\/no\/ekspedisjonsbat\/"]}]},{"@type":"BreadcrumbList","@id":"https:\/\/www.ellingyachting.com\/no\/ekspedisjonsbat\/#breadcrumb","itemListElement":[{"@type":"ListItem","position":1,"name":"Home","item":"https:\/\/www.ellingyachting.com\/no\/"},{"@type":"ListItem","position":2,"name":"Ekspedisjonsb\u00e5t"}]},{"@type":"WebSite","@id":"https:\/\/www.ellingyachting.com\/#website","url":"https:\/\/www.ellingyachting.com\/","name":"Elling Yachting","description":"Luxury Elling Yachts builders","publisher":{"@id":"https:\/\/www.ellingyachting.com\/#organization"},"potentialAction":[{"@type":"SearchAction","target":{"@type":"EntryPoint","urlTemplate":"https:\/\/www.ellingyachting.com\/?s={search_term_string}"},"query-input":{"@type":"PropertyValueSpecification","valueRequired":true,"valueName":"search_term_string"}}],"inLanguage":"nb-NO"},{"@type":"Organization","@id":"https:\/\/www.ellingyachting.com\/#organization","name":"Elling shipbuilding","url":"https:\/\/www.ellingyachting.com\/","logo":{"@type":"ImageObject","inLanguage":"nb-NO","@id":"https:\/\/www.ellingyachting.com\/#\/schema\/logo\/image\/","url":"https:\/\/www.ellingyachting.com\/wp-content\/uploads\/2024\/12\/logo.png","contentUrl":"https:\/\/www.ellingyachting.com\/wp-content\/uploads\/2024\/12\/logo.png","width":159,"height":125,"caption":"Elling shipbuilding"},"image":{"@id":"https:\/\/www.ellingyachting.com\/#\/schema\/logo\/image\/"},"sameAs":["https:\/\/www.facebook.com\/profile.php?id=100063969341938&locale=nl_NL","https:\/\/www.instagram.com\/ellingyachts\/"]}]}},"_links":{"self":[{"href":"https:\/\/www.ellingyachting.com\/no\/wp-json\/wp\/v2\/pages\/4027","targetHints":{"allow":["GET"]}}],"collection":[{"href":"https:\/\/www.ellingyachting.com\/no\/wp-json\/wp\/v2\/pages"}],"about":[{"href":"https:\/\/www.ellingyachting.com\/no\/wp-json\/wp\/v2\/types\/page"}],"author":[{"embeddable":true,"href":"https:\/\/www.ellingyachting.com\/no\/wp-json\/wp\/v2\/users\/6"}],"replies":[{"embeddable":true,"href":"https:\/\/www.ellingyachting.com\/no\/wp-json\/wp\/v2\/comments?post=4027"}],"version-history":[{"count":8,"href":"https:\/\/www.ellingyachting.com\/no\/wp-json\/wp\/v2\/pages\/4027\/revisions"}],"predecessor-version":[{"id":4114,"href":"https:\/\/www.ellingyachting.com\/no\/wp-json\/wp\/v2\/pages\/4027\/revisions\/4114"}],"wp:attachment":[{"href":"https:\/\/www.ellingyachting.com\/no\/wp-json\/wp\/v2\/media?parent=4027"}],"curies":[{"name":"wp","href":"https:\/\/api.w.org\/{rel}","templated":true}]}}