{"id":4009,"date":"2026-03-18T14:14:22","date_gmt":"2026-03-18T13:14:22","guid":{"rendered":"https:\/\/www.ellingyachting.com\/traler-yacht\/"},"modified":"2026-04-08T08:21:57","modified_gmt":"2026-04-08T06:21:57","slug":"traler-yacht","status":"publish","type":"page","link":"https:\/\/www.ellingyachting.com\/no\/traler-yacht\/","title":{"rendered":"Tr\u00e5ler Yacht"},"content":{"rendered":"<div class=\"wpb-content-wrapper\"><p>[vc_row row_type=&raquo;parallax&raquo; parallax_content_width=&raquo;in_grid&raquo; text_align=&raquo;left&raquo; full_screen_section_height=&raquo;no&raquo; section_height=&raquo;400&#8243; background_image=&raquo;478&#8243; el_class=&raquo;dont-show-on-mobile&raquo;][vc_column][\/vc_column][\/vc_row][vc_row css_animation=&raquo;&raquo; row_type=&raquo;row&raquo; use_row_as_full_screen_section=&raquo;no&raquo; type=&raquo;full_width&raquo; angled_section=&raquo;no&raquo; text_align=&raquo;left&raquo; background_image_as_pattern=&raquo;without_pattern&raquo; el_class=&raquo;flex-row-over dont-show-on-mobile&raquo; z_index=&raquo;&raquo;][vc_column][vc_row_inner row_type=&raquo;row&raquo; type=&raquo;grid&raquo; text_align=&raquo;left&raquo; css_animation=&raquo;element_from_fade&raquo; el_class=&raquo;home-h1-styling&raquo;][vc_column_inner width=&raquo;1\/2&#8243;][vc_column_text css=&raquo;&raquo;]<span class=\"h1-style\">Elling Trawler Yacht<br \/>\nKraft og eleganse<\/span>[\/vc_column_text][\/vc_column_inner][vc_column_inner el_class=&raquo;text-align-right&raquo; width=&raquo;1\/2&#8243;]<a  itemprop=\"url\" href=\"https:\/\/www.ellingyachting.com\/no\/ellings-utvalg-av-motorbater\/elling-e6\/\" target=\"_self\"  class=\"qbutton  default\" style=\"margin: 20px 0px 10px 0px; \">Oppdag E6<i class=\"qode_icon_font_awesome fa fa-chevron-right qode_button_icon_element\"><\/i><\/a>[\/vc_column_inner][\/vc_row_inner][\/vc_column][\/vc_row][vc_row css_animation=&raquo;element_from_fade&raquo; row_type=&raquo;row&raquo; use_row_as_full_screen_section=&raquo;no&raquo; type=&raquo;full_width&raquo; angled_section=&raquo;no&raquo; text_align=&raquo;left&raquo; background_image_as_pattern=&raquo;without_pattern&raquo; css=&raquo;.vc_custom_1582201138721{padding-top: 40px !important;padding-bottom: 80px !important;}&raquo; z_index=&raquo;&raquo;][vc_column][vc_row_inner row_type=&raquo;row&raquo; type=&raquo;grid&raquo; text_align=&raquo;left&raquo; css_animation=&raquo;&raquo;][vc_column_inner][vc_column_text css=&raquo;&raquo; el_class=&raquo;big-brown-head&raquo;]<\/p>\n<h1>Det komplette utvalget av Elling Trawler Yachts<\/h1>\n<p>[\/vc_column_text][\/vc_column_inner][\/vc_row_inner][vc_row_inner row_type=&raquo;row&raquo; type=&raquo;grid&raquo; text_align=&raquo;left&raquo; css_animation=&raquo;&raquo; css=&raquo;.vc_custom_1570609570604{margin-top: 30px !important;}&raquo;][vc_column_inner width=&raquo;1\/2&#8243;]<div class=\"q_image_with_text_over q_iwto_hover\"><div class=\"shader\" style=\"background-color: rgba(0,0,0,0.01)\"><\/div><div class=\"shader_hover\" style=\"background-color: rgba(0,0,0,0.5)\"><\/div><img decoding=\"async\" itemprop=\"image\" src=\"https:\/\/www.ellingyachting.com\/wp-content\/uploads\/2020\/03\/elling-e3-range.jpg\" alt=\"Elling E3 Motoryacht\" \/><div class=\"text\"><table><tr><td><h3 class=\"caption no_icon\" style=\"\"><\/h3><\/td><\/tr><\/table><table><tr><td><div class=\"desc\"><\/p>\n<h3 class=\"h2-style\">Elling <span class=\"gold-head\">E3<\/span><\/h3>\n<p><span class=\"no-show-only-hover h4-style\">13,8 m : 45 fot<\/span><br \/>\n<span class=\"no-show-only-hover\">E3 er smidig og sportslig og klar for alt du kan utsette den for!<\/span><\/p>\n<p><a class=\"qbutton no-show-only-hover default\" href=\"https:\/\/www.ellingyachting.com\/no\/ellings-utvalg-av-motorbater\/elling-e3\/\" target=\"_self\" rel=\"noopener noreferrer\">Flere detaljer<i class=\"qode_icon_font_awesome fa fa-chevron-right qode_button_icon_element\"><\/i><\/a><\/div><\/td><\/tr><\/table><\/div><\/div>[vc_empty_space height=&raquo;30px&raquo;]<div class=\"q_image_with_text_over q_iwto_hover\"><div class=\"shader\" style=\"background-color: rgba(0,0,0,0.01)\"><\/div><div class=\"shader_hover\" style=\"background-color: rgba(0,0,0,0.5)\"><\/div><img decoding=\"async\" itemprop=\"image\" src=\"https:\/\/www.ellingyachting.com\/wp-content\/uploads\/2019\/10\/Elling-e4-model-full.jpg\" alt=\"Elling E4 Model\" \/><div class=\"text\"><table><tr><td><h3 class=\"caption no_icon\" style=\"\"><\/h3><\/td><\/tr><\/table><table><tr><td><div class=\"desc\"><\/p>\n<h3 class=\"h2-style\">Elling <span class=\"gold-head\">E4<\/span><\/h3>\n<p><span class=\"no-show-only-hover h4-style\">14,95 m : 49 fot<\/span><br \/>\n<span class=\"no-show-only-hover\">E4 er t\u00f8ff og stilig med litt mer plass til overnatting.<\/span><\/p>\n<p><a class=\"qbutton no-show-only-hover default\" href=\"https:\/\/www.ellingyachting.com\/no\/ellings-utvalg-av-motorbater\/elling-e4\/\" target=\"_self\" rel=\"noopener noreferrer\">Flere detaljer<i class=\"qode_icon_font_awesome fa fa-chevron-right qode_button_icon_element\"><\/i><\/a><\/div><\/td><\/tr><\/table><\/div><\/div>[\/vc_column_inner][vc_column_inner el_class=&raquo;overview-after-boat-brown&raquo; width=&raquo;1\/2&#8243;][vc_empty_space height=&raquo;200px&raquo;]<div class=\"q_image_with_text_over q_iwto_hover\"><div class=\"shader\" style=\"background-color: rgba(0,0,0,0.01)\"><\/div><div class=\"shader_hover\" style=\"background-color: rgba(0,0,0,0.5)\"><\/div><img decoding=\"async\" itemprop=\"image\" src=\"https:\/\/www.ellingyachting.com\/wp-content\/uploads\/2020\/03\/elling-e6-range.jpg\" alt=\"The Elling E6 Motoryacht\" \/><div class=\"text\"><table><tr><td><h3 class=\"caption no_icon\" style=\"\"><\/h3><\/td><\/tr><\/table><table><tr><td><div class=\"desc\"><\/p>\n<h3 class=\"h2-style\">Elling <span class=\"gold-head\">E6<\/span><\/h3>\n<p><span class=\"no-show-only-hover h4-style\">19,8 m : 65 fot<\/span><br \/>\n<span class=\"no-show-only-hover\">Neste generasjon er her. Enda mer plass til \u00e5 slappe av og nyte! <\/span><\/p>\n<p><a class=\"qbutton no-show-only-hover default\" href=\"https:\/\/www.ellingyachting.com\/no\/ellings-utvalg-av-motorbater\/elling-e6\/\" target=\"_self\" rel=\"noopener noreferrer\">Flere detaljer<i class=\"qode_icon_font_awesome fa fa-chevron-right qode_button_icon_element\"><\/i><\/a><\/div><\/td><\/tr><\/table><\/div><\/div>[\/vc_column_inner][\/vc_row_inner][\/vc_column][\/vc_row][vc_row css_animation=&raquo;&raquo; row_type=&raquo;row&raquo; use_row_as_full_screen_section=&raquo;no&raquo; type=&raquo;full_width&raquo; angled_section=&raquo;no&raquo; text_align=&raquo;left&raquo; background_image_as_pattern=&raquo;without_pattern&raquo;][vc_column][vc_row_inner row_type=&raquo;row&raquo; type=&raquo;grid&raquo; text_align=&raquo;left&raquo; css_animation=&raquo;element_from_fade&raquo; css=&raquo;.vc_custom_1583759421093{padding-top: 80px !important;padding-bottom: 80px !important;}&raquo; transition_delay=&raquo;500&#8243; el_class=&raquo;two-block-style order-change-mobile&raquo;][vc_column_inner el_class=&raquo;white-box-around&raquo; width=&raquo;1\/3&#8243; css=&raquo;.vc_custom_1582199390133{padding-top: 20px !important;padding-bottom: 40px !important;}&raquo;][vc_column_text css=&raquo;&raquo;]<\/p>\n<h2>Tr\u00e5lerb\u00e5ter fra Elling Yachting<\/h2>\n<p>For kj\u00f8pere som utforsker tr\u00e5lere, tilbyr Elling Yachting et utpreget nederlandsk alternativ. Elling posisjonerer b\u00e5tene sine som oppdagelsesreisende, h\u00f8ytytende tr\u00e5lere, luksuri\u00f8se motorb\u00e5ter og cruiseb\u00e5ter, mens selve serien presenteres som en serie langdistanse motorb\u00e5ter designet for sikkerhet, komfort og havg\u00e5ende ytelse. <\/p>\n<p>Tr\u00e5lerb\u00e5ter har en tiltrekningskraft som g\u00e5r langt utover det ytre. Eiere i dette segmentet er vanligvis ute etter effektivitet over lange avstander, trygge sj\u00f8egenskaper og et komfortabelt liv om bord under lengre turer. Ellings egen trawler-b\u00e5t har akkurat denne profilen, noe som gj\u00f8r merket til et naturlig valg for kj\u00f8pere som \u00f8nsker seg design som setter cruising f\u00f8rst, kombinert med f\u00f8rsteklasses komfort om bord.[\/vc_column_text][vc_column_text css=&raquo;&raquo;]Det som gj\u00f8r Elling spesielt relevant i kategorien trawlerb\u00e5ter, er styrken i modellutvalget. Elling E3 presenteres som en kompakt, effektiv og luksuri\u00f8s motorb\u00e5t bygget for b\u00e5de korte turer og lengre seilaser. Den er ogs\u00e5 CE-klassifisert i kategori A, noe som understreker den seri\u00f8se cruising-intensjonen i et h\u00e5ndterbart format.[\/vc_column_text]<a  itemprop=\"url\" href=\"https:\/\/www.ellingyachting.com\/no\/ellings-utvalg-av-motorbater\/elling-e6\/\" target=\"_self\"  class=\"qbutton  default\" style=\"margin: 20px 0px 0px 0px; \">Se flere detaljer om E6<i class=\"qode_icon_font_awesome fa fa-chevron-right qode_button_icon_element\"><\/i><\/a>[\/vc_column_inner][vc_column_inner el_class=&raquo;give-text-more-space-left&raquo; width=&raquo;2\/3&#8243; css=&raquo;.vc_custom_1582199911979{padding-top: 50px !important;}&raquo;][vc_single_image image=&raquo;3021&#8243; img_size=&raquo;full&raquo; alignment=&raquo;right&raquo; qode_css_animation=&raquo;&raquo;][vc_single_image image=&raquo;3010&#8243; img_size=&raquo;full&raquo; css=&raquo;.vc_custom_1570541907456{margin-top: 30px !important;}&raquo; qode_css_animation=&raquo;&raquo; el_class=&raquo;blue-after-landscape-small&raquo;][\/vc_column_inner][\/vc_row_inner][\/vc_column][\/vc_row][vc_row css_animation=&raquo;&raquo; row_type=&raquo;row&raquo; use_row_as_full_screen_section=&raquo;no&raquo; type=&raquo;full_width&raquo; angled_section=&raquo;no&raquo; text_align=&raquo;left&raquo; background_image_as_pattern=&raquo;without_pattern&raquo;][vc_column][vc_row_inner row_type=&raquo;row&raquo; type=&raquo;grid&raquo; text_align=&raquo;left&raquo; css_animation=&raquo;element_from_fade&raquo; css=&raquo;.vc_custom_1583755647406{padding-top: 120px !important;padding-bottom: 120px !important;}&raquo; el_class=&raquo;two-block-style&raquo;][vc_column_inner width=&raquo;1\/3&#8243;][vc_single_image image=&raquo;3013&#8243; img_size=&raquo;full&raquo; alignment=&raquo;center&raquo; qode_css_animation=&raquo;&raquo; el_class=&raquo;brown-after-landscape-small&raquo;][vc_single_image image=&raquo;3015&#8243; img_size=&raquo;full&raquo; alignment=&raquo;center&raquo; css=&raquo;.vc_custom_1583759642833{margin-top: 30px !important;}&raquo; qode_css_animation=&raquo;&raquo; el_class=&raquo;blue-after-landscape-medium&raquo;][\/vc_column_inner][vc_column_inner el_class=&raquo;give-text-bigger-space-left white-box-around&raquo; width=&raquo;2\/3&#8243;][vc_column_text css=&raquo;&raquo;]<\/p>\n<h2 data-start=\"689\" data-end=\"743\">Nederlandskbygde tr\u00e5lerb\u00e5ter for langturseiling<\/h2>\n<p>For eiere som \u00f8nsker mer selvtillit offshore og mer raffinement om bord, er Elling E4 en av de sterkeste matchene i serien. Elling beskriver E4 som en b\u00e5t som er bygget av slitesterk kevlar, som oppfyller CE Kategori A-standarder og som tilbyr en ekstra motor som ekstra trygghet n\u00e5r forholdene blir utfordrende. Merket fremhever ogs\u00e5 den enest\u00e5ende isolasjonen og luksusen \u00e5ret rundt, noe som gj\u00f8r b\u00e5ten sv\u00e6rt attraktiv for kj\u00f8pere som sammenligner trawlerb\u00e5ter for lengre reiser.  <\/p>\n<p>Elling E6, som ligger p\u00e5 toppen av serien, bringer trawlerb\u00e5tkonseptet inn i flaggskipterritoriet. Elling beskriver E6 som kulminasjonen av sin moderne yachtdesign og et ekte &laquo;go-anywhere&raquo;-konsept med st\u00f8rre komfort og \u00f8kt rekkevidde. I det offisielle utstillingsmateriellet presenteres E6 som en havg\u00e5ende motoryacht med lang rekkevidde, Kevlar-forsterket skrog, CE-kategori A-sertifisering og et raffinert, romslig interi\u00f8r som er bygget for p\u00e5litelighet, autonomi og komfort under lengre seilaser.  <\/p>\n<p data-start=\"3822\" data-end=\"4219\">Fra 45-fots E3 til 49-fots E4 og 65-fots E6, tilbyr Elling en tydelig progresjon for kj\u00f8pere som beveger seg dypere inn i en verden av trawlerb\u00e5ter. Enten du prioriterer kompakt effektivitet, offshore-sikkerhet eller liveaboard-komfort p\u00e5 flaggskipniv\u00e5, leverer Elling Yachting et utvalg som er bygget rundt langdistansecruising, komfort om bord og selvtillit til sj\u00f8s. <\/p>\n<p>[\/vc_column_text]<a  itemprop=\"url\" href=\"https:\/\/www.ellingyachting.com\/no\/ellings-utvalg-av-motorbater\/\" target=\"_self\"  class=\"qbutton  default\" style=\"margin: 20px 0px 0px 0px; \">Oppdag mer<i class=\"qode_icon_font_awesome fa fa-chevron-right qode_button_icon_element\"><\/i><\/a>[\/vc_column_inner][\/vc_row_inner][\/vc_column][\/vc_row][vc_row css_animation=&raquo;&raquo; row_type=&raquo;row&raquo; use_row_as_full_screen_section=&raquo;no&raquo; type=&raquo;full_width&raquo; angled_section=&raquo;no&raquo; text_align=&raquo;left&raquo; background_image_as_pattern=&raquo;without_pattern&raquo;][vc_column][vc_row_inner row_type=&raquo;row&raquo; type=&raquo;grid&raquo; text_align=&raquo;left&raquo; css_animation=&raquo;&raquo;][vc_column_inner width=&raquo;1\/2&#8243;][vc_single_image image=&raquo;3087&#8243; img_size=&raquo;full&raquo; qode_css_animation=&raquo;&raquo; el_class=&raquo;image-with-shadow blue-after-image&raquo;][vc_empty_space height=&raquo;50px&raquo;][\/vc_column_inner][vc_column_inner el_class=&raquo;white-box-around&raquo; width=&raquo;1\/2&#8243; css=&raquo;.vc_custom_1584002804476{padding-top: 40px !important;padding-bottom: 40px !important;}&raquo;][vc_column_text css=&raquo;&raquo;]<\/p>\n<h2 data-section-id=\"153m1i2\" data-start=\"4364\" data-end=\"4415\">En nederlandskbygd trawleryacht for eiere over hele verden.<\/h2>\n<p>Hvis du er p\u00e5 jakt etter en trawlerb\u00e5t med ekte havg\u00e5ende ambisjoner, en nederlandsk yachtbygger med stamtavle og et modellutvalg som balanserer sikkerhet og komfort, fortjener Elling Yachting en plass p\u00e5 favorittlisten din. Utforsk Elling E3, E4 og E6 for \u00e5 finne ut hvilken b\u00e5t som passer best til dine cruiseplaner.[\/vc_column_text][\/vc_column_inner][\/vc_row_inner][\/vc_column][\/vc_row][vc_row css_animation=&raquo;&raquo; row_type=&raquo;row&raquo; use_row_as_full_screen_section=&raquo;no&raquo; type=&raquo;full_width&raquo; angled_section=&raquo;no&raquo; text_align=&raquo;left&raquo; background_image_as_pattern=&raquo;without_pattern&raquo;][vc_column][\/vc_column][\/vc_row]<\/p>\n<\/div>","protected":false},"excerpt":{"rendered":"<p>[vc_row row_type=&raquo;parallax&raquo; parallax_content_width=&raquo;in_grid&raquo; text_align=&raquo;left&raquo; full_screen_section_height=&raquo;no&raquo; section_height=&raquo;400&#8243; background_image=&raquo;478&#8243; el_class=&raquo;dont-show-on-mobile&raquo;][vc_column][\/vc_column][\/vc_row][vc_row css_animation=&raquo;&raquo; row_type=&raquo;row&raquo; use_row_as_full_screen_section=&raquo;no&raquo; type=&raquo;full_width&raquo; angled_section=&raquo;no&raquo; text_align=&raquo;left&raquo; background_image_as_pattern=&raquo;without_pattern&raquo; el_class=&raquo;flex-row-over dont-show-on-mobile&raquo; z_index=&raquo;&raquo;][vc_column][vc_row_inner row_type=&raquo;row&raquo; type=&raquo;grid&raquo; text_align=&raquo;left&raquo; css_animation=&raquo;element_from_fade&raquo; el_class=&raquo;home-h1-styling&raquo;][vc_column_inner width=&raquo;1\/2&#8243;][vc_column_text css=&raquo;&raquo;]Elling Trawler Yacht Kraft og eleganse[\/vc_column_text][\/vc_column_inner][vc_column_inner el_class=&raquo;text-align-right&raquo; width=&raquo;1\/2&#8243;][\/vc_column_inner][\/vc_row_inner][\/vc_column][\/vc_row][vc_row css_animation=&raquo;element_from_fade&raquo; row_type=&raquo;row&raquo; use_row_as_full_screen_section=&raquo;no&raquo; type=&raquo;full_width&raquo; angled_section=&raquo;no&raquo; text_align=&raquo;left&raquo; background_image_as_pattern=&raquo;without_pattern&raquo; css=&raquo;.vc_custom_1582201138721{padding-top: 40px !important;padding-bottom: 80px !important;}&raquo; z_index=&raquo;&raquo;][vc_column][vc_row_inner&#8230;<\/p>\n","protected":false},"author":6,"featured_media":0,"parent":0,"menu_order":0,"comment_status":"closed","ping_status":"closed","template":"full_width.php","meta":{"_acf_changed":false,"footnotes":""},"class_list":["post-4009","page","type-page","status-publish","hentry"],"acf":[],"yoast_head":"<!-- This site is optimized with the Yoast SEO plugin v26.9 - https:\/\/yoast.com\/product\/yoast-seo-wordpress\/ -->\n<title>Tr\u00e5lerb\u00e5ter | Nederlandske motorb\u00e5ter med lang rekkevidde | Elling Yachting<\/title>\n<meta name=\"description\" content=\"Oppdag Ellings tr\u00e5lere. Utforsk de nederlandskbygde E3, E4 og E6 for langdistansecruise, komfort om bord, sikkerhet og selvtillit p\u00e5 havet.\" \/>\n<meta name=\"robots\" content=\"index, follow, max-snippet:-1, max-image-preview:large, max-video-preview:-1\" \/>\n<link rel=\"canonical\" href=\"https:\/\/www.ellingyachting.com\/no\/traler-yacht\/\" \/>\n<meta property=\"og:locale\" content=\"nb_NO\" \/>\n<meta property=\"og:type\" content=\"article\" \/>\n<meta property=\"og:title\" content=\"Tr\u00e5lerb\u00e5ter | Nederlandske motorb\u00e5ter med lang rekkevidde | Elling Yachting\" \/>\n<meta property=\"og:description\" content=\"Oppdag Ellings tr\u00e5lere. Utforsk de nederlandskbygde E3, E4 og E6 for langdistansecruise, komfort om bord, sikkerhet og selvtillit p\u00e5 havet.\" \/>\n<meta property=\"og:url\" content=\"https:\/\/www.ellingyachting.com\/no\/traler-yacht\/\" \/>\n<meta property=\"og:site_name\" content=\"Elling Yachting\" \/>\n<meta property=\"article:publisher\" content=\"https:\/\/www.facebook.com\/profile.php?id=100063969341938&amp;locale=nl_NL\" \/>\n<meta property=\"article:modified_time\" content=\"2026-04-08T06:21:57+00:00\" \/>\n<meta property=\"og:image\" content=\"https:\/\/www.ellingyachting.com\/wp-content\/uploads\/2024\/12\/logo.png\" \/>\n\t<meta property=\"og:image:width\" content=\"159\" \/>\n\t<meta property=\"og:image:height\" content=\"125\" \/>\n\t<meta property=\"og:image:type\" content=\"image\/png\" \/>\n<meta name=\"twitter:card\" content=\"summary_large_image\" \/>\n<meta name=\"twitter:label1\" content=\"Ansl. lesetid\" \/>\n\t<meta name=\"twitter:data1\" content=\"7 minutter\" \/>\n<script type=\"application\/ld+json\" class=\"yoast-schema-graph\">{\"@context\":\"https:\/\/schema.org\",\"@graph\":[{\"@type\":\"WebPage\",\"@id\":\"https:\/\/www.ellingyachting.com\/no\/traler-yacht\/\",\"url\":\"https:\/\/www.ellingyachting.com\/no\/traler-yacht\/\",\"name\":\"Tr\u00e5lerb\u00e5ter | Nederlandske motorb\u00e5ter med lang rekkevidde | Elling Yachting\",\"isPartOf\":{\"@id\":\"https:\/\/www.ellingyachting.com\/#website\"},\"datePublished\":\"2026-03-18T13:14:22+00:00\",\"dateModified\":\"2026-04-08T06:21:57+00:00\",\"description\":\"Oppdag Ellings tr\u00e5lere. Utforsk de nederlandskbygde E3, E4 og E6 for langdistansecruise, komfort om bord, sikkerhet og selvtillit p\u00e5 havet.\",\"breadcrumb\":{\"@id\":\"https:\/\/www.ellingyachting.com\/no\/traler-yacht\/#breadcrumb\"},\"inLanguage\":\"nb-NO\",\"potentialAction\":[{\"@type\":\"ReadAction\",\"target\":[\"https:\/\/www.ellingyachting.com\/no\/traler-yacht\/\"]}]},{\"@type\":\"BreadcrumbList\",\"@id\":\"https:\/\/www.ellingyachting.com\/no\/traler-yacht\/#breadcrumb\",\"itemListElement\":[{\"@type\":\"ListItem\",\"position\":1,\"name\":\"Home\",\"item\":\"https:\/\/www.ellingyachting.com\/no\/\"},{\"@type\":\"ListItem\",\"position\":2,\"name\":\"Tr\u00e5ler Yacht\"}]},{\"@type\":\"WebSite\",\"@id\":\"https:\/\/www.ellingyachting.com\/#website\",\"url\":\"https:\/\/www.ellingyachting.com\/\",\"name\":\"Elling Yachting\",\"description\":\"Luxury Elling Yachts builders\",\"publisher\":{\"@id\":\"https:\/\/www.ellingyachting.com\/#organization\"},\"potentialAction\":[{\"@type\":\"SearchAction\",\"target\":{\"@type\":\"EntryPoint\",\"urlTemplate\":\"https:\/\/www.ellingyachting.com\/?s={search_term_string}\"},\"query-input\":{\"@type\":\"PropertyValueSpecification\",\"valueRequired\":true,\"valueName\":\"search_term_string\"}}],\"inLanguage\":\"nb-NO\"},{\"@type\":\"Organization\",\"@id\":\"https:\/\/www.ellingyachting.com\/#organization\",\"name\":\"Elling shipbuilding\",\"url\":\"https:\/\/www.ellingyachting.com\/\",\"logo\":{\"@type\":\"ImageObject\",\"inLanguage\":\"nb-NO\",\"@id\":\"https:\/\/www.ellingyachting.com\/#\/schema\/logo\/image\/\",\"url\":\"https:\/\/www.ellingyachting.com\/wp-content\/uploads\/2024\/12\/logo.png\",\"contentUrl\":\"https:\/\/www.ellingyachting.com\/wp-content\/uploads\/2024\/12\/logo.png\",\"width\":159,\"height\":125,\"caption\":\"Elling shipbuilding\"},\"image\":{\"@id\":\"https:\/\/www.ellingyachting.com\/#\/schema\/logo\/image\/\"},\"sameAs\":[\"https:\/\/www.facebook.com\/profile.php?id=100063969341938&locale=nl_NL\",\"https:\/\/www.instagram.com\/ellingyachts\/\"]}]}<\/script>\n<!-- \/ Yoast SEO plugin. -->","yoast_head_json":{"title":"Tr\u00e5lerb\u00e5ter | Nederlandske motorb\u00e5ter med lang rekkevidde | Elling Yachting","description":"Oppdag Ellings tr\u00e5lere. Utforsk de nederlandskbygde E3, E4 og E6 for langdistansecruise, komfort om bord, sikkerhet og selvtillit p\u00e5 havet.","robots":{"index":"index","follow":"follow","max-snippet":"max-snippet:-1","max-image-preview":"max-image-preview:large","max-video-preview":"max-video-preview:-1"},"canonical":"https:\/\/www.ellingyachting.com\/no\/traler-yacht\/","og_locale":"nb_NO","og_type":"article","og_title":"Tr\u00e5lerb\u00e5ter | Nederlandske motorb\u00e5ter med lang rekkevidde | Elling Yachting","og_description":"Oppdag Ellings tr\u00e5lere. Utforsk de nederlandskbygde E3, E4 og E6 for langdistansecruise, komfort om bord, sikkerhet og selvtillit p\u00e5 havet.","og_url":"https:\/\/www.ellingyachting.com\/no\/traler-yacht\/","og_site_name":"Elling Yachting","article_publisher":"https:\/\/www.facebook.com\/profile.php?id=100063969341938&locale=nl_NL","article_modified_time":"2026-04-08T06:21:57+00:00","og_image":[{"width":159,"height":125,"url":"https:\/\/www.ellingyachting.com\/wp-content\/uploads\/2024\/12\/logo.png","type":"image\/png"}],"twitter_card":"summary_large_image","twitter_misc":{"Ansl. lesetid":"7 minutter"},"schema":{"@context":"https:\/\/schema.org","@graph":[{"@type":"WebPage","@id":"https:\/\/www.ellingyachting.com\/no\/traler-yacht\/","url":"https:\/\/www.ellingyachting.com\/no\/traler-yacht\/","name":"Tr\u00e5lerb\u00e5ter | Nederlandske motorb\u00e5ter med lang rekkevidde | Elling Yachting","isPartOf":{"@id":"https:\/\/www.ellingyachting.com\/#website"},"datePublished":"2026-03-18T13:14:22+00:00","dateModified":"2026-04-08T06:21:57+00:00","description":"Oppdag Ellings tr\u00e5lere. Utforsk de nederlandskbygde E3, E4 og E6 for langdistansecruise, komfort om bord, sikkerhet og selvtillit p\u00e5 havet.","breadcrumb":{"@id":"https:\/\/www.ellingyachting.com\/no\/traler-yacht\/#breadcrumb"},"inLanguage":"nb-NO","potentialAction":[{"@type":"ReadAction","target":["https:\/\/www.ellingyachting.com\/no\/traler-yacht\/"]}]},{"@type":"BreadcrumbList","@id":"https:\/\/www.ellingyachting.com\/no\/traler-yacht\/#breadcrumb","itemListElement":[{"@type":"ListItem","position":1,"name":"Home","item":"https:\/\/www.ellingyachting.com\/no\/"},{"@type":"ListItem","position":2,"name":"Tr\u00e5ler Yacht"}]},{"@type":"WebSite","@id":"https:\/\/www.ellingyachting.com\/#website","url":"https:\/\/www.ellingyachting.com\/","name":"Elling Yachting","description":"Luxury Elling Yachts builders","publisher":{"@id":"https:\/\/www.ellingyachting.com\/#organization"},"potentialAction":[{"@type":"SearchAction","target":{"@type":"EntryPoint","urlTemplate":"https:\/\/www.ellingyachting.com\/?s={search_term_string}"},"query-input":{"@type":"PropertyValueSpecification","valueRequired":true,"valueName":"search_term_string"}}],"inLanguage":"nb-NO"},{"@type":"Organization","@id":"https:\/\/www.ellingyachting.com\/#organization","name":"Elling shipbuilding","url":"https:\/\/www.ellingyachting.com\/","logo":{"@type":"ImageObject","inLanguage":"nb-NO","@id":"https:\/\/www.ellingyachting.com\/#\/schema\/logo\/image\/","url":"https:\/\/www.ellingyachting.com\/wp-content\/uploads\/2024\/12\/logo.png","contentUrl":"https:\/\/www.ellingyachting.com\/wp-content\/uploads\/2024\/12\/logo.png","width":159,"height":125,"caption":"Elling shipbuilding"},"image":{"@id":"https:\/\/www.ellingyachting.com\/#\/schema\/logo\/image\/"},"sameAs":["https:\/\/www.facebook.com\/profile.php?id=100063969341938&locale=nl_NL","https:\/\/www.instagram.com\/ellingyachts\/"]}]}},"_links":{"self":[{"href":"https:\/\/www.ellingyachting.com\/no\/wp-json\/wp\/v2\/pages\/4009","targetHints":{"allow":["GET"]}}],"collection":[{"href":"https:\/\/www.ellingyachting.com\/no\/wp-json\/wp\/v2\/pages"}],"about":[{"href":"https:\/\/www.ellingyachting.com\/no\/wp-json\/wp\/v2\/types\/page"}],"author":[{"embeddable":true,"href":"https:\/\/www.ellingyachting.com\/no\/wp-json\/wp\/v2\/users\/6"}],"replies":[{"embeddable":true,"href":"https:\/\/www.ellingyachting.com\/no\/wp-json\/wp\/v2\/comments?post=4009"}],"version-history":[{"count":11,"href":"https:\/\/www.ellingyachting.com\/no\/wp-json\/wp\/v2\/pages\/4009\/revisions"}],"predecessor-version":[{"id":4078,"href":"https:\/\/www.ellingyachting.com\/no\/wp-json\/wp\/v2\/pages\/4009\/revisions\/4078"}],"wp:attachment":[{"href":"https:\/\/www.ellingyachting.com\/no\/wp-json\/wp\/v2\/media?parent=4009"}],"curies":[{"name":"wp","href":"https:\/\/api.w.org\/{rel}","templated":true}]}}