{"id":3231,"date":"2020-02-21T09:59:25","date_gmt":"2020-02-21T08:59:25","guid":{"rendered":"https:\/\/www.ellingyachting.com\/elling-yachting-agenter\/"},"modified":"2026-03-09T10:02:15","modified_gmt":"2026-03-09T09:02:15","slug":"elling-yachting-agenter","status":"publish","type":"page","link":"https:\/\/www.ellingyachting.com\/no\/elling-yachting-agenter\/","title":{"rendered":"Agenter"},"content":{"rendered":"<div class=\"wpb-content-wrapper\"><p>[vc_row row_type=&raquo;parallax&raquo; parallax_content_width=&raquo;in_grid&raquo; text_align=&raquo;left&raquo; full_screen_section_height=&raquo;no&raquo; section_height=&raquo;400&#8243; background_image=&raquo;735&#8243;][vc_column][\/vc_column][\/vc_row][vc_row css_animation=&raquo;element_from_fade&raquo; row_type=&raquo;row&raquo; use_row_as_full_screen_section=&raquo;no&raquo; type=&raquo;grid&raquo; angled_section=&raquo;no&raquo; text_align=&raquo;left&raquo; background_image_as_pattern=&raquo;without_pattern&raquo; css=&raquo;.vc_custom_1582275925068{padding-top: 40px !important;padding-bottom: 40px !important;}&raquo; z_index=&raquo;&raquo;][vc_column][vc_row_inner row_type=&raquo;row&raquo; type=&raquo;grid&raquo; text_align=&raquo;center&raquo; css_animation=&raquo;&raquo; el_class=&raquo;white-box-around max-width-white&raquo;][vc_column_inner el_class=&raquo;white-box-around max-width-white&raquo; width=&raquo;1\/2&#8243;][vc_column_text el_class=&raquo;big-brown-head&raquo;]<\/p>\n<h2 class=\"inview-child duration-1s delay-200ms animated fadeInUp\">Kontakt skipsverftet.<\/h2>\n<p class=\"inview-child duration-1s delay-500ms animated fadeInUp\">Hvis du \u00f8nsker mer detaljert informasjon om b\u00e5tene v\u00e5re, st\u00e5r Elling-teamet til din tjeneste.<\/p>\n<p><strong>Adresse.<\/strong><br \/>\nElling Yachting<br \/>\nVeerdam 1<br \/>\n5308 JH Aalst<br \/>\nNederland<\/p>\n<p><strong>Kontakt.<\/strong><br \/>\nTelefon. <a href=\"tlf:%200031418673103\">+31 418 67 31 03<\/a><br \/>\nMail. <a href=\"mailto:info@ellingyachting.com\">info@ellingyachting.com<\/a>[\/vc_column_text][\/vc_column_inner][vc_column_inner width=&raquo;1\/2&#8243;][vc_gmaps link=&raquo;#E-8_JTNDaWZyYW1lJTIwc3JjJTNEJTIyaHR0cHMlM0ElMkYlMkZ3d3cuZ29vZ2xlLmNvbSUyRm1hcHMlMkZlbWJlZCUzRnBiJTNEJTIxMW0xOCUyMTFtMTIlMjExbTMlMjExZDI5MzUuMzYxNzU5NzMyNjMyNCUyMTJkNS4xMTE0MDkyMjA5MzY2OCUyMTNkNTEuNzgxNzU5OTIzNTg4MDYlMjEybTMlMjExZjAlMjEyZjAlMjEzZjAlMjEzbTIlMjExaTEwMjQlMjEyaTc2OCUyMTRmMTMuMSUyMTNtMyUyMTFtMiUyMTFzMHg0N2M2OGRiNDcyNDVmYWViJTI1M0EweDcyMzBlNzI2OGM3ODk4MDklMjEyc0VsbGluZyUyNTIwWWFjaHRpbmclMjE1ZTAlMjEzbTIlMjExc25sJTIxMnNubCUyMTR2MTcyMTYzODY1NjQ5NCUyMTVtMiUyMTFzbmwlMjEyc25sJTIyJTIwd2lkdGglM0QlMjI2MDAlMjIlMjBoZWlnaHQlM0QlMjI0NTAlMjIlMjBzdHlsZSUzRCUyMmJvcmRlciUzQTAlM0IlMjIlMjBhbGxvd2Z1bGxzY3JlZW4lM0QlMjIlMjIlMjBsb2FkaW5nJTNEJTIybGF6eSUyMiUyMHJlZmVycmVycG9saWN5JTNEJTIybm8tcmVmZXJyZXItd2hlbi1kb3duZ3JhZGUlMjIlM0UlM0MlMkZpZnJhbWUlM0U=&raquo; size=&raquo;&raquo;][\/vc_column_inner][\/vc_row_inner][\/vc_column][\/vc_row][vc_row css_animation=&raquo;element_from_fade&raquo; row_type=&raquo;row&raquo; use_row_as_full_screen_section=&raquo;no&raquo; type=&raquo;grid&raquo; angled_section=&raquo;no&raquo; text_align=&raquo;left&raquo; background_image_as_pattern=&raquo;without_pattern&raquo; css=&raquo;.vc_custom_1582275925068{padding-top: 40px !important;padding-bottom: 40px !important;}&raquo; z_index=&raquo;&raquo;][vc_column][vc_row_inner row_type=&raquo;row&raquo; type=&raquo;grid&raquo; text_align=&raquo;center&raquo; css_animation=&raquo;&raquo;][vc_column_inner el_class=&raquo;white-box-around max-width-white&raquo;][vc_column_text el_class=&raquo;big-brown-head&raquo;]<\/p>\n<h2>Global tilstedev\u00e6relse.<\/h2>\n<p>Foretrekker du \u00e5 kontakte noen i ditt eget land? Finn agenten din her.[\/vc_column_text][\/vc_column_inner][\/vc_row_inner][\/vc_column][\/vc_row][vc_row css_animation=&raquo;element_from_fade&raquo; row_type=&raquo;row&raquo; use_row_as_full_screen_section=&raquo;no&raquo; type=&raquo;grid&raquo; angled_section=&raquo;no&raquo; text_align=&raquo;left&raquo; background_image_as_pattern=&raquo;without_pattern&raquo; z_index=&raquo;&raquo; el_class=&raquo;box-white-flex smaller-screen-style-box-3&#8243;][vc_column width=&raquo;1\/4&#8243; el_class=&raquo;white-box-around&raquo;][vc_column_text el_class=&raquo;small-p-font&raquo;]<\/p>\n<h4>Brukt<\/h4>\n<p>Elling Brokerage BV<br \/>\nHoekeinde 24<br \/>\n4254 LN Sleeuwijk<\/p>\n<p>[\/vc_column_text][vc_column_text]T <a href=\"tlf:%200031613298475\">+31 613298475<\/a><\/p>\n<p><a href=\"mailto:info@ellingbrokerage.com\">info@ellingbrokerage.com<\/a><br \/>\n<a href=\"https:\/\/www.ellingbrokerage.com\">www.ellingbrokerage.com<\/a>[\/vc_column_text][\/vc_column][vc_column width=&raquo;1\/4&#8243; el_class=&raquo;white-box-around&raquo;][vc_column_text el_class=&raquo;small-p-font&raquo;]<\/p>\n<h4>Australia<\/h4>\n<p>Docherty Marine<br \/>\nEnhet 1, 17 Commercial Drive<br \/>\nAshmore QLD 4214[\/vc_column_text][vc_column_text]T. <a href=\"https:\/\/www.google.com\/search?q=docherty+marine&amp;oq=docherty+marine&amp;aqs=edge..69i57j0i13i30i625j0i5i13i30i625l2j0i8i10i13i30i625j0i8i13i30.1969j0j4&amp;sourceid=chrome&amp;ie=UTF-8#\" data-dtype=\"d3ph\" data-local-attribute=\"d3ph\" data-ved=\"2ahUKEwjm3oj-5q39AhXOQvEDHTkYCgQQkAgoAHoECE8QAw\"><span aria-label=\"Telefoonnummer +61 7 5532 1312 bellen\">+61 7 5532 1312<\/span><\/a><\/p>\n<p>i<a href=\"mailto:info@dochertymarine.com.au\">nfo@dochertymarine.com.<\/a>au<br \/>\nwww.dochertymarine.com.au[\/vc_column_text][\/vc_column][vc_column width=&raquo;1\/4&#8243; el_class=&raquo;white-box-around&raquo;][vc_column_text]<\/p>\n<h4>Danmark<\/h4>\n<p>YMG Group Danmark IVS<br \/>\nEgebjergvej 14<br \/>\n6372 Bylderup-Bov[\/vc_column_text][vc_column_text]T <a href=\"tlf:%20004551496457\">+45 514 964 57<\/a><\/p>\n<p><a href=\"http:\/\/www.yacht-management-group.ch\" target=\"_blank\" rel=\"noopener noreferrer\">www.yacht-management-group.ch<\/a>[\/vc_column_text][\/vc_column][vc_column width=&raquo;1\/4&#8243; el_class=&raquo;white-box-around&raquo;][vc_column_text el_class=&raquo;small-p-font&raquo;]<\/p>\n<h4>Tyskland<\/h4>\n<p>Mare Handelsgesellschaft f\u00fcr Boote und Yachten UG<br \/>\nMeckenheimer Stra\u00dfe 16<br \/>\nD-68199 Mannheim-Neckarau[\/vc_column_text][vc_column_text]T <a href=\"tel:00491736616270\">+49 (0) 173-66 16 270<\/a><\/p>\n<p><a href=\"mailto:info@mare-yacht.de\">info@mare-yacht.de<\/a><br \/>\n<a href=\"http:\/\/www.mare-yacht.de\/\" target=\"_blank\" rel=\"noopener noreferrer\">www.mare-yacht.de<\/a>[\/vc_column_text][\/vc_column][\/vc_row][vc_row css_animation=&raquo;element_from_fade&raquo; row_type=&raquo;row&raquo; use_row_as_full_screen_section=&raquo;no&raquo; type=&raquo;grid&raquo; angled_section=&raquo;no&raquo; text_align=&raquo;left&raquo; background_image_as_pattern=&raquo;without_pattern&raquo; z_index=&raquo;&raquo; css=&raquo;.vc_custom_1583756950931{margin-top: 40px !important;padding-bottom: 40px !important;}&raquo; el_class=&raquo;box-white-flex smaller-screen-style-box-3&#8243;][vc_column width=&raquo;1\/4&#8243; el_class=&raquo;white-box-around&raquo;][vc_column_text css=&raquo;&raquo;]<\/p>\n<h4>Norge<\/h4>\n<p>Aker <span data-olk-copy-source=\"MessageBody\">Yachts as<\/span><\/p>\n<p>Sandviksveien 120<br \/>\n1363 H\u00f8vik[\/vc_column_text][vc_column_text]T <a href=\"https:\/\/www.google.com\/search?q=aker+yachts&amp;rlz=1C1ONGR_nlNL1080NL1080&amp;oq=aker+yachts&amp;gs_lcrp=EgZjaHJvbWUqCggAEAAY4wIYgAQyCggAEAAY4wIYgAQyDQgBEC4YrwEYxwEYgAQyBwgCEAAYgAQyCAgDEAAYFhgeMggIBBAAGBYYHjIGCAUQRRg8MgYIBhBFGDwyBggHEEUYPNIBCDE3MDdqMGo3qAIAsAIA&amp;sourceid=chrome&amp;ie=UTF-8#\" data-dtype=\"d3ph\" data-local-attribute=\"d3ph\" data-ved=\"2ahUKEwiq3a7xs9mLAxVWlP0HHS2fCjQQkAgoAHoECC0QAg\"><span aria-label=\"Telefoonnummer +47 48 59 00 00 bellen\">+47 48 59 00 00<\/span><\/a><\/p>\n<p>post@akeryachts.no<br \/>\nakeryachts<a href=\"https:\/\/akeryachts.no\/\">.no<\/a>[\/vc_column_text][\/vc_column][vc_column width=&raquo;1\/4&#8243; el_class=&raquo;white-box-around&raquo;][vc_column_text]<\/p>\n<h4>Polen<\/h4>\n<p>Solna B\u00e5ter<br \/>\nWarzelnicza 1<br \/>\nKo\u0142obrzeg<br \/>\n78-100 Polen[\/vc_column_text][vc_column_text]M <a href=\"tel:0048728878410\">+48 728 878 410<\/a><\/p>\n<p><a href=\"mailto:info@solnaboats.pl\">info@solnaboats.pl<\/a><br \/>\n<a href=\"http:\/\/solnaboats.pl\/\" target=\"_blank\" rel=\"noopener noreferrer\">www.solnaboats.pl<\/a>[\/vc_column_text][\/vc_column][vc_column width=&raquo;1\/4&#8243; el_class=&raquo;white-box-around&raquo;][vc_column_text]<\/p>\n<h4>Storbritannia<\/h4>\n<p>Blue Lagoon Marine<br \/>\n202 Sandbanks Road<br \/>\nPoole<br \/>\nDorset, BH14 8HA<br \/>\nStorbritannia[\/vc_column_text][vc_column_text]T <a href=\"tel:%2000441202081700\">+44 (0) 1202 081 700<\/a><\/p>\n<p><a href=\"mailto:info@bluelagoonmarine.co.uk\">info@bluelagoonmarine.co.uk<\/a><br \/>\n<a href=\"https:\/\/www.ellingyachts.co.uk\/\" target=\"_blank\" rel=\"noopener noreferrer\">www.ellingyachts.co.uk<\/a>[\/vc_column_text][\/vc_column][vc_column width=&raquo;1\/4&#8243; el_class=&raquo;white-box-around&raquo;][vc_column_text]<\/p>\n<h4>Amerikas forente stater<\/h4>\n<p>Elling Yachts USA<br \/>\nJack Bolel<\/p>\n<p>1125 West St, Ste. 616<br \/>\nAnnapolis, MD 21401<br \/>\nUSA[\/vc_column_text][vc_column_text]Jobb <a href=\"tel:+1%20(443)%20333-1194\">+1 (443) 333-1194<\/a><br \/>\nMobil <a href=\"tel:+1%20(443)%20333-1194\">+1 (443) 722-3599<\/a><\/p>\n<p><a href=\"mailto:jb@ellingyachts.us\">jb@ellingyachts.us<\/a><br \/>\n<a href=\"https:\/\/www.ellingyachting.com\/no\/\" target=\"_blank\" rel=\"noopener noreferrer\">www.ellingyachting.com<\/a>[\/vc_column_text][\/vc_column][\/vc_row]<\/p>\n<\/div>","protected":false},"excerpt":{"rendered":"<p>[vc_row row_type=&raquo;parallax&raquo; parallax_content_width=&raquo;in_grid&raquo; text_align=&raquo;left&raquo; full_screen_section_height=&raquo;no&raquo; section_height=&raquo;400&#8243; background_image=&raquo;735&#8243;][vc_column][\/vc_column][\/vc_row][vc_row css_animation=&raquo;element_from_fade&raquo; row_type=&raquo;row&raquo; use_row_as_full_screen_section=&raquo;no&raquo; type=&raquo;grid&raquo; angled_section=&raquo;no&raquo; text_align=&raquo;left&raquo; background_image_as_pattern=&raquo;without_pattern&raquo; css=&raquo;.vc_custom_1582275925068{padding-top: 40px !important;padding-bottom: 40px !important;}&raquo; z_index=&raquo;&raquo;][vc_column][vc_row_inner row_type=&raquo;row&raquo; type=&raquo;grid&raquo; text_align=&raquo;center&raquo; css_animation=&raquo;&raquo; el_class=&raquo;white-box-around max-width-white&raquo;][vc_column_inner el_class=&raquo;white-box-around max-width-white&raquo; width=&raquo;1\/2&#8243;][vc_column_text el_class=&raquo;big-brown-head&raquo;] Kontakt skipsverftet. Hvis du \u00f8nsker mer detaljert informasjon om b\u00e5tene v\u00e5re, st\u00e5r Elling-teamet til din&#8230;<\/p>\n","protected":false},"author":1,"featured_media":0,"parent":0,"menu_order":0,"comment_status":"closed","ping_status":"closed","template":"full_width.php","meta":{"_acf_changed":false,"footnotes":""},"class_list":["post-3231","page","type-page","status-publish","hentry"],"acf":[],"yoast_head":"<!-- This site is optimized with the Yoast SEO plugin v26.9 - https:\/\/yoast.com\/product\/yoast-seo-wordpress\/ -->\n<title>Elling Motoryachts-agenter over hele verden | Elling Yachts<\/title>\n<meta name=\"description\" content=\"Leter du etter en bestemt agent? Du finner Elling Yachts-agenter over hele verden. Finn alle kontakt- og adressedetaljer her.\" \/>\n<meta name=\"robots\" content=\"index, follow, max-snippet:-1, max-image-preview:large, max-video-preview:-1\" \/>\n<link rel=\"canonical\" href=\"https:\/\/www.ellingyachting.com\/no\/elling-yachting-agenter\/\" \/>\n<meta property=\"og:locale\" content=\"nb_NO\" \/>\n<meta property=\"og:type\" content=\"article\" \/>\n<meta property=\"og:title\" content=\"Elling Motoryachts-agenter over hele verden | Elling Yachts\" \/>\n<meta property=\"og:description\" content=\"Leter du etter en bestemt agent? Du finner Elling Yachts-agenter over hele verden. Finn alle kontakt- og adressedetaljer her.\" \/>\n<meta property=\"og:url\" content=\"https:\/\/www.ellingyachting.com\/no\/elling-yachting-agenter\/\" \/>\n<meta property=\"og:site_name\" content=\"Elling Yachting\" \/>\n<meta property=\"article:publisher\" content=\"https:\/\/www.facebook.com\/profile.php?id=100063969341938&amp;locale=nl_NL\" \/>\n<meta property=\"article:modified_time\" content=\"2026-03-09T09:02:15+00:00\" \/>\n<meta property=\"og:image\" content=\"https:\/\/www.ellingyachting.com\/wp-content\/uploads\/2024\/12\/logo.png\" \/>\n\t<meta property=\"og:image:width\" content=\"159\" \/>\n\t<meta property=\"og:image:height\" content=\"125\" \/>\n\t<meta property=\"og:image:type\" content=\"image\/png\" \/>\n<meta name=\"twitter:card\" content=\"summary_large_image\" \/>\n<meta name=\"twitter:label1\" content=\"Ansl. lesetid\" \/>\n\t<meta name=\"twitter:data1\" content=\"2 minutter\" \/>\n<script type=\"application\/ld+json\" class=\"yoast-schema-graph\">{\"@context\":\"https:\/\/schema.org\",\"@graph\":[{\"@type\":\"WebPage\",\"@id\":\"https:\/\/www.ellingyachting.com\/no\/elling-yachting-agenter\/\",\"url\":\"https:\/\/www.ellingyachting.com\/no\/elling-yachting-agenter\/\",\"name\":\"Elling Motoryachts-agenter over hele verden | Elling Yachts\",\"isPartOf\":{\"@id\":\"https:\/\/www.ellingyachting.com\/#website\"},\"datePublished\":\"2020-02-21T08:59:25+00:00\",\"dateModified\":\"2026-03-09T09:02:15+00:00\",\"description\":\"Leter du etter en bestemt agent? Du finner Elling Yachts-agenter over hele verden. Finn alle kontakt- og adressedetaljer her.\",\"breadcrumb\":{\"@id\":\"https:\/\/www.ellingyachting.com\/no\/elling-yachting-agenter\/#breadcrumb\"},\"inLanguage\":\"nb-NO\",\"potentialAction\":[{\"@type\":\"ReadAction\",\"target\":[\"https:\/\/www.ellingyachting.com\/no\/elling-yachting-agenter\/\"]}]},{\"@type\":\"BreadcrumbList\",\"@id\":\"https:\/\/www.ellingyachting.com\/no\/elling-yachting-agenter\/#breadcrumb\",\"itemListElement\":[{\"@type\":\"ListItem\",\"position\":1,\"name\":\"Home\",\"item\":\"https:\/\/www.ellingyachting.com\/no\/\"},{\"@type\":\"ListItem\",\"position\":2,\"name\":\"Agenter\"}]},{\"@type\":\"WebSite\",\"@id\":\"https:\/\/www.ellingyachting.com\/#website\",\"url\":\"https:\/\/www.ellingyachting.com\/\",\"name\":\"Elling Yachting\",\"description\":\"Luxury Elling Yachts builders\",\"publisher\":{\"@id\":\"https:\/\/www.ellingyachting.com\/#organization\"},\"potentialAction\":[{\"@type\":\"SearchAction\",\"target\":{\"@type\":\"EntryPoint\",\"urlTemplate\":\"https:\/\/www.ellingyachting.com\/?s={search_term_string}\"},\"query-input\":{\"@type\":\"PropertyValueSpecification\",\"valueRequired\":true,\"valueName\":\"search_term_string\"}}],\"inLanguage\":\"nb-NO\"},{\"@type\":\"Organization\",\"@id\":\"https:\/\/www.ellingyachting.com\/#organization\",\"name\":\"Elling shipbuilding\",\"url\":\"https:\/\/www.ellingyachting.com\/\",\"logo\":{\"@type\":\"ImageObject\",\"inLanguage\":\"nb-NO\",\"@id\":\"https:\/\/www.ellingyachting.com\/#\/schema\/logo\/image\/\",\"url\":\"https:\/\/www.ellingyachting.com\/wp-content\/uploads\/2024\/12\/logo.png\",\"contentUrl\":\"https:\/\/www.ellingyachting.com\/wp-content\/uploads\/2024\/12\/logo.png\",\"width\":159,\"height\":125,\"caption\":\"Elling shipbuilding\"},\"image\":{\"@id\":\"https:\/\/www.ellingyachting.com\/#\/schema\/logo\/image\/\"},\"sameAs\":[\"https:\/\/www.facebook.com\/profile.php?id=100063969341938&locale=nl_NL\",\"https:\/\/www.instagram.com\/ellingyachts\/\"]}]}<\/script>\n<!-- \/ Yoast SEO plugin. -->","yoast_head_json":{"title":"Elling Motoryachts-agenter over hele verden | Elling Yachts","description":"Leter du etter en bestemt agent? Du finner Elling Yachts-agenter over hele verden. Finn alle kontakt- og adressedetaljer her.","robots":{"index":"index","follow":"follow","max-snippet":"max-snippet:-1","max-image-preview":"max-image-preview:large","max-video-preview":"max-video-preview:-1"},"canonical":"https:\/\/www.ellingyachting.com\/no\/elling-yachting-agenter\/","og_locale":"nb_NO","og_type":"article","og_title":"Elling Motoryachts-agenter over hele verden | Elling Yachts","og_description":"Leter du etter en bestemt agent? Du finner Elling Yachts-agenter over hele verden. Finn alle kontakt- og adressedetaljer her.","og_url":"https:\/\/www.ellingyachting.com\/no\/elling-yachting-agenter\/","og_site_name":"Elling Yachting","article_publisher":"https:\/\/www.facebook.com\/profile.php?id=100063969341938&locale=nl_NL","article_modified_time":"2026-03-09T09:02:15+00:00","og_image":[{"width":159,"height":125,"url":"https:\/\/www.ellingyachting.com\/wp-content\/uploads\/2024\/12\/logo.png","type":"image\/png"}],"twitter_card":"summary_large_image","twitter_misc":{"Ansl. lesetid":"2 minutter"},"schema":{"@context":"https:\/\/schema.org","@graph":[{"@type":"WebPage","@id":"https:\/\/www.ellingyachting.com\/no\/elling-yachting-agenter\/","url":"https:\/\/www.ellingyachting.com\/no\/elling-yachting-agenter\/","name":"Elling Motoryachts-agenter over hele verden | Elling Yachts","isPartOf":{"@id":"https:\/\/www.ellingyachting.com\/#website"},"datePublished":"2020-02-21T08:59:25+00:00","dateModified":"2026-03-09T09:02:15+00:00","description":"Leter du etter en bestemt agent? Du finner Elling Yachts-agenter over hele verden. Finn alle kontakt- og adressedetaljer her.","breadcrumb":{"@id":"https:\/\/www.ellingyachting.com\/no\/elling-yachting-agenter\/#breadcrumb"},"inLanguage":"nb-NO","potentialAction":[{"@type":"ReadAction","target":["https:\/\/www.ellingyachting.com\/no\/elling-yachting-agenter\/"]}]},{"@type":"BreadcrumbList","@id":"https:\/\/www.ellingyachting.com\/no\/elling-yachting-agenter\/#breadcrumb","itemListElement":[{"@type":"ListItem","position":1,"name":"Home","item":"https:\/\/www.ellingyachting.com\/no\/"},{"@type":"ListItem","position":2,"name":"Agenter"}]},{"@type":"WebSite","@id":"https:\/\/www.ellingyachting.com\/#website","url":"https:\/\/www.ellingyachting.com\/","name":"Elling Yachting","description":"Luxury Elling Yachts builders","publisher":{"@id":"https:\/\/www.ellingyachting.com\/#organization"},"potentialAction":[{"@type":"SearchAction","target":{"@type":"EntryPoint","urlTemplate":"https:\/\/www.ellingyachting.com\/?s={search_term_string}"},"query-input":{"@type":"PropertyValueSpecification","valueRequired":true,"valueName":"search_term_string"}}],"inLanguage":"nb-NO"},{"@type":"Organization","@id":"https:\/\/www.ellingyachting.com\/#organization","name":"Elling shipbuilding","url":"https:\/\/www.ellingyachting.com\/","logo":{"@type":"ImageObject","inLanguage":"nb-NO","@id":"https:\/\/www.ellingyachting.com\/#\/schema\/logo\/image\/","url":"https:\/\/www.ellingyachting.com\/wp-content\/uploads\/2024\/12\/logo.png","contentUrl":"https:\/\/www.ellingyachting.com\/wp-content\/uploads\/2024\/12\/logo.png","width":159,"height":125,"caption":"Elling shipbuilding"},"image":{"@id":"https:\/\/www.ellingyachting.com\/#\/schema\/logo\/image\/"},"sameAs":["https:\/\/www.facebook.com\/profile.php?id=100063969341938&locale=nl_NL","https:\/\/www.instagram.com\/ellingyachts\/"]}]}},"_links":{"self":[{"href":"https:\/\/www.ellingyachting.com\/no\/wp-json\/wp\/v2\/pages\/3231","targetHints":{"allow":["GET"]}}],"collection":[{"href":"https:\/\/www.ellingyachting.com\/no\/wp-json\/wp\/v2\/pages"}],"about":[{"href":"https:\/\/www.ellingyachting.com\/no\/wp-json\/wp\/v2\/types\/page"}],"author":[{"embeddable":true,"href":"https:\/\/www.ellingyachting.com\/no\/wp-json\/wp\/v2\/users\/1"}],"replies":[{"embeddable":true,"href":"https:\/\/www.ellingyachting.com\/no\/wp-json\/wp\/v2\/comments?post=3231"}],"version-history":[{"count":7,"href":"https:\/\/www.ellingyachting.com\/no\/wp-json\/wp\/v2\/pages\/3231\/revisions"}],"predecessor-version":[{"id":3865,"href":"https:\/\/www.ellingyachting.com\/no\/wp-json\/wp\/v2\/pages\/3231\/revisions\/3865"}],"wp:attachment":[{"href":"https:\/\/www.ellingyachting.com\/no\/wp-json\/wp\/v2\/media?parent=3231"}],"curies":[{"name":"wp","href":"https:\/\/api.w.org\/{rel}","templated":true}]}}