{"id":3200,"date":"2024-11-19T14:48:38","date_gmt":"2024-11-19T13:48:38","guid":{"rendered":"https:\/\/www.ellingyachting.com\/ellings-utvalg-av-motorbater\/elling-e6\/"},"modified":"2026-03-04T18:49:22","modified_gmt":"2026-03-04T17:49:22","slug":"elling-e6","status":"publish","type":"page","link":"https:\/\/www.ellingyachting.com\/no\/ellings-utvalg-av-motorbater\/elling-e6\/","title":{"rendered":"Elling E6"},"content":{"rendered":"<div class=\"wpb-content-wrapper\"><p>[vc_row css_animation=&raquo;&raquo; row_type=&raquo;row&raquo; use_row_as_full_screen_section=&raquo;no&raquo; type=&raquo;full_width&raquo; angled_section=&raquo;no&raquo; text_align=&raquo;left&raquo; background_image_as_pattern=&raquo;without_pattern&raquo;][vc_column][vc_column_text css=&raquo;&raquo;]Gi gass og kjenn den fulle kraften fra motoren p\u00e5 900 hk og la den ta deg med p\u00e5 nye, spennende eventyr, vel vitende om at den superstabile E6 er konstruert med kantringsteknologi og et Kevlar-skrog som betyr at selv om det utenkelige skulle skje, vil du og familien din v\u00e6re trygge og sikre.<\/p>\n<p>E6 representerer kulminasjonen av det vi har oppn\u00e5dd innen moderne luksusyachtdesign, og innkapsler go-anywhere-konseptet. Denne b\u00e5ten hever standarden som E4 allerede har satt, og legger til 16 fot ekstra luksus, slik at du kan slappe av i enda st\u00f8rre komfort og \u00f8kt rekkevidde.<\/p>\n<p>\u00c5pne taket og slipp solskinnet inn&#8230; for \u00e5 f\u00e5 flybridge-f\u00f8lelsen, eller hvis du foretrekker det, kan du stenge v\u00e6ret ute \u2013 valget er ditt. Det automatiske og hermetisk lukkede soltaket er helt vanntett selv under de mest ekstreme forhold.<\/p>\n<p>Kj\u00f8kkenet er rett og slett fantastisk! Det har god plass til \u00e5 tilberede gourmetm\u00e5ltider eller bare snacks til mannskapet. Perfekt for \u00e5 underholde venner og familie, og utstyrt med et stort Miele-kj\u00f8leskap med fryser og oppvaskmaskin. God oppbevaringsplass og marmorbenkeplater som er enkle \u00e5 rengj\u00f8re, gj\u00f8r det hele enkelt og vakkert.[\/vc_column_text][\/vc_column][\/vc_row]<\/p>\n<\/div>","protected":false},"excerpt":{"rendered":"<p>[vc_row css_animation=&raquo;&raquo; row_type=&raquo;row&raquo; use_row_as_full_screen_section=&raquo;no&raquo; type=&raquo;full_width&raquo; angled_section=&raquo;no&raquo; text_align=&raquo;left&raquo; background_image_as_pattern=&raquo;without_pattern&raquo;][vc_column][vc_column_text css=&raquo;&raquo;]Gi gass og kjenn den fulle kraften fra motoren p\u00e5 900 hk og la den ta deg med p\u00e5 nye, spennende eventyr, vel vitende om at den superstabile E6 er konstruert med kantringsteknologi og et Kevlar-skrog som&#8230;<\/p>\n","protected":false},"author":1,"featured_media":0,"parent":3142,"menu_order":0,"comment_status":"closed","ping_status":"closed","template":"page-template-E6-single-boat.php","meta":{"_acf_changed":false,"footnotes":""},"class_list":["post-3200","page","type-page","status-publish","hentry"],"acf":[],"yoast_head":"<!-- This site is optimized with the Yoast SEO plugin v26.9 - https:\/\/yoast.com\/product\/yoast-seo-wordpress\/ -->\n<title>Elling E6 - Elling Yachting<\/title>\n<meta name=\"description\" content=\"Oppdag Elling E6 motorb\u00e5t: et mesterverk av luksus og ytelse. Utforsk det romslige interi\u00f8ret, den innovative designen og det uovertrufne h\u00e5ndverket for den ultimate b\u00e5topplevelsen.\" \/>\n<meta name=\"robots\" content=\"index, follow, max-snippet:-1, max-image-preview:large, max-video-preview:-1\" \/>\n<link rel=\"canonical\" href=\"https:\/\/www.ellingyachting.com\/no\/ellings-utvalg-av-motorbater\/elling-e6\/\" \/>\n<meta property=\"og:locale\" content=\"nb_NO\" \/>\n<meta property=\"og:type\" content=\"article\" \/>\n<meta property=\"og:title\" content=\"Elling E6 - Elling Yachting\" \/>\n<meta property=\"og:description\" content=\"Oppdag Elling E6 motorb\u00e5t: et mesterverk av luksus og ytelse. Utforsk det romslige interi\u00f8ret, den innovative designen og det uovertrufne h\u00e5ndverket for den ultimate b\u00e5topplevelsen.\" \/>\n<meta property=\"og:url\" content=\"https:\/\/www.ellingyachting.com\/no\/ellings-utvalg-av-motorbater\/elling-e6\/\" \/>\n<meta property=\"og:site_name\" content=\"Elling Yachting\" \/>\n<meta property=\"article:publisher\" content=\"https:\/\/www.facebook.com\/profile.php?id=100063969341938&amp;locale=nl_NL\" \/>\n<meta property=\"article:modified_time\" content=\"2026-03-04T17:49:22+00:00\" \/>\n<meta property=\"og:image\" content=\"https:\/\/www.ellingyachting.com\/wp-content\/uploads\/2024\/12\/logo.png\" \/>\n\t<meta property=\"og:image:width\" content=\"159\" \/>\n\t<meta property=\"og:image:height\" content=\"125\" \/>\n\t<meta property=\"og:image:type\" content=\"image\/png\" \/>\n<meta name=\"twitter:card\" content=\"summary_large_image\" \/>\n<meta name=\"twitter:label1\" content=\"Ansl. lesetid\" \/>\n\t<meta name=\"twitter:data1\" content=\"1 minutt\" \/>\n<script type=\"application\/ld+json\" class=\"yoast-schema-graph\">{\"@context\":\"https:\/\/schema.org\",\"@graph\":[{\"@type\":\"WebPage\",\"@id\":\"https:\/\/www.ellingyachting.com\/no\/ellings-utvalg-av-motorbater\/elling-e6\/\",\"url\":\"https:\/\/www.ellingyachting.com\/no\/ellings-utvalg-av-motorbater\/elling-e6\/\",\"name\":\"Elling E6 - Elling Yachting\",\"isPartOf\":{\"@id\":\"https:\/\/www.ellingyachting.com\/#website\"},\"datePublished\":\"2024-11-19T13:48:38+00:00\",\"dateModified\":\"2026-03-04T17:49:22+00:00\",\"description\":\"Oppdag Elling E6 motorb\u00e5t: et mesterverk av luksus og ytelse. Utforsk det romslige interi\u00f8ret, den innovative designen og det uovertrufne h\u00e5ndverket for den ultimate b\u00e5topplevelsen.\",\"breadcrumb\":{\"@id\":\"https:\/\/www.ellingyachting.com\/no\/ellings-utvalg-av-motorbater\/elling-e6\/#breadcrumb\"},\"inLanguage\":\"nb-NO\",\"potentialAction\":[{\"@type\":\"ReadAction\",\"target\":[\"https:\/\/www.ellingyachting.com\/no\/ellings-utvalg-av-motorbater\/elling-e6\/\"]}]},{\"@type\":\"BreadcrumbList\",\"@id\":\"https:\/\/www.ellingyachting.com\/no\/ellings-utvalg-av-motorbater\/elling-e6\/#breadcrumb\",\"itemListElement\":[{\"@type\":\"ListItem\",\"position\":1,\"name\":\"Home\",\"item\":\"https:\/\/www.ellingyachting.com\/no\/\"},{\"@type\":\"ListItem\",\"position\":2,\"name\":\"Sortimentet\",\"item\":\"https:\/\/www.ellingyachting.com\/no\/ellings-utvalg-av-motorbater\/\"},{\"@type\":\"ListItem\",\"position\":3,\"name\":\"Elling E6\"}]},{\"@type\":\"WebSite\",\"@id\":\"https:\/\/www.ellingyachting.com\/#website\",\"url\":\"https:\/\/www.ellingyachting.com\/\",\"name\":\"Elling Yachting\",\"description\":\"Luxury Elling Yachts builders\",\"publisher\":{\"@id\":\"https:\/\/www.ellingyachting.com\/#organization\"},\"potentialAction\":[{\"@type\":\"SearchAction\",\"target\":{\"@type\":\"EntryPoint\",\"urlTemplate\":\"https:\/\/www.ellingyachting.com\/?s={search_term_string}\"},\"query-input\":{\"@type\":\"PropertyValueSpecification\",\"valueRequired\":true,\"valueName\":\"search_term_string\"}}],\"inLanguage\":\"nb-NO\"},{\"@type\":\"Organization\",\"@id\":\"https:\/\/www.ellingyachting.com\/#organization\",\"name\":\"Elling shipbuilding\",\"url\":\"https:\/\/www.ellingyachting.com\/\",\"logo\":{\"@type\":\"ImageObject\",\"inLanguage\":\"nb-NO\",\"@id\":\"https:\/\/www.ellingyachting.com\/#\/schema\/logo\/image\/\",\"url\":\"https:\/\/www.ellingyachting.com\/wp-content\/uploads\/2024\/12\/logo.png\",\"contentUrl\":\"https:\/\/www.ellingyachting.com\/wp-content\/uploads\/2024\/12\/logo.png\",\"width\":159,\"height\":125,\"caption\":\"Elling shipbuilding\"},\"image\":{\"@id\":\"https:\/\/www.ellingyachting.com\/#\/schema\/logo\/image\/\"},\"sameAs\":[\"https:\/\/www.facebook.com\/profile.php?id=100063969341938&locale=nl_NL\",\"https:\/\/www.instagram.com\/ellingyachts\/\"]}]}<\/script>\n<!-- \/ Yoast SEO plugin. -->","yoast_head_json":{"title":"Elling E6 - Elling Yachting","description":"Oppdag Elling E6 motorb\u00e5t: et mesterverk av luksus og ytelse. Utforsk det romslige interi\u00f8ret, den innovative designen og det uovertrufne h\u00e5ndverket for den ultimate b\u00e5topplevelsen.","robots":{"index":"index","follow":"follow","max-snippet":"max-snippet:-1","max-image-preview":"max-image-preview:large","max-video-preview":"max-video-preview:-1"},"canonical":"https:\/\/www.ellingyachting.com\/no\/ellings-utvalg-av-motorbater\/elling-e6\/","og_locale":"nb_NO","og_type":"article","og_title":"Elling E6 - Elling Yachting","og_description":"Oppdag Elling E6 motorb\u00e5t: et mesterverk av luksus og ytelse. Utforsk det romslige interi\u00f8ret, den innovative designen og det uovertrufne h\u00e5ndverket for den ultimate b\u00e5topplevelsen.","og_url":"https:\/\/www.ellingyachting.com\/no\/ellings-utvalg-av-motorbater\/elling-e6\/","og_site_name":"Elling Yachting","article_publisher":"https:\/\/www.facebook.com\/profile.php?id=100063969341938&locale=nl_NL","article_modified_time":"2026-03-04T17:49:22+00:00","og_image":[{"width":159,"height":125,"url":"https:\/\/www.ellingyachting.com\/wp-content\/uploads\/2024\/12\/logo.png","type":"image\/png"}],"twitter_card":"summary_large_image","twitter_misc":{"Ansl. lesetid":"1 minutt"},"schema":{"@context":"https:\/\/schema.org","@graph":[{"@type":"WebPage","@id":"https:\/\/www.ellingyachting.com\/no\/ellings-utvalg-av-motorbater\/elling-e6\/","url":"https:\/\/www.ellingyachting.com\/no\/ellings-utvalg-av-motorbater\/elling-e6\/","name":"Elling E6 - Elling Yachting","isPartOf":{"@id":"https:\/\/www.ellingyachting.com\/#website"},"datePublished":"2024-11-19T13:48:38+00:00","dateModified":"2026-03-04T17:49:22+00:00","description":"Oppdag Elling E6 motorb\u00e5t: et mesterverk av luksus og ytelse. Utforsk det romslige interi\u00f8ret, den innovative designen og det uovertrufne h\u00e5ndverket for den ultimate b\u00e5topplevelsen.","breadcrumb":{"@id":"https:\/\/www.ellingyachting.com\/no\/ellings-utvalg-av-motorbater\/elling-e6\/#breadcrumb"},"inLanguage":"nb-NO","potentialAction":[{"@type":"ReadAction","target":["https:\/\/www.ellingyachting.com\/no\/ellings-utvalg-av-motorbater\/elling-e6\/"]}]},{"@type":"BreadcrumbList","@id":"https:\/\/www.ellingyachting.com\/no\/ellings-utvalg-av-motorbater\/elling-e6\/#breadcrumb","itemListElement":[{"@type":"ListItem","position":1,"name":"Home","item":"https:\/\/www.ellingyachting.com\/no\/"},{"@type":"ListItem","position":2,"name":"Sortimentet","item":"https:\/\/www.ellingyachting.com\/no\/ellings-utvalg-av-motorbater\/"},{"@type":"ListItem","position":3,"name":"Elling E6"}]},{"@type":"WebSite","@id":"https:\/\/www.ellingyachting.com\/#website","url":"https:\/\/www.ellingyachting.com\/","name":"Elling Yachting","description":"Luxury Elling Yachts builders","publisher":{"@id":"https:\/\/www.ellingyachting.com\/#organization"},"potentialAction":[{"@type":"SearchAction","target":{"@type":"EntryPoint","urlTemplate":"https:\/\/www.ellingyachting.com\/?s={search_term_string}"},"query-input":{"@type":"PropertyValueSpecification","valueRequired":true,"valueName":"search_term_string"}}],"inLanguage":"nb-NO"},{"@type":"Organization","@id":"https:\/\/www.ellingyachting.com\/#organization","name":"Elling shipbuilding","url":"https:\/\/www.ellingyachting.com\/","logo":{"@type":"ImageObject","inLanguage":"nb-NO","@id":"https:\/\/www.ellingyachting.com\/#\/schema\/logo\/image\/","url":"https:\/\/www.ellingyachting.com\/wp-content\/uploads\/2024\/12\/logo.png","contentUrl":"https:\/\/www.ellingyachting.com\/wp-content\/uploads\/2024\/12\/logo.png","width":159,"height":125,"caption":"Elling shipbuilding"},"image":{"@id":"https:\/\/www.ellingyachting.com\/#\/schema\/logo\/image\/"},"sameAs":["https:\/\/www.facebook.com\/profile.php?id=100063969341938&locale=nl_NL","https:\/\/www.instagram.com\/ellingyachts\/"]}]}},"_links":{"self":[{"href":"https:\/\/www.ellingyachting.com\/no\/wp-json\/wp\/v2\/pages\/3200","targetHints":{"allow":["GET"]}}],"collection":[{"href":"https:\/\/www.ellingyachting.com\/no\/wp-json\/wp\/v2\/pages"}],"about":[{"href":"https:\/\/www.ellingyachting.com\/no\/wp-json\/wp\/v2\/types\/page"}],"author":[{"embeddable":true,"href":"https:\/\/www.ellingyachting.com\/no\/wp-json\/wp\/v2\/users\/1"}],"replies":[{"embeddable":true,"href":"https:\/\/www.ellingyachting.com\/no\/wp-json\/wp\/v2\/comments?post=3200"}],"version-history":[{"count":2,"href":"https:\/\/www.ellingyachting.com\/no\/wp-json\/wp\/v2\/pages\/3200\/revisions"}],"predecessor-version":[{"id":3741,"href":"https:\/\/www.ellingyachting.com\/no\/wp-json\/wp\/v2\/pages\/3200\/revisions\/3741"}],"up":[{"embeddable":true,"href":"https:\/\/www.ellingyachting.com\/no\/wp-json\/wp\/v2\/pages\/3142"}],"wp:attachment":[{"href":"https:\/\/www.ellingyachting.com\/no\/wp-json\/wp\/v2\/media?parent=3200"}],"curies":[{"name":"wp","href":"https:\/\/api.w.org\/{rel}","templated":true}]}}