{"id":3172,"date":"2025-06-27T09:10:06","date_gmt":"2025-06-27T07:10:06","guid":{"rendered":"https:\/\/www.ellingyachting.com\/ellings-utvalg-av-motorbater\/elling-e4\/"},"modified":"2026-03-04T18:49:22","modified_gmt":"2026-03-04T17:49:22","slug":"elling-e4","status":"publish","type":"page","link":"https:\/\/www.ellingyachting.com\/no\/ellings-utvalg-av-motorbater\/elling-e4\/","title":{"rendered":"Elling E4"},"content":{"rendered":"<p>E4 setter nye standarder for sikkerhet og luksus. Den er bygget av slitesterk kevlar og oppfyller den krevende CE-standarden for kategori A (Ocean) &#8211; like t\u00f8ff som en livb\u00e5t! Hjelpemotoren (ekstrautstyr) gir ekstra trygghet n\u00e5r forholdene blir t\u00f8ffe. Enten du krysser Kanalen eller Atlanterhavet, tilbyr E4 luksus \u00e5ret rundt.<\/p>\n<p>Eksepsjonell ingeni\u00f8rkunst og enest\u00e5ende isolasjon gj\u00f8r dette til en av de mest stilleg\u00e5ende b\u00e5tene i sin klasse. I 18 knop er det stillere i dekkssalongen enn i en luksusbil i 100 km\/t. Setene gir utmerket st\u00f8tte, slik at du sitter komfortabelt selv i grov sj\u00f8.<\/p>\n<p>Elling utnytter plassen p\u00e5 en genial m\u00e5te, med plass til over ti personer. Her kan du ha en liten sammenkomst eller ta med en stor familie p\u00e5 dagstur. Det er rikelig med sitteplasser p\u00e5 dekk, i styrhuset og i den nedre salongen.<\/p>\n<p>Under dekk f\u00f8les E4 romslig og lys. Dagslyset flommer inn i den nedre salongen fra styrhusvinduene, noe som gir en f\u00f8lelse av god plass. Komfortable sitteplasser og en innbydende sofa lar deg slappe av. Bredskjerm-TV-en kan \u00e5pnes eller legges bort med et enkelt tastetrykk.<\/p>\n","protected":false},"excerpt":{"rendered":"<p>E4 setter nye standarder for sikkerhet og luksus. Den er bygget av slitesterk kevlar og oppfyller den krevende CE-standarden for kategori A (Ocean) &#8211; like t\u00f8ff som en livb\u00e5t! Hjelpemotoren (ekstrautstyr) gir ekstra trygghet n\u00e5r forholdene blir t\u00f8ffe. Enten du krysser Kanalen eller Atlanterhavet, tilbyr&#8230;<\/p>\n","protected":false},"author":4,"featured_media":0,"parent":3142,"menu_order":0,"comment_status":"closed","ping_status":"closed","template":"page-template-E4-single-boat.php","meta":{"_acf_changed":false,"footnotes":""},"class_list":["post-3172","page","type-page","status-publish","hentry"],"acf":[],"yoast_head":"<!-- This site is optimized with the Yoast SEO plugin v26.9 - https:\/\/yoast.com\/product\/yoast-seo-wordpress\/ -->\n<title>Elling E4 - Elling Yachting<\/title>\n<meta name=\"description\" content=\"Utforsk Elling E4 motorb\u00e5t: en kompakt, men luksuri\u00f8s yacht som kombinerer innovativ design, eksepsjonell ytelse og ultimat komfort for uforglemmelige opplevelser\" \/>\n<meta name=\"robots\" content=\"index, follow, max-snippet:-1, max-image-preview:large, max-video-preview:-1\" \/>\n<link rel=\"canonical\" href=\"https:\/\/www.ellingyachting.com\/no\/ellings-utvalg-av-motorbater\/elling-e4\/\" \/>\n<meta property=\"og:locale\" content=\"nb_NO\" \/>\n<meta property=\"og:type\" content=\"article\" \/>\n<meta property=\"og:title\" content=\"Elling E4 - Elling Yachting\" \/>\n<meta property=\"og:description\" content=\"Utforsk Elling E4 motorb\u00e5t: en kompakt, men luksuri\u00f8s yacht som kombinerer innovativ design, eksepsjonell ytelse og ultimat komfort for uforglemmelige opplevelser\" \/>\n<meta property=\"og:url\" content=\"https:\/\/www.ellingyachting.com\/no\/ellings-utvalg-av-motorbater\/elling-e4\/\" \/>\n<meta property=\"og:site_name\" content=\"Elling Yachting\" \/>\n<meta property=\"article:publisher\" content=\"https:\/\/www.facebook.com\/profile.php?id=100063969341938&amp;locale=nl_NL\" \/>\n<meta property=\"article:modified_time\" content=\"2026-03-04T17:49:22+00:00\" \/>\n<meta property=\"og:image\" content=\"https:\/\/www.ellingyachting.com\/wp-content\/uploads\/2024\/12\/logo.png\" \/>\n\t<meta property=\"og:image:width\" content=\"159\" \/>\n\t<meta property=\"og:image:height\" content=\"125\" \/>\n\t<meta property=\"og:image:type\" content=\"image\/png\" \/>\n<meta name=\"twitter:card\" content=\"summary_large_image\" \/>\n<meta name=\"twitter:label1\" content=\"Ansl. lesetid\" \/>\n\t<meta name=\"twitter:data1\" content=\"1 minutt\" \/>\n<script type=\"application\/ld+json\" class=\"yoast-schema-graph\">{\"@context\":\"https:\/\/schema.org\",\"@graph\":[{\"@type\":\"WebPage\",\"@id\":\"https:\/\/www.ellingyachting.com\/no\/ellings-utvalg-av-motorbater\/elling-e4\/\",\"url\":\"https:\/\/www.ellingyachting.com\/no\/ellings-utvalg-av-motorbater\/elling-e4\/\",\"name\":\"Elling E4 - Elling Yachting\",\"isPartOf\":{\"@id\":\"https:\/\/www.ellingyachting.com\/#website\"},\"datePublished\":\"2025-06-27T07:10:06+00:00\",\"dateModified\":\"2026-03-04T17:49:22+00:00\",\"description\":\"Utforsk Elling E4 motorb\u00e5t: en kompakt, men luksuri\u00f8s yacht som kombinerer innovativ design, eksepsjonell ytelse og ultimat komfort for uforglemmelige opplevelser\",\"breadcrumb\":{\"@id\":\"https:\/\/www.ellingyachting.com\/no\/ellings-utvalg-av-motorbater\/elling-e4\/#breadcrumb\"},\"inLanguage\":\"nb-NO\",\"potentialAction\":[{\"@type\":\"ReadAction\",\"target\":[\"https:\/\/www.ellingyachting.com\/no\/ellings-utvalg-av-motorbater\/elling-e4\/\"]}]},{\"@type\":\"BreadcrumbList\",\"@id\":\"https:\/\/www.ellingyachting.com\/no\/ellings-utvalg-av-motorbater\/elling-e4\/#breadcrumb\",\"itemListElement\":[{\"@type\":\"ListItem\",\"position\":1,\"name\":\"Home\",\"item\":\"https:\/\/www.ellingyachting.com\/no\/\"},{\"@type\":\"ListItem\",\"position\":2,\"name\":\"Sortimentet\",\"item\":\"https:\/\/www.ellingyachting.com\/no\/ellings-utvalg-av-motorbater\/\"},{\"@type\":\"ListItem\",\"position\":3,\"name\":\"Elling E4\"}]},{\"@type\":\"WebSite\",\"@id\":\"https:\/\/www.ellingyachting.com\/#website\",\"url\":\"https:\/\/www.ellingyachting.com\/\",\"name\":\"Elling Yachting\",\"description\":\"Luxury Elling Yachts builders\",\"publisher\":{\"@id\":\"https:\/\/www.ellingyachting.com\/#organization\"},\"potentialAction\":[{\"@type\":\"SearchAction\",\"target\":{\"@type\":\"EntryPoint\",\"urlTemplate\":\"https:\/\/www.ellingyachting.com\/?s={search_term_string}\"},\"query-input\":{\"@type\":\"PropertyValueSpecification\",\"valueRequired\":true,\"valueName\":\"search_term_string\"}}],\"inLanguage\":\"nb-NO\"},{\"@type\":\"Organization\",\"@id\":\"https:\/\/www.ellingyachting.com\/#organization\",\"name\":\"Elling shipbuilding\",\"url\":\"https:\/\/www.ellingyachting.com\/\",\"logo\":{\"@type\":\"ImageObject\",\"inLanguage\":\"nb-NO\",\"@id\":\"https:\/\/www.ellingyachting.com\/#\/schema\/logo\/image\/\",\"url\":\"https:\/\/www.ellingyachting.com\/wp-content\/uploads\/2024\/12\/logo.png\",\"contentUrl\":\"https:\/\/www.ellingyachting.com\/wp-content\/uploads\/2024\/12\/logo.png\",\"width\":159,\"height\":125,\"caption\":\"Elling shipbuilding\"},\"image\":{\"@id\":\"https:\/\/www.ellingyachting.com\/#\/schema\/logo\/image\/\"},\"sameAs\":[\"https:\/\/www.facebook.com\/profile.php?id=100063969341938&locale=nl_NL\",\"https:\/\/www.instagram.com\/ellingyachts\/\"]}]}<\/script>\n<!-- \/ Yoast SEO plugin. -->","yoast_head_json":{"title":"Elling E4 - Elling Yachting","description":"Utforsk Elling E4 motorb\u00e5t: en kompakt, men luksuri\u00f8s yacht som kombinerer innovativ design, eksepsjonell ytelse og ultimat komfort for uforglemmelige opplevelser","robots":{"index":"index","follow":"follow","max-snippet":"max-snippet:-1","max-image-preview":"max-image-preview:large","max-video-preview":"max-video-preview:-1"},"canonical":"https:\/\/www.ellingyachting.com\/no\/ellings-utvalg-av-motorbater\/elling-e4\/","og_locale":"nb_NO","og_type":"article","og_title":"Elling E4 - Elling Yachting","og_description":"Utforsk Elling E4 motorb\u00e5t: en kompakt, men luksuri\u00f8s yacht som kombinerer innovativ design, eksepsjonell ytelse og ultimat komfort for uforglemmelige opplevelser","og_url":"https:\/\/www.ellingyachting.com\/no\/ellings-utvalg-av-motorbater\/elling-e4\/","og_site_name":"Elling Yachting","article_publisher":"https:\/\/www.facebook.com\/profile.php?id=100063969341938&locale=nl_NL","article_modified_time":"2026-03-04T17:49:22+00:00","og_image":[{"width":159,"height":125,"url":"https:\/\/www.ellingyachting.com\/wp-content\/uploads\/2024\/12\/logo.png","type":"image\/png"}],"twitter_card":"summary_large_image","twitter_misc":{"Ansl. lesetid":"1 minutt"},"schema":{"@context":"https:\/\/schema.org","@graph":[{"@type":"WebPage","@id":"https:\/\/www.ellingyachting.com\/no\/ellings-utvalg-av-motorbater\/elling-e4\/","url":"https:\/\/www.ellingyachting.com\/no\/ellings-utvalg-av-motorbater\/elling-e4\/","name":"Elling E4 - Elling Yachting","isPartOf":{"@id":"https:\/\/www.ellingyachting.com\/#website"},"datePublished":"2025-06-27T07:10:06+00:00","dateModified":"2026-03-04T17:49:22+00:00","description":"Utforsk Elling E4 motorb\u00e5t: en kompakt, men luksuri\u00f8s yacht som kombinerer innovativ design, eksepsjonell ytelse og ultimat komfort for uforglemmelige opplevelser","breadcrumb":{"@id":"https:\/\/www.ellingyachting.com\/no\/ellings-utvalg-av-motorbater\/elling-e4\/#breadcrumb"},"inLanguage":"nb-NO","potentialAction":[{"@type":"ReadAction","target":["https:\/\/www.ellingyachting.com\/no\/ellings-utvalg-av-motorbater\/elling-e4\/"]}]},{"@type":"BreadcrumbList","@id":"https:\/\/www.ellingyachting.com\/no\/ellings-utvalg-av-motorbater\/elling-e4\/#breadcrumb","itemListElement":[{"@type":"ListItem","position":1,"name":"Home","item":"https:\/\/www.ellingyachting.com\/no\/"},{"@type":"ListItem","position":2,"name":"Sortimentet","item":"https:\/\/www.ellingyachting.com\/no\/ellings-utvalg-av-motorbater\/"},{"@type":"ListItem","position":3,"name":"Elling E4"}]},{"@type":"WebSite","@id":"https:\/\/www.ellingyachting.com\/#website","url":"https:\/\/www.ellingyachting.com\/","name":"Elling Yachting","description":"Luxury Elling Yachts builders","publisher":{"@id":"https:\/\/www.ellingyachting.com\/#organization"},"potentialAction":[{"@type":"SearchAction","target":{"@type":"EntryPoint","urlTemplate":"https:\/\/www.ellingyachting.com\/?s={search_term_string}"},"query-input":{"@type":"PropertyValueSpecification","valueRequired":true,"valueName":"search_term_string"}}],"inLanguage":"nb-NO"},{"@type":"Organization","@id":"https:\/\/www.ellingyachting.com\/#organization","name":"Elling shipbuilding","url":"https:\/\/www.ellingyachting.com\/","logo":{"@type":"ImageObject","inLanguage":"nb-NO","@id":"https:\/\/www.ellingyachting.com\/#\/schema\/logo\/image\/","url":"https:\/\/www.ellingyachting.com\/wp-content\/uploads\/2024\/12\/logo.png","contentUrl":"https:\/\/www.ellingyachting.com\/wp-content\/uploads\/2024\/12\/logo.png","width":159,"height":125,"caption":"Elling shipbuilding"},"image":{"@id":"https:\/\/www.ellingyachting.com\/#\/schema\/logo\/image\/"},"sameAs":["https:\/\/www.facebook.com\/profile.php?id=100063969341938&locale=nl_NL","https:\/\/www.instagram.com\/ellingyachts\/"]}]}},"_links":{"self":[{"href":"https:\/\/www.ellingyachting.com\/no\/wp-json\/wp\/v2\/pages\/3172","targetHints":{"allow":["GET"]}}],"collection":[{"href":"https:\/\/www.ellingyachting.com\/no\/wp-json\/wp\/v2\/pages"}],"about":[{"href":"https:\/\/www.ellingyachting.com\/no\/wp-json\/wp\/v2\/types\/page"}],"author":[{"embeddable":true,"href":"https:\/\/www.ellingyachting.com\/no\/wp-json\/wp\/v2\/users\/4"}],"replies":[{"embeddable":true,"href":"https:\/\/www.ellingyachting.com\/no\/wp-json\/wp\/v2\/comments?post=3172"}],"version-history":[{"count":2,"href":"https:\/\/www.ellingyachting.com\/no\/wp-json\/wp\/v2\/pages\/3172\/revisions"}],"predecessor-version":[{"id":3740,"href":"https:\/\/www.ellingyachting.com\/no\/wp-json\/wp\/v2\/pages\/3172\/revisions\/3740"}],"up":[{"embeddable":true,"href":"https:\/\/www.ellingyachting.com\/no\/wp-json\/wp\/v2\/pages\/3142"}],"wp:attachment":[{"href":"https:\/\/www.ellingyachting.com\/no\/wp-json\/wp\/v2\/media?parent=3172"}],"curies":[{"name":"wp","href":"https:\/\/api.w.org\/{rel}","templated":true}]}}