{"id":3160,"date":"2020-02-21T08:24:30","date_gmt":"2020-02-21T07:24:30","guid":{"rendered":"https:\/\/www.ellingyachting.com\/historie\/"},"modified":"2026-03-04T18:49:21","modified_gmt":"2026-03-04T17:49:21","slug":"historie","status":"publish","type":"page","link":"https:\/\/www.ellingyachting.com\/no\/historie\/","title":{"rendered":"Historie"},"content":{"rendered":"<div class=\"wpb-content-wrapper\"><p>[vc_row row_type=&raquo;parallax&raquo; parallax_content_width=&raquo;in_grid&raquo; text_align=&raquo;left&raquo; full_screen_section_height=&raquo;no&raquo; section_height=&raquo;400&#8243; background_image=&raquo;548&#8243;][vc_column][\/vc_column][\/vc_row][vc_row css_animation=&raquo;element_from_fade&raquo; row_type=&raquo;row&raquo; use_row_as_full_screen_section=&raquo;no&raquo; type=&raquo;grid&raquo; angled_section=&raquo;no&raquo; text_align=&raquo;left&raquo; background_image_as_pattern=&raquo;without_pattern&raquo; css=&raquo;.vc_custom_1582272612042{padding-top: 40px !important;}&raquo; z_index=&raquo;&raquo;][vc_column][vc_row_inner row_type=&raquo;row&raquo; type=&raquo;grid&raquo; text_align=&raquo;center&raquo; css_animation=&raquo;&raquo;][vc_column_inner el_class=&raquo;white-box-around max-width-white&raquo;][vc_column_text el_class=&raquo;big-brown-head&raquo;]<\/p>\n<h1>Historien til Elling Shipbuilding bv.<\/h1>\n<p>[\/vc_column_text][vc_column_text]Selskapet ble grunnlagt i 1972, og var en av de f\u00f8rste GRP-b\u00e5tbyggerne i verden som arbeidet etter de strenge standardene til nederlandske SuperYachts. I 1997 lanserte Neptune den f\u00f8rste Elling Motoryachten.[\/vc_column_text][\/vc_column_inner][\/vc_row_inner][\/vc_column][\/vc_row][vc_row css_animation=&raquo;element_from_fade&raquo; row_type=&raquo;row&raquo; use_row_as_full_screen_section=&raquo;no&raquo; type=&raquo;full_width&raquo; angled_section=&raquo;no&raquo; text_align=&raquo;left&raquo; background_image_as_pattern=&raquo;without_pattern&raquo; z_index=&raquo;&raquo;][vc_column][vc_row_inner row_type=&raquo;row&raquo; type=&raquo;full_width&raquo; text_align=&raquo;left&raquo; css_animation=&raquo;&raquo;][vc_column_inner]<div class=\"qode-workflow historylist-styling\">\n    <span class=\"main-line\" style=\"background-color:#ffffff;\"><\/span>\n    <div class=\"qode-workflow-item\">\n    <span class=\"line\" style=\"\"><\/span>\n    <div class=\"qode-workflow-item-inner \">\n        <div class=\"qode-workflow-image center\">\n            <img loading=\"lazy\" decoding=\"async\" width=\"530\" height=\"300\" src=\"https:\/\/www.ellingyachting.com\/wp-content\/uploads\/2020\/02\/elling-door-open.jpg\" class=\"attachment-full size-full\" alt=\"Elling opened her doors. The first Elling E3 was a fact.\" srcset=\"https:\/\/www.ellingyachting.com\/wp-content\/uploads\/2020\/02\/elling-door-open.jpg 530w, https:\/\/www.ellingyachting.com\/wp-content\/uploads\/2020\/02\/elling-door-open-300x170.jpg 300w\" sizes=\"auto, (max-width: 530px) 100vw, 530px\" \/>        <\/div>\n        <div class=\"qode-workflow-text\">\n            <span class=\"circle\" style=\"\"><\/span>\n                            <h3>1997<\/h3>\n                                                    <p class=\"text\">Elling \u00e5pnet d\u00f8rene.<br \/>\nDen f\u00f8rste Elling E3 var et faktum.<\/p>\n                    <\/div>\n    <\/div>\n<\/div><div class=\"qode-workflow-item\">\n    <span class=\"line\" style=\"\"><\/span>\n    <div class=\"qode-workflow-item-inner reverse\">\n        <div class=\"qode-workflow-image center\">\n            <img loading=\"lazy\" decoding=\"async\" width=\"530\" height=\"353\" src=\"https:\/\/www.ellingyachting.com\/wp-content\/uploads\/2020\/03\/side-port-planing-scaled-e1584608864414.jpg\" class=\"attachment-full size-full\" alt=\"\" \/>        <\/div>\n        <div class=\"qode-workflow-text\">\n            <span class=\"circle\" style=\"\"><\/span>\n                            <h3>2004<\/h3>\n                                                    <p class=\"text\">Lansering av Elling E4. Vi oppgraderer E3 til E4<\/p>\n                    <\/div>\n    <\/div>\n<\/div><div class=\"qode-workflow-item\">\n    <span class=\"line\" style=\"\"><\/span>\n    <div class=\"qode-workflow-item-inner \">\n        <div class=\"qode-workflow-image center\">\n            <img loading=\"lazy\" decoding=\"async\" width=\"530\" height=\"300\" src=\"https:\/\/www.ellingyachting.com\/wp-content\/uploads\/2020\/02\/e4-crossed-atlantic.jpg\" class=\"attachment-full size-full\" alt=\"A hat trick of Russian-owned E4s crossed the Atlantic.\" srcset=\"https:\/\/www.ellingyachting.com\/wp-content\/uploads\/2020\/02\/e4-crossed-atlantic.jpg 530w, https:\/\/www.ellingyachting.com\/wp-content\/uploads\/2020\/02\/e4-crossed-atlantic-300x170.jpg 300w\" sizes=\"auto, (max-width: 530px) 100vw, 530px\" \/>        <\/div>\n        <div class=\"qode-workflow-text\">\n            <span class=\"circle\" style=\"\"><\/span>\n                            <h3>2008<\/h3>\n                                                    <p class=\"text\">Et hat trick av russisk-eide E4s<br \/>\nkrysset Atlanterhavet.<\/p>\n                    <\/div>\n    <\/div>\n<\/div><div class=\"qode-workflow-item\">\n    <span class=\"line\" style=\"\"><\/span>\n    <div class=\"qode-workflow-item-inner reverse\">\n        <div class=\"qode-workflow-image center\">\n            <img loading=\"lazy\" decoding=\"async\" width=\"530\" height=\"300\" src=\"https:\/\/www.ellingyachting.com\/wp-content\/uploads\/2020\/02\/elling-e4-capsize-test.jpg\" class=\"attachment-full size-full\" alt=\"We turned a production Elling E4 through 360 degree capsize test.\" srcset=\"https:\/\/www.ellingyachting.com\/wp-content\/uploads\/2020\/02\/elling-e4-capsize-test.jpg 530w, https:\/\/www.ellingyachting.com\/wp-content\/uploads\/2020\/02\/elling-e4-capsize-test-300x170.jpg 300w\" sizes=\"auto, (max-width: 530px) 100vw, 530px\" \/>        <\/div>\n        <div class=\"qode-workflow-text\">\n            <span class=\"circle\" style=\"\"><\/span>\n                            <h3>2014<\/h3>\n                                                    <p class=\"text\">Vi snudde en Elling E4 gjennom en 360 graders kantringstest.<br \/>\nDen ultimate testen som Elling-konseptet ble f\u00f8dt p\u00e5.<\/p>\n                    <\/div>\n    <\/div>\n<\/div><div class=\"qode-workflow-item\">\n    <span class=\"line\" style=\"\"><\/span>\n    <div class=\"qode-workflow-item-inner \">\n        <div class=\"qode-workflow-image center\">\n            <img loading=\"lazy\" decoding=\"async\" width=\"530\" height=\"300\" src=\"https:\/\/www.ellingyachting.com\/wp-content\/uploads\/2020\/02\/new-model-elling-e6.jpg\" class=\"attachment-full size-full\" alt=\"New Model was born. The Elling E6.\" srcset=\"https:\/\/www.ellingyachting.com\/wp-content\/uploads\/2020\/02\/new-model-elling-e6.jpg 530w, https:\/\/www.ellingyachting.com\/wp-content\/uploads\/2020\/02\/new-model-elling-e6-300x170.jpg 300w\" sizes=\"auto, (max-width: 530px) 100vw, 530px\" \/>        <\/div>\n        <div class=\"qode-workflow-text\">\n            <span class=\"circle\" style=\"\"><\/span>\n                            <h3>2016<\/h3>\n                                                    <p class=\"text\">Vi bringer en ny modell p\u00e5 markedet. En 20 meter lang Elling som heter E6.<\/p>\n                    <\/div>\n    <\/div>\n<\/div><div class=\"qode-workflow-item\">\n    <span class=\"line\" style=\"\"><\/span>\n    <div class=\"qode-workflow-item-inner \">\n        <div class=\"qode-workflow-image center\">\n                    <\/div>\n        <div class=\"qode-workflow-text\">\n            <span class=\"circle\" style=\"\"><\/span>\n                                            <\/div>\n    <\/div>\n<\/div><\/div>[\/vc_column_inner][\/vc_row_inner][\/vc_column][\/vc_row][vc_row css_animation=&raquo;element_from_fade&raquo; row_type=&raquo;row&raquo; use_row_as_full_screen_section=&raquo;no&raquo; type=&raquo;grid&raquo; angled_section=&raquo;no&raquo; text_align=&raquo;left&raquo; background_image_as_pattern=&raquo;without_pattern&raquo; css=&raquo;.vc_custom_1582272859207{padding-bottom: 40px !important;}&raquo; z_index=&raquo;&raquo;][vc_column][vc_row_inner row_type=&raquo;row&raquo; type=&raquo;grid&raquo; text_align=&raquo;center&raquo; css_animation=&raquo;&raquo;][vc_column_inner el_class=&raquo;white-box-around max-width-white&raquo;][vc_column_text el_class=&raquo;big-brown-head&raquo;]<\/p>\n<h2>Den nye Elling E6-modellen<\/h2>\n<p>[\/vc_column_text][vc_column_text]Nysgjerrig p\u00e5 den nye elling E6? Det er v\u00e5r vakreste yacht, som du kan se. Lurer du p\u00e5 hva som er p\u00e5 og i den? Ta en titt p\u00e5 <a href=\"\/the-elling-motor-yacht-range\/157727\/elling-e6\/\">spesifikasjonene til E6<\/a> eller sjekk ut hele v\u00e5rt utvalg av modeller.[\/vc_column_text]<a  itemprop=\"url\" href=\"https:\/\/www.ellingyachting.com\/no\/ellings-utvalg-av-motorbater\/\" target=\"_self\"  class=\"qbutton  default\" style=\"margin: 20px 0px 0px 0px; \">Se hele sortimentet<\/a>[\/vc_column_inner][\/vc_row_inner][\/vc_column][\/vc_row]<\/p>\n<\/div>","protected":false},"excerpt":{"rendered":"<p>[vc_row row_type=&raquo;parallax&raquo; parallax_content_width=&raquo;in_grid&raquo; text_align=&raquo;left&raquo; full_screen_section_height=&raquo;no&raquo; section_height=&raquo;400&#8243; background_image=&raquo;548&#8243;][vc_column][\/vc_column][\/vc_row][vc_row css_animation=&raquo;element_from_fade&raquo; row_type=&raquo;row&raquo; use_row_as_full_screen_section=&raquo;no&raquo; type=&raquo;grid&raquo; angled_section=&raquo;no&raquo; text_align=&raquo;left&raquo; background_image_as_pattern=&raquo;without_pattern&raquo; css=&raquo;.vc_custom_1582272612042{padding-top: 40px !important;}&raquo; z_index=&raquo;&raquo;][vc_column][vc_row_inner row_type=&raquo;row&raquo; type=&raquo;grid&raquo; text_align=&raquo;center&raquo; css_animation=&raquo;&raquo;][vc_column_inner el_class=&raquo;white-box-around max-width-white&raquo;][vc_column_text el_class=&raquo;big-brown-head&raquo;] Historien til Elling Shipbuilding bv. [\/vc_column_text][vc_column_text]Selskapet ble grunnlagt i 1972, og var en av de f\u00f8rste GRP-b\u00e5tbyggerne i verden som&#8230;<\/p>\n","protected":false},"author":1,"featured_media":0,"parent":0,"menu_order":0,"comment_status":"closed","ping_status":"closed","template":"full_width.php","meta":{"_acf_changed":false,"footnotes":""},"class_list":["post-3160","page","type-page","status-publish","hentry"],"acf":[],"yoast_head":"<!-- This site is optimized with the Yoast SEO plugin v26.9 - https:\/\/yoast.com\/product\/yoast-seo-wordpress\/ -->\n<title>Historien om Elling | Elling Yachting<\/title>\n<meta name=\"description\" content=\"Neptune Marine Shipbuilding ble grunnlagt i 1972 og var en av de f\u00f8rste b\u00e5tbyggerne i verden som produserte GRP-b\u00e5ter. I 1997 lanserte Neptune den f\u00f8rste Elling Motoryachten.\" \/>\n<meta name=\"robots\" content=\"index, follow, max-snippet:-1, max-image-preview:large, max-video-preview:-1\" \/>\n<link rel=\"canonical\" href=\"https:\/\/www.ellingyachting.com\/no\/historie\/\" \/>\n<meta property=\"og:locale\" content=\"nb_NO\" \/>\n<meta property=\"og:type\" content=\"article\" \/>\n<meta property=\"og:title\" content=\"Historien om Elling | Elling Yachting\" \/>\n<meta property=\"og:description\" content=\"Neptune Marine Shipbuilding ble grunnlagt i 1972 og var en av de f\u00f8rste b\u00e5tbyggerne i verden som produserte GRP-b\u00e5ter. I 1997 lanserte Neptune den f\u00f8rste Elling Motoryachten.\" \/>\n<meta property=\"og:url\" content=\"https:\/\/www.ellingyachting.com\/no\/historie\/\" \/>\n<meta property=\"og:site_name\" content=\"Elling Yachting\" \/>\n<meta property=\"article:publisher\" content=\"https:\/\/www.facebook.com\/profile.php?id=100063969341938&amp;locale=nl_NL\" \/>\n<meta property=\"article:modified_time\" content=\"2026-03-04T17:49:21+00:00\" \/>\n<meta property=\"og:image\" content=\"https:\/\/www.ellingyachting.com\/wp-content\/uploads\/2024\/12\/logo.png\" \/>\n\t<meta property=\"og:image:width\" content=\"159\" \/>\n\t<meta property=\"og:image:height\" content=\"125\" \/>\n\t<meta property=\"og:image:type\" content=\"image\/png\" \/>\n<meta name=\"twitter:card\" content=\"summary_large_image\" \/>\n<meta name=\"twitter:label1\" content=\"Ansl. lesetid\" \/>\n\t<meta name=\"twitter:data1\" content=\"2 minutter\" \/>\n<script type=\"application\/ld+json\" class=\"yoast-schema-graph\">{\"@context\":\"https:\/\/schema.org\",\"@graph\":[{\"@type\":\"WebPage\",\"@id\":\"https:\/\/www.ellingyachting.com\/no\/historie\/\",\"url\":\"https:\/\/www.ellingyachting.com\/no\/historie\/\",\"name\":\"Historien om Elling | Elling Yachting\",\"isPartOf\":{\"@id\":\"https:\/\/www.ellingyachting.com\/#website\"},\"datePublished\":\"2020-02-21T07:24:30+00:00\",\"dateModified\":\"2026-03-04T17:49:21+00:00\",\"description\":\"Neptune Marine Shipbuilding ble grunnlagt i 1972 og var en av de f\u00f8rste b\u00e5tbyggerne i verden som produserte GRP-b\u00e5ter. I 1997 lanserte Neptune den f\u00f8rste Elling Motoryachten.\",\"breadcrumb\":{\"@id\":\"https:\/\/www.ellingyachting.com\/no\/historie\/#breadcrumb\"},\"inLanguage\":\"nb-NO\",\"potentialAction\":[{\"@type\":\"ReadAction\",\"target\":[\"https:\/\/www.ellingyachting.com\/no\/historie\/\"]}]},{\"@type\":\"BreadcrumbList\",\"@id\":\"https:\/\/www.ellingyachting.com\/no\/historie\/#breadcrumb\",\"itemListElement\":[{\"@type\":\"ListItem\",\"position\":1,\"name\":\"Home\",\"item\":\"https:\/\/www.ellingyachting.com\/no\/\"},{\"@type\":\"ListItem\",\"position\":2,\"name\":\"Historie\"}]},{\"@type\":\"WebSite\",\"@id\":\"https:\/\/www.ellingyachting.com\/#website\",\"url\":\"https:\/\/www.ellingyachting.com\/\",\"name\":\"Elling Yachting\",\"description\":\"Luxury Elling Yachts builders\",\"publisher\":{\"@id\":\"https:\/\/www.ellingyachting.com\/#organization\"},\"potentialAction\":[{\"@type\":\"SearchAction\",\"target\":{\"@type\":\"EntryPoint\",\"urlTemplate\":\"https:\/\/www.ellingyachting.com\/?s={search_term_string}\"},\"query-input\":{\"@type\":\"PropertyValueSpecification\",\"valueRequired\":true,\"valueName\":\"search_term_string\"}}],\"inLanguage\":\"nb-NO\"},{\"@type\":\"Organization\",\"@id\":\"https:\/\/www.ellingyachting.com\/#organization\",\"name\":\"Elling shipbuilding\",\"url\":\"https:\/\/www.ellingyachting.com\/\",\"logo\":{\"@type\":\"ImageObject\",\"inLanguage\":\"nb-NO\",\"@id\":\"https:\/\/www.ellingyachting.com\/#\/schema\/logo\/image\/\",\"url\":\"https:\/\/www.ellingyachting.com\/wp-content\/uploads\/2024\/12\/logo.png\",\"contentUrl\":\"https:\/\/www.ellingyachting.com\/wp-content\/uploads\/2024\/12\/logo.png\",\"width\":159,\"height\":125,\"caption\":\"Elling shipbuilding\"},\"image\":{\"@id\":\"https:\/\/www.ellingyachting.com\/#\/schema\/logo\/image\/\"},\"sameAs\":[\"https:\/\/www.facebook.com\/profile.php?id=100063969341938&locale=nl_NL\",\"https:\/\/www.instagram.com\/ellingyachts\/\"]}]}<\/script>\n<!-- \/ Yoast SEO plugin. -->","yoast_head_json":{"title":"Historien om Elling | Elling Yachting","description":"Neptune Marine Shipbuilding ble grunnlagt i 1972 og var en av de f\u00f8rste b\u00e5tbyggerne i verden som produserte GRP-b\u00e5ter. I 1997 lanserte Neptune den f\u00f8rste Elling Motoryachten.","robots":{"index":"index","follow":"follow","max-snippet":"max-snippet:-1","max-image-preview":"max-image-preview:large","max-video-preview":"max-video-preview:-1"},"canonical":"https:\/\/www.ellingyachting.com\/no\/historie\/","og_locale":"nb_NO","og_type":"article","og_title":"Historien om Elling | Elling Yachting","og_description":"Neptune Marine Shipbuilding ble grunnlagt i 1972 og var en av de f\u00f8rste b\u00e5tbyggerne i verden som produserte GRP-b\u00e5ter. I 1997 lanserte Neptune den f\u00f8rste Elling Motoryachten.","og_url":"https:\/\/www.ellingyachting.com\/no\/historie\/","og_site_name":"Elling Yachting","article_publisher":"https:\/\/www.facebook.com\/profile.php?id=100063969341938&locale=nl_NL","article_modified_time":"2026-03-04T17:49:21+00:00","og_image":[{"width":159,"height":125,"url":"https:\/\/www.ellingyachting.com\/wp-content\/uploads\/2024\/12\/logo.png","type":"image\/png"}],"twitter_card":"summary_large_image","twitter_misc":{"Ansl. lesetid":"2 minutter"},"schema":{"@context":"https:\/\/schema.org","@graph":[{"@type":"WebPage","@id":"https:\/\/www.ellingyachting.com\/no\/historie\/","url":"https:\/\/www.ellingyachting.com\/no\/historie\/","name":"Historien om Elling | Elling Yachting","isPartOf":{"@id":"https:\/\/www.ellingyachting.com\/#website"},"datePublished":"2020-02-21T07:24:30+00:00","dateModified":"2026-03-04T17:49:21+00:00","description":"Neptune Marine Shipbuilding ble grunnlagt i 1972 og var en av de f\u00f8rste b\u00e5tbyggerne i verden som produserte GRP-b\u00e5ter. I 1997 lanserte Neptune den f\u00f8rste Elling Motoryachten.","breadcrumb":{"@id":"https:\/\/www.ellingyachting.com\/no\/historie\/#breadcrumb"},"inLanguage":"nb-NO","potentialAction":[{"@type":"ReadAction","target":["https:\/\/www.ellingyachting.com\/no\/historie\/"]}]},{"@type":"BreadcrumbList","@id":"https:\/\/www.ellingyachting.com\/no\/historie\/#breadcrumb","itemListElement":[{"@type":"ListItem","position":1,"name":"Home","item":"https:\/\/www.ellingyachting.com\/no\/"},{"@type":"ListItem","position":2,"name":"Historie"}]},{"@type":"WebSite","@id":"https:\/\/www.ellingyachting.com\/#website","url":"https:\/\/www.ellingyachting.com\/","name":"Elling Yachting","description":"Luxury Elling Yachts builders","publisher":{"@id":"https:\/\/www.ellingyachting.com\/#organization"},"potentialAction":[{"@type":"SearchAction","target":{"@type":"EntryPoint","urlTemplate":"https:\/\/www.ellingyachting.com\/?s={search_term_string}"},"query-input":{"@type":"PropertyValueSpecification","valueRequired":true,"valueName":"search_term_string"}}],"inLanguage":"nb-NO"},{"@type":"Organization","@id":"https:\/\/www.ellingyachting.com\/#organization","name":"Elling shipbuilding","url":"https:\/\/www.ellingyachting.com\/","logo":{"@type":"ImageObject","inLanguage":"nb-NO","@id":"https:\/\/www.ellingyachting.com\/#\/schema\/logo\/image\/","url":"https:\/\/www.ellingyachting.com\/wp-content\/uploads\/2024\/12\/logo.png","contentUrl":"https:\/\/www.ellingyachting.com\/wp-content\/uploads\/2024\/12\/logo.png","width":159,"height":125,"caption":"Elling shipbuilding"},"image":{"@id":"https:\/\/www.ellingyachting.com\/#\/schema\/logo\/image\/"},"sameAs":["https:\/\/www.facebook.com\/profile.php?id=100063969341938&locale=nl_NL","https:\/\/www.instagram.com\/ellingyachts\/"]}]}},"_links":{"self":[{"href":"https:\/\/www.ellingyachting.com\/no\/wp-json\/wp\/v2\/pages\/3160","targetHints":{"allow":["GET"]}}],"collection":[{"href":"https:\/\/www.ellingyachting.com\/no\/wp-json\/wp\/v2\/pages"}],"about":[{"href":"https:\/\/www.ellingyachting.com\/no\/wp-json\/wp\/v2\/types\/page"}],"author":[{"embeddable":true,"href":"https:\/\/www.ellingyachting.com\/no\/wp-json\/wp\/v2\/users\/1"}],"replies":[{"embeddable":true,"href":"https:\/\/www.ellingyachting.com\/no\/wp-json\/wp\/v2\/comments?post=3160"}],"version-history":[{"count":4,"href":"https:\/\/www.ellingyachting.com\/no\/wp-json\/wp\/v2\/pages\/3160\/revisions"}],"predecessor-version":[{"id":3840,"href":"https:\/\/www.ellingyachting.com\/no\/wp-json\/wp\/v2\/pages\/3160\/revisions\/3840"}],"wp:attachment":[{"href":"https:\/\/www.ellingyachting.com\/no\/wp-json\/wp\/v2\/media?parent=3160"}],"curies":[{"name":"wp","href":"https:\/\/api.w.org\/{rel}","templated":true}]}}