{"id":3125,"date":"2020-02-20T13:05:18","date_gmt":"2020-02-20T12:05:18","guid":{"rendered":"https:\/\/www.ellingyachting.com\/kontakt\/"},"modified":"2026-03-04T18:49:23","modified_gmt":"2026-03-04T17:49:23","slug":"kontakt","status":"publish","type":"page","link":"https:\/\/www.ellingyachting.com\/no\/kontakt\/","title":{"rendered":"Kontakt"},"content":{"rendered":"<div class=\"wpb-content-wrapper\"><p>[vc_row row_type=&raquo;parallax&raquo; parallax_content_width=&raquo;in_grid&raquo; text_align=&raquo;left&raquo; full_screen_section_height=&raquo;no&raquo; section_height=&raquo;400&#8243; background_image=&raquo;339&#8243;][vc_column][\/vc_column][\/vc_row][vc_row css_animation=&raquo;element_from_fade&raquo; row_type=&raquo;row&raquo; use_row_as_full_screen_section=&raquo;no&raquo; type=&raquo;grid&raquo; angled_section=&raquo;no&raquo; text_align=&raquo;left&raquo; background_image_as_pattern=&raquo;without_pattern&raquo; css=&raquo;.vc_custom_1582211062092{padding-top: 40px !important;padding-bottom: 60px !important;}&raquo; z_index=&raquo;&raquo;][vc_column][vc_row_inner row_type=&raquo;row&raquo; type=&raquo;grid&raquo; text_align=&raquo;left&raquo; css_animation=&raquo;&raquo;][vc_column_inner width=&raquo;1\/2&#8243; css=&raquo;.vc_custom_1582211191337{padding-top: 20px !important;}&raquo;][vc_column_text el_class=&raquo;big-brown-head&raquo;]<\/p>\n<h1>Hvordan kan vi hjelpe deg?<\/h1>\n<p>[\/vc_column_text][vc_empty_space height=&raquo;20px&raquo;]<div class=\"qode-accordion-holder clearfix qode-toggle qode-initial \">\n\t<h4 class=\"clearfix qode-title-holder\">\n<span class=\"qode-tab-title\">\n\t\t\t<span class=\"qode-tab-title-icon\">\n\t\t\t<i class=\"qode_icon_font_awesome fa fa-chevron-right \" ><\/i>\t\t<\/span>\n\t    <span class=\"qode-tab-title-inner\">\n        Be om et personlig tilbud    <\/span>\n<\/span>\n<span class=\"qode-accordion-mark\">\n    <span class=\"qode-accordion-mark-icon\">\n        <span class=\"icon_plus\"><\/span>\n        <span class=\"icon_minus-06\"><\/span>\n    <\/span>\n<\/span>\n<\/h4>\n<div id = quote-request-list class=\"qode-accordion-content qode-acc-title-with-icon\" >\n    <div class=\"qode-accordion-content-inner\">\n        [vc_raw_html]PGEgaXRlbXByb3A9InVybCIgaHJlZj0iL2UzLXF1b3RlLXJlcXVlc3QvIiB0aXRsZT0iQmUgb20gZXQgdGlsYnVkIHDDpSBFMyIgdGFyZ2V0PSJfc2VsZiIgY2xhc3M9InF1b3RlLWJ1dHRvbiI+VGlsYnVkc2ZvcmVzcMO4cnNlbCBmb3IgRTM8aSBjbGFzcz0icW9kZV9pY29uX2ZvbnRfYXdlc29tZSBmYSBmYS1jaGV2cm9uLXJpZ2h0IHFvZGVfYnV0dG9uX2ljb25fZWxlbWVudCIgc3R5bGU9IiI+PC9pPjwvYT4=[\/vc_raw_html][vc_raw_html]PGEgaXRlbXByb3A9InVybCIgaHJlZj0iL2U0LXF1b3RlLXJlcXVlc3QvIiB0aXRsZT0iQmUgb20gZXQgdGlsYnVkIHDDpSBFNCIgdGFyZ2V0PSJfc2VsZiIgY2xhc3M9InF1b3RlLWJ1dHRvbiI+VGlsYnVkc2ZvcmVzcMO4cnNlbCBmb3IgRTQ8aSBjbGFzcz0icW9kZV9pY29uX2ZvbnRfYXdlc29tZSBmYSBmYS1jaGV2cm9uLXJpZ2h0IHFvZGVfYnV0dG9uX2ljb25fZWxlbWVudCIgc3R5bGU9IiI+PC9pPjwvYT4=[\/vc_raw_html][vc_raw_html]PGEgaXRlbXByb3A9InVybCIgaHJlZj0iL2U2LXF1b3RlLXJlcXVlc3QvIiB0aXRsZT0iQmUgb20gZXQgdGlsYnVkIHDDpSBFNiIgdGFyZ2V0PSJfc2VsZiIgY2xhc3M9InF1b3RlLWJ1dHRvbiI+VGlsYnVkc2ZvcmVzcMO4cnNlbCBmb3IgRTY8aSBjbGFzcz0icW9kZV9pY29uX2ZvbnRfYXdlc29tZSBmYSBmYS1jaGV2cm9uLXJpZ2h0IHFvZGVfYnV0dG9uX2ljb25fZWxlbWVudCIgc3R5bGU9IiI+PC9pPjwvYT4=[\/vc_raw_html]    <\/div>\n<\/div><h4 class=\"clearfix qode-title-holder\">\n<span class=\"qode-tab-title\">\n\t\t\t<span class=\"qode-tab-title-icon\">\n\t\t\t<i class=\"qode_icon_font_awesome fa fa-chevron-right \" ><\/i>\t\t<\/span>\n\t    <span class=\"qode-tab-title-inner\">\n        Ta kontakt med oss    <\/span>\n<\/span>\n<span class=\"qode-accordion-mark\">\n    <span class=\"qode-accordion-mark-icon\">\n        <span class=\"icon_plus\"><\/span>\n        <span class=\"icon_minus-06\"><\/span>\n    <\/span>\n<\/span>\n<\/h4>\n<div  class=\"qode-accordion-content qode-acc-title-with-icon\" >\n    <div class=\"qode-accordion-content-inner\">\n        [vc_column_text]\n<div class=\"wpcf7 no-js\" id=\"wpcf7-f9-o1\" lang=\"nl-NL\" dir=\"ltr\" data-wpcf7-id=\"9\">\n<div class=\"screen-reader-response\"><p role=\"status\" aria-live=\"polite\" aria-atomic=\"true\"><\/p> <ul><\/ul><\/div>\n<form action=\"\/no\/wp-json\/wp\/v2\/pages\/3125#wpcf7-f9-o1\" method=\"post\" class=\"wpcf7-form init\" aria-label=\"Contactformulier\" novalidate=\"novalidate\" data-status=\"init\">\n<fieldset class=\"hidden-fields-container\"><input type=\"hidden\" name=\"_wpcf7\" value=\"9\" \/><input type=\"hidden\" name=\"_wpcf7_version\" value=\"6.1.5\" \/><input type=\"hidden\" name=\"_wpcf7_locale\" value=\"nl_NL\" \/><input type=\"hidden\" name=\"_wpcf7_unit_tag\" value=\"wpcf7-f9-o1\" \/><input type=\"hidden\" name=\"_wpcf7_container_post\" value=\"0\" \/><input type=\"hidden\" name=\"_wpcf7_posted_data_hash\" value=\"\" \/>\n<\/fieldset>\n<p>[vc_row css_animation=\"\" row_type=\"row\" use_row_as_full_screen_section=\"no\" type=\"full_width\" angled_section=\"no\" text_align=\"left\" background_image_as_pattern=\"without_pattern\"][vc_column][vc_column_text]<label> Your name (required)<br \/>\n<span class=\"wpcf7-form-control-wrap\" data-name=\"uw-naam\"><input size=\"40\" maxlength=\"400\" class=\"wpcf7-form-control wpcf7-text wpcf7-validates-as-required\" aria-required=\"true\" aria-invalid=\"false\" value=\"\" type=\"text\" name=\"uw-naam\" \/><\/span> <\/label>\n<\/p>\n<p><label> Your phone number<br \/>\n<span class=\"wpcf7-form-control-wrap\" data-name=\"uw-telefoonnummer\"><input size=\"40\" maxlength=\"400\" class=\"wpcf7-form-control wpcf7-tel wpcf7-text wpcf7-validates-as-tel\" aria-invalid=\"false\" value=\"\" type=\"tel\" name=\"uw-telefoonnummer\" \/><\/span><\/label>\n<\/p>\n<p><label> Your email address (required)<br \/>\n<span class=\"wpcf7-form-control-wrap\" data-name=\"uw-emailadres\"><input size=\"40\" maxlength=\"400\" class=\"wpcf7-form-control wpcf7-email wpcf7-validates-as-required wpcf7-text wpcf7-validates-as-email\" aria-required=\"true\" aria-invalid=\"false\" value=\"\" type=\"email\" name=\"uw-emailadres\" \/><\/span> <\/label>\n<\/p>\n<p><label> Your message<br \/>\n<span class=\"wpcf7-form-control-wrap\" data-name=\"bericht\"><textarea cols=\"40\" rows=\"10\" maxlength=\"2000\" class=\"wpcf7-form-control wpcf7-textarea\" aria-invalid=\"false\" name=\"bericht\"><\/textarea><\/span> <\/label>\n<\/p>\n<div class=\"wpcf7-turnstile cf-turnstile\" data-sitekey=\"0x4AAAAAACAs1LYeka4uyr4Z\" data-response-field-name=\"_wpcf7_turnstile_response\"><\/div>\n<p><input class=\"wpcf7-form-control wpcf7-submit has-spinner\" type=\"submit\" value=\"Stay updated\" \/>[\/vc_column_text][\/vc_column][\/vc_row]\n<\/p><div class=\"wpcf7-response-output\" aria-hidden=\"true\"><\/div>\n<\/form>\n<\/div>\n<style><\/style>[\/vc_column_text]    <\/div>\n<\/div><\/div>[vc_empty_space height=&raquo;20px&raquo;][vc_column_text]Har du et sp\u00f8rsm\u00e5l eller \u00f8nsker du mer informasjon? Det kan du gj\u00f8re ved \u00e5 bruke alternativene ovenfor. Du kan kontakte oss via kontaktskjemaet eller velge \u00e5 f\u00e5 et personlig tilbud. Vil du heller snakke med oss p\u00e5 telefon? Dette er ogs\u00e5 mulig.[\/vc_column_text][vc_empty_space height=&raquo;20px&raquo;][\/vc_column_inner][vc_column_inner el_class=&raquo;white-box-around&raquo; width=&raquo;1\/2&#8243;][vc_column_text el_class=&raquo;big-brown-head&raquo;]<\/p>\n<h2>Kontakt.<\/h2>\n<p>[\/vc_column_text][vc_column_text]Vi er alltid glade for \u00e5 \u00f8nske deg velkommen!<\/p>\n<p>Du kan n\u00e5 r\u00e5dgiveren din p\u00e5 nummeret og e-postadressen nedenfor.<\/p>\n<p>Eller hvorfor ikke komme og oppleve spenningen ved en Elling selv?[\/vc_column_text][vc_column_text]T <a href=\"tel:0031418673103\">+31 418 673 103<\/a><\/p>\n<p><a href=\"mailto:info@ellingyachting.com\">info@ellingyachting.com info@ellingyachting.com<\/a>[\/vc_column_text][vc_empty_space height=&raquo;10px&raquo;][vc_column_text]<strong>Elling Shipbuilding BV<\/strong><br \/>\nVeerdam 1<br \/>\n5308 JH Aalst<br \/>\nNederland[\/vc_column_text][\/vc_column_inner][\/vc_row_inner][\/vc_column][\/vc_row][vc_row css_animation=&raquo;&raquo; row_type=&raquo;row&raquo; use_row_as_full_screen_section=&raquo;no&raquo; type=&raquo;full_width&raquo; angled_section=&raquo;no&raquo; text_align=&raquo;left&raquo; background_image_as_pattern=&raquo;without_pattern&raquo;][vc_column][vc_row_inner row_type=&raquo;row&raquo; type=&raquo;grid&raquo; text_align=&raquo;center&raquo; css_animation=&raquo;&raquo;][vc_column_inner][vc_column_text]<\/p>\n<h2>Slik finner du oss<\/h2>\n<p>[\/vc_column_text][\/vc_column_inner][\/vc_row_inner][vc_empty_space height=&raquo;10px&raquo;][vc_single_image image=&raquo;3128&#8243; img_size=&raquo;full&raquo; alignment=&raquo;center&raquo; onclick=&raquo;custom_link&raquo; img_link_target=&raquo;_blank&raquo; qode_css_animation=&raquo;&raquo; qode_hover_animation=&raquo;zoom_in&raquo; link=&raquo;https:\/\/www.google.nl\/maps\/place\/Elling+Shipbuilding+BV\/@51.8028585,5.0160545,10z\/data=!4m12!1m6!3m5!1s0x47c68db47245faeb:0x7230e7268c789809!2sElling+Shipbuilding+BV!8m2!3d51.7819023!4d5.1155001!3m4!1s0x47c68db47245faeb:0x7230e7268c789809!8m2!3d51.7819023!4d5.1155001&#8243; el_class=&raquo;min-height-map-image&raquo;][\/vc_column][\/vc_row]<\/p>\n<\/div>","protected":false},"excerpt":{"rendered":"<p>[vc_row row_type=&raquo;parallax&raquo; parallax_content_width=&raquo;in_grid&raquo; text_align=&raquo;left&raquo; full_screen_section_height=&raquo;no&raquo; section_height=&raquo;400&#8243; background_image=&raquo;339&#8243;][vc_column][\/vc_column][\/vc_row][vc_row css_animation=&raquo;element_from_fade&raquo; row_type=&raquo;row&raquo; use_row_as_full_screen_section=&raquo;no&raquo; type=&raquo;grid&raquo; angled_section=&raquo;no&raquo; text_align=&raquo;left&raquo; background_image_as_pattern=&raquo;without_pattern&raquo; css=&raquo;.vc_custom_1582211062092{padding-top: 40px !important;padding-bottom: 60px !important;}&raquo; z_index=&raquo;&raquo;][vc_column][vc_row_inner row_type=&raquo;row&raquo; type=&raquo;grid&raquo; text_align=&raquo;left&raquo; css_animation=&raquo;&raquo;][vc_column_inner width=&raquo;1\/2&#8243; css=&raquo;.vc_custom_1582211191337{padding-top: 20px !important;}&raquo;][vc_column_text el_class=&raquo;big-brown-head&raquo;] Hvordan kan vi hjelpe deg? [\/vc_column_text][vc_empty_space height=&raquo;20px&raquo;][vc_empty_space height=&raquo;20px&raquo;][vc_column_text]Har du et sp\u00f8rsm\u00e5l eller \u00f8nsker du mer informasjon?&#8230;<\/p>\n","protected":false},"author":1,"featured_media":0,"parent":0,"menu_order":0,"comment_status":"closed","ping_status":"closed","template":"full_width.php","meta":{"_acf_changed":false,"footnotes":""},"class_list":["post-3125","page","type-page","status-publish","hentry"],"acf":[],"yoast_head":"<!-- This site is optimized with the Yoast SEO plugin v26.9 - https:\/\/yoast.com\/product\/yoast-seo-wordpress\/ -->\n<title>Kontakt eller be om et Elling Motoryacht-tilbud | Elling Yachting<\/title>\n<meta name=\"description\" content=\"Har du et sp\u00f8rsm\u00e5l? Eller vil du be om et tilbud p\u00e5 en Elling E3, E4 eller E6? Alt dette er mulig. Kontakt Elling Yachting n\u00e5.\" \/>\n<meta name=\"robots\" content=\"index, follow, max-snippet:-1, max-image-preview:large, max-video-preview:-1\" \/>\n<link rel=\"canonical\" href=\"https:\/\/www.ellingyachting.com\/no\/kontakt\/\" \/>\n<meta property=\"og:locale\" content=\"nb_NO\" \/>\n<meta property=\"og:type\" content=\"article\" \/>\n<meta property=\"og:title\" content=\"Kontakt eller be om et Elling Motoryacht-tilbud | Elling Yachting\" \/>\n<meta property=\"og:description\" content=\"Har du et sp\u00f8rsm\u00e5l? Eller vil du be om et tilbud p\u00e5 en Elling E3, E4 eller E6? Alt dette er mulig. Kontakt Elling Yachting n\u00e5.\" \/>\n<meta property=\"og:url\" content=\"https:\/\/www.ellingyachting.com\/no\/kontakt\/\" \/>\n<meta property=\"og:site_name\" content=\"Elling Yachting\" \/>\n<meta property=\"article:publisher\" content=\"https:\/\/www.facebook.com\/profile.php?id=100063969341938&amp;locale=nl_NL\" \/>\n<meta property=\"article:modified_time\" content=\"2026-03-04T17:49:23+00:00\" \/>\n<meta property=\"og:image\" content=\"https:\/\/www.ellingyachting.com\/wp-content\/uploads\/2024\/12\/logo.png\" \/>\n\t<meta property=\"og:image:width\" content=\"159\" \/>\n\t<meta property=\"og:image:height\" content=\"125\" \/>\n\t<meta property=\"og:image:type\" content=\"image\/png\" \/>\n<meta name=\"twitter:card\" content=\"summary_large_image\" \/>\n<meta name=\"twitter:label1\" content=\"Ansl. lesetid\" \/>\n\t<meta name=\"twitter:data1\" content=\"2 minutter\" \/>\n<script type=\"application\/ld+json\" class=\"yoast-schema-graph\">{\"@context\":\"https:\/\/schema.org\",\"@graph\":[{\"@type\":\"WebPage\",\"@id\":\"https:\/\/www.ellingyachting.com\/no\/kontakt\/\",\"url\":\"https:\/\/www.ellingyachting.com\/no\/kontakt\/\",\"name\":\"Kontakt eller be om et Elling Motoryacht-tilbud | Elling Yachting\",\"isPartOf\":{\"@id\":\"https:\/\/www.ellingyachting.com\/#website\"},\"datePublished\":\"2020-02-20T12:05:18+00:00\",\"dateModified\":\"2026-03-04T17:49:23+00:00\",\"description\":\"Har du et sp\u00f8rsm\u00e5l? Eller vil du be om et tilbud p\u00e5 en Elling E3, E4 eller E6? Alt dette er mulig. Kontakt Elling Yachting n\u00e5.\",\"breadcrumb\":{\"@id\":\"https:\/\/www.ellingyachting.com\/no\/kontakt\/#breadcrumb\"},\"inLanguage\":\"nb-NO\",\"potentialAction\":[{\"@type\":\"ReadAction\",\"target\":[\"https:\/\/www.ellingyachting.com\/no\/kontakt\/\"]}]},{\"@type\":\"BreadcrumbList\",\"@id\":\"https:\/\/www.ellingyachting.com\/no\/kontakt\/#breadcrumb\",\"itemListElement\":[{\"@type\":\"ListItem\",\"position\":1,\"name\":\"Home\",\"item\":\"https:\/\/www.ellingyachting.com\/no\/\"},{\"@type\":\"ListItem\",\"position\":2,\"name\":\"Kontakt\"}]},{\"@type\":\"WebSite\",\"@id\":\"https:\/\/www.ellingyachting.com\/#website\",\"url\":\"https:\/\/www.ellingyachting.com\/\",\"name\":\"Elling Yachting\",\"description\":\"Luxury Elling Yachts builders\",\"publisher\":{\"@id\":\"https:\/\/www.ellingyachting.com\/#organization\"},\"potentialAction\":[{\"@type\":\"SearchAction\",\"target\":{\"@type\":\"EntryPoint\",\"urlTemplate\":\"https:\/\/www.ellingyachting.com\/?s={search_term_string}\"},\"query-input\":{\"@type\":\"PropertyValueSpecification\",\"valueRequired\":true,\"valueName\":\"search_term_string\"}}],\"inLanguage\":\"nb-NO\"},{\"@type\":\"Organization\",\"@id\":\"https:\/\/www.ellingyachting.com\/#organization\",\"name\":\"Elling shipbuilding\",\"url\":\"https:\/\/www.ellingyachting.com\/\",\"logo\":{\"@type\":\"ImageObject\",\"inLanguage\":\"nb-NO\",\"@id\":\"https:\/\/www.ellingyachting.com\/#\/schema\/logo\/image\/\",\"url\":\"https:\/\/www.ellingyachting.com\/wp-content\/uploads\/2024\/12\/logo.png\",\"contentUrl\":\"https:\/\/www.ellingyachting.com\/wp-content\/uploads\/2024\/12\/logo.png\",\"width\":159,\"height\":125,\"caption\":\"Elling shipbuilding\"},\"image\":{\"@id\":\"https:\/\/www.ellingyachting.com\/#\/schema\/logo\/image\/\"},\"sameAs\":[\"https:\/\/www.facebook.com\/profile.php?id=100063969341938&locale=nl_NL\",\"https:\/\/www.instagram.com\/ellingyachts\/\"]}]}<\/script>\n<!-- \/ Yoast SEO plugin. -->","yoast_head_json":{"title":"Kontakt eller be om et Elling Motoryacht-tilbud | Elling Yachting","description":"Har du et sp\u00f8rsm\u00e5l? Eller vil du be om et tilbud p\u00e5 en Elling E3, E4 eller E6? Alt dette er mulig. Kontakt Elling Yachting n\u00e5.","robots":{"index":"index","follow":"follow","max-snippet":"max-snippet:-1","max-image-preview":"max-image-preview:large","max-video-preview":"max-video-preview:-1"},"canonical":"https:\/\/www.ellingyachting.com\/no\/kontakt\/","og_locale":"nb_NO","og_type":"article","og_title":"Kontakt eller be om et Elling Motoryacht-tilbud | Elling Yachting","og_description":"Har du et sp\u00f8rsm\u00e5l? Eller vil du be om et tilbud p\u00e5 en Elling E3, E4 eller E6? Alt dette er mulig. Kontakt Elling Yachting n\u00e5.","og_url":"https:\/\/www.ellingyachting.com\/no\/kontakt\/","og_site_name":"Elling Yachting","article_publisher":"https:\/\/www.facebook.com\/profile.php?id=100063969341938&locale=nl_NL","article_modified_time":"2026-03-04T17:49:23+00:00","og_image":[{"width":159,"height":125,"url":"https:\/\/www.ellingyachting.com\/wp-content\/uploads\/2024\/12\/logo.png","type":"image\/png"}],"twitter_card":"summary_large_image","twitter_misc":{"Ansl. lesetid":"2 minutter"},"schema":{"@context":"https:\/\/schema.org","@graph":[{"@type":"WebPage","@id":"https:\/\/www.ellingyachting.com\/no\/kontakt\/","url":"https:\/\/www.ellingyachting.com\/no\/kontakt\/","name":"Kontakt eller be om et Elling Motoryacht-tilbud | Elling Yachting","isPartOf":{"@id":"https:\/\/www.ellingyachting.com\/#website"},"datePublished":"2020-02-20T12:05:18+00:00","dateModified":"2026-03-04T17:49:23+00:00","description":"Har du et sp\u00f8rsm\u00e5l? Eller vil du be om et tilbud p\u00e5 en Elling E3, E4 eller E6? Alt dette er mulig. Kontakt Elling Yachting n\u00e5.","breadcrumb":{"@id":"https:\/\/www.ellingyachting.com\/no\/kontakt\/#breadcrumb"},"inLanguage":"nb-NO","potentialAction":[{"@type":"ReadAction","target":["https:\/\/www.ellingyachting.com\/no\/kontakt\/"]}]},{"@type":"BreadcrumbList","@id":"https:\/\/www.ellingyachting.com\/no\/kontakt\/#breadcrumb","itemListElement":[{"@type":"ListItem","position":1,"name":"Home","item":"https:\/\/www.ellingyachting.com\/no\/"},{"@type":"ListItem","position":2,"name":"Kontakt"}]},{"@type":"WebSite","@id":"https:\/\/www.ellingyachting.com\/#website","url":"https:\/\/www.ellingyachting.com\/","name":"Elling Yachting","description":"Luxury Elling Yachts builders","publisher":{"@id":"https:\/\/www.ellingyachting.com\/#organization"},"potentialAction":[{"@type":"SearchAction","target":{"@type":"EntryPoint","urlTemplate":"https:\/\/www.ellingyachting.com\/?s={search_term_string}"},"query-input":{"@type":"PropertyValueSpecification","valueRequired":true,"valueName":"search_term_string"}}],"inLanguage":"nb-NO"},{"@type":"Organization","@id":"https:\/\/www.ellingyachting.com\/#organization","name":"Elling shipbuilding","url":"https:\/\/www.ellingyachting.com\/","logo":{"@type":"ImageObject","inLanguage":"nb-NO","@id":"https:\/\/www.ellingyachting.com\/#\/schema\/logo\/image\/","url":"https:\/\/www.ellingyachting.com\/wp-content\/uploads\/2024\/12\/logo.png","contentUrl":"https:\/\/www.ellingyachting.com\/wp-content\/uploads\/2024\/12\/logo.png","width":159,"height":125,"caption":"Elling shipbuilding"},"image":{"@id":"https:\/\/www.ellingyachting.com\/#\/schema\/logo\/image\/"},"sameAs":["https:\/\/www.facebook.com\/profile.php?id=100063969341938&locale=nl_NL","https:\/\/www.instagram.com\/ellingyachts\/"]}]}},"_links":{"self":[{"href":"https:\/\/www.ellingyachting.com\/no\/wp-json\/wp\/v2\/pages\/3125","targetHints":{"allow":["GET"]}}],"collection":[{"href":"https:\/\/www.ellingyachting.com\/no\/wp-json\/wp\/v2\/pages"}],"about":[{"href":"https:\/\/www.ellingyachting.com\/no\/wp-json\/wp\/v2\/types\/page"}],"author":[{"embeddable":true,"href":"https:\/\/www.ellingyachting.com\/no\/wp-json\/wp\/v2\/users\/1"}],"replies":[{"embeddable":true,"href":"https:\/\/www.ellingyachting.com\/no\/wp-json\/wp\/v2\/comments?post=3125"}],"version-history":[{"count":8,"href":"https:\/\/www.ellingyachting.com\/no\/wp-json\/wp\/v2\/pages\/3125\/revisions"}],"predecessor-version":[{"id":3844,"href":"https:\/\/www.ellingyachting.com\/no\/wp-json\/wp\/v2\/pages\/3125\/revisions\/3844"}],"wp:attachment":[{"href":"https:\/\/www.ellingyachting.com\/no\/wp-json\/wp\/v2\/media?parent=3125"}],"curies":[{"name":"wp","href":"https:\/\/api.w.org\/{rel}","templated":true}]}}