{"id":3082,"date":"2020-02-24T14:27:04","date_gmt":"2020-02-24T13:27:04","guid":{"rendered":"https:\/\/www.ellingyachting.com\/om-elling-yachting\/"},"modified":"2026-03-04T18:49:23","modified_gmt":"2026-03-04T17:49:23","slug":"om-elling-yachting","status":"publish","type":"page","link":"https:\/\/www.ellingyachting.com\/no\/om-elling-yachting\/","title":{"rendered":"v\u00e5r etos"},"content":{"rendered":"<div class=\"wpb-content-wrapper\"><p>[vc_row row_type=&raquo;parallax&raquo; parallax_content_width=&raquo;in_grid&raquo; text_align=&raquo;left&raquo; full_screen_section_height=&raquo;no&raquo; section_height=&raquo;400&#8243; background_image=&raquo;81&#8243;][vc_column][\/vc_column][\/vc_row][vc_row css_animation=&raquo;element_from_fade&raquo; row_type=&raquo;row&raquo; use_row_as_full_screen_section=&raquo;no&raquo; type=&raquo;grid&raquo; angled_section=&raquo;no&raquo; text_align=&raquo;left&raquo; background_image_as_pattern=&raquo;without_pattern&raquo; css=&raquo;.vc_custom_1582272612042{padding-top: 40px !important;}&raquo; z_index=&raquo;&raquo;][vc_column][\/vc_column][\/vc_row][vc_row css_animation=&raquo;element_from_fade&raquo; row_type=&raquo;row&raquo; use_row_as_full_screen_section=&raquo;no&raquo; type=&raquo;full_width&raquo; angled_section=&raquo;no&raquo; text_align=&raquo;left&raquo; background_image_as_pattern=&raquo;without_pattern&raquo; css=&raquo;.vc_custom_1582553012202{margin-top: 100px !important;}&raquo; z_index=&raquo;&raquo;][vc_column][vc_row_inner row_type=&raquo;row&raquo; type=&raquo;grid&raquo; text_align=&raquo;left&raquo; css_animation=&raquo;&raquo;][vc_column_inner width=&raquo;1\/2&#8243;][vc_single_image image=&raquo;3087&#8243; img_size=&raquo;full&raquo; qode_css_animation=&raquo;&raquo; el_class=&raquo;image-with-shadow blue-after-image&raquo;][vc_empty_space height=&raquo;50px&raquo;][vc_single_image image=&raquo;3088&#8243; img_size=&raquo;full&raquo; qode_css_animation=&raquo;&raquo; el_class=&raquo;image-with-shadow&raquo;][\/vc_column_inner][vc_column_inner el_class=&raquo;white-box-around&raquo; width=&raquo;1\/2&#8243; css=&raquo;.vc_custom_1584002804476{padding-top: 40px !important;padding-bottom: 40px !important;}&raquo;][vc_column_text css=&raquo;&raquo;]<\/p>\n<h2>Om Elling Yachting<\/h2>\n<p>Elling introduserte sin f\u00f8rste modell, <a href=\"https:\/\/www.ellingyachting.com\/e3-quote-request\/\">Elling E3<\/a>, i desember 1997. Den ble designet, bygget og lansert p\u00e5 markedet av Neptune Marine. Neptune Marine ble etablert i 1975 som Nederlands f\u00f8rste glassfiberb\u00e5tbyggeri.<\/p>\n<p><span class=\"highlight-quote\">&laquo;Det er v\u00e5r dr\u00f8m \u00e5 lage verdens beste b\u00e5t&raquo;<\/span><\/p>\n<p>Elling ble raskt et verdenskjent merke kjent for \u00e5 levere motorb\u00e5ter av h\u00f8y kvalitet, og har globalt bygget opp en sterk posisjon i et sv\u00e6rt nisjepreget marked. Enten du ser p\u00e5 Elling som en oppdagelsesb\u00e5t, en h\u00f8yytelses trawler, en luksuri\u00f8s motoryacht eller en <strong>havkrysser<\/strong>, er Elling et allsidig fart\u00f8y med n\u00e6rmest ubegrensede muligheter.<\/p>\n<p>Uansett om dr\u00f8mmen din er \u00e5 seile jorden rundt, \u00f8yhoppe i Middelhavet eller Egeerhavet, eller bare oppfylle dr\u00f8mmen om \u00e5 cruise p\u00e5 Europas indre vannveier og andre farvann, kan Elling tilby den rette motorb\u00e5ten for deg.<\/p>\n<p>V\u00e5re omhyggelig utvalgte og h\u00f8yt kvalifiserte medarbeideres lidenskap og h\u00e5ndverksmessige dyktighet har gledet kundene v\u00e5re i over 25 \u00e5r.<\/p>\n<p>Elling har dessuten v\u00e6rt ledende innen innovasjon og nyvinninger. Et eksempel er Atlanterhavskryssingen i 2008 med tre splitter nye Elling E4-modeller. Den vellykkede <a href=\"https:\/\/youtu.be\/taEvjNbilSo\">360-graders kantringstesten<\/a> i 2014 forbl\u00f8ffet b\u00e5de konkurrenter og inviterte gjester, samt mange ledere i b\u00e5tbransjen og pressen.<\/p>\n<p>Lanseringen av klassens beste <a href=\"https:\/\/www.ellingyachting.com\/e6-quote-request\/\" target=\"_blank\" rel=\"noopener noreferrer\">Elling E6<\/a> har v\u00e6rt en dundrende suksess, og fortsetter \u00e5 imponere alle som har opplevd hennes enest\u00e5ende kj\u00f8reegenskaper og prestasjoner.<\/p>\n<p>Som et familiedrevet selskap er jeg stolt av \u00e5 videref\u00f8re min kunnskap og lidenskap til neste generasjon. Jeg har det privilegium \u00e5 jobbe tett sammen med mine to s\u00f8nner: Wouter, som er ansvarlig for salg og markedsf\u00f8ring, og Sander, som bidrar med sin ekspertise som elektrotekniker i produksjonsteamet v\u00e5rt. Deres engasjement sikrer kontinuitet i h\u00e5ndverket og styrker v\u00e5r langsiktige forpliktelse til \u00e5 levere eksepsjonelle yachter til kunder over hele verden.<\/p>\n<p>Som lidenskapelig eventyrer \u00f8nsker jeg deg velkommen til nettstedet v\u00e5rt. Jeg h\u00e5per bes\u00f8ket ditt vil bli starten p\u00e5 et nytt kapittel i livet ditt.<\/p>\n<p><strong>Anton van den Bos<\/strong><br \/>\n<em>ADMINISTRERENDE DIREKT\u00d8R<\/em><\/p>\n<p>[\/vc_column_text][\/vc_column_inner][\/vc_row_inner][vc_empty_space height=&raquo;60px&raquo;][\/vc_column][\/vc_row]<\/p>\n<\/div>","protected":false},"excerpt":{"rendered":"<p>[vc_row row_type=&raquo;parallax&raquo; parallax_content_width=&raquo;in_grid&raquo; text_align=&raquo;left&raquo; full_screen_section_height=&raquo;no&raquo; section_height=&raquo;400&#8243; background_image=&raquo;81&#8243;][vc_column][\/vc_column][\/vc_row][vc_row css_animation=&raquo;element_from_fade&raquo; row_type=&raquo;row&raquo; use_row_as_full_screen_section=&raquo;no&raquo; type=&raquo;grid&raquo; angled_section=&raquo;no&raquo; text_align=&raquo;left&raquo; background_image_as_pattern=&raquo;without_pattern&raquo; css=&raquo;.vc_custom_1582272612042{padding-top: 40px !important;}&raquo; z_index=&raquo;&raquo;][vc_column][\/vc_column][\/vc_row][vc_row css_animation=&raquo;element_from_fade&raquo; row_type=&raquo;row&raquo; use_row_as_full_screen_section=&raquo;no&raquo; type=&raquo;full_width&raquo; angled_section=&raquo;no&raquo; text_align=&raquo;left&raquo; background_image_as_pattern=&raquo;without_pattern&raquo; css=&raquo;.vc_custom_1582553012202{margin-top: 100px !important;}&raquo; z_index=&raquo;&raquo;][vc_column][vc_row_inner row_type=&raquo;row&raquo; type=&raquo;grid&raquo; text_align=&raquo;left&raquo; css_animation=&raquo;&raquo;][vc_column_inner width=&raquo;1\/2&#8243;][vc_single_image image=&raquo;3087&#8243; img_size=&raquo;full&raquo; qode_css_animation=&raquo;&raquo; el_class=&raquo;image-with-shadow blue-after-image&raquo;][vc_empty_space height=&raquo;50px&raquo;][vc_single_image image=&raquo;3088&#8243; img_size=&raquo;full&raquo; qode_css_animation=&raquo;&raquo; el_class=&raquo;image-with-shadow&raquo;][\/vc_column_inner][vc_column_inner el_class=&raquo;white-box-around&raquo;&#8230;<\/p>\n","protected":false},"author":1,"featured_media":0,"parent":0,"menu_order":0,"comment_status":"closed","ping_status":"closed","template":"full_width.php","meta":{"_acf_changed":false,"footnotes":""},"class_list":["post-3082","page","type-page","status-publish","hentry"],"acf":[],"yoast_head":"<!-- This site is optimized with the Yoast SEO plugin v26.9 - https:\/\/yoast.com\/product\/yoast-seo-wordpress\/ -->\n<title>Om Elling yachter, Super motoryachter | Elling Yachting<\/title>\n<meta name=\"description\" content=\"Elling Yachts ble grunnlagt i 1997 under navnet Neptune Marine Shipbuilding bv. Dette \u00e5ret ble den f\u00f8rste Elling Motoryachten bygget.\" \/>\n<meta name=\"robots\" content=\"index, follow, max-snippet:-1, max-image-preview:large, max-video-preview:-1\" \/>\n<link rel=\"canonical\" href=\"https:\/\/www.ellingyachting.com\/no\/om-elling-yachting\/\" \/>\n<meta property=\"og:locale\" content=\"nb_NO\" \/>\n<meta property=\"og:type\" content=\"article\" \/>\n<meta property=\"og:title\" content=\"Om Elling yachter, Super motoryachter | Elling Yachting\" \/>\n<meta property=\"og:description\" content=\"Elling Yachts ble grunnlagt i 1997 under navnet Neptune Marine Shipbuilding bv. Dette \u00e5ret ble den f\u00f8rste Elling Motoryachten bygget.\" \/>\n<meta property=\"og:url\" content=\"https:\/\/www.ellingyachting.com\/no\/om-elling-yachting\/\" \/>\n<meta property=\"og:site_name\" content=\"Elling Yachting\" \/>\n<meta property=\"article:publisher\" content=\"https:\/\/www.facebook.com\/profile.php?id=100063969341938&amp;locale=nl_NL\" \/>\n<meta property=\"article:modified_time\" content=\"2026-03-04T17:49:23+00:00\" \/>\n<meta property=\"og:image\" content=\"https:\/\/www.ellingyachting.com\/wp-content\/uploads\/2024\/12\/logo.png\" \/>\n\t<meta property=\"og:image:width\" content=\"159\" \/>\n\t<meta property=\"og:image:height\" content=\"125\" \/>\n\t<meta property=\"og:image:type\" content=\"image\/png\" \/>\n<meta name=\"twitter:card\" content=\"summary_large_image\" \/>\n<meta name=\"twitter:label1\" content=\"Ansl. lesetid\" \/>\n\t<meta name=\"twitter:data1\" content=\"3 minutter\" \/>\n<script type=\"application\/ld+json\" class=\"yoast-schema-graph\">{\"@context\":\"https:\/\/schema.org\",\"@graph\":[{\"@type\":\"WebPage\",\"@id\":\"https:\/\/www.ellingyachting.com\/no\/om-elling-yachting\/\",\"url\":\"https:\/\/www.ellingyachting.com\/no\/om-elling-yachting\/\",\"name\":\"Om Elling yachter, Super motoryachter | Elling Yachting\",\"isPartOf\":{\"@id\":\"https:\/\/www.ellingyachting.com\/#website\"},\"datePublished\":\"2020-02-24T13:27:04+00:00\",\"dateModified\":\"2026-03-04T17:49:23+00:00\",\"description\":\"Elling Yachts ble grunnlagt i 1997 under navnet Neptune Marine Shipbuilding bv. Dette \u00e5ret ble den f\u00f8rste Elling Motoryachten bygget.\",\"breadcrumb\":{\"@id\":\"https:\/\/www.ellingyachting.com\/no\/om-elling-yachting\/#breadcrumb\"},\"inLanguage\":\"nb-NO\",\"potentialAction\":[{\"@type\":\"ReadAction\",\"target\":[\"https:\/\/www.ellingyachting.com\/no\/om-elling-yachting\/\"]}]},{\"@type\":\"BreadcrumbList\",\"@id\":\"https:\/\/www.ellingyachting.com\/no\/om-elling-yachting\/#breadcrumb\",\"itemListElement\":[{\"@type\":\"ListItem\",\"position\":1,\"name\":\"Home\",\"item\":\"https:\/\/www.ellingyachting.com\/no\/\"},{\"@type\":\"ListItem\",\"position\":2,\"name\":\"v\u00e5r etos\"}]},{\"@type\":\"WebSite\",\"@id\":\"https:\/\/www.ellingyachting.com\/#website\",\"url\":\"https:\/\/www.ellingyachting.com\/\",\"name\":\"Elling Yachting\",\"description\":\"Luxury Elling Yachts builders\",\"publisher\":{\"@id\":\"https:\/\/www.ellingyachting.com\/#organization\"},\"potentialAction\":[{\"@type\":\"SearchAction\",\"target\":{\"@type\":\"EntryPoint\",\"urlTemplate\":\"https:\/\/www.ellingyachting.com\/?s={search_term_string}\"},\"query-input\":{\"@type\":\"PropertyValueSpecification\",\"valueRequired\":true,\"valueName\":\"search_term_string\"}}],\"inLanguage\":\"nb-NO\"},{\"@type\":\"Organization\",\"@id\":\"https:\/\/www.ellingyachting.com\/#organization\",\"name\":\"Elling shipbuilding\",\"url\":\"https:\/\/www.ellingyachting.com\/\",\"logo\":{\"@type\":\"ImageObject\",\"inLanguage\":\"nb-NO\",\"@id\":\"https:\/\/www.ellingyachting.com\/#\/schema\/logo\/image\/\",\"url\":\"https:\/\/www.ellingyachting.com\/wp-content\/uploads\/2024\/12\/logo.png\",\"contentUrl\":\"https:\/\/www.ellingyachting.com\/wp-content\/uploads\/2024\/12\/logo.png\",\"width\":159,\"height\":125,\"caption\":\"Elling shipbuilding\"},\"image\":{\"@id\":\"https:\/\/www.ellingyachting.com\/#\/schema\/logo\/image\/\"},\"sameAs\":[\"https:\/\/www.facebook.com\/profile.php?id=100063969341938&locale=nl_NL\",\"https:\/\/www.instagram.com\/ellingyachts\/\"]}]}<\/script>\n<!-- \/ Yoast SEO plugin. -->","yoast_head_json":{"title":"Om Elling yachter, Super motoryachter | Elling Yachting","description":"Elling Yachts ble grunnlagt i 1997 under navnet Neptune Marine Shipbuilding bv. Dette \u00e5ret ble den f\u00f8rste Elling Motoryachten bygget.","robots":{"index":"index","follow":"follow","max-snippet":"max-snippet:-1","max-image-preview":"max-image-preview:large","max-video-preview":"max-video-preview:-1"},"canonical":"https:\/\/www.ellingyachting.com\/no\/om-elling-yachting\/","og_locale":"nb_NO","og_type":"article","og_title":"Om Elling yachter, Super motoryachter | Elling Yachting","og_description":"Elling Yachts ble grunnlagt i 1997 under navnet Neptune Marine Shipbuilding bv. Dette \u00e5ret ble den f\u00f8rste Elling Motoryachten bygget.","og_url":"https:\/\/www.ellingyachting.com\/no\/om-elling-yachting\/","og_site_name":"Elling Yachting","article_publisher":"https:\/\/www.facebook.com\/profile.php?id=100063969341938&locale=nl_NL","article_modified_time":"2026-03-04T17:49:23+00:00","og_image":[{"width":159,"height":125,"url":"https:\/\/www.ellingyachting.com\/wp-content\/uploads\/2024\/12\/logo.png","type":"image\/png"}],"twitter_card":"summary_large_image","twitter_misc":{"Ansl. lesetid":"3 minutter"},"schema":{"@context":"https:\/\/schema.org","@graph":[{"@type":"WebPage","@id":"https:\/\/www.ellingyachting.com\/no\/om-elling-yachting\/","url":"https:\/\/www.ellingyachting.com\/no\/om-elling-yachting\/","name":"Om Elling yachter, Super motoryachter | Elling Yachting","isPartOf":{"@id":"https:\/\/www.ellingyachting.com\/#website"},"datePublished":"2020-02-24T13:27:04+00:00","dateModified":"2026-03-04T17:49:23+00:00","description":"Elling Yachts ble grunnlagt i 1997 under navnet Neptune Marine Shipbuilding bv. Dette \u00e5ret ble den f\u00f8rste Elling Motoryachten bygget.","breadcrumb":{"@id":"https:\/\/www.ellingyachting.com\/no\/om-elling-yachting\/#breadcrumb"},"inLanguage":"nb-NO","potentialAction":[{"@type":"ReadAction","target":["https:\/\/www.ellingyachting.com\/no\/om-elling-yachting\/"]}]},{"@type":"BreadcrumbList","@id":"https:\/\/www.ellingyachting.com\/no\/om-elling-yachting\/#breadcrumb","itemListElement":[{"@type":"ListItem","position":1,"name":"Home","item":"https:\/\/www.ellingyachting.com\/no\/"},{"@type":"ListItem","position":2,"name":"v\u00e5r etos"}]},{"@type":"WebSite","@id":"https:\/\/www.ellingyachting.com\/#website","url":"https:\/\/www.ellingyachting.com\/","name":"Elling Yachting","description":"Luxury Elling Yachts builders","publisher":{"@id":"https:\/\/www.ellingyachting.com\/#organization"},"potentialAction":[{"@type":"SearchAction","target":{"@type":"EntryPoint","urlTemplate":"https:\/\/www.ellingyachting.com\/?s={search_term_string}"},"query-input":{"@type":"PropertyValueSpecification","valueRequired":true,"valueName":"search_term_string"}}],"inLanguage":"nb-NO"},{"@type":"Organization","@id":"https:\/\/www.ellingyachting.com\/#organization","name":"Elling shipbuilding","url":"https:\/\/www.ellingyachting.com\/","logo":{"@type":"ImageObject","inLanguage":"nb-NO","@id":"https:\/\/www.ellingyachting.com\/#\/schema\/logo\/image\/","url":"https:\/\/www.ellingyachting.com\/wp-content\/uploads\/2024\/12\/logo.png","contentUrl":"https:\/\/www.ellingyachting.com\/wp-content\/uploads\/2024\/12\/logo.png","width":159,"height":125,"caption":"Elling shipbuilding"},"image":{"@id":"https:\/\/www.ellingyachting.com\/#\/schema\/logo\/image\/"},"sameAs":["https:\/\/www.facebook.com\/profile.php?id=100063969341938&locale=nl_NL","https:\/\/www.instagram.com\/ellingyachts\/"]}]}},"_links":{"self":[{"href":"https:\/\/www.ellingyachting.com\/no\/wp-json\/wp\/v2\/pages\/3082","targetHints":{"allow":["GET"]}}],"collection":[{"href":"https:\/\/www.ellingyachting.com\/no\/wp-json\/wp\/v2\/pages"}],"about":[{"href":"https:\/\/www.ellingyachting.com\/no\/wp-json\/wp\/v2\/types\/page"}],"author":[{"embeddable":true,"href":"https:\/\/www.ellingyachting.com\/no\/wp-json\/wp\/v2\/users\/1"}],"replies":[{"embeddable":true,"href":"https:\/\/www.ellingyachting.com\/no\/wp-json\/wp\/v2\/comments?post=3082"}],"version-history":[{"count":8,"href":"https:\/\/www.ellingyachting.com\/no\/wp-json\/wp\/v2\/pages\/3082\/revisions"}],"predecessor-version":[{"id":3738,"href":"https:\/\/www.ellingyachting.com\/no\/wp-json\/wp\/v2\/pages\/3082\/revisions\/3738"}],"wp:attachment":[{"href":"https:\/\/www.ellingyachting.com\/no\/wp-json\/wp\/v2\/media?parent=3082"}],"curies":[{"name":"wp","href":"https:\/\/api.w.org\/{rel}","templated":true}]}}