{"id":3038,"date":"2024-11-19T13:33:20","date_gmt":"2024-11-19T12:33:20","guid":{"rendered":"https:\/\/www.ellingyachting.com\/elling-e3\/"},"modified":"2026-03-04T18:49:21","modified_gmt":"2026-03-04T17:49:21","slug":"elling-e3","status":"publish","type":"page","link":"https:\/\/www.ellingyachting.com\/no\/ellings-utvalg-av-motorbater\/elling-e3\/","title":{"rendered":"Elling E3"},"content":{"rendered":"<div>\n<div>\n<div>\n<div>\n<div>\n<div>\n<div>\n<div>\n<div>E3 setter nye standarder for sikkerhet og luksus. Den er bygget av kevlar og oppfyller CE-standarden for kategori A (Ocean). Den er like t\u00f8ff som en livb\u00e5t! Livet til sj\u00f8s er uforutsigbart, men E3 er klar for enhver utfordring. Elling-b\u00e5ter er bygget for \u00e5 holde familien din trygg under alle forhold.    <\/div>\n<\/div>\n<\/div>\n<\/div>\n<\/div>\n<div>\n<div>\n<div>\n<div dir=\"auto\" data-message-author-role=\"assistant\" data-message-id=\"600fb453-34d1-4ad6-8db8-b25a53a9f608\" data-message-model-slug=\"gpt-4o\">\n<div>\n<div>\n<p>Ved 7,5 knop er drivstofforbruket 1 liter per nautisk mil. Dette gir en rekkevidde p\u00e5 1500 nautiske mil. Det er nok til en tur fra Rotterdam til Azorene eller fra New York til Bahamas.  <\/p>\n<p>Ved 16 knop i halv deplasementsmodus er drivstofforbruket 3,8 liter per nautisk mil. Rekkevidden er 400 nautiske mil. <\/p>\n<p>For ekstra sikkerhet finnes det en ekstra motor som ekstrautstyr. Den har en separat drivstofftank, batterier, ror og sammenleggbar propell. Hvis du f\u00e5r problemer med drivstoffet eller f\u00e5r problemer med propellen, kan du bytte til hjelpemotoren og fortsette.  <\/p>\n<p>Masten senkes med et enkelt trykk p\u00e5 en bryter, noe som gir en klaring p\u00e5 3,45 meter. Du kan enkelt navigere p\u00e5 franske kanaler eller amerikanske innlandsvannveier. Doble vinduer, sentralvarme og klimaanlegg s\u00f8rger for komfort fra tropene til polarsirkelen.  <\/p>\n<\/div>\n<\/div>\n<\/div>\n<\/div>\n<\/div>\n<\/div>\n<\/div>\n<\/div>\n<\/div>\n<\/div>\n","protected":false},"excerpt":{"rendered":"<p>E3 setter nye standarder for sikkerhet og luksus. Den er bygget av kevlar og oppfyller CE-standarden for kategori A (Ocean). Den er like t\u00f8ff som en livb\u00e5t! Livet til sj\u00f8s er uforutsigbart, men E3 er klar for enhver utfordring. Elling-b\u00e5ter er bygget for \u00e5 holde&#8230;<\/p>\n","protected":false},"author":1,"featured_media":0,"parent":3142,"menu_order":0,"comment_status":"closed","ping_status":"closed","template":"page-template-E3-single-boat.php","meta":{"_acf_changed":false,"footnotes":""},"class_list":["post-3038","page","type-page","status-publish","hentry"],"acf":[],"yoast_head":"<!-- This site is optimized with the Yoast SEO plugin v26.9 - https:\/\/yoast.com\/product\/yoast-seo-wordpress\/ -->\n<title>Elling E3 - Elling Yachting<\/title>\n<meta name=\"description\" content=\"Oppdag Elling E3 motorb\u00e5t: en kompakt, effektiv og luksuri\u00f8s yacht designet for eventyr og komfort. Perfekt for b\u00e5de korte og lange turer, med eksepsjonell ytelse og innovative funksjoner.\" \/>\n<meta name=\"robots\" content=\"index, follow, max-snippet:-1, max-image-preview:large, max-video-preview:-1\" \/>\n<link rel=\"canonical\" href=\"https:\/\/www.ellingyachting.com\/no\/ellings-utvalg-av-motorbater\/elling-e3\/\" \/>\n<meta property=\"og:locale\" content=\"nb_NO\" \/>\n<meta property=\"og:type\" content=\"article\" \/>\n<meta property=\"og:title\" content=\"Elling E3 - Elling Yachting\" \/>\n<meta property=\"og:description\" content=\"Oppdag Elling E3 motorb\u00e5t: en kompakt, effektiv og luksuri\u00f8s yacht designet for eventyr og komfort. Perfekt for b\u00e5de korte og lange turer, med eksepsjonell ytelse og innovative funksjoner.\" \/>\n<meta property=\"og:url\" content=\"https:\/\/www.ellingyachting.com\/no\/ellings-utvalg-av-motorbater\/elling-e3\/\" \/>\n<meta property=\"og:site_name\" content=\"Elling Yachting\" \/>\n<meta property=\"article:publisher\" content=\"https:\/\/www.facebook.com\/profile.php?id=100063969341938&amp;locale=nl_NL\" \/>\n<meta property=\"article:modified_time\" content=\"2026-03-04T17:49:21+00:00\" \/>\n<meta property=\"og:image\" content=\"https:\/\/www.ellingyachting.com\/wp-content\/uploads\/2024\/12\/logo.png\" \/>\n\t<meta property=\"og:image:width\" content=\"159\" \/>\n\t<meta property=\"og:image:height\" content=\"125\" \/>\n\t<meta property=\"og:image:type\" content=\"image\/png\" \/>\n<meta name=\"twitter:card\" content=\"summary_large_image\" \/>\n<meta name=\"twitter:label1\" content=\"Ansl. lesetid\" \/>\n\t<meta name=\"twitter:data1\" content=\"1 minutt\" \/>\n<script type=\"application\/ld+json\" class=\"yoast-schema-graph\">{\"@context\":\"https:\/\/schema.org\",\"@graph\":[{\"@type\":\"WebPage\",\"@id\":\"https:\/\/www.ellingyachting.com\/no\/ellings-utvalg-av-motorbater\/elling-e3\/\",\"url\":\"https:\/\/www.ellingyachting.com\/no\/ellings-utvalg-av-motorbater\/elling-e3\/\",\"name\":\"Elling E3 - Elling Yachting\",\"isPartOf\":{\"@id\":\"https:\/\/www.ellingyachting.com\/#website\"},\"datePublished\":\"2024-11-19T12:33:20+00:00\",\"dateModified\":\"2026-03-04T17:49:21+00:00\",\"description\":\"Oppdag Elling E3 motorb\u00e5t: en kompakt, effektiv og luksuri\u00f8s yacht designet for eventyr og komfort. Perfekt for b\u00e5de korte og lange turer, med eksepsjonell ytelse og innovative funksjoner.\",\"breadcrumb\":{\"@id\":\"https:\/\/www.ellingyachting.com\/no\/ellings-utvalg-av-motorbater\/elling-e3\/#breadcrumb\"},\"inLanguage\":\"nb-NO\",\"potentialAction\":[{\"@type\":\"ReadAction\",\"target\":[\"https:\/\/www.ellingyachting.com\/no\/ellings-utvalg-av-motorbater\/elling-e3\/\"]}]},{\"@type\":\"BreadcrumbList\",\"@id\":\"https:\/\/www.ellingyachting.com\/no\/ellings-utvalg-av-motorbater\/elling-e3\/#breadcrumb\",\"itemListElement\":[{\"@type\":\"ListItem\",\"position\":1,\"name\":\"Home\",\"item\":\"https:\/\/www.ellingyachting.com\/no\/\"},{\"@type\":\"ListItem\",\"position\":2,\"name\":\"Sortimentet\",\"item\":\"https:\/\/www.ellingyachting.com\/no\/ellings-utvalg-av-motorbater\/\"},{\"@type\":\"ListItem\",\"position\":3,\"name\":\"Elling E3\"}]},{\"@type\":\"WebSite\",\"@id\":\"https:\/\/www.ellingyachting.com\/#website\",\"url\":\"https:\/\/www.ellingyachting.com\/\",\"name\":\"Elling Yachting\",\"description\":\"Luxury Elling Yachts builders\",\"publisher\":{\"@id\":\"https:\/\/www.ellingyachting.com\/#organization\"},\"potentialAction\":[{\"@type\":\"SearchAction\",\"target\":{\"@type\":\"EntryPoint\",\"urlTemplate\":\"https:\/\/www.ellingyachting.com\/?s={search_term_string}\"},\"query-input\":{\"@type\":\"PropertyValueSpecification\",\"valueRequired\":true,\"valueName\":\"search_term_string\"}}],\"inLanguage\":\"nb-NO\"},{\"@type\":\"Organization\",\"@id\":\"https:\/\/www.ellingyachting.com\/#organization\",\"name\":\"Elling shipbuilding\",\"url\":\"https:\/\/www.ellingyachting.com\/\",\"logo\":{\"@type\":\"ImageObject\",\"inLanguage\":\"nb-NO\",\"@id\":\"https:\/\/www.ellingyachting.com\/#\/schema\/logo\/image\/\",\"url\":\"https:\/\/www.ellingyachting.com\/wp-content\/uploads\/2024\/12\/logo.png\",\"contentUrl\":\"https:\/\/www.ellingyachting.com\/wp-content\/uploads\/2024\/12\/logo.png\",\"width\":159,\"height\":125,\"caption\":\"Elling shipbuilding\"},\"image\":{\"@id\":\"https:\/\/www.ellingyachting.com\/#\/schema\/logo\/image\/\"},\"sameAs\":[\"https:\/\/www.facebook.com\/profile.php?id=100063969341938&locale=nl_NL\",\"https:\/\/www.instagram.com\/ellingyachts\/\"]}]}<\/script>\n<!-- \/ Yoast SEO plugin. -->","yoast_head_json":{"title":"Elling E3 - Elling Yachting","description":"Oppdag Elling E3 motorb\u00e5t: en kompakt, effektiv og luksuri\u00f8s yacht designet for eventyr og komfort. Perfekt for b\u00e5de korte og lange turer, med eksepsjonell ytelse og innovative funksjoner.","robots":{"index":"index","follow":"follow","max-snippet":"max-snippet:-1","max-image-preview":"max-image-preview:large","max-video-preview":"max-video-preview:-1"},"canonical":"https:\/\/www.ellingyachting.com\/no\/ellings-utvalg-av-motorbater\/elling-e3\/","og_locale":"nb_NO","og_type":"article","og_title":"Elling E3 - Elling Yachting","og_description":"Oppdag Elling E3 motorb\u00e5t: en kompakt, effektiv og luksuri\u00f8s yacht designet for eventyr og komfort. Perfekt for b\u00e5de korte og lange turer, med eksepsjonell ytelse og innovative funksjoner.","og_url":"https:\/\/www.ellingyachting.com\/no\/ellings-utvalg-av-motorbater\/elling-e3\/","og_site_name":"Elling Yachting","article_publisher":"https:\/\/www.facebook.com\/profile.php?id=100063969341938&locale=nl_NL","article_modified_time":"2026-03-04T17:49:21+00:00","og_image":[{"width":159,"height":125,"url":"https:\/\/www.ellingyachting.com\/wp-content\/uploads\/2024\/12\/logo.png","type":"image\/png"}],"twitter_card":"summary_large_image","twitter_misc":{"Ansl. lesetid":"1 minutt"},"schema":{"@context":"https:\/\/schema.org","@graph":[{"@type":"WebPage","@id":"https:\/\/www.ellingyachting.com\/no\/ellings-utvalg-av-motorbater\/elling-e3\/","url":"https:\/\/www.ellingyachting.com\/no\/ellings-utvalg-av-motorbater\/elling-e3\/","name":"Elling E3 - Elling Yachting","isPartOf":{"@id":"https:\/\/www.ellingyachting.com\/#website"},"datePublished":"2024-11-19T12:33:20+00:00","dateModified":"2026-03-04T17:49:21+00:00","description":"Oppdag Elling E3 motorb\u00e5t: en kompakt, effektiv og luksuri\u00f8s yacht designet for eventyr og komfort. Perfekt for b\u00e5de korte og lange turer, med eksepsjonell ytelse og innovative funksjoner.","breadcrumb":{"@id":"https:\/\/www.ellingyachting.com\/no\/ellings-utvalg-av-motorbater\/elling-e3\/#breadcrumb"},"inLanguage":"nb-NO","potentialAction":[{"@type":"ReadAction","target":["https:\/\/www.ellingyachting.com\/no\/ellings-utvalg-av-motorbater\/elling-e3\/"]}]},{"@type":"BreadcrumbList","@id":"https:\/\/www.ellingyachting.com\/no\/ellings-utvalg-av-motorbater\/elling-e3\/#breadcrumb","itemListElement":[{"@type":"ListItem","position":1,"name":"Home","item":"https:\/\/www.ellingyachting.com\/no\/"},{"@type":"ListItem","position":2,"name":"Sortimentet","item":"https:\/\/www.ellingyachting.com\/no\/ellings-utvalg-av-motorbater\/"},{"@type":"ListItem","position":3,"name":"Elling E3"}]},{"@type":"WebSite","@id":"https:\/\/www.ellingyachting.com\/#website","url":"https:\/\/www.ellingyachting.com\/","name":"Elling Yachting","description":"Luxury Elling Yachts builders","publisher":{"@id":"https:\/\/www.ellingyachting.com\/#organization"},"potentialAction":[{"@type":"SearchAction","target":{"@type":"EntryPoint","urlTemplate":"https:\/\/www.ellingyachting.com\/?s={search_term_string}"},"query-input":{"@type":"PropertyValueSpecification","valueRequired":true,"valueName":"search_term_string"}}],"inLanguage":"nb-NO"},{"@type":"Organization","@id":"https:\/\/www.ellingyachting.com\/#organization","name":"Elling shipbuilding","url":"https:\/\/www.ellingyachting.com\/","logo":{"@type":"ImageObject","inLanguage":"nb-NO","@id":"https:\/\/www.ellingyachting.com\/#\/schema\/logo\/image\/","url":"https:\/\/www.ellingyachting.com\/wp-content\/uploads\/2024\/12\/logo.png","contentUrl":"https:\/\/www.ellingyachting.com\/wp-content\/uploads\/2024\/12\/logo.png","width":159,"height":125,"caption":"Elling shipbuilding"},"image":{"@id":"https:\/\/www.ellingyachting.com\/#\/schema\/logo\/image\/"},"sameAs":["https:\/\/www.facebook.com\/profile.php?id=100063969341938&locale=nl_NL","https:\/\/www.instagram.com\/ellingyachts\/"]}]}},"_links":{"self":[{"href":"https:\/\/www.ellingyachting.com\/no\/wp-json\/wp\/v2\/pages\/3038","targetHints":{"allow":["GET"]}}],"collection":[{"href":"https:\/\/www.ellingyachting.com\/no\/wp-json\/wp\/v2\/pages"}],"about":[{"href":"https:\/\/www.ellingyachting.com\/no\/wp-json\/wp\/v2\/types\/page"}],"author":[{"embeddable":true,"href":"https:\/\/www.ellingyachting.com\/no\/wp-json\/wp\/v2\/users\/1"}],"replies":[{"embeddable":true,"href":"https:\/\/www.ellingyachting.com\/no\/wp-json\/wp\/v2\/comments?post=3038"}],"version-history":[{"count":3,"href":"https:\/\/www.ellingyachting.com\/no\/wp-json\/wp\/v2\/pages\/3038\/revisions"}],"predecessor-version":[{"id":3810,"href":"https:\/\/www.ellingyachting.com\/no\/wp-json\/wp\/v2\/pages\/3038\/revisions\/3810"}],"up":[{"embeddable":true,"href":"https:\/\/www.ellingyachting.com\/no\/wp-json\/wp\/v2\/pages\/3142"}],"wp:attachment":[{"href":"https:\/\/www.ellingyachting.com\/no\/wp-json\/wp\/v2\/media?parent=3038"}],"curies":[{"name":"wp","href":"https:\/\/api.w.org\/{rel}","templated":true}]}}