{"id":3008,"date":"2019-10-08T10:03:38","date_gmt":"2019-10-08T08:03:38","guid":{"rendered":"https:\/\/www.ellingyachting.com\/home\/"},"modified":"2026-03-04T18:49:23","modified_gmt":"2026-03-04T17:49:23","slug":"home","status":"publish","type":"page","link":"https:\/\/www.ellingyachting.com\/no\/","title":{"rendered":"Home"},"content":{"rendered":"<div class=\"wpb-content-wrapper\"><p>[vc_row css_animation=&raquo;&raquo; row_type=&raquo;row&raquo; use_row_as_full_screen_section=&raquo;no&raquo; type=&raquo;full_width&raquo; angled_section=&raquo;no&raquo; text_align=&raquo;left&raquo; background_image_as_pattern=&raquo;without_pattern&raquo; css=&raquo;.vc_custom_1582639408514{background-color: #000000 !important;}&raquo; z_index=&raquo;&raquo; el_class=&raquo;video-stream-holder&raquo;][vc_column][vc_raw_html]PHN0cmVhbSBzcmM9IjM1M2IwMjdkMDRhMjk5ODA5MjBiMDBhMWMyMjEwMjdjIiBhdXRvcGxheT0iIiBsb29wPSIiIG11dGU9IiI+PC9zdHJlYW0+CjxzY3JpcHQgZGF0YS1jZmFzeW5jPSJmYWxzZSIgZGVmZXIgdHlwZT0idGV4dC9qYXZhc2NyaXB0IiBzcmM9Imh0dHBzOi8vZW1iZWQudmlkZW9kZWxpdmVyeS5uZXQvZW1iZWQvcjR4dS5mbGE5LmxhdGVzdC5qcz92aWRlbz0zNTNiMDI3ZDA0YTI5OTgwOTIwYjAwYTFjMjIxMDI3YyI+PC9zY3JpcHQ+[\/vc_raw_html][\/vc_column][\/vc_row][vc_row css_animation=&raquo;&raquo; row_type=&raquo;row&raquo; use_row_as_full_screen_section=&raquo;no&raquo; type=&raquo;full_width&raquo; angled_section=&raquo;no&raquo; text_align=&raquo;left&raquo; background_image_as_pattern=&raquo;without_pattern&raquo; el_class=&raquo;flex-row-over&raquo; z_index=&raquo;&raquo;][vc_column][vc_row_inner row_type=&raquo;row&raquo; type=&raquo;grid&raquo; text_align=&raquo;left&raquo; css_animation=&raquo;element_from_fade&raquo; el_class=&raquo;home-h1-styling&raquo;][vc_column_inner width=&raquo;1\/2&#8243;][vc_column_text css=&raquo;&raquo;]<\/p>\n<h1>Elling Yacht <span class=\"gold-head\">E6<\/span><br \/>\n<strong>Kraft og eleganse<\/strong><\/h1>\n<p>[\/vc_column_text][vc_raw_html el_class=&raquo;dont-show-on-mobile&raquo;]PGRpdiBjbGFzcz0icV9pY29uX3dpdGhfdGl0bGUgdGlueSBub3JtYWxfaWNvbiAiPgoJPGRpdiBjbGFzcz0iaWNvbl9ob2xkZXIgIiBzdHlsZT0iICI+CgkJPHNwYW4gZGF0YS1pY29uLXR5cGU9Im5vcm1hbCIgc3R5bGU9IiIgY2xhc3M9InFvZGVfaXd0X2ljb25faG9sZGVyIHFfZm9udF9hd3NvbWVfaWNvbiBmYS1sZyAiPgoJCQk8aSBjbGFzcz0icW9kZV9pY29uX2ZvbnRfYXdlc29tZSBmYSBmYS1jaGV2cm9uLWRvd24gcW9kZV9pd3RfaWNvbl9lbGVtZW50IiBzdHlsZT0iY29sb3I6ICNmZmZmZmY7Ij48L2k+CQoJCTwvc3Bhbj4KCTwvZGl2PgoJPGRpdiBjbGFzcz0iaWNvbl90ZXh0X2hvbGRlciIgc3R5bGU9IiI+CgkJPGRpdiBjbGFzcz0iaWNvbl90ZXh0X2lubmVyIGFjdGl2ZSIgc3R5bGU9IiI+CgkJCTxwIHN0eWxlPSIiPjwvcD4KCQkJPGEgaXRlbXByb3A9InVybCIgY2xhc3M9Imljb25fd2l0aF90aXRsZV9saW5rIGFuY2hvciIgaHJlZj0iI3ZpZXdtb3JlIiB0YXJnZXQ9Il9zZWxmIiBzdHlsZT0iY29sb3I6ICNmZmZmZmY7Ij5MZXMgdmlkZXJlPC9hPgoJCTwvZGl2PgoJPC9kaXY+CjwvZGl2Pg==[\/vc_raw_html][\/vc_column_inner][vc_column_inner el_class=&raquo;text-align-right&raquo; width=&raquo;1\/2&#8243;]<a  itemprop=\"url\" href=\"https:\/\/www.ellingyachting.com\/no\/ellings-utvalg-av-motorbater\/elling-e6\/\" target=\"_self\"  class=\"qbutton  default\" style=\"margin: 20px 0px 65px 0px; \">Oppdag E6<i class=\"qode_icon_font_awesome fa fa-chevron-right qode_button_icon_element\"><\/i><\/a>[\/vc_column_inner][\/vc_row_inner][\/vc_column][\/vc_row][vc_row css_animation=&raquo;element_from_fade&raquo; row_type=&raquo;row&raquo; use_row_as_full_screen_section=&raquo;no&raquo; type=&raquo;full_width&raquo; angled_section=&raquo;no&raquo; text_align=&raquo;left&raquo; background_image_as_pattern=&raquo;without_pattern&raquo; css=&raquo;.vc_custom_1570612979519{padding-top: 80px !important;padding-bottom: 80px !important;}&raquo; z_index=&raquo;&raquo;][vc_column][vc_row_inner row_type=&raquo;row&raquo; type=&raquo;grid&raquo; text_align=&raquo;left&raquo; css_animation=&raquo;&raquo;][vc_column_inner][vc_column_text el_class=&raquo;big-brown-head&raquo;]<\/p>\n<h3>Elling-serien.<\/h3>\n<p>[\/vc_column_text][\/vc_column_inner][\/vc_row_inner][vc_row_inner row_type=&raquo;row&raquo; type=&raquo;grid&raquo; text_align=&raquo;left&raquo; css_animation=&raquo;&raquo; css=&raquo;.vc_custom_1583760049898{margin-top: 30px !important;}&raquo; el_class=&raquo;three-box-footer-home&raquo;][vc_column_inner width=&raquo;1\/3&#8243;][vc_single_image image=&raquo;3030&#8243; img_size=&raquo;full&raquo; alignment=&raquo;center&raquo; onclick=&raquo;custom_link&raquo; css=&raquo;&raquo; qode_css_animation=&raquo;&raquo; qode_hover_animation=&raquo;zoom_in&raquo; link=&raquo;https:\/\/www.ellingyachting.com\/no\/ellings-utvalg-av-motorbater\/elling-e3\/&raquo;][vc_column_text css=&raquo;.vc_custom_1607093010670{margin-top: 20px !important;}&raquo;]<\/p>\n<h4>Elling E3<\/h4>\n<p>13.8m &#8211; 45FT<\/p>\n<h5>The pure spirit of adventure.<\/h5>\n<p>[\/vc_column_text]<a  itemprop=\"url\" href=\"https:\/\/www.ellingyachting.com\/no\/ellings-utvalg-av-motorbater\/elling-e3\/\" target=\"_self\"  class=\"qbutton  default\" style=\"margin: 20px 0px 0px 0px; \">Din Elling E3<i class=\"qode_icon_font_awesome fa fa-chevron-right qode_button_icon_element\"><\/i><\/a>[\/vc_column_inner][vc_column_inner width=&raquo;1\/3&#8243;][vc_single_image image=&raquo;3174&#8243; img_size=&raquo;2000&#215;1333&#8243; alignment=&raquo;center&raquo; onclick=&raquo;custom_link&raquo; css=&raquo;&raquo; qode_css_animation=&raquo;&raquo; qode_hover_animation=&raquo;zoom_in&raquo; link=&raquo;https:\/\/www.ellingyachting.com\/no\/ellings-utvalg-av-motorbater\/elling-e4\/&raquo;][vc_column_text css=&raquo;.vc_custom_1607093016829{margin-top: 20px !important;}&raquo;]<\/p>\n<h4>Elling E4<\/h4>\n<p>14.95m &#8211; 49 FT<\/p>\n<h5>Elegance meets safety.<\/h5>\n<p>[\/vc_column_text]<a  itemprop=\"url\" href=\"https:\/\/www.ellingyachting.com\/no\/ellings-utvalg-av-motorbater\/elling-e4\/\" target=\"_self\"  class=\"qbutton  default\" style=\"margin: 20px 0px 0px 0px; \">Din Elling E4<i class=\"qode_icon_font_awesome fa fa-chevron-right qode_button_icon_element\"><\/i><\/a>[\/vc_column_inner][vc_column_inner width=&raquo;1\/3&#8243;][vc_single_image image=&raquo;3029&#8243; img_size=&raquo;full&raquo; alignment=&raquo;center&raquo; onclick=&raquo;custom_link&raquo; css=&raquo;&raquo; qode_css_animation=&raquo;&raquo; qode_hover_animation=&raquo;zoom_in&raquo; link=&raquo;https:\/\/www.ellingyachting.com\/no\/ellings-utvalg-av-motorbater\/elling-e6\/&raquo;][vc_column_text css=&raquo;.vc_custom_1607093024354{margin-top: 20px !important;}&raquo;]<\/p>\n<h4>Elling E6<\/h4>\n<p>19.8m &#8211; 65 FT<\/p>\n<h5>Fullfilling your dreams.<\/h5>\n<p>[\/vc_column_text]<a  itemprop=\"url\" href=\"https:\/\/www.ellingyachting.com\/no\/ellings-utvalg-av-motorbater\/elling-e6\/\" target=\"_self\"  class=\"qbutton  default\" style=\"margin: 20px 0px 0px 0px; \">Din Elling E6<i class=\"qode_icon_font_awesome fa fa-chevron-right qode_button_icon_element\"><\/i><\/a>[\/vc_column_inner][\/vc_row_inner][\/vc_column][\/vc_row][vc_row row_type=&raquo;parallax&raquo; parallax_content_width=&raquo;in_grid&raquo; text_align=&raquo;left&raquo; full_screen_section_height=&raquo;no&raquo; section_height=&raquo;600&#8243; background_image=&raquo;178&#8243;][vc_column][\/vc_column][\/vc_row][vc_row css_animation=&raquo;&raquo; row_type=&raquo;row&raquo; use_row_as_full_screen_section=&raquo;no&raquo; type=&raquo;full_width&raquo; angled_section=&raquo;no&raquo; text_align=&raquo;left&raquo; background_image_as_pattern=&raquo;without_pattern&raquo; z_index=&raquo;&raquo; anchor=&raquo;viewmore&raquo;][vc_column][vc_row_inner row_type=&raquo;row&raquo; type=&raquo;grid&raquo; text_align=&raquo;left&raquo; css_animation=&raquo;element_from_fade&raquo; css=&raquo;.vc_custom_1583759421093{padding-top: 80px !important;padding-bottom: 80px !important;}&raquo; transition_delay=&raquo;500&#8243; el_class=&raquo;two-block-style order-change-mobile&raquo;][vc_column_inner el_class=&raquo;white-box-around&raquo; width=&raquo;1\/3&#8243; css=&raquo;.vc_custom_1582199390133{padding-top: 20px !important;padding-bottom: 40px !important;}&raquo;][vc_column_text]<\/p>\n<h2>E6. En ny verden full av eventyr<\/h2>\n<p>E-serien E6 representerer kulminasjonen av v\u00e5re prestasjoner innen moderne luksusyachtdesign og innkapsler konseptet \u00abg\u00e5 hvor som helst\u00bb. Denne b\u00e5ten hever standarden som allerede er satt av E4 og legger til ekstra 16 fot med luksus, slik at du kan slappe av i enda st\u00f8rre komfort og med \u00f8kt rekkevidde.[\/vc_column_text][vc_column_text]E-serien n\u00e5r nye h\u00f8yder n\u00e5r det gjelder sikkerhet og luksus i moderne yachtdesign, bygget av Twaron\u00ae i henhold til den krevende CE-kategori A-standarden (Ocean), som er like robust som en livb\u00e5t! V\u00e5re modeller leveres med mulighet for hjelpemotor for ekstra trygghet n\u00e5r forholdene blir virkelig t\u00f8ffe! Enten du skal krysse Kanalen eller Atlanterhavet, vil du \u00f8nske \u00e5 oppleve luksusen i E-serien hele \u00e5ret rundt.[\/vc_column_text]<a  itemprop=\"url\" href=\"https:\/\/www.ellingyachting.com\/no\/ellings-utvalg-av-motorbater\/elling-e6\/\" target=\"_self\"  class=\"qbutton  default\" style=\"margin: 20px 0px 0px 0px; \">Se flere detaljer om E6<i class=\"qode_icon_font_awesome fa fa-chevron-right qode_button_icon_element\"><\/i><\/a>[\/vc_column_inner][vc_column_inner el_class=&raquo;give-text-more-space-left&raquo; width=&raquo;2\/3&#8243; css=&raquo;.vc_custom_1582199911979{padding-top: 50px !important;}&raquo;][vc_single_image image=&raquo;3021&#8243; img_size=&raquo;full&raquo; alignment=&raquo;right&raquo; qode_css_animation=&raquo;&raquo;][vc_single_image image=&raquo;3010&#8243; img_size=&raquo;full&raquo; css=&raquo;.vc_custom_1570541907456{margin-top: 30px !important;}&raquo; qode_css_animation=&raquo;&raquo; el_class=&raquo;blue-after-landscape-small&raquo;][\/vc_column_inner][\/vc_row_inner][\/vc_column][\/vc_row][vc_row row_type=&raquo;parallax&raquo; parallax_content_width=&raquo;in_grid&raquo; text_align=&raquo;left&raquo; full_screen_section_height=&raquo;no&raquo; section_height=&raquo;700&#8243; background_image=&raquo;128&#8243;][vc_column][\/vc_column][\/vc_row][vc_row css_animation=&raquo;&raquo; row_type=&raquo;row&raquo; use_row_as_full_screen_section=&raquo;no&raquo; type=&raquo;full_width&raquo; angled_section=&raquo;no&raquo; text_align=&raquo;left&raquo; background_image_as_pattern=&raquo;without_pattern&raquo;][vc_column][vc_row_inner row_type=&raquo;row&raquo; type=&raquo;grid&raquo; text_align=&raquo;left&raquo; css_animation=&raquo;element_from_fade&raquo; css=&raquo;.vc_custom_1583755647406{padding-top: 120px !important;padding-bottom: 120px !important;}&raquo; el_class=&raquo;two-block-style&raquo;][vc_column_inner width=&raquo;1\/3&#8243;][vc_single_image image=&raquo;3013&#8243; img_size=&raquo;full&raquo; alignment=&raquo;center&raquo; qode_css_animation=&raquo;&raquo; el_class=&raquo;brown-after-landscape-small&raquo;][vc_single_image image=&raquo;3015&#8243; img_size=&raquo;full&raquo; alignment=&raquo;center&raquo; css=&raquo;.vc_custom_1583759642833{margin-top: 30px !important;}&raquo; qode_css_animation=&raquo;&raquo; el_class=&raquo;blue-after-landscape-medium&raquo;][\/vc_column_inner][vc_column_inner el_class=&raquo;give-text-bigger-space-left white-box-around&raquo; width=&raquo;2\/3&#8243;][vc_column_text css=&raquo;&raquo;]<\/p>\n<h2>E6. <strong>Pantryet <\/strong>er et ekte &#8216;hjem borte fra hjemmet&#8217;<\/h2>\n<p>Pantryet er rett og slett fantastisk! Det har god plass til \u00e5 tilberede gourmetm\u00e5ltider eller bare snacks til mannskapet. Perfekt for \u00e5 underholde venner og familie, og utstyrt med et stort Miele-kj\u00f8leskap med fryser og oppvaskmaskin. God oppbevaringsplass og marmorbenkeplater som er enkle \u00e5 rengj\u00f8re, gj\u00f8r det hele enkelt og vakkert.<\/p>\n<p>Eierens hytte er det perfekte stedet \u00e5 slappe av og hvile ut etter dagens aktiviteter. Hvorfor ikke lene deg tilbake og nyte et kj\u00f8lig glass champagne p\u00e5 den luksuri\u00f8se dobbeltsengen? Du har fortjent det. Med sin vakre finish kan du nesten tro at du befinner deg p\u00e5 et femstjerners hotell, med et romslig bad med dobbel dusj, stort servant og toalett \u2013 alt du kan \u00f8nske deg.<\/p>\n<p>\u00c5pne taket og slipp solskinnet inn&#8230; for \u00e5 f\u00e5 flybridge-f\u00f8lelsen, eller hvis du foretrekker det, kan du stenge v\u00e6ret ute \u2013 valget er ditt. Det automatiske og hermetisk lukkede soltaket er helt vanntett selv under de mest ekstreme forhold.[\/vc_column_text]<a  itemprop=\"url\" href=\"https:\/\/www.ellingyachting.com\/no\/ellings-utvalg-av-motorbater\/elling-e6\/\" target=\"_self\"  class=\"qbutton  default\" style=\"margin: 20px 0px 0px 0px; \">Oppdag mer<i class=\"qode_icon_font_awesome fa fa-chevron-right qode_button_icon_element\"><\/i><\/a>[\/vc_column_inner][\/vc_row_inner][\/vc_column][\/vc_row]<\/p>\n<\/div>","protected":false},"excerpt":{"rendered":"<p>[vc_row css_animation=&raquo;&raquo; row_type=&raquo;row&raquo; use_row_as_full_screen_section=&raquo;no&raquo; type=&raquo;full_width&raquo; angled_section=&raquo;no&raquo; text_align=&raquo;left&raquo; background_image_as_pattern=&raquo;without_pattern&raquo; css=&raquo;.vc_custom_1582639408514{background-color: #000000 !important;}&raquo; z_index=&raquo;&raquo; el_class=&raquo;video-stream-holder&raquo;][vc_column][vc_raw_html]PHN0cmVhbSBzcmM9IjM1M2IwMjdkMDRhMjk5ODA5MjBiMDBhMWMyMjEwMjdjIiBhdXRvcGxheT0iIiBsb29wPSIiIG11dGU9IiI+PC9zdHJlYW0+CjxzY3JpcHQgZGF0YS1jZmFzeW5jPSJmYWxzZSIgZGVmZXIgdHlwZT0idGV4dC9qYXZhc2NyaXB0IiBzcmM9Imh0dHBzOi8vZW1iZWQudmlkZW9kZWxpdmVyeS5uZXQvZW1iZWQvcjR4dS5mbGE5LmxhdGVzdC5qcz92aWRlbz0zNTNiMDI3ZDA0YTI5OTgwOTIwYjAwYTFjMjIxMDI3YyI+PC9zY3JpcHQ+[\/vc_raw_html][\/vc_column][\/vc_row][vc_row css_animation=&raquo;&raquo; row_type=&raquo;row&raquo; use_row_as_full_screen_section=&raquo;no&raquo; type=&raquo;full_width&raquo; angled_section=&raquo;no&raquo; text_align=&raquo;left&raquo; background_image_as_pattern=&raquo;without_pattern&raquo; el_class=&raquo;flex-row-over&raquo; z_index=&raquo;&raquo;][vc_column][vc_row_inner row_type=&raquo;row&raquo; type=&raquo;grid&raquo; text_align=&raquo;left&raquo; css_animation=&raquo;element_from_fade&raquo; el_class=&raquo;home-h1-styling&raquo;][vc_column_inner width=&raquo;1\/2&#8243;][vc_column_text css=&raquo;&raquo;] Elling Yacht E6 Kraft og eleganse [\/vc_column_text][vc_raw_html el_class=&raquo;dont-show-on-mobile&raquo;]PGRpdiBjbGFzcz0icV9pY29uX3dpdGhfdGl0bGUgdGlueSBub3JtYWxfaWNvbiAiPgoJPGRpdiBjbGFzcz0iaWNvbl9ob2xkZXIgIiBzdHlsZT0iICI+CgkJPHNwYW4gZGF0YS1pY29uLXR5cGU9Im5vcm1hbCIgc3R5bGU9IiIgY2xhc3M9InFvZGVfaXd0X2ljb25faG9sZGVyIHFfZm9udF9hd3NvbWVfaWNvbiBmYS1sZyAiPgoJCQk8aSBjbGFzcz0icW9kZV9pY29uX2ZvbnRfYXdlc29tZSBmYSBmYS1jaGV2cm9uLWRvd24gcW9kZV9pd3RfaWNvbl9lbGVtZW50IiBzdHlsZT0iY29sb3I6ICNmZmZmZmY7Ij48L2k+CQoJCTwvc3Bhbj4KCTwvZGl2PgoJPGRpdiBjbGFzcz0iaWNvbl90ZXh0X2hvbGRlciIgc3R5bGU9IiI+CgkJPGRpdiBjbGFzcz0iaWNvbl90ZXh0X2lubmVyIGFjdGl2ZSIgc3R5bGU9IiI+CgkJCTxwIHN0eWxlPSIiPjwvcD4KCQkJPGEgaXRlbXByb3A9InVybCIgY2xhc3M9Imljb25fd2l0aF90aXRsZV9saW5rIGFuY2hvciIgaHJlZj0iI3ZpZXdtb3JlIiB0YXJnZXQ9Il9zZWxmIiBzdHlsZT0iY29sb3I6ICNmZmZmZmY7Ij5MZXMgdmlkZXJlPC9hPgoJCTwvZGl2PgoJPC9kaXY+CjwvZGl2Pg==[\/vc_raw_html][\/vc_column_inner][vc_column_inner el_class=&raquo;text-align-right&raquo; width=&raquo;1\/2&#8243;][\/vc_column_inner][\/vc_row_inner][\/vc_column][\/vc_row][vc_row css_animation=&raquo;element_from_fade&raquo; row_type=&raquo;row&raquo; use_row_as_full_screen_section=&raquo;no&raquo; type=&raquo;full_width&raquo; angled_section=&raquo;no&raquo; text_align=&raquo;left&raquo;&#8230;<\/p>\n","protected":false},"author":1,"featured_media":0,"parent":0,"menu_order":0,"comment_status":"closed","ping_status":"closed","template":"full_width.php","meta":{"_acf_changed":false,"footnotes":""},"class_list":["post-3008","page","type-page","status-publish","hentry"],"acf":[],"yoast_head":"<!-- This site is optimized with the Yoast SEO plugin v26.9 - https:\/\/yoast.com\/product\/yoast-seo-wordpress\/ -->\n<title>Elling Yachts \u2013 Luxury Motor Yachts for Adventure and Comfort<\/title>\n<meta name=\"description\" content=\"Discover Elling Yachts: luxury meets performance. Explore the E-Series, designed for safety, innovation, and year-round comfort.\" \/>\n<meta name=\"robots\" content=\"index, follow, max-snippet:-1, max-image-preview:large, max-video-preview:-1\" \/>\n<link rel=\"canonical\" href=\"https:\/\/www.ellingyachting.com\/no\/\" \/>\n<meta property=\"og:locale\" content=\"nb_NO\" \/>\n<meta property=\"og:type\" content=\"article\" \/>\n<meta property=\"og:title\" content=\"Elling Yachts \u2013 Luxury Motor Yachts for Adventure and Comfort\" \/>\n<meta property=\"og:description\" content=\"Discover Elling Yachts: luxury meets performance. Explore the E-Series, designed for safety, innovation, and year-round comfort.\" \/>\n<meta property=\"og:url\" content=\"https:\/\/www.ellingyachting.com\/no\/\" \/>\n<meta property=\"og:site_name\" content=\"Elling Yachting\" \/>\n<meta property=\"article:publisher\" content=\"https:\/\/www.facebook.com\/profile.php?id=100063969341938&amp;locale=nl_NL\" \/>\n<meta property=\"article:modified_time\" content=\"2026-03-04T17:49:23+00:00\" \/>\n<meta property=\"og:image\" content=\"https:\/\/www.ellingyachting.com\/wp-content\/uploads\/2024\/12\/logo.png\" \/>\n\t<meta property=\"og:image:width\" content=\"159\" \/>\n\t<meta property=\"og:image:height\" content=\"125\" \/>\n\t<meta property=\"og:image:type\" content=\"image\/png\" \/>\n<meta name=\"twitter:card\" content=\"summary_large_image\" \/>\n<meta name=\"twitter:label1\" content=\"Ansl. lesetid\" \/>\n\t<meta name=\"twitter:data1\" content=\"5 minutter\" \/>\n<script type=\"application\/ld+json\" class=\"yoast-schema-graph\">{\"@context\":\"https:\/\/schema.org\",\"@graph\":[{\"@type\":\"WebPage\",\"@id\":\"https:\/\/www.ellingyachting.com\/no\/\",\"url\":\"https:\/\/www.ellingyachting.com\/no\/\",\"name\":\"Elling Yachts \u2013 Luxury Motor Yachts for Adventure and Comfort\",\"isPartOf\":{\"@id\":\"https:\/\/www.ellingyachting.com\/#website\"},\"datePublished\":\"2019-10-08T08:03:38+00:00\",\"dateModified\":\"2026-03-04T17:49:23+00:00\",\"description\":\"Discover Elling Yachts: luxury meets performance. Explore the E-Series, designed for safety, innovation, and year-round comfort.\",\"breadcrumb\":{\"@id\":\"https:\/\/www.ellingyachting.com\/no\/#breadcrumb\"},\"inLanguage\":\"nb-NO\",\"potentialAction\":[{\"@type\":\"ReadAction\",\"target\":[\"https:\/\/www.ellingyachting.com\/no\/\"]}]},{\"@type\":\"BreadcrumbList\",\"@id\":\"https:\/\/www.ellingyachting.com\/no\/#breadcrumb\",\"itemListElement\":[{\"@type\":\"ListItem\",\"position\":1,\"name\":\"Home\",\"item\":\"https:\/\/www.ellingyachting.com\/no\/\"},{\"@type\":\"ListItem\",\"position\":2,\"name\":\"Home\"}]},{\"@type\":\"WebSite\",\"@id\":\"https:\/\/www.ellingyachting.com\/#website\",\"url\":\"https:\/\/www.ellingyachting.com\/\",\"name\":\"Elling Yachting\",\"description\":\"Luxury Elling Yachts builders\",\"publisher\":{\"@id\":\"https:\/\/www.ellingyachting.com\/#organization\"},\"potentialAction\":[{\"@type\":\"SearchAction\",\"target\":{\"@type\":\"EntryPoint\",\"urlTemplate\":\"https:\/\/www.ellingyachting.com\/?s={search_term_string}\"},\"query-input\":{\"@type\":\"PropertyValueSpecification\",\"valueRequired\":true,\"valueName\":\"search_term_string\"}}],\"inLanguage\":\"nb-NO\"},{\"@type\":\"Organization\",\"@id\":\"https:\/\/www.ellingyachting.com\/#organization\",\"name\":\"Elling shipbuilding\",\"url\":\"https:\/\/www.ellingyachting.com\/\",\"logo\":{\"@type\":\"ImageObject\",\"inLanguage\":\"nb-NO\",\"@id\":\"https:\/\/www.ellingyachting.com\/#\/schema\/logo\/image\/\",\"url\":\"https:\/\/www.ellingyachting.com\/wp-content\/uploads\/2024\/12\/logo.png\",\"contentUrl\":\"https:\/\/www.ellingyachting.com\/wp-content\/uploads\/2024\/12\/logo.png\",\"width\":159,\"height\":125,\"caption\":\"Elling shipbuilding\"},\"image\":{\"@id\":\"https:\/\/www.ellingyachting.com\/#\/schema\/logo\/image\/\"},\"sameAs\":[\"https:\/\/www.facebook.com\/profile.php?id=100063969341938&locale=nl_NL\",\"https:\/\/www.instagram.com\/ellingyachts\/\"]}]}<\/script>\n<!-- \/ Yoast SEO plugin. -->","yoast_head_json":{"title":"Elling Yachts \u2013 Luxury Motor Yachts for Adventure and Comfort","description":"Discover Elling Yachts: luxury meets performance. Explore the E-Series, designed for safety, innovation, and year-round comfort.","robots":{"index":"index","follow":"follow","max-snippet":"max-snippet:-1","max-image-preview":"max-image-preview:large","max-video-preview":"max-video-preview:-1"},"canonical":"https:\/\/www.ellingyachting.com\/no\/","og_locale":"nb_NO","og_type":"article","og_title":"Elling Yachts \u2013 Luxury Motor Yachts for Adventure and Comfort","og_description":"Discover Elling Yachts: luxury meets performance. Explore the E-Series, designed for safety, innovation, and year-round comfort.","og_url":"https:\/\/www.ellingyachting.com\/no\/","og_site_name":"Elling Yachting","article_publisher":"https:\/\/www.facebook.com\/profile.php?id=100063969341938&locale=nl_NL","article_modified_time":"2026-03-04T17:49:23+00:00","og_image":[{"width":159,"height":125,"url":"https:\/\/www.ellingyachting.com\/wp-content\/uploads\/2024\/12\/logo.png","type":"image\/png"}],"twitter_card":"summary_large_image","twitter_misc":{"Ansl. lesetid":"5 minutter"},"schema":{"@context":"https:\/\/schema.org","@graph":[{"@type":"WebPage","@id":"https:\/\/www.ellingyachting.com\/no\/","url":"https:\/\/www.ellingyachting.com\/no\/","name":"Elling Yachts \u2013 Luxury Motor Yachts for Adventure and Comfort","isPartOf":{"@id":"https:\/\/www.ellingyachting.com\/#website"},"datePublished":"2019-10-08T08:03:38+00:00","dateModified":"2026-03-04T17:49:23+00:00","description":"Discover Elling Yachts: luxury meets performance. Explore the E-Series, designed for safety, innovation, and year-round comfort.","breadcrumb":{"@id":"https:\/\/www.ellingyachting.com\/no\/#breadcrumb"},"inLanguage":"nb-NO","potentialAction":[{"@type":"ReadAction","target":["https:\/\/www.ellingyachting.com\/no\/"]}]},{"@type":"BreadcrumbList","@id":"https:\/\/www.ellingyachting.com\/no\/#breadcrumb","itemListElement":[{"@type":"ListItem","position":1,"name":"Home","item":"https:\/\/www.ellingyachting.com\/no\/"},{"@type":"ListItem","position":2,"name":"Home"}]},{"@type":"WebSite","@id":"https:\/\/www.ellingyachting.com\/#website","url":"https:\/\/www.ellingyachting.com\/","name":"Elling Yachting","description":"Luxury Elling Yachts builders","publisher":{"@id":"https:\/\/www.ellingyachting.com\/#organization"},"potentialAction":[{"@type":"SearchAction","target":{"@type":"EntryPoint","urlTemplate":"https:\/\/www.ellingyachting.com\/?s={search_term_string}"},"query-input":{"@type":"PropertyValueSpecification","valueRequired":true,"valueName":"search_term_string"}}],"inLanguage":"nb-NO"},{"@type":"Organization","@id":"https:\/\/www.ellingyachting.com\/#organization","name":"Elling shipbuilding","url":"https:\/\/www.ellingyachting.com\/","logo":{"@type":"ImageObject","inLanguage":"nb-NO","@id":"https:\/\/www.ellingyachting.com\/#\/schema\/logo\/image\/","url":"https:\/\/www.ellingyachting.com\/wp-content\/uploads\/2024\/12\/logo.png","contentUrl":"https:\/\/www.ellingyachting.com\/wp-content\/uploads\/2024\/12\/logo.png","width":159,"height":125,"caption":"Elling shipbuilding"},"image":{"@id":"https:\/\/www.ellingyachting.com\/#\/schema\/logo\/image\/"},"sameAs":["https:\/\/www.facebook.com\/profile.php?id=100063969341938&locale=nl_NL","https:\/\/www.instagram.com\/ellingyachts\/"]}]}},"_links":{"self":[{"href":"https:\/\/www.ellingyachting.com\/no\/wp-json\/wp\/v2\/pages\/3008","targetHints":{"allow":["GET"]}}],"collection":[{"href":"https:\/\/www.ellingyachting.com\/no\/wp-json\/wp\/v2\/pages"}],"about":[{"href":"https:\/\/www.ellingyachting.com\/no\/wp-json\/wp\/v2\/types\/page"}],"author":[{"embeddable":true,"href":"https:\/\/www.ellingyachting.com\/no\/wp-json\/wp\/v2\/users\/1"}],"replies":[{"embeddable":true,"href":"https:\/\/www.ellingyachting.com\/no\/wp-json\/wp\/v2\/comments?post=3008"}],"version-history":[{"count":29,"href":"https:\/\/www.ellingyachting.com\/no\/wp-json\/wp\/v2\/pages\/3008\/revisions"}],"predecessor-version":[{"id":3735,"href":"https:\/\/www.ellingyachting.com\/no\/wp-json\/wp\/v2\/pages\/3008\/revisions\/3735"}],"wp:attachment":[{"href":"https:\/\/www.ellingyachting.com\/no\/wp-json\/wp\/v2\/media?parent=3008"}],"curies":[{"name":"wp","href":"https:\/\/api.w.org\/{rel}","templated":true}]}}