{"id":4019,"date":"2026-03-18T14:21:41","date_gmt":"2026-03-18T13:21:41","guid":{"rendered":"https:\/\/www.ellingyachting.com\/expeditie-jacht\/"},"modified":"2026-04-08T09:14:15","modified_gmt":"2026-04-08T07:14:15","slug":"expeditie-jacht","status":"publish","type":"page","link":"https:\/\/www.ellingyachting.com\/nl\/expeditie-jacht\/","title":{"rendered":"Expeditie Jacht"},"content":{"rendered":"<div class=\"wpb-content-wrapper\"><p>[vc_row row_type=&#8221;parallax&#8221; parallax_content_width=&#8221;in_grid&#8221; text_align=&#8221;left&#8221; full_screen_section_height=&#8221;no&#8221; section_height=&#8221;400&#8243; background_image=&#8221;478&#8243; el_class=&#8221;dont-show-on-mobile&#8221;][vc_column][\/vc_column][\/vc_row][vc_row css_animation=&#8221;&#8221; row_type=&#8221;row&#8221; use_row_as_full_screen_section=&#8221;no&#8221; type=&#8221;full_width&#8221; angled_section=&#8221;no&#8221; text_align=&#8221;left&#8221; background_image_as_pattern=&#8221;without_pattern&#8221; el_class=&#8221;flex-row-over dont-show-on-mobile&#8221; z_index=&#8221;&#8221;][vc_column][vc_row_inner row_type=&#8221;row&#8221; type=&#8221;grid&#8221; text_align=&#8221;left&#8221; css_animation=&#8221;element_from_fade&#8221; el_class=&#8221;home-h1-styling&#8221;][vc_column_inner width=&#8221;1\/2&#8243;][vc_column_text css=&#8221;&#8221;]<span class=\"h1-style\">Elling Expeditiejacht<br \/>\nKracht en elegantie<\/span>[\/vc_column_text][\/vc_column_inner][vc_column_inner el_class=&#8221;text-align-right&#8221; width=&#8221;1\/2&#8243;]<a  itemprop=\"url\" href=\"https:\/\/www.ellingyachting.com\/nl\/de-modellen\/elling-e6\/\" target=\"_self\"  class=\"qbutton  default\" style=\"margin: 20px 0px 10px 0px; \">Ontdek de E6<i class=\"qode_icon_font_awesome fa fa-chevron-right qode_button_icon_element\"><\/i><\/a>[\/vc_column_inner][\/vc_row_inner][\/vc_column][\/vc_row][vc_row css_animation=&#8221;element_from_fade&#8221; row_type=&#8221;row&#8221; use_row_as_full_screen_section=&#8221;no&#8221; type=&#8221;full_width&#8221; angled_section=&#8221;no&#8221; text_align=&#8221;left&#8221; background_image_as_pattern=&#8221;without_pattern&#8221; css=&#8221;.vc_custom_1582201138721{padding-top: 40px !important;padding-bottom: 80px !important;}&#8221; z_index=&#8221;&#8221;][vc_column][vc_row_inner row_type=&#8221;row&#8221; type=&#8221;grid&#8221; text_align=&#8221;left&#8221; css_animation=&#8221;&#8221;][vc_column_inner][vc_column_text css=&#8221;&#8221; el_class=&#8221;big-brown-head&#8221;]<\/p>\n<h1>Het volledige aanbod van Elling Expeditiejachten<\/h1>\n<p>[\/vc_column_text][\/vc_column_inner][\/vc_row_inner][vc_row_inner row_type=&#8221;row&#8221; type=&#8221;grid&#8221; text_align=&#8221;left&#8221; css_animation=&#8221;&#8221; css=&#8221;.vc_custom_1570609570604{margin-top: 30px !important;}&#8221;][vc_column_inner width=&#8221;1\/2&#8243;]<div class=\"q_image_with_text_over q_iwto_hover\"><div class=\"shader\" style=\"background-color: rgba(0,0,0,0.01)\"><\/div><div class=\"shader_hover\" style=\"background-color: rgba(0,0,0,0.5)\"><\/div><img decoding=\"async\" itemprop=\"image\" src=\"https:\/\/www.ellingyachting.com\/wp-content\/uploads\/2020\/03\/elling-e3-range.jpg\" alt=\"Elling E3 Motoryacht\" \/><div class=\"text\"><table><tr><td><h3 class=\"caption no_icon\" style=\"\"><\/h3><\/td><\/tr><\/table><table><tr><td><div class=\"desc\"><\/p>\n<h3 class=\"h2-style\">Elling <span class=\"gold-head\">E3<\/span><\/h3>\n<p><span class=\"no-show-only-hover h4-style\">13.8m : 45 FT<\/span><br \/>\n<span class=\"no-show-only-hover\">De E3 is wendbaar en sportief en opgewassen tegen alles wat je ermee kunt doen!<\/span><\/p>\n<p><a class=\"qbutton no-show-only-hover default\" href=\"https:\/\/www.ellingyachting.com\/nl\/de-modellen\/elling-e3\/\" target=\"_self\" rel=\"noopener noreferrer\">Meer details<i class=\"qode_icon_font_awesome fa fa-chevron-right qode_button_icon_element\"><\/i><\/a><\/div><\/td><\/tr><\/table><\/div><\/div>[vc_empty_space height=&#8221;30px&#8221;]<div class=\"q_image_with_text_over q_iwto_hover\"><div class=\"shader\" style=\"background-color: rgba(0,0,0,0.01)\"><\/div><div class=\"shader_hover\" style=\"background-color: rgba(0,0,0,0.5)\"><\/div><img decoding=\"async\" itemprop=\"image\" src=\"https:\/\/www.ellingyachting.com\/wp-content\/uploads\/2019\/10\/Elling-e4-model-full.jpg\" alt=\"Elling E4 Model\" \/><div class=\"text\"><table><tr><td><h3 class=\"caption no_icon\" style=\"\"><\/h3><\/td><\/tr><\/table><table><tr><td><div class=\"desc\"><\/p>\n<h3 class=\"h2-style\">Elling <span class=\"gold-head\">E4<\/span><\/h3>\n<p><span class=\"no-show-only-hover h4-style\">14.95m : 49 FT<\/span><br \/>\n<span class=\"no-show-only-hover\">De E4 stoer en stijlvol met iets meer ruimte voor accommodatie.<\/span><\/p>\n<p><a class=\"qbutton no-show-only-hover default\" href=\"https:\/\/www.ellingyachting.com\/nl\/de-modellen\/elling-e4\/\" target=\"_self\" rel=\"noopener noreferrer\">Meer details<i class=\"qode_icon_font_awesome fa fa-chevron-right qode_button_icon_element\"><\/i><\/a><\/div><\/td><\/tr><\/table><\/div><\/div>[\/vc_column_inner][vc_column_inner el_class=&#8221;overview-after-boat-brown&#8221; width=&#8221;1\/2&#8243;][vc_empty_space height=&#8221;200px&#8221;]<div class=\"q_image_with_text_over q_iwto_hover\"><div class=\"shader\" style=\"background-color: rgba(0,0,0,0.01)\"><\/div><div class=\"shader_hover\" style=\"background-color: rgba(0,0,0,0.5)\"><\/div><img decoding=\"async\" itemprop=\"image\" src=\"https:\/\/www.ellingyachting.com\/wp-content\/uploads\/2020\/03\/elling-e6-range.jpg\" alt=\"The Elling E6 Motoryacht\" \/><div class=\"text\"><table><tr><td><h3 class=\"caption no_icon\" style=\"\"><\/h3><\/td><\/tr><\/table><table><tr><td><div class=\"desc\"><\/p>\n<h3 class=\"h2-style\">Elling <span class=\"gold-head\">E6<\/span><\/h3>\n<p><span class=\"no-show-only-hover h4-style\">19.8m : 65 FT<\/span><br \/>\n<span class=\"no-show-only-hover\">De volgende generatie is er. Nog meer ruimte om te ontspannen en te genieten! <\/span><\/p>\n<p><a class=\"qbutton no-show-only-hover default\" href=\"https:\/\/www.ellingyachting.com\/nl\/de-modellen\/elling-e6\/\" target=\"_self\" rel=\"noopener noreferrer\">Meer details<i class=\"qode_icon_font_awesome fa fa-chevron-right qode_button_icon_element\"><\/i><\/a><\/div><\/td><\/tr><\/table><\/div><\/div>[\/vc_column_inner][\/vc_row_inner][\/vc_column][\/vc_row][vc_row css_animation=&#8221;&#8221; row_type=&#8221;row&#8221; use_row_as_full_screen_section=&#8221;no&#8221; type=&#8221;full_width&#8221; angled_section=&#8221;no&#8221; text_align=&#8221;left&#8221; background_image_as_pattern=&#8221;without_pattern&#8221;][vc_column][vc_row_inner row_type=&#8221;row&#8221; type=&#8221;grid&#8221; text_align=&#8221;left&#8221; css_animation=&#8221;element_from_fade&#8221; css=&#8221;.vc_custom_1583759421093{padding-top: 80px !important;padding-bottom: 80px !important;}&#8221; transition_delay=&#8221;500&#8243; el_class=&#8221;two-block-style order-change-mobile&#8221;][vc_column_inner el_class=&#8221;white-box-around&#8221; width=&#8221;1\/3&#8243; css=&#8221;.vc_custom_1582199390133{padding-top: 20px !important;padding-bottom: 40px !important;}&#8221;][vc_column_text css=&#8221;&#8221;]<\/p>\n<h2>Expeditiejachten van Elling Yachting<\/h2>\n<p data-start=\"1277\" data-end=\"1450\">Elling jachten worden in Nederland gebouwd en zijn ontworpen voor veeleisende omstandigheden. De focus ligt niet alleen op luxe, maar ook op betrouwbaarheid, veiligheid en langeafstandscapaciteiten. <\/p>\n<p data-start=\"753\" data-end=\"1045\">Elling Yachting opereert precies in deze ruimte. Elling past niet in \u00e9\u00e9n categorie, maar combineert de kenmerken van expeditiejachten, verkenningsjachten en trawlerjachten in \u00e9\u00e9n concept: zeegaande motorjachten die zijn gebouwd om in de echte wereld te cruisen, niet alleen voor occasioneel gebruik. <\/p>\n<p>[\/vc_column_text][vc_column_text css=&#8221;&#8221;]<\/p>\n<h2 data-section-id=\"19buivg\" data-start=\"1052\" data-end=\"1105\">In Nederland gebouwde Expeditiejachten voor Serious Cruising<\/h2>\n<p data-start=\"1107\" data-end=\"1406\">Elk Elling jacht wordt in Nederland gebouwd, waar techniek, betrouwbaarheid en vakmanschap de basis vormen van de ontwerpfilosofie. Terwijl veel jachten de nadruk leggen op luxe als primair kenmerk, kiest Elling voor een meer evenwichtige benadering, waarbij comfort gepaard gaat met veiligheid en langeafstandscapaciteiten. <\/p>\n<p>[\/vc_column_text]<a  itemprop=\"url\" href=\"https:\/\/www.ellingyachting.com\/nl\/de-modellen\/elling-e6\/\" target=\"_self\"  class=\"qbutton  default\" style=\"margin: 20px 0px 0px 0px; \">Meer informatie over de E6<i class=\"qode_icon_font_awesome fa fa-chevron-right qode_button_icon_element\"><\/i><\/a>[\/vc_column_inner][vc_column_inner el_class=&#8221;give-text-more-space-left&#8221; width=&#8221;2\/3&#8243; css=&#8221;.vc_custom_1582199911979{padding-top: 50px !important;}&#8221;][vc_single_image image=&#8221;1450&#8243; img_size=&#8221;full&#8221; alignment=&#8221;right&#8221; qode_css_animation=&#8221;&#8221;][vc_single_image image=&#8221;1298&#8243; img_size=&#8221;full&#8221; css=&#8221;.vc_custom_1570541907456{margin-top: 30px !important;}&#8221; qode_css_animation=&#8221;&#8221; el_class=&#8221;blue-after-landscape-small&#8221;][\/vc_column_inner][\/vc_row_inner][\/vc_column][\/vc_row][vc_row css_animation=&#8221;&#8221; row_type=&#8221;row&#8221; use_row_as_full_screen_section=&#8221;no&#8221; type=&#8221;full_width&#8221; angled_section=&#8221;no&#8221; text_align=&#8221;left&#8221; background_image_as_pattern=&#8221;without_pattern&#8221;][vc_column][vc_row_inner row_type=&#8221;row&#8221; type=&#8221;grid&#8221; text_align=&#8221;left&#8221; css_animation=&#8221;element_from_fade&#8221; css=&#8221;.vc_custom_1583755647406{padding-top: 120px !important;padding-bottom: 120px !important;}&#8221; el_class=&#8221;two-block-style&#8221;][vc_column_inner width=&#8221;1\/3&#8243;][vc_single_image image=&#8221;1304&#8243; img_size=&#8221;full&#8221; alignment=&#8221;center&#8221; qode_css_animation=&#8221;&#8221; el_class=&#8221;brown-after-landscape-small&#8221;][vc_single_image image=&#8221;1308&#8243; img_size=&#8221;full&#8221; alignment=&#8221;center&#8221; css=&#8221;.vc_custom_1583759642833{margin-top: 30px !important;}&#8221; qode_css_animation=&#8221;&#8221; el_class=&#8221;blue-after-landscape-medium&#8221;][\/vc_column_inner][vc_column_inner el_class=&#8221;give-text-bigger-space-left white-box-around&#8221; width=&#8221;2\/3&#8243;][vc_column_text css=&#8221;&#8221;]<\/p>\n<h2 data-section-id=\"1cl7p2w\" data-start=\"2093\" data-end=\"2129\">De reeks Expeditiejachten van Elling<\/h2>\n<p data-start=\"2131\" data-end=\"2300\">Elling biedt een zorgvuldig ontwikkelde reeks jachten die elk op hun eigen manier het concept van het expeditiejacht interpreteren, afhankelijk van de grootte, de mogelijkheden en het comfort aan boord.<\/p>\n<h3 data-section-id=\"1gn3ild\" data-start=\"2302\" data-end=\"2350\"><strong data-start=\"2306\" data-end=\"2350\">Elling E3: Compacte Expeditiecapaciteiten<\/strong><\/h3>\n<p data-start=\"2352\" data-end=\"2592\">De Elling E3 is het meest compacte model in het gamma, maar weerspiegelt toch al de kernfilosofie achter het merk. Ontworpen voor zowel korte trips als langere reizen, biedt de E3 een evenwicht tussen effici\u00ebntie, veiligheid en comfort. <\/p>\n<p data-start=\"2594\" data-end=\"2876\">Door haar handzame formaat is ze bijzonder aantrekkelijk voor eigenaars die op expeditie willen gaan zonder de overstap te maken naar grotere jachtcategorie\u00ebn. Tegelijkertijd zorgt de certificering voor oceaanzeilen ervoor dat ze meer levert dan haar afmetingen doen vermoeden. <\/p>\n<h3 data-section-id=\"1hnii6i\" data-start=\"2883\" data-end=\"2934\"><strong data-start=\"2887\" data-end=\"2934\">Elling E4: Beproefd Offshore Expeditiejacht<\/strong><\/h3>\n<p data-start=\"2936\" data-end=\"3186\">De Elling E4 wordt algemeen beschouwd als het hart van het gamma en een van de meest aantrekkelijke opties voor wie op zoek is naar een echt expeditiejacht onder de 50 voet. Het combineert offshore capaciteiten met een comfortniveau dat lange tijd aan boord mogelijk maakt. <\/p>\n<p data-start=\"3188\" data-end=\"3499\">Gebouwd met Kevlar en gecertificeerd voor oceaanomstandigheden, is de E4 ontworpen om vertrouwen te wekken tijdens langere doortochten. Voorzieningen zoals de optionele extra &#8220;get-home&#8221; motor voegen een extra laag van veiligheid toe, terwijl de isolatie en lay-out van het jacht het net zo geschikt maken voor het leven aan boord als voor het reizen zelf. <\/p>\n<p data-start=\"3501\" data-end=\"3670\">Deze balans tussen capaciteiten en comfort is wat de E4 zo bijzonder maakt. Het is niet alleen een jacht dat ver kan gaan, maar ook een jacht dat is ontworpen om onderweg op te leven.<\/p>\n<h3 data-section-id=\"10s20zm\" data-start=\"3677\" data-end=\"3732\"><strong data-start=\"3681\" data-end=\"3732\">Elling E6: vlaggenschip voor lange reizen<\/strong><\/h3>\n<p data-start=\"3734\" data-end=\"4004\">Aan de top van het gamma vertegenwoordigt de Elling E6 de meest complete uitdrukking van het expeditiejachtconcept binnen het Elling-gamma. Met zijn grotere omvang en volume biedt de E6 een groter gevoel van ruimte, autonomie en luxe, zonder afbreuk te doen aan de prestaties. <\/p>\n<p data-start=\"4006\" data-end=\"4309\">Het jacht is ontworpen voor eigenaren die zowel serieuze offshore capaciteiten als een hoge levensstandaard aan boord verwachten. Vanaf het roer biedt panoramisch zicht vertrouwen en controle, terwijl geavanceerde veiligheidsconcepten, zoals redundantiesystemen en waterdichte integriteit, de ambities op lange afstand versterken. <\/p>\n<p data-start=\"4311\" data-end=\"4482\">Binnenin biedt de E6 een verfijnde en ruime omgeving die lange reizen ondersteunt, of dat nu weken op het water betekent of een meer permanente liveaboard levensstijl.<\/p>\n<p>[\/vc_column_text]<a  itemprop=\"url\" href=\"https:\/\/www.ellingyachting.com\/nl\/de-modellen\/\" target=\"_self\"  class=\"qbutton  default\" style=\"margin: 20px 0px 0px 0px; \">Ontdek meer<i class=\"qode_icon_font_awesome fa fa-chevron-right qode_button_icon_element\"><\/i><\/a>[\/vc_column_inner][\/vc_row_inner][\/vc_column][\/vc_row][vc_row css_animation=&#8221;&#8221; row_type=&#8221;row&#8221; use_row_as_full_screen_section=&#8221;no&#8221; type=&#8221;full_width&#8221; angled_section=&#8221;no&#8221; text_align=&#8221;left&#8221; background_image_as_pattern=&#8221;without_pattern&#8221;][vc_column][vc_row_inner row_type=&#8221;row&#8221; type=&#8221;grid&#8221; text_align=&#8221;left&#8221; css_animation=&#8221;&#8221;][vc_column_inner width=&#8221;1\/2&#8243;][vc_single_image image=&#8221;1472&#8243; img_size=&#8221;full&#8221; qode_css_animation=&#8221;&#8221; el_class=&#8221;image-with-shadow blue-after-image&#8221;][vc_empty_space height=&#8221;50px&#8221;][\/vc_column_inner][vc_column_inner el_class=&#8221;white-box-around&#8221; width=&#8221;1\/2&#8243; css=&#8221;.vc_custom_1584002804476{padding-top: 40px !important;padding-bottom: 40px !important;}&#8221;][vc_column_text css=&#8221;&#8221;]<\/p>\n<h2 data-section-id=\"1tzb7e7\" data-start=\"6556\" data-end=\"6585\">Vind uw Expeditie Jacht<\/h2>\n<p data-start=\"6587\" data-end=\"6812\">Bij het kiezen van een expeditiejacht gaat het er uiteindelijk om hoe en waar u wilt varen. Of uw focus nu ligt op hanteerbare afmetingen, offshore capaciteiten of maximaal comfort, Elling biedt een duidelijke progressie binnen haar aanbod. <\/p>\n<p data-start=\"6814\" data-end=\"7025\">De E3 biedt een toegankelijke instap in expeditie cruisen, de E4 levert een bewezen balans van prestaties en comfort, en de E6 biedt een vlaggenschip ervaring voor degenen die verder willen gaan in elk opzicht.<\/p>\n<p data-start=\"7027\" data-end=\"7219\">Door Nederlandse techniek te combineren met een duidelijke focus op het gebruik in de praktijk, presenteert Elling Yachting een aantrekkelijke optie voor iedereen die op zoek is naar een expeditiejacht dat zowel capabel als verfijnd is.<\/p>\n<p>[\/vc_column_text][\/vc_column_inner][\/vc_row_inner][\/vc_column][\/vc_row][vc_row css_animation=&#8221;&#8221; row_type=&#8221;row&#8221; use_row_as_full_screen_section=&#8221;no&#8221; type=&#8221;full_width&#8221; angled_section=&#8221;no&#8221; text_align=&#8221;left&#8221; background_image_as_pattern=&#8221;without_pattern&#8221;][vc_column][\/vc_column][\/vc_row]<\/p>\n<\/div>","protected":false},"excerpt":{"rendered":"<p>[vc_row row_type=&#8221;parallax&#8221; parallax_content_width=&#8221;in_grid&#8221; text_align=&#8221;left&#8221; full_screen_section_height=&#8221;no&#8221; section_height=&#8221;400&#8243; background_image=&#8221;478&#8243; el_class=&#8221;dont-show-on-mobile&#8221;][vc_column][\/vc_column][\/vc_row][vc_row css_animation=&#8221;&#8221; row_type=&#8221;row&#8221; use_row_as_full_screen_section=&#8221;no&#8221; type=&#8221;full_width&#8221; angled_section=&#8221;no&#8221; text_align=&#8221;left&#8221; background_image_as_pattern=&#8221;without_pattern&#8221; el_class=&#8221;flex-row-over dont-show-on-mobile&#8221; z_index=&#8221;&#8221;][vc_column][vc_row_inner row_type=&#8221;row&#8221; type=&#8221;grid&#8221; text_align=&#8221;left&#8221; css_animation=&#8221;element_from_fade&#8221; el_class=&#8221;home-h1-styling&#8221;][vc_column_inner width=&#8221;1\/2&#8243;][vc_column_text css=&#8221;&#8221;]Elling Expeditiejacht Kracht en elegantie[\/vc_column_text][\/vc_column_inner][vc_column_inner el_class=&#8221;text-align-right&#8221; width=&#8221;1\/2&#8243;][\/vc_column_inner][\/vc_row_inner][\/vc_column][\/vc_row][vc_row css_animation=&#8221;element_from_fade&#8221; row_type=&#8221;row&#8221; use_row_as_full_screen_section=&#8221;no&#8221; type=&#8221;full_width&#8221; angled_section=&#8221;no&#8221; text_align=&#8221;left&#8221; background_image_as_pattern=&#8221;without_pattern&#8221; css=&#8221;.vc_custom_1582201138721{padding-top: 40px !important;padding-bottom: 80px !important;}&#8221; z_index=&#8221;&#8221;][vc_column][vc_row_inner row_type=&#8221;row&#8221;&#8230;<\/p>\n","protected":false},"author":6,"featured_media":0,"parent":0,"menu_order":0,"comment_status":"closed","ping_status":"closed","template":"full_width.php","meta":{"_acf_changed":false,"footnotes":""},"class_list":["post-4019","page","type-page","status-publish","hentry"],"acf":[],"yoast_head":"<!-- This site is optimized with the Yoast SEO plugin v26.9 - https:\/\/yoast.com\/product\/yoast-seo-wordpress\/ -->\n<title>Expeditiejacht | Lange afstand oceaan motorjachten | Elling<\/title>\n<meta name=\"description\" content=\"Ontdek de expeditiejachten van Elling. Zeegaande motorjachten van Nederlandse makelij, ontworpen voor langeafstandszeilen, veiligheid en comfort. Ontdek de Elling E4 en E6.\" \/>\n<meta name=\"robots\" content=\"index, follow, max-snippet:-1, max-image-preview:large, max-video-preview:-1\" \/>\n<link rel=\"canonical\" href=\"https:\/\/www.ellingyachting.com\/nl\/expeditie-jacht\/\" \/>\n<meta property=\"og:locale\" content=\"nl_NL\" \/>\n<meta property=\"og:type\" content=\"article\" \/>\n<meta property=\"og:title\" content=\"Expeditiejacht | Lange afstand oceaan motorjachten | Elling\" \/>\n<meta property=\"og:description\" content=\"Ontdek de expeditiejachten van Elling. Zeegaande motorjachten van Nederlandse makelij, ontworpen voor langeafstandszeilen, veiligheid en comfort. Ontdek de Elling E4 en E6.\" \/>\n<meta property=\"og:url\" content=\"https:\/\/www.ellingyachting.com\/nl\/expeditie-jacht\/\" \/>\n<meta property=\"og:site_name\" content=\"Elling Yachting\" \/>\n<meta property=\"article:publisher\" content=\"https:\/\/www.facebook.com\/profile.php?id=100063969341938&amp;locale=nl_NL\" \/>\n<meta property=\"article:modified_time\" content=\"2026-04-08T07:14:15+00:00\" \/>\n<meta property=\"og:image\" content=\"https:\/\/www.ellingyachting.com\/wp-content\/uploads\/2024\/12\/logo.png\" \/>\n\t<meta property=\"og:image:width\" content=\"159\" \/>\n\t<meta property=\"og:image:height\" content=\"125\" \/>\n\t<meta property=\"og:image:type\" content=\"image\/png\" \/>\n<meta name=\"twitter:card\" content=\"summary_large_image\" \/>\n<meta name=\"twitter:label1\" content=\"Geschatte leestijd\" \/>\n\t<meta name=\"twitter:data1\" content=\"7 minuten\" \/>\n<script type=\"application\/ld+json\" class=\"yoast-schema-graph\">{\"@context\":\"https:\/\/schema.org\",\"@graph\":[{\"@type\":\"WebPage\",\"@id\":\"https:\/\/www.ellingyachting.com\/nl\/expeditie-jacht\/\",\"url\":\"https:\/\/www.ellingyachting.com\/nl\/expeditie-jacht\/\",\"name\":\"Expeditiejacht | Lange afstand oceaan motorjachten | Elling\",\"isPartOf\":{\"@id\":\"https:\/\/www.ellingyachting.com\/#website\"},\"datePublished\":\"2026-03-18T13:21:41+00:00\",\"dateModified\":\"2026-04-08T07:14:15+00:00\",\"description\":\"Ontdek de expeditiejachten van Elling. Zeegaande motorjachten van Nederlandse makelij, ontworpen voor langeafstandszeilen, veiligheid en comfort. Ontdek de Elling E4 en E6.\",\"breadcrumb\":{\"@id\":\"https:\/\/www.ellingyachting.com\/nl\/expeditie-jacht\/#breadcrumb\"},\"inLanguage\":\"nl-NL\",\"potentialAction\":[{\"@type\":\"ReadAction\",\"target\":[\"https:\/\/www.ellingyachting.com\/nl\/expeditie-jacht\/\"]}]},{\"@type\":\"BreadcrumbList\",\"@id\":\"https:\/\/www.ellingyachting.com\/nl\/expeditie-jacht\/#breadcrumb\",\"itemListElement\":[{\"@type\":\"ListItem\",\"position\":1,\"name\":\"Home\",\"item\":\"https:\/\/www.ellingyachting.com\/nl\/\"},{\"@type\":\"ListItem\",\"position\":2,\"name\":\"Expeditie Jacht\"}]},{\"@type\":\"WebSite\",\"@id\":\"https:\/\/www.ellingyachting.com\/#website\",\"url\":\"https:\/\/www.ellingyachting.com\/\",\"name\":\"Elling Yachting\",\"description\":\"Luxury Elling Yachts builders\",\"publisher\":{\"@id\":\"https:\/\/www.ellingyachting.com\/#organization\"},\"potentialAction\":[{\"@type\":\"SearchAction\",\"target\":{\"@type\":\"EntryPoint\",\"urlTemplate\":\"https:\/\/www.ellingyachting.com\/?s={search_term_string}\"},\"query-input\":{\"@type\":\"PropertyValueSpecification\",\"valueRequired\":true,\"valueName\":\"search_term_string\"}}],\"inLanguage\":\"nl-NL\"},{\"@type\":\"Organization\",\"@id\":\"https:\/\/www.ellingyachting.com\/#organization\",\"name\":\"Elling shipbuilding\",\"url\":\"https:\/\/www.ellingyachting.com\/\",\"logo\":{\"@type\":\"ImageObject\",\"inLanguage\":\"nl-NL\",\"@id\":\"https:\/\/www.ellingyachting.com\/#\/schema\/logo\/image\/\",\"url\":\"https:\/\/www.ellingyachting.com\/wp-content\/uploads\/2024\/12\/logo.png\",\"contentUrl\":\"https:\/\/www.ellingyachting.com\/wp-content\/uploads\/2024\/12\/logo.png\",\"width\":159,\"height\":125,\"caption\":\"Elling shipbuilding\"},\"image\":{\"@id\":\"https:\/\/www.ellingyachting.com\/#\/schema\/logo\/image\/\"},\"sameAs\":[\"https:\/\/www.facebook.com\/profile.php?id=100063969341938&locale=nl_NL\",\"https:\/\/www.instagram.com\/ellingyachts\/\"]}]}<\/script>\n<!-- \/ Yoast SEO plugin. -->","yoast_head_json":{"title":"Expeditiejacht | Lange afstand oceaan motorjachten | Elling","description":"Ontdek de expeditiejachten van Elling. Zeegaande motorjachten van Nederlandse makelij, ontworpen voor langeafstandszeilen, veiligheid en comfort. Ontdek de Elling E4 en E6.","robots":{"index":"index","follow":"follow","max-snippet":"max-snippet:-1","max-image-preview":"max-image-preview:large","max-video-preview":"max-video-preview:-1"},"canonical":"https:\/\/www.ellingyachting.com\/nl\/expeditie-jacht\/","og_locale":"nl_NL","og_type":"article","og_title":"Expeditiejacht | Lange afstand oceaan motorjachten | Elling","og_description":"Ontdek de expeditiejachten van Elling. Zeegaande motorjachten van Nederlandse makelij, ontworpen voor langeafstandszeilen, veiligheid en comfort. Ontdek de Elling E4 en E6.","og_url":"https:\/\/www.ellingyachting.com\/nl\/expeditie-jacht\/","og_site_name":"Elling Yachting","article_publisher":"https:\/\/www.facebook.com\/profile.php?id=100063969341938&locale=nl_NL","article_modified_time":"2026-04-08T07:14:15+00:00","og_image":[{"width":159,"height":125,"url":"https:\/\/www.ellingyachting.com\/wp-content\/uploads\/2024\/12\/logo.png","type":"image\/png"}],"twitter_card":"summary_large_image","twitter_misc":{"Geschatte leestijd":"7 minuten"},"schema":{"@context":"https:\/\/schema.org","@graph":[{"@type":"WebPage","@id":"https:\/\/www.ellingyachting.com\/nl\/expeditie-jacht\/","url":"https:\/\/www.ellingyachting.com\/nl\/expeditie-jacht\/","name":"Expeditiejacht | Lange afstand oceaan motorjachten | Elling","isPartOf":{"@id":"https:\/\/www.ellingyachting.com\/#website"},"datePublished":"2026-03-18T13:21:41+00:00","dateModified":"2026-04-08T07:14:15+00:00","description":"Ontdek de expeditiejachten van Elling. Zeegaande motorjachten van Nederlandse makelij, ontworpen voor langeafstandszeilen, veiligheid en comfort. Ontdek de Elling E4 en E6.","breadcrumb":{"@id":"https:\/\/www.ellingyachting.com\/nl\/expeditie-jacht\/#breadcrumb"},"inLanguage":"nl-NL","potentialAction":[{"@type":"ReadAction","target":["https:\/\/www.ellingyachting.com\/nl\/expeditie-jacht\/"]}]},{"@type":"BreadcrumbList","@id":"https:\/\/www.ellingyachting.com\/nl\/expeditie-jacht\/#breadcrumb","itemListElement":[{"@type":"ListItem","position":1,"name":"Home","item":"https:\/\/www.ellingyachting.com\/nl\/"},{"@type":"ListItem","position":2,"name":"Expeditie Jacht"}]},{"@type":"WebSite","@id":"https:\/\/www.ellingyachting.com\/#website","url":"https:\/\/www.ellingyachting.com\/","name":"Elling Yachting","description":"Luxury Elling Yachts builders","publisher":{"@id":"https:\/\/www.ellingyachting.com\/#organization"},"potentialAction":[{"@type":"SearchAction","target":{"@type":"EntryPoint","urlTemplate":"https:\/\/www.ellingyachting.com\/?s={search_term_string}"},"query-input":{"@type":"PropertyValueSpecification","valueRequired":true,"valueName":"search_term_string"}}],"inLanguage":"nl-NL"},{"@type":"Organization","@id":"https:\/\/www.ellingyachting.com\/#organization","name":"Elling shipbuilding","url":"https:\/\/www.ellingyachting.com\/","logo":{"@type":"ImageObject","inLanguage":"nl-NL","@id":"https:\/\/www.ellingyachting.com\/#\/schema\/logo\/image\/","url":"https:\/\/www.ellingyachting.com\/wp-content\/uploads\/2024\/12\/logo.png","contentUrl":"https:\/\/www.ellingyachting.com\/wp-content\/uploads\/2024\/12\/logo.png","width":159,"height":125,"caption":"Elling shipbuilding"},"image":{"@id":"https:\/\/www.ellingyachting.com\/#\/schema\/logo\/image\/"},"sameAs":["https:\/\/www.facebook.com\/profile.php?id=100063969341938&locale=nl_NL","https:\/\/www.instagram.com\/ellingyachts\/"]}]}},"_links":{"self":[{"href":"https:\/\/www.ellingyachting.com\/nl\/wp-json\/wp\/v2\/pages\/4019","targetHints":{"allow":["GET"]}}],"collection":[{"href":"https:\/\/www.ellingyachting.com\/nl\/wp-json\/wp\/v2\/pages"}],"about":[{"href":"https:\/\/www.ellingyachting.com\/nl\/wp-json\/wp\/v2\/types\/page"}],"author":[{"embeddable":true,"href":"https:\/\/www.ellingyachting.com\/nl\/wp-json\/wp\/v2\/users\/6"}],"replies":[{"embeddable":true,"href":"https:\/\/www.ellingyachting.com\/nl\/wp-json\/wp\/v2\/comments?post=4019"}],"version-history":[{"count":7,"href":"https:\/\/www.ellingyachting.com\/nl\/wp-json\/wp\/v2\/pages\/4019\/revisions"}],"predecessor-version":[{"id":4104,"href":"https:\/\/www.ellingyachting.com\/nl\/wp-json\/wp\/v2\/pages\/4019\/revisions\/4104"}],"wp:attachment":[{"href":"https:\/\/www.ellingyachting.com\/nl\/wp-json\/wp\/v2\/media?parent=4019"}],"curies":[{"name":"wp","href":"https:\/\/api.w.org\/{rel}","templated":true}]}}