{"id":4050,"date":"2026-03-18T10:40:46","date_gmt":"2026-03-18T09:40:46","guid":{"rendered":"https:\/\/www.ellingyachting.com\/elling-explorer-jacht\/"},"modified":"2026-04-08T09:07:26","modified_gmt":"2026-04-08T07:07:26","slug":"elling-explorer-jacht","status":"publish","type":"page","link":"https:\/\/www.ellingyachting.com\/de\/elling-explorer-jacht\/","title":{"rendered":"Elling Explorer Jacht"},"content":{"rendered":"<div class=\"wpb-content-wrapper\"><p>[vc_row row_type=&#8220;parallax&#8220; parallax_content_width=&#8220;in_grid&#8220; text_align=&#8220;left&#8220; full_screen_section_height=&#8220;no&#8220; section_height=&#8220;400&#8243; background_image=&#8220;478&#8243; el_class=&#8220;dont-show-on-mobile&#8220;][vc_column][\/vc_column][\/vc_row][vc_row css_animation=&#8220;&#8220; row_type=&#8220;row&#8220; use_row_as_full_screen_section=&#8220;no&#8220; type=&#8220;full_width&#8220; angled_section=&#8220;no&#8220; text_align=&#8220;left&#8220; background_image_as_pattern=&#8220;without_pattern&#8220; el_class=&#8220;flex-row-over dont-show-on-mobile&#8220; z_index=&#8220;&#8220;][vc_column][vc_row_inner row_type=&#8220;row&#8220; type=&#8220;grid&#8220; text_align=&#8220;left&#8220; css_animation=&#8220;element_from_fade&#8220; el_class=&#8220;home-h1-styling&#8220;][vc_column_inner width=&#8220;1\/2&#8243;][vc_column_text css=&#8220;&#8220;]<span class=\"h1-style\">Elling Explorer Yacht<br \/>\nKraft und Eleganz<\/span>[\/vc_column_text][\/vc_column_inner][vc_column_inner el_class=&#8220;text-align-right&#8220; width=&#8220;1\/2&#8243;]<a  itemprop=\"url\" href=\"https:\/\/www.ellingyachting.com\/de\/das-sortiment\/elling-e6\/\" target=\"_self\"  class=\"qbutton  default\" style=\"margin: 20px 0px 10px 0px; \">Entdecken Sie das E6<i class=\"qode_icon_font_awesome fa fa-chevron-right qode_button_icon_element\"><\/i><\/a>[\/vc_column_inner][\/vc_row_inner][\/vc_column][\/vc_row][vc_row css_animation=&#8220;element_from_fade&#8220; row_type=&#8220;row&#8220; use_row_as_full_screen_section=&#8220;no&#8220; type=&#8220;full_width&#8220; angled_section=&#8220;no&#8220; text_align=&#8220;left&#8220; background_image_as_pattern=&#8220;without_pattern&#8220; css=&#8220;.vc_custom_1582201138721{padding-top: 40px !important;padding-bottom: 80px !important;}&#8220; z_index=&#8220;&#8220;][vc_column][vc_row_inner row_type=&#8220;row&#8220; type=&#8220;grid&#8220; text_align=&#8220;left&#8220; css_animation=&#8220;&#8220;][vc_column_inner][vc_column_text css=&#8220;&#8220; el_class=&#8220;big-brown-head&#8220;]<\/p>\n<h1>Die komplette Palette der Elling Explorer Yachten<\/h1>\n<p>[\/vc_column_text][\/vc_column_inner][\/vc_row_inner][vc_row_inner row_type=&#8220;row&#8220; type=&#8220;grid&#8220; text_align=&#8220;left&#8220; css_animation=&#8220;&#8220; css=&#8220;.vc_custom_1570609570604{margin-top: 30px !important;}&#8220;][vc_column_inner width=&#8220;1\/2&#8243;]<div class=\"q_image_with_text_over q_iwto_hover\"><div class=\"shader\" style=\"background-color: rgba(0,0,0,0.01)\"><\/div><div class=\"shader_hover\" style=\"background-color: rgba(0,0,0,0.5)\"><\/div><img decoding=\"async\" itemprop=\"image\" src=\"https:\/\/www.ellingyachting.com\/wp-content\/uploads\/2020\/03\/elling-e3-range.jpg\" alt=\"Elling E3 Motoryacht\" \/><div class=\"text\"><table><tr><td><h3 class=\"caption no_icon\" style=\"\"><\/h3><\/td><\/tr><\/table><table><tr><td><div class=\"desc\"><\/p>\n<h3 class=\"h2-style\">Elling <span class=\"gold-head\">E3<\/span><\/h3>\n<p><span class=\"no-show-only-hover h4-style\">13.8m : 45 FT<\/span><br \/>\n<span class=\"no-show-only-hover\">Der E3 ist wendig und sportlich und macht alles mit, was man ihm vorwerfen kann!<\/span><\/p>\n<p><a class=\"qbutton no-show-only-hover default\" href=\"https:\/\/www.ellingyachting.com\/de\/das-sortiment\/elling-e3\/\" target=\"_self\" rel=\"noopener noreferrer\">Mehr details<i class=\"qode_icon_font_awesome fa fa-chevron-right qode_button_icon_element\"><\/i><\/a><\/div><\/td><\/tr><\/table><\/div><\/div>[vc_empty_space height=&#8220;30px&#8220;]<div class=\"q_image_with_text_over q_iwto_hover\"><div class=\"shader\" style=\"background-color: rgba(0,0,0,0.01)\"><\/div><div class=\"shader_hover\" style=\"background-color: rgba(0,0,0,0.5)\"><\/div><img decoding=\"async\" itemprop=\"image\" src=\"https:\/\/www.ellingyachting.com\/wp-content\/uploads\/2019\/10\/Elling-e4-model-full.jpg\" alt=\"Elling E4 Model\" \/><div class=\"text\"><table><tr><td><h3 class=\"caption no_icon\" style=\"\"><\/h3><\/td><\/tr><\/table><table><tr><td><div class=\"desc\"><\/p>\n<h3 class=\"h2-style\">Elling <span class=\"gold-head\">E4<\/span><\/h3>\n<p><span class=\"no-show-only-hover h4-style\">14.95m : 49 FT<\/span><br \/>\n<span class=\"no-show-only-hover\">Der E4 ist robust und stilvoll und bietet etwas mehr Platz f\u00fcr Unterk\u00fcnfte.<\/span><\/p>\n<p><a class=\"qbutton no-show-only-hover default\" href=\"https:\/\/www.ellingyachting.com\/de\/das-sortiment\/elling-e3\/\" target=\"_self\" rel=\"noopener noreferrer\">Mehr details<i class=\"qode_icon_font_awesome fa fa-chevron-right qode_button_icon_element\"><\/i><\/a><\/div><\/td><\/tr><\/table><\/div><\/div>[\/vc_column_inner][vc_column_inner el_class=&#8220;overview-after-boat-brown&#8220; width=&#8220;1\/2&#8243;][vc_empty_space height=&#8220;200px&#8220;]<div class=\"q_image_with_text_over q_iwto_hover\"><div class=\"shader\" style=\"background-color: rgba(0,0,0,0.01)\"><\/div><div class=\"shader_hover\" style=\"background-color: rgba(0,0,0,0.5)\"><\/div><img decoding=\"async\" itemprop=\"image\" src=\"https:\/\/www.ellingyachting.com\/wp-content\/uploads\/2020\/03\/elling-e6-range.jpg\" alt=\"The Elling E6 Motoryacht\" \/><div class=\"text\"><table><tr><td><h3 class=\"caption no_icon\" style=\"\"><\/h3><\/td><\/tr><\/table><table><tr><td><div class=\"desc\"><\/p>\n<h3 class=\"h2-style\">Elling <span class=\"gold-head\">E6<\/span><\/h3>\n<p><span class=\"no-show-only-hover h4-style\">19.8m : 65 FT<\/span><br \/>\n<span class=\"no-show-only-hover\">Die n\u00e4chste Generation ist da. Noch mehr Platz zum Entspannen und Genie\u00dfen! <\/span><\/p>\n<p><a class=\"qbutton no-show-only-hover default\" href=\"https:\/\/www.ellingyachting.com\/de\/das-sortiment\/elling-e6\/\" target=\"_self\" rel=\"noopener noreferrer\">Mehr details<i class=\"qode_icon_font_awesome fa fa-chevron-right qode_button_icon_element\"><\/i><\/a><\/div><\/td><\/tr><\/table><\/div><\/div>[\/vc_column_inner][\/vc_row_inner][\/vc_column][\/vc_row][vc_row css_animation=&#8220;&#8220; row_type=&#8220;row&#8220; use_row_as_full_screen_section=&#8220;no&#8220; type=&#8220;full_width&#8220; angled_section=&#8220;no&#8220; text_align=&#8220;left&#8220; background_image_as_pattern=&#8220;without_pattern&#8220;][vc_column][vc_row_inner row_type=&#8220;row&#8220; type=&#8220;grid&#8220; text_align=&#8220;left&#8220; css_animation=&#8220;element_from_fade&#8220; css=&#8220;.vc_custom_1583759421093{padding-top: 80px !important;padding-bottom: 80px !important;}&#8220; transition_delay=&#8220;500&#8243; el_class=&#8220;two-block-style order-change-mobile&#8220;][vc_column_inner el_class=&#8220;white-box-around&#8220; width=&#8220;1\/3&#8243; css=&#8220;.vc_custom_1582199390133{padding-top: 20px !important;padding-bottom: 40px !important;}&#8220;][vc_column_text css=&#8220;&#8220;]<\/p>\n<h2>Explorer Yacht in Amerika: Elling entdecken<\/h2>\n<p>Wenn Sie auf der Suche nach einer Entdeckeryacht in Amerika sind, bietet Elling eine seltene Kombination aus niederl\u00e4ndischem Yachtbau, hochseetauglichem Vertrauen und Komfort f\u00fcr lange Aufenthalte. Die Elling-Reihe wurde f\u00fcr Eigner gebaut, die mehr wollen als einen Wochenendkreuzer: eine Yacht, die sich an der US-Ostk\u00fcste, auf der Gro\u00dfen Schleife, bei K\u00fcstenpassagen und auf ernsthaften Hochseereisen zu Hause f\u00fchlt. Elling selbst positioniert seine Yachten als Entdeckerschiffe, Hochleistungs-Trawler, Luxus-Motoryachten und Blauwasserkreuzer &#8211; genau die Mischung, die viele amerikanische Eigner suchen.[\/vc_column_text][vc_column_text]Die E-Serie setzt neue Ma\u00dfst\u00e4be f\u00fcr Sicherheit und Luxus im modernen Yachtdesign. Sie wird aus Twaron<span class=\"superScript\">\u00ae<\/span> nach dem anspruchsvollen Standard der CE-Kategorie A (Ocean) gebaut und ist damit so robust wie ein Rettungsboot! Unsere Modelle sind optional mit einem Hilfsmotor ausgestattet, damit Sie auch in schwierigen Situationen beruhigt sein k\u00f6nnen! Ob auf der anderen Seite des Kanals oder auf dem Ozean, Sie werden den Luxus der E-Serie das ganze Jahr \u00fcber genie\u00dfen wollen.[\/vc_column_text]<a  itemprop=\"url\" href=\"https:\/\/www.ellingyachting.com\/de\/das-sortiment\/elling-e6\/\" target=\"_self\"  class=\"qbutton  default\" style=\"margin: 20px 0px 0px 0px; \">Weitere Details zum E6 anzeigen<i class=\"qode_icon_font_awesome fa fa-chevron-right qode_button_icon_element\"><\/i><\/a>[\/vc_column_inner][vc_column_inner el_class=&#8220;give-text-more-space-left&#8220; width=&#8220;2\/3&#8243; css=&#8220;.vc_custom_1582199911979{padding-top: 50px !important;}&#8220;][vc_single_image image=&#8220;1451&#8243; img_size=&#8220;full&#8220; alignment=&#8220;right&#8220; qode_css_animation=&#8220;&#8220;][vc_single_image image=&#8220;1299&#8243; img_size=&#8220;full&#8220; css=&#8220;.vc_custom_1570541907456{margin-top: 30px !important;}&#8220; qode_css_animation=&#8220;&#8220; el_class=&#8220;blue-after-landscape-small&#8220;][\/vc_column_inner][\/vc_row_inner][\/vc_column][\/vc_row][vc_row css_animation=&#8220;&#8220; row_type=&#8220;row&#8220; use_row_as_full_screen_section=&#8220;no&#8220; type=&#8220;full_width&#8220; angled_section=&#8220;no&#8220; text_align=&#8220;left&#8220; background_image_as_pattern=&#8220;without_pattern&#8220;][vc_column][vc_row_inner row_type=&#8220;row&#8220; type=&#8220;grid&#8220; text_align=&#8220;left&#8220; css_animation=&#8220;element_from_fade&#8220; css=&#8220;.vc_custom_1583755647406{padding-top: 120px !important;padding-bottom: 120px !important;}&#8220; el_class=&#8220;two-block-style&#8220;][vc_column_inner width=&#8220;1\/3&#8243;][vc_single_image image=&#8220;1305&#8243; img_size=&#8220;full&#8220; alignment=&#8220;center&#8220; qode_css_animation=&#8220;&#8220; el_class=&#8220;brown-after-landscape-small&#8220;][vc_single_image image=&#8220;1309&#8243; img_size=&#8220;full&#8220; alignment=&#8220;center&#8220; css=&#8220;.vc_custom_1583759642833{margin-top: 30px !important;}&#8220; qode_css_animation=&#8220;&#8220; el_class=&#8220;blue-after-landscape-medium&#8220;][\/vc_column_inner][vc_column_inner el_class=&#8220;give-text-bigger-space-left white-box-around&#8220; width=&#8220;2\/3&#8243;][vc_column_text css=&#8220;&#8220;]<\/p>\n<h2 data-section-id=\"116s3cv\" data-start=\"1604\" data-end=\"1660\">Warum Elling als Entdeckeryacht in den USA hervorsticht<\/h2>\n<p>Bei der Entwicklung der E-Serie von Elling standen Sicherheit, Innovation und ganzj\u00e4hriger Komfort im Vordergrund. Die Elling E4 ist aus Kevlar gefertigt, hat die CE-Zertifizierung der Kategorie A (Ozean) und kann mit einem Hilfsmotor ausgestattet werden, damit Sie auch auf hoher See sicher sein k\u00f6nnen. F\u00fcr Eigner, die mehr Gr\u00f6\u00dfe, mehr Autonomie und mehr Luxus w\u00fcnschen, wird das Flaggschiff Elling E6 als eine \u00fcberall einsetzbare Motoryacht mit einem Kevlar-verst\u00e4rkten Rumpf, einer CE-Zertifizierung der Kategorie A und einem f\u00fcr ausgedehnte Fahrten konzipierten Layout vorgestellt.  <\/p>\n<h2 data-section-id=\"rw9pg8\" data-start=\"2171\" data-end=\"2207\">Gebaut f\u00fcr amerikanische Kreuzfahrtpl\u00e4ne<\/h2>\n<p data-start=\"2209\" data-end=\"2764\">Elling ist f\u00fcr US-Eigner besonders relevant, weil die offiziellen Materialien die Yachten bereits mit amerikanischen Kreuzfahrtszenarien in Verbindung bringen. Die Elling-Brosch\u00fcren beziehen sich auf Routen wie New York-Boston, die Gro\u00dfe Schleife und die Binnenwasserstra\u00dfen an der US-Ostk\u00fcste. Sie heben auch Merkmale hervor, die auf diesen Routen von Bedeutung sind, darunter der begrenzte Tiefgang, das br\u00fcckenfreundliche Design mit einem absenkbaren Mast und das geschlossene, klimatisierte Steuerhaus, das den Eignern hilft, bei wechselnden Jahreszeiten und Wetterbedingungen komfortabel zu segeln.  <\/p>\n<p>[\/vc_column_text]<a  itemprop=\"url\" href=\"https:\/\/www.ellingyachting.com\/the-elling-motor-yacht-range\/\" target=\"_self\"  class=\"qbutton  default\" style=\"margin: 20px 0px 0px 0px; \">Mehr Entdecken<i class=\"qode_icon_font_awesome fa fa-chevron-right qode_button_icon_element\"><\/i><\/a>[\/vc_column_inner][\/vc_row_inner][\/vc_column][\/vc_row][vc_row css_animation=&#8220;&#8220; row_type=&#8220;row&#8220; use_row_as_full_screen_section=&#8220;no&#8220; type=&#8220;full_width&#8220; angled_section=&#8220;no&#8220; text_align=&#8220;left&#8220; background_image_as_pattern=&#8220;without_pattern&#8220;][vc_column][vc_row_inner row_type=&#8220;row&#8220; type=&#8220;grid&#8220; text_align=&#8220;left&#8220; css_animation=&#8220;&#8220;][vc_column_inner width=&#8220;1\/2&#8243;][vc_single_image image=&#8220;1473&#8243; img_size=&#8220;full&#8220; qode_css_animation=&#8220;&#8220; el_class=&#8220;image-with-shadow blue-after-image&#8220;][vc_empty_space height=&#8220;50px&#8220;][\/vc_column_inner][vc_column_inner el_class=&#8220;white-box-around&#8220; width=&#8220;1\/2&#8243; css=&#8220;.vc_custom_1584002804476{padding-top: 40px !important;padding-bottom: 40px !important;}&#8220;][vc_column_text css=&#8220;&#8220;]<\/p>\n<h2 data-section-id=\"153m1i2\" data-start=\"4364\" data-end=\"4415\">Eine in den Niederlanden gebaute Entdeckeryacht f\u00fcr amerikanische Eigner<\/h2>\n<p>Ob Sie Ihre n\u00e4chste Yacht als Entdeckeryacht, hochseetaugliche Motoryacht, Trawleryacht oder Blauwasserkreuzer definieren, Elling vereint diese Welten in einem Konzept. Wenn Sie eine Yacht f\u00fcr den Great Loop, die US-Ostk\u00fcste, Offshore-Passagen und ein l\u00e4ngeres Leben an Bord suchen, verdienen die Elling E4 und Elling E6 einen Platz auf Ihrer Auswahlliste. Erkunden Sie die Produktpalette, vergleichen Sie die Modelle und kontaktieren Sie Elling, um die richtige Yacht f\u00fcr Ihre Pl\u00e4ne in Amerika zu finden.[\/vc_column_text][\/vc_column_inner][\/vc_row_inner][\/vc_column][\/vc_row][vc_row css_animation=&#8220;&#8220; row_type=&#8220;row&#8220; use_row_as_full_screen_section=&#8220;no&#8220; type=&#8220;full_width&#8220; angled_section=&#8220;no&#8220; text_align=&#8220;left&#8220; background_image_as_pattern=&#8220;without_pattern&#8220;][vc_column][\/vc_column][\/vc_row]<\/p>\n<\/div>","protected":false},"excerpt":{"rendered":"<p>[vc_row row_type=&#8220;parallax&#8220; parallax_content_width=&#8220;in_grid&#8220; text_align=&#8220;left&#8220; full_screen_section_height=&#8220;no&#8220; section_height=&#8220;400&#8243; background_image=&#8220;478&#8243; el_class=&#8220;dont-show-on-mobile&#8220;][vc_column][\/vc_column][\/vc_row][vc_row css_animation=&#8220;&#8220; row_type=&#8220;row&#8220; use_row_as_full_screen_section=&#8220;no&#8220; type=&#8220;full_width&#8220; angled_section=&#8220;no&#8220; text_align=&#8220;left&#8220; background_image_as_pattern=&#8220;without_pattern&#8220; el_class=&#8220;flex-row-over dont-show-on-mobile&#8220; z_index=&#8220;&#8220;][vc_column][vc_row_inner row_type=&#8220;row&#8220; type=&#8220;grid&#8220; text_align=&#8220;left&#8220; css_animation=&#8220;element_from_fade&#8220; el_class=&#8220;home-h1-styling&#8220;][vc_column_inner width=&#8220;1\/2&#8243;][vc_column_text css=&#8220;&#8220;]Elling Explorer Yacht Kraft und Eleganz[\/vc_column_text][\/vc_column_inner][vc_column_inner el_class=&#8220;text-align-right&#8220; width=&#8220;1\/2&#8243;][\/vc_column_inner][\/vc_row_inner][\/vc_column][\/vc_row][vc_row css_animation=&#8220;element_from_fade&#8220; row_type=&#8220;row&#8220; use_row_as_full_screen_section=&#8220;no&#8220; type=&#8220;full_width&#8220; angled_section=&#8220;no&#8220; text_align=&#8220;left&#8220; background_image_as_pattern=&#8220;without_pattern&#8220; css=&#8220;.vc_custom_1582201138721{padding-top: 40px !important;padding-bottom: 80px !important;}&#8220; z_index=&#8220;&#8220;][vc_column][vc_row_inner&#8230;<\/p>\n","protected":false},"author":6,"featured_media":0,"parent":0,"menu_order":0,"comment_status":"closed","ping_status":"closed","template":"full_width.php","meta":{"_acf_changed":false,"footnotes":""},"class_list":["post-4050","page","type-page","status-publish","hentry"],"acf":[],"yoast_head":"<!-- This site is optimized with the Yoast SEO plugin v26.9 - https:\/\/yoast.com\/product\/yoast-seo-wordpress\/ -->\n<title>Explorer Yacht USA | In den Niederlanden gebaute Langstrecken-Motoryachten | Elling<\/title>\n<meta name=\"description\" content=\"Entdecken Sie Elling Entdeckeryachten in den USA. In den Niederlanden gebaute, hochseetaugliche Motoryachten f\u00fcr die Gro\u00dfe Schleife, Ostk\u00fcstenkreuzfahrten und ganzj\u00e4hrigen Komfort.\" \/>\n<meta name=\"robots\" content=\"index, follow, max-snippet:-1, max-image-preview:large, max-video-preview:-1\" \/>\n<link rel=\"canonical\" href=\"https:\/\/www.ellingyachting.com\/de\/elling-explorer-jacht\/\" \/>\n<meta property=\"og:locale\" content=\"de_DE\" \/>\n<meta property=\"og:type\" content=\"article\" \/>\n<meta property=\"og:title\" content=\"Explorer Yacht USA | In den Niederlanden gebaute Langstrecken-Motoryachten | Elling\" \/>\n<meta property=\"og:description\" content=\"Entdecken Sie Elling Entdeckeryachten in den USA. In den Niederlanden gebaute, hochseetaugliche Motoryachten f\u00fcr die Gro\u00dfe Schleife, Ostk\u00fcstenkreuzfahrten und ganzj\u00e4hrigen Komfort.\" \/>\n<meta property=\"og:url\" content=\"https:\/\/www.ellingyachting.com\/de\/elling-explorer-jacht\/\" \/>\n<meta property=\"og:site_name\" content=\"Elling Yachting\" \/>\n<meta property=\"article:publisher\" content=\"https:\/\/www.facebook.com\/profile.php?id=100063969341938&amp;locale=nl_NL\" \/>\n<meta property=\"article:modified_time\" content=\"2026-04-08T07:07:26+00:00\" \/>\n<meta property=\"og:image\" content=\"https:\/\/www.ellingyachting.com\/wp-content\/uploads\/2024\/12\/logo.png\" \/>\n\t<meta property=\"og:image:width\" content=\"159\" \/>\n\t<meta property=\"og:image:height\" content=\"125\" \/>\n\t<meta property=\"og:image:type\" content=\"image\/png\" \/>\n<meta name=\"twitter:card\" content=\"summary_large_image\" \/>\n<meta name=\"twitter:label1\" content=\"Gesch\u00e4tzte Lesezeit\" \/>\n\t<meta name=\"twitter:data1\" content=\"7\u00a0Minuten\" \/>\n<script type=\"application\/ld+json\" class=\"yoast-schema-graph\">{\"@context\":\"https:\/\/schema.org\",\"@graph\":[{\"@type\":\"WebPage\",\"@id\":\"https:\/\/www.ellingyachting.com\/de\/elling-explorer-jacht\/\",\"url\":\"https:\/\/www.ellingyachting.com\/de\/elling-explorer-jacht\/\",\"name\":\"Explorer Yacht USA | In den Niederlanden gebaute Langstrecken-Motoryachten | Elling\",\"isPartOf\":{\"@id\":\"https:\/\/www.ellingyachting.com\/#website\"},\"datePublished\":\"2026-03-18T09:40:46+00:00\",\"dateModified\":\"2026-04-08T07:07:26+00:00\",\"description\":\"Entdecken Sie Elling Entdeckeryachten in den USA. In den Niederlanden gebaute, hochseetaugliche Motoryachten f\u00fcr die Gro\u00dfe Schleife, Ostk\u00fcstenkreuzfahrten und ganzj\u00e4hrigen Komfort.\",\"breadcrumb\":{\"@id\":\"https:\/\/www.ellingyachting.com\/de\/elling-explorer-jacht\/#breadcrumb\"},\"inLanguage\":\"de\",\"potentialAction\":[{\"@type\":\"ReadAction\",\"target\":[\"https:\/\/www.ellingyachting.com\/de\/elling-explorer-jacht\/\"]}]},{\"@type\":\"BreadcrumbList\",\"@id\":\"https:\/\/www.ellingyachting.com\/de\/elling-explorer-jacht\/#breadcrumb\",\"itemListElement\":[{\"@type\":\"ListItem\",\"position\":1,\"name\":\"Home\",\"item\":\"https:\/\/www.ellingyachting.com\/de\/\"},{\"@type\":\"ListItem\",\"position\":2,\"name\":\"Elling Explorer Jacht\"}]},{\"@type\":\"WebSite\",\"@id\":\"https:\/\/www.ellingyachting.com\/#website\",\"url\":\"https:\/\/www.ellingyachting.com\/\",\"name\":\"Elling Yachting\",\"description\":\"Luxury Elling Yachts builders\",\"publisher\":{\"@id\":\"https:\/\/www.ellingyachting.com\/#organization\"},\"potentialAction\":[{\"@type\":\"SearchAction\",\"target\":{\"@type\":\"EntryPoint\",\"urlTemplate\":\"https:\/\/www.ellingyachting.com\/?s={search_term_string}\"},\"query-input\":{\"@type\":\"PropertyValueSpecification\",\"valueRequired\":true,\"valueName\":\"search_term_string\"}}],\"inLanguage\":\"de\"},{\"@type\":\"Organization\",\"@id\":\"https:\/\/www.ellingyachting.com\/#organization\",\"name\":\"Elling shipbuilding\",\"url\":\"https:\/\/www.ellingyachting.com\/\",\"logo\":{\"@type\":\"ImageObject\",\"inLanguage\":\"de\",\"@id\":\"https:\/\/www.ellingyachting.com\/#\/schema\/logo\/image\/\",\"url\":\"https:\/\/www.ellingyachting.com\/wp-content\/uploads\/2024\/12\/logo.png\",\"contentUrl\":\"https:\/\/www.ellingyachting.com\/wp-content\/uploads\/2024\/12\/logo.png\",\"width\":159,\"height\":125,\"caption\":\"Elling shipbuilding\"},\"image\":{\"@id\":\"https:\/\/www.ellingyachting.com\/#\/schema\/logo\/image\/\"},\"sameAs\":[\"https:\/\/www.facebook.com\/profile.php?id=100063969341938&locale=nl_NL\",\"https:\/\/www.instagram.com\/ellingyachts\/\"]}]}<\/script>\n<!-- \/ Yoast SEO plugin. -->","yoast_head_json":{"title":"Explorer Yacht USA | In den Niederlanden gebaute Langstrecken-Motoryachten | Elling","description":"Entdecken Sie Elling Entdeckeryachten in den USA. In den Niederlanden gebaute, hochseetaugliche Motoryachten f\u00fcr die Gro\u00dfe Schleife, Ostk\u00fcstenkreuzfahrten und ganzj\u00e4hrigen Komfort.","robots":{"index":"index","follow":"follow","max-snippet":"max-snippet:-1","max-image-preview":"max-image-preview:large","max-video-preview":"max-video-preview:-1"},"canonical":"https:\/\/www.ellingyachting.com\/de\/elling-explorer-jacht\/","og_locale":"de_DE","og_type":"article","og_title":"Explorer Yacht USA | In den Niederlanden gebaute Langstrecken-Motoryachten | Elling","og_description":"Entdecken Sie Elling Entdeckeryachten in den USA. In den Niederlanden gebaute, hochseetaugliche Motoryachten f\u00fcr die Gro\u00dfe Schleife, Ostk\u00fcstenkreuzfahrten und ganzj\u00e4hrigen Komfort.","og_url":"https:\/\/www.ellingyachting.com\/de\/elling-explorer-jacht\/","og_site_name":"Elling Yachting","article_publisher":"https:\/\/www.facebook.com\/profile.php?id=100063969341938&locale=nl_NL","article_modified_time":"2026-04-08T07:07:26+00:00","og_image":[{"width":159,"height":125,"url":"https:\/\/www.ellingyachting.com\/wp-content\/uploads\/2024\/12\/logo.png","type":"image\/png"}],"twitter_card":"summary_large_image","twitter_misc":{"Gesch\u00e4tzte Lesezeit":"7\u00a0Minuten"},"schema":{"@context":"https:\/\/schema.org","@graph":[{"@type":"WebPage","@id":"https:\/\/www.ellingyachting.com\/de\/elling-explorer-jacht\/","url":"https:\/\/www.ellingyachting.com\/de\/elling-explorer-jacht\/","name":"Explorer Yacht USA | In den Niederlanden gebaute Langstrecken-Motoryachten | Elling","isPartOf":{"@id":"https:\/\/www.ellingyachting.com\/#website"},"datePublished":"2026-03-18T09:40:46+00:00","dateModified":"2026-04-08T07:07:26+00:00","description":"Entdecken Sie Elling Entdeckeryachten in den USA. In den Niederlanden gebaute, hochseetaugliche Motoryachten f\u00fcr die Gro\u00dfe Schleife, Ostk\u00fcstenkreuzfahrten und ganzj\u00e4hrigen Komfort.","breadcrumb":{"@id":"https:\/\/www.ellingyachting.com\/de\/elling-explorer-jacht\/#breadcrumb"},"inLanguage":"de","potentialAction":[{"@type":"ReadAction","target":["https:\/\/www.ellingyachting.com\/de\/elling-explorer-jacht\/"]}]},{"@type":"BreadcrumbList","@id":"https:\/\/www.ellingyachting.com\/de\/elling-explorer-jacht\/#breadcrumb","itemListElement":[{"@type":"ListItem","position":1,"name":"Home","item":"https:\/\/www.ellingyachting.com\/de\/"},{"@type":"ListItem","position":2,"name":"Elling Explorer Jacht"}]},{"@type":"WebSite","@id":"https:\/\/www.ellingyachting.com\/#website","url":"https:\/\/www.ellingyachting.com\/","name":"Elling Yachting","description":"Luxury Elling Yachts builders","publisher":{"@id":"https:\/\/www.ellingyachting.com\/#organization"},"potentialAction":[{"@type":"SearchAction","target":{"@type":"EntryPoint","urlTemplate":"https:\/\/www.ellingyachting.com\/?s={search_term_string}"},"query-input":{"@type":"PropertyValueSpecification","valueRequired":true,"valueName":"search_term_string"}}],"inLanguage":"de"},{"@type":"Organization","@id":"https:\/\/www.ellingyachting.com\/#organization","name":"Elling shipbuilding","url":"https:\/\/www.ellingyachting.com\/","logo":{"@type":"ImageObject","inLanguage":"de","@id":"https:\/\/www.ellingyachting.com\/#\/schema\/logo\/image\/","url":"https:\/\/www.ellingyachting.com\/wp-content\/uploads\/2024\/12\/logo.png","contentUrl":"https:\/\/www.ellingyachting.com\/wp-content\/uploads\/2024\/12\/logo.png","width":159,"height":125,"caption":"Elling shipbuilding"},"image":{"@id":"https:\/\/www.ellingyachting.com\/#\/schema\/logo\/image\/"},"sameAs":["https:\/\/www.facebook.com\/profile.php?id=100063969341938&locale=nl_NL","https:\/\/www.instagram.com\/ellingyachts\/"]}]}},"_links":{"self":[{"href":"https:\/\/www.ellingyachting.com\/de\/wp-json\/wp\/v2\/pages\/4050","targetHints":{"allow":["GET"]}}],"collection":[{"href":"https:\/\/www.ellingyachting.com\/de\/wp-json\/wp\/v2\/pages"}],"about":[{"href":"https:\/\/www.ellingyachting.com\/de\/wp-json\/wp\/v2\/types\/page"}],"author":[{"embeddable":true,"href":"https:\/\/www.ellingyachting.com\/de\/wp-json\/wp\/v2\/users\/6"}],"replies":[{"embeddable":true,"href":"https:\/\/www.ellingyachting.com\/de\/wp-json\/wp\/v2\/comments?post=4050"}],"version-history":[{"count":7,"href":"https:\/\/www.ellingyachting.com\/de\/wp-json\/wp\/v2\/pages\/4050\/revisions"}],"predecessor-version":[{"id":4090,"href":"https:\/\/www.ellingyachting.com\/de\/wp-json\/wp\/v2\/pages\/4050\/revisions\/4090"}],"wp:attachment":[{"href":"https:\/\/www.ellingyachting.com\/de\/wp-json\/wp\/v2\/media?parent=4050"}],"curies":[{"name":"wp","href":"https:\/\/api.w.org\/{rel}","templated":true}]}}