{"id":4023,"date":"2026-03-18T14:14:22","date_gmt":"2026-03-18T13:14:22","guid":{"rendered":"https:\/\/www.ellingyachting.com\/trawler-yacht\/"},"modified":"2026-04-08T08:19:59","modified_gmt":"2026-04-08T06:19:59","slug":"trawler-yacht","status":"publish","type":"page","link":"https:\/\/www.ellingyachting.com\/de\/trawler-yacht\/","title":{"rendered":"Trawler Yacht"},"content":{"rendered":"<div class=\"wpb-content-wrapper\"><p>[vc_row row_type=&#8220;parallax&#8220; parallax_content_width=&#8220;in_grid&#8220; text_align=&#8220;left&#8220; full_screen_section_height=&#8220;no&#8220; section_height=&#8220;400&#8243; background_image=&#8220;478&#8243; el_class=&#8220;dont-show-on-mobile&#8220;][vc_column][\/vc_column][\/vc_row][vc_row css_animation=&#8220;&#8220; row_type=&#8220;row&#8220; use_row_as_full_screen_section=&#8220;no&#8220; type=&#8220;full_width&#8220; angled_section=&#8220;no&#8220; text_align=&#8220;left&#8220; background_image_as_pattern=&#8220;without_pattern&#8220; el_class=&#8220;flex-row-over dont-show-on-mobile&#8220; z_index=&#8220;&#8220;][vc_column][vc_row_inner row_type=&#8220;row&#8220; type=&#8220;grid&#8220; text_align=&#8220;left&#8220; css_animation=&#8220;element_from_fade&#8220; el_class=&#8220;home-h1-styling&#8220;][vc_column_inner width=&#8220;1\/2&#8243;][vc_column_text css=&#8220;&#8220;]<span class=\"h1-style\">Elling Trawler Yacht<br \/>\nKraft und Eleganz<\/span>[\/vc_column_text][\/vc_column_inner][vc_column_inner el_class=&#8220;text-align-right&#8220; width=&#8220;1\/2&#8243;]<a  itemprop=\"url\" href=\"https:\/\/www.ellingyachting.com\/de\/das-sortiment\/elling-e6\/\" target=\"_self\"  class=\"qbutton  default\" style=\"margin: 20px 0px 10px 0px; \">Entdecken Sie das E6<i class=\"qode_icon_font_awesome fa fa-chevron-right qode_button_icon_element\"><\/i><\/a>[\/vc_column_inner][\/vc_row_inner][\/vc_column][\/vc_row][vc_row css_animation=&#8220;element_from_fade&#8220; row_type=&#8220;row&#8220; use_row_as_full_screen_section=&#8220;no&#8220; type=&#8220;full_width&#8220; angled_section=&#8220;no&#8220; text_align=&#8220;left&#8220; background_image_as_pattern=&#8220;without_pattern&#8220; css=&#8220;.vc_custom_1582201138721{padding-top: 40px !important;padding-bottom: 80px !important;}&#8220; z_index=&#8220;&#8220;][vc_column][vc_row_inner row_type=&#8220;row&#8220; type=&#8220;grid&#8220; text_align=&#8220;left&#8220; css_animation=&#8220;&#8220;][vc_column_inner][vc_column_text css=&#8220;&#8220; el_class=&#8220;big-brown-head&#8220;]<\/p>\n<h1>Die komplette Palette der Elling Trawler Yachten<\/h1>\n<p>[\/vc_column_text][\/vc_column_inner][\/vc_row_inner][vc_row_inner row_type=&#8220;row&#8220; type=&#8220;grid&#8220; text_align=&#8220;left&#8220; css_animation=&#8220;&#8220; css=&#8220;.vc_custom_1570609570604{margin-top: 30px !important;}&#8220;][vc_column_inner width=&#8220;1\/2&#8243;]<div class=\"q_image_with_text_over q_iwto_hover\"><div class=\"shader\" style=\"background-color: rgba(0,0,0,0.01)\"><\/div><div class=\"shader_hover\" style=\"background-color: rgba(0,0,0,0.5)\"><\/div><img decoding=\"async\" itemprop=\"image\" src=\"https:\/\/www.ellingyachting.com\/wp-content\/uploads\/2020\/03\/elling-e3-range.jpg\" alt=\"Elling E3 Motoryacht\" \/><div class=\"text\"><table><tr><td><h3 class=\"caption no_icon\" style=\"\"><\/h3><\/td><\/tr><\/table><table><tr><td><div class=\"desc\"><\/p>\n<h3 class=\"h2-style\">Elling <span class=\"gold-head\">E3<\/span><\/h3>\n<p><span class=\"no-show-only-hover h4-style\">13.8m : 45 FT<\/span><br \/>\n<span class=\"no-show-only-hover\">Der E3 ist wendig und sportlich und macht alles mit, was man ihm vorwerfen kann!<\/span><\/p>\n<p><a class=\"qbutton no-show-only-hover default\" href=\"https:\/\/www.ellingyachting.com\/de\/das-sortiment\/elling-e3\/\" target=\"_self\" rel=\"noopener noreferrer\">Mehr details<i class=\"qode_icon_font_awesome fa fa-chevron-right qode_button_icon_element\"><\/i><\/a><\/div><\/td><\/tr><\/table><\/div><\/div>[vc_empty_space height=&#8220;30px&#8220;]<div class=\"q_image_with_text_over q_iwto_hover\"><div class=\"shader\" style=\"background-color: rgba(0,0,0,0.01)\"><\/div><div class=\"shader_hover\" style=\"background-color: rgba(0,0,0,0.5)\"><\/div><img decoding=\"async\" itemprop=\"image\" src=\"https:\/\/www.ellingyachting.com\/wp-content\/uploads\/2019\/10\/Elling-e4-model-full.jpg\" alt=\"Elling E4 Model\" \/><div class=\"text\"><table><tr><td><h3 class=\"caption no_icon\" style=\"\"><\/h3><\/td><\/tr><\/table><table><tr><td><div class=\"desc\"><\/p>\n<h3 class=\"h2-style\">Elling <span class=\"gold-head\">E4<\/span><\/h3>\n<p><span class=\"no-show-only-hover h4-style\">14.95m : 49 FT<\/span><br \/>\n<span class=\"no-show-only-hover\">Der E4 ist robust und stilvoll und bietet etwas mehr Platz f\u00fcr Unterk\u00fcnfte.<\/span><\/p>\n<p><a class=\"qbutton no-show-only-hover default\" href=\"https:\/\/www.ellingyachting.com\/de\/das-sortiment\/elling-e4\/\" target=\"_self\" rel=\"noopener noreferrer\">Mehr details<i class=\"qode_icon_font_awesome fa fa-chevron-right qode_button_icon_element\"><\/i><\/a><\/div><\/td><\/tr><\/table><\/div><\/div>[\/vc_column_inner][vc_column_inner el_class=&#8220;overview-after-boat-brown&#8220; width=&#8220;1\/2&#8243;][vc_empty_space height=&#8220;200px&#8220;]<div class=\"q_image_with_text_over q_iwto_hover\"><div class=\"shader\" style=\"background-color: rgba(0,0,0,0.01)\"><\/div><div class=\"shader_hover\" style=\"background-color: rgba(0,0,0,0.5)\"><\/div><img decoding=\"async\" itemprop=\"image\" src=\"https:\/\/www.ellingyachting.com\/wp-content\/uploads\/2020\/03\/elling-e6-range.jpg\" alt=\"The Elling E6 Motoryacht\" \/><div class=\"text\"><table><tr><td><h3 class=\"caption no_icon\" style=\"\"><\/h3><\/td><\/tr><\/table><table><tr><td><div class=\"desc\"><\/p>\n<h3 class=\"h2-style\">Elling <span class=\"gold-head\">E6<\/span><\/h3>\n<p><span class=\"no-show-only-hover h4-style\">19.8m : 65 FT<\/span><br \/>\n<span class=\"no-show-only-hover\">Die n\u00e4chste Generation ist da. Noch mehr Platz zum Entspannen und Genie\u00dfen! <\/span><\/p>\n<p><a class=\"qbutton no-show-only-hover default\" href=\"https:\/\/www.ellingyachting.com\/de\/das-sortiment\/elling-e6\/\" target=\"_self\" rel=\"noopener noreferrer\">Mehr details<i class=\"qode_icon_font_awesome fa fa-chevron-right qode_button_icon_element\"><\/i><\/a><\/div><\/td><\/tr><\/table><\/div><\/div>[\/vc_column_inner][\/vc_row_inner][\/vc_column][\/vc_row][vc_row css_animation=&#8220;&#8220; row_type=&#8220;row&#8220; use_row_as_full_screen_section=&#8220;no&#8220; type=&#8220;full_width&#8220; angled_section=&#8220;no&#8220; text_align=&#8220;left&#8220; background_image_as_pattern=&#8220;without_pattern&#8220;][vc_column][vc_row_inner row_type=&#8220;row&#8220; type=&#8220;grid&#8220; text_align=&#8220;left&#8220; css_animation=&#8220;element_from_fade&#8220; css=&#8220;.vc_custom_1583759421093{padding-top: 80px !important;padding-bottom: 80px !important;}&#8220; transition_delay=&#8220;500&#8243; el_class=&#8220;two-block-style order-change-mobile&#8220;][vc_column_inner el_class=&#8220;white-box-around&#8220; width=&#8220;1\/3&#8243; css=&#8220;.vc_custom_1582199390133{padding-top: 20px !important;padding-bottom: 40px !important;}&#8220;][vc_column_text css=&#8220;&#8220;]<\/p>\n<h2>Trawler Yachten bei Elling Yachting<\/h2>\n<p>F\u00fcr K\u00e4ufer, die sich f\u00fcr Trawler-Yachten interessieren, bietet Elling Yachting eine eindeutig niederl\u00e4ndische Alternative. Elling positioniert seine Yachten als Entdecker, Hochleistungs-Trawler, Luxus-Motoryachten und Blauwasser-Kreuzfahrtschiffe, w\u00e4hrend die Produktpalette selbst als eine Linie von Langstrecken-Motoryachten pr\u00e4sentiert wird, die f\u00fcr Sicherheit, Komfort und Hochseetauglichkeit konzipiert sind. <\/p>\n<p>Die Attraktivit\u00e4t von Trawler-Yachten geht weit \u00fcber das Aussehen hinaus. Eigner in diesem Segment sind in der Regel auf der Suche nach Langstrecken-Effizienz, sicherem Seeverhalten und komfortablem Leben an Bord w\u00e4hrend ausgedehnter Kreuzfahrten. Ellings eigene Positionierung als Trawler-Yacht basiert auf genau diesem Profil und macht die Marke zu einem nat\u00fcrlichen Partner f\u00fcr K\u00e4ufer, die sich ein Design w\u00fcnschen, bei dem das Segeln im Vordergrund steht, kombiniert mit erstklassigem Komfort an Bord.[\/vc_column_text][vc_column_text css=&#8220;&#8220;]Was Elling in der Kategorie der Trawler-Yachten besonders relevant macht, ist die St\u00e4rke seiner Modellpalette. Die Elling E3 pr\u00e4sentiert sich als kompakte, effiziente und luxuri\u00f6se Motoryacht, die sowohl f\u00fcr Kurztrips als auch f\u00fcr ausgedehnte Fahrten gebaut wurde. Sie tr\u00e4gt au\u00dferdem die CE-Zertifizierung der Kategorie A und unterstreicht damit ihre ernsthaften Reiseabsichten in einem \u00fcberschaubaren Format.[\/vc_column_text]<a  itemprop=\"url\" href=\"https:\/\/www.ellingyachting.com\/de\/das-sortiment\/elling-e6\/\" target=\"_self\"  class=\"qbutton  default\" style=\"margin: 20px 0px 0px 0px; \">Weitere Details zum E6 anzeigen<i class=\"qode_icon_font_awesome fa fa-chevron-right qode_button_icon_element\"><\/i><\/a>[\/vc_column_inner][vc_column_inner el_class=&#8220;give-text-more-space-left&#8220; width=&#8220;2\/3&#8243; css=&#8220;.vc_custom_1582199911979{padding-top: 50px !important;}&#8220;][vc_single_image image=&#8220;1451&#8243; img_size=&#8220;full&#8220; alignment=&#8220;right&#8220; qode_css_animation=&#8220;&#8220;][vc_single_image image=&#8220;1299&#8243; img_size=&#8220;full&#8220; css=&#8220;.vc_custom_1570541907456{margin-top: 30px !important;}&#8220; qode_css_animation=&#8220;&#8220; el_class=&#8220;blue-after-landscape-small&#8220;][\/vc_column_inner][\/vc_row_inner][\/vc_column][\/vc_row][vc_row css_animation=&#8220;&#8220; row_type=&#8220;row&#8220; use_row_as_full_screen_section=&#8220;no&#8220; type=&#8220;full_width&#8220; angled_section=&#8220;no&#8220; text_align=&#8220;left&#8220; background_image_as_pattern=&#8220;without_pattern&#8220;][vc_column][vc_row_inner row_type=&#8220;row&#8220; type=&#8220;grid&#8220; text_align=&#8220;left&#8220; css_animation=&#8220;element_from_fade&#8220; css=&#8220;.vc_custom_1583755647406{padding-top: 120px !important;padding-bottom: 120px !important;}&#8220; el_class=&#8220;two-block-style&#8220;][vc_column_inner width=&#8220;1\/3&#8243;][vc_single_image image=&#8220;1305&#8243; img_size=&#8220;full&#8220; alignment=&#8220;center&#8220; qode_css_animation=&#8220;&#8220; el_class=&#8220;brown-after-landscape-small&#8220;][vc_single_image image=&#8220;1309&#8243; img_size=&#8220;full&#8220; alignment=&#8220;center&#8220; css=&#8220;.vc_custom_1583759642833{margin-top: 30px !important;}&#8220; qode_css_animation=&#8220;&#8220; el_class=&#8220;blue-after-landscape-medium&#8220;][\/vc_column_inner][vc_column_inner el_class=&#8220;give-text-bigger-space-left white-box-around&#8220; width=&#8220;2\/3&#8243;][vc_column_text css=&#8220;&#8220;]<\/p>\n<h2 data-start=\"689\" data-end=\"743\">In den Niederlanden gebaute Trawler-Yachten f\u00fcr Langstreckent\u00f6rns<\/h2>\n<p>F\u00fcr Eigner, die sich mehr Sicherheit auf See und mehr Raffinesse an Bord w\u00fcnschen, ist das Elling E4 eines der st\u00e4rksten Boote der Reihe. Elling beschreibt, dass die E4 aus strapazierf\u00e4higem Kevlar gefertigt ist, die CE-Kategorie A-Normen erf\u00fcllt und einen optionalen Hilfsmotor f\u00fcr zus\u00e4tzliche Sicherheit bietet, wenn die Bedingungen schwierig werden. Die Marke hebt auch die hervorragende Isolierung und den ganzj\u00e4hrigen Luxus hervor, der f\u00fcr K\u00e4ufer, die Trawler-Yachten f\u00fcr l\u00e4ngere Fahrten vergleichen, einen echten Reiz f\u00fcr Tauchsafaris darstellt.  <\/p>\n<p>Die Elling E6 ist das Flaggschiff unter den Trawler-Yachten. Elling beschreibt die E6 als die Kr\u00f6nung seines zeitgen\u00f6ssischen Yachtdesigns und als ein echtes &#8222;Go-anywhere&#8220;-Konzept mit gr\u00f6\u00dferem Komfort und h\u00f6herer Reichweite. In den j\u00fcngsten offiziellen Ausstellungsunterlagen wird die E6 als hochseetaugliche Motoryacht mit einem kevlarverst\u00e4rkten Rumpf, einer CE-Zertifizierung der Kategorie A und einem raffinierten, ger\u00e4umigen Innenraum vorgestellt, der f\u00fcr Zuverl\u00e4ssigkeit, Autonomie und Komfort bei ausgedehnten Fahrten sorgt.  <\/p>\n<p data-start=\"3822\" data-end=\"4219\">Von der 45-Fu\u00df-E3 \u00fcber die 49-Fu\u00df-E4 bis zur 65-Fu\u00df-E6 bietet Elling eine klare Progression f\u00fcr K\u00e4ufer, die sich tiefer in die Welt der Trawler-Yachten begeben. Ganz gleich, ob Sie Wert auf kompakte Effizienz, Sicherheit auf hoher See oder Tauchsafari-Komfort auf Flaggschiff-Niveau legen, Elling Yachting bietet eine Produktpalette, die auf Langstreckent\u00f6rns, Komfort an Bord und Vertrauen auf See ausgerichtet ist. <\/p>\n<p>[\/vc_column_text]<a  itemprop=\"url\" href=\"https:\/\/www.ellingyachting.com\/de\/das-sortiment\/\" target=\"_self\"  class=\"qbutton  default\" style=\"margin: 20px 0px 0px 0px; \">Mehr Entdecken<i class=\"qode_icon_font_awesome fa fa-chevron-right qode_button_icon_element\"><\/i><\/a>[\/vc_column_inner][\/vc_row_inner][\/vc_column][\/vc_row][vc_row css_animation=&#8220;&#8220; row_type=&#8220;row&#8220; use_row_as_full_screen_section=&#8220;no&#8220; type=&#8220;full_width&#8220; angled_section=&#8220;no&#8220; text_align=&#8220;left&#8220; background_image_as_pattern=&#8220;without_pattern&#8220;][vc_column][vc_row_inner row_type=&#8220;row&#8220; type=&#8220;grid&#8220; text_align=&#8220;left&#8220; css_animation=&#8220;&#8220;][vc_column_inner width=&#8220;1\/2&#8243;][vc_single_image image=&#8220;1473&#8243; img_size=&#8220;full&#8220; qode_css_animation=&#8220;&#8220; el_class=&#8220;image-with-shadow blue-after-image&#8220;][vc_empty_space height=&#8220;50px&#8220;][\/vc_column_inner][vc_column_inner el_class=&#8220;white-box-around&#8220; width=&#8220;1\/2&#8243; css=&#8220;.vc_custom_1584002804476{padding-top: 40px !important;padding-bottom: 40px !important;}&#8220;][vc_column_text css=&#8220;&#8220;]<\/p>\n<h2 data-section-id=\"153m1i2\" data-start=\"4364\" data-end=\"4415\">Eine in den Niederlanden gebaute Trawler-Yacht f\u00fcr Eigner weltweit.<\/h2>\n<p>Wenn Sie auf der Suche nach einer Trawler-Yacht mit echtem Hochsee-Ambitionen, niederl\u00e4ndischem Yachtbau-Pedigree und einer Modellpalette sind, die Sicherheit und Komfort in Einklang bringt, verdient Elling Yachting einen Platz auf Ihrer Auswahlliste. Entdecken Sie die Elling E3, E4 und E6 und finden Sie heraus, welche Yacht am besten zu Ihren Kreuzfahrtpl\u00e4nen passt.[\/vc_column_text][\/vc_column_inner][\/vc_row_inner][\/vc_column][\/vc_row][vc_row css_animation=&#8220;&#8220; row_type=&#8220;row&#8220; use_row_as_full_screen_section=&#8220;no&#8220; type=&#8220;full_width&#8220; angled_section=&#8220;no&#8220; text_align=&#8220;left&#8220; background_image_as_pattern=&#8220;without_pattern&#8220;][vc_column][\/vc_column][\/vc_row]<\/p>\n<\/div>","protected":false},"excerpt":{"rendered":"<p>[vc_row row_type=&#8220;parallax&#8220; parallax_content_width=&#8220;in_grid&#8220; text_align=&#8220;left&#8220; full_screen_section_height=&#8220;no&#8220; section_height=&#8220;400&#8243; background_image=&#8220;478&#8243; el_class=&#8220;dont-show-on-mobile&#8220;][vc_column][\/vc_column][\/vc_row][vc_row css_animation=&#8220;&#8220; row_type=&#8220;row&#8220; use_row_as_full_screen_section=&#8220;no&#8220; type=&#8220;full_width&#8220; angled_section=&#8220;no&#8220; text_align=&#8220;left&#8220; background_image_as_pattern=&#8220;without_pattern&#8220; el_class=&#8220;flex-row-over dont-show-on-mobile&#8220; z_index=&#8220;&#8220;][vc_column][vc_row_inner row_type=&#8220;row&#8220; type=&#8220;grid&#8220; text_align=&#8220;left&#8220; css_animation=&#8220;element_from_fade&#8220; el_class=&#8220;home-h1-styling&#8220;][vc_column_inner width=&#8220;1\/2&#8243;][vc_column_text css=&#8220;&#8220;]Elling Trawler Yacht Kraft und Eleganz[\/vc_column_text][\/vc_column_inner][vc_column_inner el_class=&#8220;text-align-right&#8220; width=&#8220;1\/2&#8243;][\/vc_column_inner][\/vc_row_inner][\/vc_column][\/vc_row][vc_row css_animation=&#8220;element_from_fade&#8220; row_type=&#8220;row&#8220; use_row_as_full_screen_section=&#8220;no&#8220; type=&#8220;full_width&#8220; angled_section=&#8220;no&#8220; text_align=&#8220;left&#8220; background_image_as_pattern=&#8220;without_pattern&#8220; css=&#8220;.vc_custom_1582201138721{padding-top: 40px !important;padding-bottom: 80px !important;}&#8220; z_index=&#8220;&#8220;][vc_column][vc_row_inner&#8230;<\/p>\n","protected":false},"author":6,"featured_media":0,"parent":0,"menu_order":0,"comment_status":"closed","ping_status":"closed","template":"full_width.php","meta":{"_acf_changed":false,"footnotes":""},"class_list":["post-4023","page","type-page","status-publish","hentry"],"acf":[],"yoast_head":"<!-- This site is optimized with the Yoast SEO plugin v26.9 - https:\/\/yoast.com\/product\/yoast-seo-wordpress\/ -->\n<title>Trawler Yachten | Langstrecken-Motoryachten aus den Niederlanden | Elling Yachting<\/title>\n<meta name=\"description\" content=\"Entdecken Sie die Trawler-Yachten von Elling. Entdecken Sie die in den Niederlanden gebauten E3, E4 und E6 f\u00fcr Langstreckent\u00f6rns, Komfort an Bord, Sicherheit und Vertrauen in die Seefahrt.\" \/>\n<meta name=\"robots\" content=\"index, follow, max-snippet:-1, max-image-preview:large, max-video-preview:-1\" \/>\n<link rel=\"canonical\" href=\"https:\/\/www.ellingyachting.com\/de\/trawler-yacht\/\" \/>\n<meta property=\"og:locale\" content=\"de_DE\" \/>\n<meta property=\"og:type\" content=\"article\" \/>\n<meta property=\"og:title\" content=\"Trawler Yachten | Langstrecken-Motoryachten aus den Niederlanden | Elling Yachting\" \/>\n<meta property=\"og:description\" content=\"Entdecken Sie die Trawler-Yachten von Elling. Entdecken Sie die in den Niederlanden gebauten E3, E4 und E6 f\u00fcr Langstreckent\u00f6rns, Komfort an Bord, Sicherheit und Vertrauen in die Seefahrt.\" \/>\n<meta property=\"og:url\" content=\"https:\/\/www.ellingyachting.com\/de\/trawler-yacht\/\" \/>\n<meta property=\"og:site_name\" content=\"Elling Yachting\" \/>\n<meta property=\"article:publisher\" content=\"https:\/\/www.facebook.com\/profile.php?id=100063969341938&amp;locale=nl_NL\" \/>\n<meta property=\"article:modified_time\" content=\"2026-04-08T06:19:59+00:00\" \/>\n<meta property=\"og:image\" content=\"https:\/\/www.ellingyachting.com\/wp-content\/uploads\/2024\/12\/logo.png\" \/>\n\t<meta property=\"og:image:width\" content=\"159\" \/>\n\t<meta property=\"og:image:height\" content=\"125\" \/>\n\t<meta property=\"og:image:type\" content=\"image\/png\" \/>\n<meta name=\"twitter:card\" content=\"summary_large_image\" \/>\n<meta name=\"twitter:label1\" content=\"Gesch\u00e4tzte Lesezeit\" \/>\n\t<meta name=\"twitter:data1\" content=\"7\u00a0Minuten\" \/>\n<script type=\"application\/ld+json\" class=\"yoast-schema-graph\">{\"@context\":\"https:\/\/schema.org\",\"@graph\":[{\"@type\":\"WebPage\",\"@id\":\"https:\/\/www.ellingyachting.com\/de\/trawler-yacht\/\",\"url\":\"https:\/\/www.ellingyachting.com\/de\/trawler-yacht\/\",\"name\":\"Trawler Yachten | Langstrecken-Motoryachten aus den Niederlanden | Elling Yachting\",\"isPartOf\":{\"@id\":\"https:\/\/www.ellingyachting.com\/#website\"},\"datePublished\":\"2026-03-18T13:14:22+00:00\",\"dateModified\":\"2026-04-08T06:19:59+00:00\",\"description\":\"Entdecken Sie die Trawler-Yachten von Elling. Entdecken Sie die in den Niederlanden gebauten E3, E4 und E6 f\u00fcr Langstreckent\u00f6rns, Komfort an Bord, Sicherheit und Vertrauen in die Seefahrt.\",\"breadcrumb\":{\"@id\":\"https:\/\/www.ellingyachting.com\/de\/trawler-yacht\/#breadcrumb\"},\"inLanguage\":\"de\",\"potentialAction\":[{\"@type\":\"ReadAction\",\"target\":[\"https:\/\/www.ellingyachting.com\/de\/trawler-yacht\/\"]}]},{\"@type\":\"BreadcrumbList\",\"@id\":\"https:\/\/www.ellingyachting.com\/de\/trawler-yacht\/#breadcrumb\",\"itemListElement\":[{\"@type\":\"ListItem\",\"position\":1,\"name\":\"Home\",\"item\":\"https:\/\/www.ellingyachting.com\/de\/\"},{\"@type\":\"ListItem\",\"position\":2,\"name\":\"Trawler Yacht\"}]},{\"@type\":\"WebSite\",\"@id\":\"https:\/\/www.ellingyachting.com\/#website\",\"url\":\"https:\/\/www.ellingyachting.com\/\",\"name\":\"Elling Yachting\",\"description\":\"Luxury Elling Yachts builders\",\"publisher\":{\"@id\":\"https:\/\/www.ellingyachting.com\/#organization\"},\"potentialAction\":[{\"@type\":\"SearchAction\",\"target\":{\"@type\":\"EntryPoint\",\"urlTemplate\":\"https:\/\/www.ellingyachting.com\/?s={search_term_string}\"},\"query-input\":{\"@type\":\"PropertyValueSpecification\",\"valueRequired\":true,\"valueName\":\"search_term_string\"}}],\"inLanguage\":\"de\"},{\"@type\":\"Organization\",\"@id\":\"https:\/\/www.ellingyachting.com\/#organization\",\"name\":\"Elling shipbuilding\",\"url\":\"https:\/\/www.ellingyachting.com\/\",\"logo\":{\"@type\":\"ImageObject\",\"inLanguage\":\"de\",\"@id\":\"https:\/\/www.ellingyachting.com\/#\/schema\/logo\/image\/\",\"url\":\"https:\/\/www.ellingyachting.com\/wp-content\/uploads\/2024\/12\/logo.png\",\"contentUrl\":\"https:\/\/www.ellingyachting.com\/wp-content\/uploads\/2024\/12\/logo.png\",\"width\":159,\"height\":125,\"caption\":\"Elling shipbuilding\"},\"image\":{\"@id\":\"https:\/\/www.ellingyachting.com\/#\/schema\/logo\/image\/\"},\"sameAs\":[\"https:\/\/www.facebook.com\/profile.php?id=100063969341938&locale=nl_NL\",\"https:\/\/www.instagram.com\/ellingyachts\/\"]}]}<\/script>\n<!-- \/ Yoast SEO plugin. -->","yoast_head_json":{"title":"Trawler Yachten | Langstrecken-Motoryachten aus den Niederlanden | Elling Yachting","description":"Entdecken Sie die Trawler-Yachten von Elling. Entdecken Sie die in den Niederlanden gebauten E3, E4 und E6 f\u00fcr Langstreckent\u00f6rns, Komfort an Bord, Sicherheit und Vertrauen in die Seefahrt.","robots":{"index":"index","follow":"follow","max-snippet":"max-snippet:-1","max-image-preview":"max-image-preview:large","max-video-preview":"max-video-preview:-1"},"canonical":"https:\/\/www.ellingyachting.com\/de\/trawler-yacht\/","og_locale":"de_DE","og_type":"article","og_title":"Trawler Yachten | Langstrecken-Motoryachten aus den Niederlanden | Elling Yachting","og_description":"Entdecken Sie die Trawler-Yachten von Elling. Entdecken Sie die in den Niederlanden gebauten E3, E4 und E6 f\u00fcr Langstreckent\u00f6rns, Komfort an Bord, Sicherheit und Vertrauen in die Seefahrt.","og_url":"https:\/\/www.ellingyachting.com\/de\/trawler-yacht\/","og_site_name":"Elling Yachting","article_publisher":"https:\/\/www.facebook.com\/profile.php?id=100063969341938&locale=nl_NL","article_modified_time":"2026-04-08T06:19:59+00:00","og_image":[{"width":159,"height":125,"url":"https:\/\/www.ellingyachting.com\/wp-content\/uploads\/2024\/12\/logo.png","type":"image\/png"}],"twitter_card":"summary_large_image","twitter_misc":{"Gesch\u00e4tzte Lesezeit":"7\u00a0Minuten"},"schema":{"@context":"https:\/\/schema.org","@graph":[{"@type":"WebPage","@id":"https:\/\/www.ellingyachting.com\/de\/trawler-yacht\/","url":"https:\/\/www.ellingyachting.com\/de\/trawler-yacht\/","name":"Trawler Yachten | Langstrecken-Motoryachten aus den Niederlanden | Elling Yachting","isPartOf":{"@id":"https:\/\/www.ellingyachting.com\/#website"},"datePublished":"2026-03-18T13:14:22+00:00","dateModified":"2026-04-08T06:19:59+00:00","description":"Entdecken Sie die Trawler-Yachten von Elling. Entdecken Sie die in den Niederlanden gebauten E3, E4 und E6 f\u00fcr Langstreckent\u00f6rns, Komfort an Bord, Sicherheit und Vertrauen in die Seefahrt.","breadcrumb":{"@id":"https:\/\/www.ellingyachting.com\/de\/trawler-yacht\/#breadcrumb"},"inLanguage":"de","potentialAction":[{"@type":"ReadAction","target":["https:\/\/www.ellingyachting.com\/de\/trawler-yacht\/"]}]},{"@type":"BreadcrumbList","@id":"https:\/\/www.ellingyachting.com\/de\/trawler-yacht\/#breadcrumb","itemListElement":[{"@type":"ListItem","position":1,"name":"Home","item":"https:\/\/www.ellingyachting.com\/de\/"},{"@type":"ListItem","position":2,"name":"Trawler Yacht"}]},{"@type":"WebSite","@id":"https:\/\/www.ellingyachting.com\/#website","url":"https:\/\/www.ellingyachting.com\/","name":"Elling Yachting","description":"Luxury Elling Yachts builders","publisher":{"@id":"https:\/\/www.ellingyachting.com\/#organization"},"potentialAction":[{"@type":"SearchAction","target":{"@type":"EntryPoint","urlTemplate":"https:\/\/www.ellingyachting.com\/?s={search_term_string}"},"query-input":{"@type":"PropertyValueSpecification","valueRequired":true,"valueName":"search_term_string"}}],"inLanguage":"de"},{"@type":"Organization","@id":"https:\/\/www.ellingyachting.com\/#organization","name":"Elling shipbuilding","url":"https:\/\/www.ellingyachting.com\/","logo":{"@type":"ImageObject","inLanguage":"de","@id":"https:\/\/www.ellingyachting.com\/#\/schema\/logo\/image\/","url":"https:\/\/www.ellingyachting.com\/wp-content\/uploads\/2024\/12\/logo.png","contentUrl":"https:\/\/www.ellingyachting.com\/wp-content\/uploads\/2024\/12\/logo.png","width":159,"height":125,"caption":"Elling shipbuilding"},"image":{"@id":"https:\/\/www.ellingyachting.com\/#\/schema\/logo\/image\/"},"sameAs":["https:\/\/www.facebook.com\/profile.php?id=100063969341938&locale=nl_NL","https:\/\/www.instagram.com\/ellingyachts\/"]}]}},"_links":{"self":[{"href":"https:\/\/www.ellingyachting.com\/de\/wp-json\/wp\/v2\/pages\/4023","targetHints":{"allow":["GET"]}}],"collection":[{"href":"https:\/\/www.ellingyachting.com\/de\/wp-json\/wp\/v2\/pages"}],"about":[{"href":"https:\/\/www.ellingyachting.com\/de\/wp-json\/wp\/v2\/types\/page"}],"author":[{"embeddable":true,"href":"https:\/\/www.ellingyachting.com\/de\/wp-json\/wp\/v2\/users\/6"}],"replies":[{"embeddable":true,"href":"https:\/\/www.ellingyachting.com\/de\/wp-json\/wp\/v2\/comments?post=4023"}],"version-history":[{"count":11,"href":"https:\/\/www.ellingyachting.com\/de\/wp-json\/wp\/v2\/pages\/4023\/revisions"}],"predecessor-version":[{"id":4069,"href":"https:\/\/www.ellingyachting.com\/de\/wp-json\/wp\/v2\/pages\/4023\/revisions\/4069"}],"wp:attachment":[{"href":"https:\/\/www.ellingyachting.com\/de\/wp-json\/wp\/v2\/media?parent=4023"}],"curies":[{"name":"wp","href":"https:\/\/api.w.org\/{rel}","templated":true}]}}