{"id":2728,"date":"2025-06-27T09:10:06","date_gmt":"2025-06-27T07:10:06","guid":{"rendered":"https:\/\/www.ellingyachting.com\/?page_id=2728"},"modified":"2025-07-10T11:05:13","modified_gmt":"2025-07-10T09:05:13","slug":"elling-e4","status":"publish","type":"page","link":"https:\/\/www.ellingyachting.com\/de\/das-sortiment\/elling-e4\/","title":{"rendered":"Elling E4"},"content":{"rendered":"<p>Der E4 setzt neue Ma\u00dfst\u00e4be f\u00fcr Sicherheit und Luxus. Er ist aus robustem Kevlar gefertigt und erf\u00fcllt die anspruchsvolle CE-Norm der Kategorie A (Ozean) &#8211; so robust wie ein Rettungsboot! Der optionale Hilfsmotor sorgt f\u00fcr mehr Sicherheit, wenn die Bedingungen schwierig werden. Ob Sie den Kanal oder den Atlantik \u00fcberqueren, die E4 bietet das ganze Jahr \u00fcber Luxus.<\/p>\n<p>Au\u00dfergew\u00f6hnliche Technik und hervorragende Isolierung machen diese Yacht zu einer der leisesten in ihrer Klasse. Bei 18 Knoten ist es im Decksalon leiser als in einem Luxuswagen bei 100 km\/h. Die Sitze bieten einen hervorragenden Halt, so dass Sie sich auch bei rauer See komfortabel f\u00fchlen.<\/p>\n<p>Das Elling nutzt den Raum auf geniale Weise und bietet Platz f\u00fcr \u00fcber zehn Personen. Veranstalten Sie ein kleines Treffen oder einen Tagesausflug mit der ganzen Familie. Es gibt gen\u00fcgend Sitzgelegenheiten an Deck, im Steuerhaus und im unteren Salon.<\/p>\n<p>Unter Deck f\u00fchlt sich die E4 ger\u00e4umig und hell an. Der untere Salon wird von den Fenstern des Steuerhauses mit Tageslicht durchflutet, wodurch ein Gef\u00fchl von Weite entsteht. Bequeme Sitzgelegenheiten und eine einladende Couch lassen Sie entspannen. Der Gro\u00dfbildfernseher l\u00e4sst sich per Knopfdruck aufklappen oder verstauen.<\/p>\n","protected":false},"excerpt":{"rendered":"<p>Der E4 setzt neue Ma\u00dfst\u00e4be f\u00fcr Sicherheit und Luxus. Er ist aus robustem Kevlar gefertigt und erf\u00fcllt die anspruchsvolle CE-Norm der Kategorie A (Ozean) &#8211; so robust wie ein Rettungsboot! Der optionale Hilfsmotor sorgt f\u00fcr mehr Sicherheit, wenn die Bedingungen schwierig werden. Ob Sie den&#8230;<\/p>\n","protected":false},"author":4,"featured_media":0,"parent":2348,"menu_order":0,"comment_status":"closed","ping_status":"closed","template":"page-template-E4-single-boat.php","meta":{"_acf_changed":false,"footnotes":""},"class_list":["post-2728","page","type-page","status-publish","hentry"],"acf":[],"yoast_head":"<!-- This site is optimized with the Yoast SEO plugin v26.9 - https:\/\/yoast.com\/product\/yoast-seo-wordpress\/ -->\n<title>Elling E4 - Elling Yachting<\/title>\n<meta name=\"description\" content=\"Entdecken Sie die Elling E4 Motoryacht: eine kompakte und dennoch luxuri\u00f6se Yacht, die innovatives Design, au\u00dfergew\u00f6hnliche Leistung und ultimativen Komfort f\u00fcr unvergessliche Abenteuer vereint\" \/>\n<meta name=\"robots\" content=\"index, follow, max-snippet:-1, max-image-preview:large, max-video-preview:-1\" \/>\n<link rel=\"canonical\" href=\"https:\/\/www.ellingyachting.com\/de\/das-sortiment\/elling-e4\/\" \/>\n<meta property=\"og:locale\" content=\"de_DE\" \/>\n<meta property=\"og:type\" content=\"article\" \/>\n<meta property=\"og:title\" content=\"Elling E4 - Elling Yachting\" \/>\n<meta property=\"og:description\" content=\"Entdecken Sie die Elling E4 Motoryacht: eine kompakte und dennoch luxuri\u00f6se Yacht, die innovatives Design, au\u00dfergew\u00f6hnliche Leistung und ultimativen Komfort f\u00fcr unvergessliche Abenteuer vereint\" \/>\n<meta property=\"og:url\" content=\"https:\/\/www.ellingyachting.com\/de\/das-sortiment\/elling-e4\/\" \/>\n<meta property=\"og:site_name\" content=\"Elling Yachting\" \/>\n<meta property=\"article:publisher\" content=\"https:\/\/www.facebook.com\/profile.php?id=100063969341938&amp;locale=nl_NL\" \/>\n<meta property=\"article:modified_time\" content=\"2025-07-10T09:05:13+00:00\" \/>\n<meta property=\"og:image\" content=\"https:\/\/www.ellingyachting.com\/wp-content\/uploads\/2024\/12\/logo.png\" \/>\n\t<meta property=\"og:image:width\" content=\"159\" \/>\n\t<meta property=\"og:image:height\" content=\"125\" \/>\n\t<meta property=\"og:image:type\" content=\"image\/png\" \/>\n<meta name=\"twitter:card\" content=\"summary_large_image\" \/>\n<meta name=\"twitter:label1\" content=\"Gesch\u00e4tzte Lesezeit\" \/>\n\t<meta name=\"twitter:data1\" content=\"1\u00a0Minute\" \/>\n<script type=\"application\/ld+json\" class=\"yoast-schema-graph\">{\"@context\":\"https:\/\/schema.org\",\"@graph\":[{\"@type\":\"WebPage\",\"@id\":\"https:\/\/www.ellingyachting.com\/de\/das-sortiment\/elling-e4\/\",\"url\":\"https:\/\/www.ellingyachting.com\/de\/das-sortiment\/elling-e4\/\",\"name\":\"Elling E4 - Elling Yachting\",\"isPartOf\":{\"@id\":\"https:\/\/www.ellingyachting.com\/#website\"},\"datePublished\":\"2025-06-27T07:10:06+00:00\",\"dateModified\":\"2025-07-10T09:05:13+00:00\",\"description\":\"Entdecken Sie die Elling E4 Motoryacht: eine kompakte und dennoch luxuri\u00f6se Yacht, die innovatives Design, au\u00dfergew\u00f6hnliche Leistung und ultimativen Komfort f\u00fcr unvergessliche Abenteuer vereint\",\"breadcrumb\":{\"@id\":\"https:\/\/www.ellingyachting.com\/de\/das-sortiment\/elling-e4\/#breadcrumb\"},\"inLanguage\":\"de\",\"potentialAction\":[{\"@type\":\"ReadAction\",\"target\":[\"https:\/\/www.ellingyachting.com\/de\/das-sortiment\/elling-e4\/\"]}]},{\"@type\":\"BreadcrumbList\",\"@id\":\"https:\/\/www.ellingyachting.com\/de\/das-sortiment\/elling-e4\/#breadcrumb\",\"itemListElement\":[{\"@type\":\"ListItem\",\"position\":1,\"name\":\"Home\",\"item\":\"https:\/\/www.ellingyachting.com\/de\/\"},{\"@type\":\"ListItem\",\"position\":2,\"name\":\"Das Sortiment\",\"item\":\"https:\/\/www.ellingyachting.com\/de\/das-sortiment\/\"},{\"@type\":\"ListItem\",\"position\":3,\"name\":\"Elling E4\"}]},{\"@type\":\"WebSite\",\"@id\":\"https:\/\/www.ellingyachting.com\/#website\",\"url\":\"https:\/\/www.ellingyachting.com\/\",\"name\":\"Elling Yachting\",\"description\":\"Luxury Elling Yachts builders\",\"publisher\":{\"@id\":\"https:\/\/www.ellingyachting.com\/#organization\"},\"potentialAction\":[{\"@type\":\"SearchAction\",\"target\":{\"@type\":\"EntryPoint\",\"urlTemplate\":\"https:\/\/www.ellingyachting.com\/?s={search_term_string}\"},\"query-input\":{\"@type\":\"PropertyValueSpecification\",\"valueRequired\":true,\"valueName\":\"search_term_string\"}}],\"inLanguage\":\"de\"},{\"@type\":\"Organization\",\"@id\":\"https:\/\/www.ellingyachting.com\/#organization\",\"name\":\"Elling shipbuilding\",\"url\":\"https:\/\/www.ellingyachting.com\/\",\"logo\":{\"@type\":\"ImageObject\",\"inLanguage\":\"de\",\"@id\":\"https:\/\/www.ellingyachting.com\/#\/schema\/logo\/image\/\",\"url\":\"https:\/\/www.ellingyachting.com\/wp-content\/uploads\/2024\/12\/logo.png\",\"contentUrl\":\"https:\/\/www.ellingyachting.com\/wp-content\/uploads\/2024\/12\/logo.png\",\"width\":159,\"height\":125,\"caption\":\"Elling shipbuilding\"},\"image\":{\"@id\":\"https:\/\/www.ellingyachting.com\/#\/schema\/logo\/image\/\"},\"sameAs\":[\"https:\/\/www.facebook.com\/profile.php?id=100063969341938&locale=nl_NL\",\"https:\/\/www.instagram.com\/ellingyachts\/\"]}]}<\/script>\n<!-- \/ Yoast SEO plugin. -->","yoast_head_json":{"title":"Elling E4 - Elling Yachting","description":"Entdecken Sie die Elling E4 Motoryacht: eine kompakte und dennoch luxuri\u00f6se Yacht, die innovatives Design, au\u00dfergew\u00f6hnliche Leistung und ultimativen Komfort f\u00fcr unvergessliche Abenteuer vereint","robots":{"index":"index","follow":"follow","max-snippet":"max-snippet:-1","max-image-preview":"max-image-preview:large","max-video-preview":"max-video-preview:-1"},"canonical":"https:\/\/www.ellingyachting.com\/de\/das-sortiment\/elling-e4\/","og_locale":"de_DE","og_type":"article","og_title":"Elling E4 - Elling Yachting","og_description":"Entdecken Sie die Elling E4 Motoryacht: eine kompakte und dennoch luxuri\u00f6se Yacht, die innovatives Design, au\u00dfergew\u00f6hnliche Leistung und ultimativen Komfort f\u00fcr unvergessliche Abenteuer vereint","og_url":"https:\/\/www.ellingyachting.com\/de\/das-sortiment\/elling-e4\/","og_site_name":"Elling Yachting","article_publisher":"https:\/\/www.facebook.com\/profile.php?id=100063969341938&locale=nl_NL","article_modified_time":"2025-07-10T09:05:13+00:00","og_image":[{"width":159,"height":125,"url":"https:\/\/www.ellingyachting.com\/wp-content\/uploads\/2024\/12\/logo.png","type":"image\/png"}],"twitter_card":"summary_large_image","twitter_misc":{"Gesch\u00e4tzte Lesezeit":"1\u00a0Minute"},"schema":{"@context":"https:\/\/schema.org","@graph":[{"@type":"WebPage","@id":"https:\/\/www.ellingyachting.com\/de\/das-sortiment\/elling-e4\/","url":"https:\/\/www.ellingyachting.com\/de\/das-sortiment\/elling-e4\/","name":"Elling E4 - Elling Yachting","isPartOf":{"@id":"https:\/\/www.ellingyachting.com\/#website"},"datePublished":"2025-06-27T07:10:06+00:00","dateModified":"2025-07-10T09:05:13+00:00","description":"Entdecken Sie die Elling E4 Motoryacht: eine kompakte und dennoch luxuri\u00f6se Yacht, die innovatives Design, au\u00dfergew\u00f6hnliche Leistung und ultimativen Komfort f\u00fcr unvergessliche Abenteuer vereint","breadcrumb":{"@id":"https:\/\/www.ellingyachting.com\/de\/das-sortiment\/elling-e4\/#breadcrumb"},"inLanguage":"de","potentialAction":[{"@type":"ReadAction","target":["https:\/\/www.ellingyachting.com\/de\/das-sortiment\/elling-e4\/"]}]},{"@type":"BreadcrumbList","@id":"https:\/\/www.ellingyachting.com\/de\/das-sortiment\/elling-e4\/#breadcrumb","itemListElement":[{"@type":"ListItem","position":1,"name":"Home","item":"https:\/\/www.ellingyachting.com\/de\/"},{"@type":"ListItem","position":2,"name":"Das Sortiment","item":"https:\/\/www.ellingyachting.com\/de\/das-sortiment\/"},{"@type":"ListItem","position":3,"name":"Elling E4"}]},{"@type":"WebSite","@id":"https:\/\/www.ellingyachting.com\/#website","url":"https:\/\/www.ellingyachting.com\/","name":"Elling Yachting","description":"Luxury Elling Yachts builders","publisher":{"@id":"https:\/\/www.ellingyachting.com\/#organization"},"potentialAction":[{"@type":"SearchAction","target":{"@type":"EntryPoint","urlTemplate":"https:\/\/www.ellingyachting.com\/?s={search_term_string}"},"query-input":{"@type":"PropertyValueSpecification","valueRequired":true,"valueName":"search_term_string"}}],"inLanguage":"de"},{"@type":"Organization","@id":"https:\/\/www.ellingyachting.com\/#organization","name":"Elling shipbuilding","url":"https:\/\/www.ellingyachting.com\/","logo":{"@type":"ImageObject","inLanguage":"de","@id":"https:\/\/www.ellingyachting.com\/#\/schema\/logo\/image\/","url":"https:\/\/www.ellingyachting.com\/wp-content\/uploads\/2024\/12\/logo.png","contentUrl":"https:\/\/www.ellingyachting.com\/wp-content\/uploads\/2024\/12\/logo.png","width":159,"height":125,"caption":"Elling shipbuilding"},"image":{"@id":"https:\/\/www.ellingyachting.com\/#\/schema\/logo\/image\/"},"sameAs":["https:\/\/www.facebook.com\/profile.php?id=100063969341938&locale=nl_NL","https:\/\/www.instagram.com\/ellingyachts\/"]}]}},"_links":{"self":[{"href":"https:\/\/www.ellingyachting.com\/de\/wp-json\/wp\/v2\/pages\/2728","targetHints":{"allow":["GET"]}}],"collection":[{"href":"https:\/\/www.ellingyachting.com\/de\/wp-json\/wp\/v2\/pages"}],"about":[{"href":"https:\/\/www.ellingyachting.com\/de\/wp-json\/wp\/v2\/types\/page"}],"author":[{"embeddable":true,"href":"https:\/\/www.ellingyachting.com\/de\/wp-json\/wp\/v2\/users\/4"}],"replies":[{"embeddable":true,"href":"https:\/\/www.ellingyachting.com\/de\/wp-json\/wp\/v2\/comments?post=2728"}],"version-history":[{"count":1,"href":"https:\/\/www.ellingyachting.com\/de\/wp-json\/wp\/v2\/pages\/2728\/revisions"}],"predecessor-version":[{"id":2743,"href":"https:\/\/www.ellingyachting.com\/de\/wp-json\/wp\/v2\/pages\/2728\/revisions\/2743"}],"up":[{"embeddable":true,"href":"https:\/\/www.ellingyachting.com\/de\/wp-json\/wp\/v2\/pages\/2348"}],"wp:attachment":[{"href":"https:\/\/www.ellingyachting.com\/de\/wp-json\/wp\/v2\/media?parent=2728"}],"curies":[{"name":"wp","href":"https:\/\/api.w.org\/{rel}","templated":true}]}}