{"id":2356,"date":"2024-11-19T14:48:38","date_gmt":"2024-11-19T13:48:38","guid":{"rendered":"https:\/\/www.ellingyachting.com\/das-sortiment\/elling-e6\/"},"modified":"2025-04-01T14:19:10","modified_gmt":"2025-04-01T12:19:10","slug":"elling-e6","status":"publish","type":"page","link":"https:\/\/www.ellingyachting.com\/de\/das-sortiment\/elling-e6\/","title":{"rendered":"Elling E6"},"content":{"rendered":"<p>Geben Sie Gas und sp\u00fcren Sie die volle Kraft des 900-PS-Motors, und lassen Sie sich zu neuen, aufregenden Abenteuern entf\u00fchren. Dabei k\u00f6nnen Sie sicher sein, dass der superstabile E6 mit einer Kentersicherungstechnologie und einem Kevlar-Rumpf ausgestattet ist, so dass Sie und Ihre Familie auch im Falle des Undenkbaren sicher sind.<\/p>\n<p>Die E6 stellt den H\u00f6hepunkt unserer Errungenschaften im zeitgen\u00f6ssischen Luxusyachtdesign dar und verk\u00f6rpert das \u201eGo-anywhere\u201c-Konzept. Dieses Boot legt die Messlatte h\u00f6her, die bereits von der E4 gesetzt wurde, und f\u00fcgt zus\u00e4tzliche 16 Fu\u00df Luxus hinzu, die es Ihnen erm\u00f6glichen, sich in noch gr\u00f6\u00dferem Komfort zu entspannen und eine gr\u00f6\u00dfere Reichweite zu erzielen.<\/p>\n<p>\u00d6ffnen Sie das Dach und lassen Sie die Sonne herein&#8230; f\u00fcr das Flybridge-Feeling, oder wenn Sie es vorziehen, k\u00f6nnen Sie das Wetter aussperren &#8211; es ist Ihre Wahl. Das automatische und hermetisch geschlossene Schiebedach ist auch unter schwierigsten Bedingungen absolut wasserdicht.<\/p>\n<p>Die Komb\u00fcse ist einfach umwerfend! Sie bietet gen\u00fcgend Platz, um Gourmet-Mahlzeiten oder auch nur Snacks f\u00fcr die Crew zuzubereiten. Perfekt f\u00fcr die Bewirtung von Freunden und Familie und ausgestattet mit einem gro\u00dfen Miele-K\u00fchlschrank mit Gefrierfach und Geschirrsp\u00fcler. Viel Stauraum und pflegeleichte Arbeitsfl\u00e4chen aus Marmor sorgen f\u00fcr ein einfaches Erscheinungsbild.<\/p>\n","protected":false},"excerpt":{"rendered":"<p>Geben Sie Gas und sp\u00fcren Sie die volle Kraft des 900-PS-Motors, und lassen Sie sich zu neuen, aufregenden Abenteuern entf\u00fchren. Dabei k\u00f6nnen Sie sicher sein, dass der superstabile E6 mit einer Kentersicherungstechnologie und einem Kevlar-Rumpf ausgestattet ist, so dass Sie und Ihre Familie auch im&#8230;<\/p>\n","protected":false},"author":1,"featured_media":0,"parent":2348,"menu_order":0,"comment_status":"closed","ping_status":"closed","template":"page-template-E6-single-boat.php","meta":{"_acf_changed":false,"footnotes":""},"class_list":["post-2356","page","type-page","status-publish","hentry"],"acf":[],"yoast_head":"<!-- This site is optimized with the Yoast SEO plugin v26.9 - https:\/\/yoast.com\/product\/yoast-seo-wordpress\/ -->\n<title>Elling E6 - Elling Yachting<\/title>\n<meta name=\"description\" content=\"Entdecken Sie die Elling E6 Motoryacht: ein Meisterwerk an Luxus und Leistung. Entdecken Sie das ger\u00e4umige Interieur, das innovative Design und die un\u00fcbertroffene Handwerkskunst f\u00fcr das ultimative Jachterlebnis.\" \/>\n<meta name=\"robots\" content=\"index, follow, max-snippet:-1, max-image-preview:large, max-video-preview:-1\" \/>\n<link rel=\"canonical\" href=\"https:\/\/www.ellingyachting.com\/de\/das-sortiment\/elling-e6\/\" \/>\n<meta property=\"og:locale\" content=\"de_DE\" \/>\n<meta property=\"og:type\" content=\"article\" \/>\n<meta property=\"og:title\" content=\"Elling E6 - Elling Yachting\" \/>\n<meta property=\"og:description\" content=\"Entdecken Sie die Elling E6 Motoryacht: ein Meisterwerk an Luxus und Leistung. Entdecken Sie das ger\u00e4umige Interieur, das innovative Design und die un\u00fcbertroffene Handwerkskunst f\u00fcr das ultimative Jachterlebnis.\" \/>\n<meta property=\"og:url\" content=\"https:\/\/www.ellingyachting.com\/de\/das-sortiment\/elling-e6\/\" \/>\n<meta property=\"og:site_name\" content=\"Elling Yachting\" \/>\n<meta property=\"article:publisher\" content=\"https:\/\/www.facebook.com\/profile.php?id=100063969341938&amp;locale=nl_NL\" \/>\n<meta property=\"article:modified_time\" content=\"2025-04-01T12:19:10+00:00\" \/>\n<meta property=\"og:image\" content=\"https:\/\/www.ellingyachting.com\/wp-content\/uploads\/2024\/12\/logo.png\" \/>\n\t<meta property=\"og:image:width\" content=\"159\" \/>\n\t<meta property=\"og:image:height\" content=\"125\" \/>\n\t<meta property=\"og:image:type\" content=\"image\/png\" \/>\n<meta name=\"twitter:card\" content=\"summary_large_image\" \/>\n<meta name=\"twitter:label1\" content=\"Gesch\u00e4tzte Lesezeit\" \/>\n\t<meta name=\"twitter:data1\" content=\"1\u00a0Minute\" \/>\n<script type=\"application\/ld+json\" class=\"yoast-schema-graph\">{\"@context\":\"https:\/\/schema.org\",\"@graph\":[{\"@type\":\"WebPage\",\"@id\":\"https:\/\/www.ellingyachting.com\/de\/das-sortiment\/elling-e6\/\",\"url\":\"https:\/\/www.ellingyachting.com\/de\/das-sortiment\/elling-e6\/\",\"name\":\"Elling E6 - Elling Yachting\",\"isPartOf\":{\"@id\":\"https:\/\/www.ellingyachting.com\/#website\"},\"datePublished\":\"2024-11-19T13:48:38+00:00\",\"dateModified\":\"2025-04-01T12:19:10+00:00\",\"description\":\"Entdecken Sie die Elling E6 Motoryacht: ein Meisterwerk an Luxus und Leistung. Entdecken Sie das ger\u00e4umige Interieur, das innovative Design und die un\u00fcbertroffene Handwerkskunst f\u00fcr das ultimative Jachterlebnis.\",\"breadcrumb\":{\"@id\":\"https:\/\/www.ellingyachting.com\/de\/das-sortiment\/elling-e6\/#breadcrumb\"},\"inLanguage\":\"de\",\"potentialAction\":[{\"@type\":\"ReadAction\",\"target\":[\"https:\/\/www.ellingyachting.com\/de\/das-sortiment\/elling-e6\/\"]}]},{\"@type\":\"BreadcrumbList\",\"@id\":\"https:\/\/www.ellingyachting.com\/de\/das-sortiment\/elling-e6\/#breadcrumb\",\"itemListElement\":[{\"@type\":\"ListItem\",\"position\":1,\"name\":\"Home\",\"item\":\"https:\/\/www.ellingyachting.com\/de\/\"},{\"@type\":\"ListItem\",\"position\":2,\"name\":\"Das Sortiment\",\"item\":\"https:\/\/www.ellingyachting.com\/de\/das-sortiment\/\"},{\"@type\":\"ListItem\",\"position\":3,\"name\":\"Elling E6\"}]},{\"@type\":\"WebSite\",\"@id\":\"https:\/\/www.ellingyachting.com\/#website\",\"url\":\"https:\/\/www.ellingyachting.com\/\",\"name\":\"Elling Yachting\",\"description\":\"Luxury Elling Yachts builders\",\"publisher\":{\"@id\":\"https:\/\/www.ellingyachting.com\/#organization\"},\"potentialAction\":[{\"@type\":\"SearchAction\",\"target\":{\"@type\":\"EntryPoint\",\"urlTemplate\":\"https:\/\/www.ellingyachting.com\/?s={search_term_string}\"},\"query-input\":{\"@type\":\"PropertyValueSpecification\",\"valueRequired\":true,\"valueName\":\"search_term_string\"}}],\"inLanguage\":\"de\"},{\"@type\":\"Organization\",\"@id\":\"https:\/\/www.ellingyachting.com\/#organization\",\"name\":\"Elling shipbuilding\",\"url\":\"https:\/\/www.ellingyachting.com\/\",\"logo\":{\"@type\":\"ImageObject\",\"inLanguage\":\"de\",\"@id\":\"https:\/\/www.ellingyachting.com\/#\/schema\/logo\/image\/\",\"url\":\"https:\/\/www.ellingyachting.com\/wp-content\/uploads\/2024\/12\/logo.png\",\"contentUrl\":\"https:\/\/www.ellingyachting.com\/wp-content\/uploads\/2024\/12\/logo.png\",\"width\":159,\"height\":125,\"caption\":\"Elling shipbuilding\"},\"image\":{\"@id\":\"https:\/\/www.ellingyachting.com\/#\/schema\/logo\/image\/\"},\"sameAs\":[\"https:\/\/www.facebook.com\/profile.php?id=100063969341938&locale=nl_NL\",\"https:\/\/www.instagram.com\/ellingyachts\/\"]}]}<\/script>\n<!-- \/ Yoast SEO plugin. -->","yoast_head_json":{"title":"Elling E6 - Elling Yachting","description":"Entdecken Sie die Elling E6 Motoryacht: ein Meisterwerk an Luxus und Leistung. Entdecken Sie das ger\u00e4umige Interieur, das innovative Design und die un\u00fcbertroffene Handwerkskunst f\u00fcr das ultimative Jachterlebnis.","robots":{"index":"index","follow":"follow","max-snippet":"max-snippet:-1","max-image-preview":"max-image-preview:large","max-video-preview":"max-video-preview:-1"},"canonical":"https:\/\/www.ellingyachting.com\/de\/das-sortiment\/elling-e6\/","og_locale":"de_DE","og_type":"article","og_title":"Elling E6 - Elling Yachting","og_description":"Entdecken Sie die Elling E6 Motoryacht: ein Meisterwerk an Luxus und Leistung. Entdecken Sie das ger\u00e4umige Interieur, das innovative Design und die un\u00fcbertroffene Handwerkskunst f\u00fcr das ultimative Jachterlebnis.","og_url":"https:\/\/www.ellingyachting.com\/de\/das-sortiment\/elling-e6\/","og_site_name":"Elling Yachting","article_publisher":"https:\/\/www.facebook.com\/profile.php?id=100063969341938&locale=nl_NL","article_modified_time":"2025-04-01T12:19:10+00:00","og_image":[{"width":159,"height":125,"url":"https:\/\/www.ellingyachting.com\/wp-content\/uploads\/2024\/12\/logo.png","type":"image\/png"}],"twitter_card":"summary_large_image","twitter_misc":{"Gesch\u00e4tzte Lesezeit":"1\u00a0Minute"},"schema":{"@context":"https:\/\/schema.org","@graph":[{"@type":"WebPage","@id":"https:\/\/www.ellingyachting.com\/de\/das-sortiment\/elling-e6\/","url":"https:\/\/www.ellingyachting.com\/de\/das-sortiment\/elling-e6\/","name":"Elling E6 - Elling Yachting","isPartOf":{"@id":"https:\/\/www.ellingyachting.com\/#website"},"datePublished":"2024-11-19T13:48:38+00:00","dateModified":"2025-04-01T12:19:10+00:00","description":"Entdecken Sie die Elling E6 Motoryacht: ein Meisterwerk an Luxus und Leistung. Entdecken Sie das ger\u00e4umige Interieur, das innovative Design und die un\u00fcbertroffene Handwerkskunst f\u00fcr das ultimative Jachterlebnis.","breadcrumb":{"@id":"https:\/\/www.ellingyachting.com\/de\/das-sortiment\/elling-e6\/#breadcrumb"},"inLanguage":"de","potentialAction":[{"@type":"ReadAction","target":["https:\/\/www.ellingyachting.com\/de\/das-sortiment\/elling-e6\/"]}]},{"@type":"BreadcrumbList","@id":"https:\/\/www.ellingyachting.com\/de\/das-sortiment\/elling-e6\/#breadcrumb","itemListElement":[{"@type":"ListItem","position":1,"name":"Home","item":"https:\/\/www.ellingyachting.com\/de\/"},{"@type":"ListItem","position":2,"name":"Das Sortiment","item":"https:\/\/www.ellingyachting.com\/de\/das-sortiment\/"},{"@type":"ListItem","position":3,"name":"Elling E6"}]},{"@type":"WebSite","@id":"https:\/\/www.ellingyachting.com\/#website","url":"https:\/\/www.ellingyachting.com\/","name":"Elling Yachting","description":"Luxury Elling Yachts builders","publisher":{"@id":"https:\/\/www.ellingyachting.com\/#organization"},"potentialAction":[{"@type":"SearchAction","target":{"@type":"EntryPoint","urlTemplate":"https:\/\/www.ellingyachting.com\/?s={search_term_string}"},"query-input":{"@type":"PropertyValueSpecification","valueRequired":true,"valueName":"search_term_string"}}],"inLanguage":"de"},{"@type":"Organization","@id":"https:\/\/www.ellingyachting.com\/#organization","name":"Elling shipbuilding","url":"https:\/\/www.ellingyachting.com\/","logo":{"@type":"ImageObject","inLanguage":"de","@id":"https:\/\/www.ellingyachting.com\/#\/schema\/logo\/image\/","url":"https:\/\/www.ellingyachting.com\/wp-content\/uploads\/2024\/12\/logo.png","contentUrl":"https:\/\/www.ellingyachting.com\/wp-content\/uploads\/2024\/12\/logo.png","width":159,"height":125,"caption":"Elling shipbuilding"},"image":{"@id":"https:\/\/www.ellingyachting.com\/#\/schema\/logo\/image\/"},"sameAs":["https:\/\/www.facebook.com\/profile.php?id=100063969341938&locale=nl_NL","https:\/\/www.instagram.com\/ellingyachts\/"]}]}},"_links":{"self":[{"href":"https:\/\/www.ellingyachting.com\/de\/wp-json\/wp\/v2\/pages\/2356","targetHints":{"allow":["GET"]}}],"collection":[{"href":"https:\/\/www.ellingyachting.com\/de\/wp-json\/wp\/v2\/pages"}],"about":[{"href":"https:\/\/www.ellingyachting.com\/de\/wp-json\/wp\/v2\/types\/page"}],"author":[{"embeddable":true,"href":"https:\/\/www.ellingyachting.com\/de\/wp-json\/wp\/v2\/users\/1"}],"replies":[{"embeddable":true,"href":"https:\/\/www.ellingyachting.com\/de\/wp-json\/wp\/v2\/comments?post=2356"}],"version-history":[{"count":1,"href":"https:\/\/www.ellingyachting.com\/de\/wp-json\/wp\/v2\/pages\/2356\/revisions"}],"predecessor-version":[{"id":2360,"href":"https:\/\/www.ellingyachting.com\/de\/wp-json\/wp\/v2\/pages\/2356\/revisions\/2360"}],"up":[{"embeddable":true,"href":"https:\/\/www.ellingyachting.com\/de\/wp-json\/wp\/v2\/pages\/2348"}],"wp:attachment":[{"href":"https:\/\/www.ellingyachting.com\/de\/wp-json\/wp\/v2\/media?parent=2356"}],"curies":[{"name":"wp","href":"https:\/\/api.w.org\/{rel}","templated":true}]}}