{"id":2355,"date":"2024-11-19T13:33:20","date_gmt":"2024-11-19T12:33:20","guid":{"rendered":"https:\/\/www.ellingyachting.com\/das-sortiment\/elling-e3\/"},"modified":"2025-04-01T14:05:41","modified_gmt":"2025-04-01T12:05:41","slug":"elling-e3","status":"publish","type":"page","link":"https:\/\/www.ellingyachting.com\/de\/das-sortiment\/elling-e3\/","title":{"rendered":"Elling E3"},"content":{"rendered":"<div>\n<div>\n<div>\n<div>\n<div>\n<div>\n<div>\n<div>\n<div>Der E3 setzt neue Ma\u00dfst\u00e4be f\u00fcr Sicherheit und Luxus. Built from Kevlar, it meets the CE Category A (Ocean) standard. Es ist so hart wie ein Rettungsboot! Das Leben auf See ist unberechenbar, aber die E3 ist f\u00fcr jede Herausforderung ger\u00fcstet. Elling-Boote sind so gebaut, dass Ihre Familie unter allen Bedingungen sicher ist.<\/div>\n<\/div>\n<\/div>\n<\/div>\n<\/div>\n<div>\n<div>\n<div>\n<div dir=\"auto\" data-message-author-role=\"assistant\" data-message-id=\"600fb453-34d1-4ad6-8db8-b25a53a9f608\" data-message-model-slug=\"gpt-4o\">\n<div>\n<div>\n<p>Bei 7,5 Knoten liegt der Kraftstoffverbrauch bei 1 Liter pro Seemeile. Dies ergibt eine Reichweite von 1500 nautischen Meilen. Das ist genug f\u00fcr eine Reise von Rotterdam zu den Azoren oder von New York zu den Bahamas.<\/p>\n<p>Bei 16 Knoten im Halbverdr\u00e4ngungsmodus liegt der Kraftstoffverbrauch bei 3,8 Litern pro Seemeile. Die Reichweite betr\u00e4gt 400 nautische Meilen.<\/p>\n<p>F\u00fcr zus\u00e4tzliche Sicherheit gibt es die Option eines Hilfsmotors. Es hat einen separaten Kraftstofftank, Batterien, ein Ruder und einen Klapppropeller. Bei Kraftstoffproblemen oder einem verschmutzten Propeller schalten Sie auf den Hilfsmotor um und fahren weiter.<\/p>\n<p>Der Mast l\u00e4sst sich per Knopfdruck absenken, so dass eine Durchfahrtsh\u00f6he von 3,45 Metern entsteht. Befahren Sie m\u00fchelos franz\u00f6sische Kan\u00e4le oder US-amerikanische Binnenwasserstra\u00dfen. Doppelverglasung, Zentralheizung und Klimaanlagen sorgen f\u00fcr Komfort von den Tropen bis zum Polarkreis.<\/p>\n<\/div>\n<\/div>\n<\/div>\n<\/div>\n<\/div>\n<\/div>\n<\/div>\n<\/div>\n<\/div>\n<\/div>\n","protected":false},"excerpt":{"rendered":"<p>Der E3 setzt neue Ma\u00dfst\u00e4be f\u00fcr Sicherheit und Luxus. Built from Kevlar, it meets the CE Category A (Ocean) standard. Es ist so hart wie ein Rettungsboot! Das Leben auf See ist unberechenbar, aber die E3 ist f\u00fcr jede Herausforderung ger\u00fcstet. Elling-Boote sind so gebaut,&#8230;<\/p>\n","protected":false},"author":1,"featured_media":0,"parent":2348,"menu_order":0,"comment_status":"closed","ping_status":"closed","template":"page-template-E3-single-boat.php","meta":{"_acf_changed":false,"footnotes":""},"class_list":["post-2355","page","type-page","status-publish","hentry"],"acf":[],"yoast_head":"<!-- This site is optimized with the Yoast SEO plugin v26.9 - https:\/\/yoast.com\/product\/yoast-seo-wordpress\/ -->\n<title>Elling E3 - Elling Yachting<\/title>\n<meta name=\"description\" content=\"Entdecken Sie die Elling E3 Motoryacht: eine kompakte, effiziente und luxuri\u00f6se Yacht, die f\u00fcr Abenteuer und Komfort konzipiert wurde. Es eignet sich sowohl f\u00fcr Kurztrips als auch f\u00fcr l\u00e4ngere Reisen und bietet au\u00dfergew\u00f6hnliche Leistung und innovative Funktionen.\" \/>\n<meta name=\"robots\" content=\"index, follow, max-snippet:-1, max-image-preview:large, max-video-preview:-1\" \/>\n<link rel=\"canonical\" href=\"https:\/\/www.ellingyachting.com\/de\/das-sortiment\/elling-e3\/\" \/>\n<meta property=\"og:locale\" content=\"de_DE\" \/>\n<meta property=\"og:type\" content=\"article\" \/>\n<meta property=\"og:title\" content=\"Elling E3 - Elling Yachting\" \/>\n<meta property=\"og:description\" content=\"Entdecken Sie die Elling E3 Motoryacht: eine kompakte, effiziente und luxuri\u00f6se Yacht, die f\u00fcr Abenteuer und Komfort konzipiert wurde. Es eignet sich sowohl f\u00fcr Kurztrips als auch f\u00fcr l\u00e4ngere Reisen und bietet au\u00dfergew\u00f6hnliche Leistung und innovative Funktionen.\" \/>\n<meta property=\"og:url\" content=\"https:\/\/www.ellingyachting.com\/de\/das-sortiment\/elling-e3\/\" \/>\n<meta property=\"og:site_name\" content=\"Elling Yachting\" \/>\n<meta property=\"article:publisher\" content=\"https:\/\/www.facebook.com\/profile.php?id=100063969341938&amp;locale=nl_NL\" \/>\n<meta property=\"article:modified_time\" content=\"2025-04-01T12:05:41+00:00\" \/>\n<meta property=\"og:image\" content=\"https:\/\/www.ellingyachting.com\/wp-content\/uploads\/2024\/12\/logo.png\" \/>\n\t<meta property=\"og:image:width\" content=\"159\" \/>\n\t<meta property=\"og:image:height\" content=\"125\" \/>\n\t<meta property=\"og:image:type\" content=\"image\/png\" \/>\n<meta name=\"twitter:card\" content=\"summary_large_image\" \/>\n<meta name=\"twitter:label1\" content=\"Gesch\u00e4tzte Lesezeit\" \/>\n\t<meta name=\"twitter:data1\" content=\"1\u00a0Minute\" \/>\n<script type=\"application\/ld+json\" class=\"yoast-schema-graph\">{\"@context\":\"https:\/\/schema.org\",\"@graph\":[{\"@type\":\"WebPage\",\"@id\":\"https:\/\/www.ellingyachting.com\/de\/das-sortiment\/elling-e3\/\",\"url\":\"https:\/\/www.ellingyachting.com\/de\/das-sortiment\/elling-e3\/\",\"name\":\"Elling E3 - Elling Yachting\",\"isPartOf\":{\"@id\":\"https:\/\/www.ellingyachting.com\/#website\"},\"datePublished\":\"2024-11-19T12:33:20+00:00\",\"dateModified\":\"2025-04-01T12:05:41+00:00\",\"description\":\"Entdecken Sie die Elling E3 Motoryacht: eine kompakte, effiziente und luxuri\u00f6se Yacht, die f\u00fcr Abenteuer und Komfort konzipiert wurde. Es eignet sich sowohl f\u00fcr Kurztrips als auch f\u00fcr l\u00e4ngere Reisen und bietet au\u00dfergew\u00f6hnliche Leistung und innovative Funktionen.\",\"breadcrumb\":{\"@id\":\"https:\/\/www.ellingyachting.com\/de\/das-sortiment\/elling-e3\/#breadcrumb\"},\"inLanguage\":\"de\",\"potentialAction\":[{\"@type\":\"ReadAction\",\"target\":[\"https:\/\/www.ellingyachting.com\/de\/das-sortiment\/elling-e3\/\"]}]},{\"@type\":\"BreadcrumbList\",\"@id\":\"https:\/\/www.ellingyachting.com\/de\/das-sortiment\/elling-e3\/#breadcrumb\",\"itemListElement\":[{\"@type\":\"ListItem\",\"position\":1,\"name\":\"Home\",\"item\":\"https:\/\/www.ellingyachting.com\/de\/\"},{\"@type\":\"ListItem\",\"position\":2,\"name\":\"Das Sortiment\",\"item\":\"https:\/\/www.ellingyachting.com\/de\/das-sortiment\/\"},{\"@type\":\"ListItem\",\"position\":3,\"name\":\"Elling E3\"}]},{\"@type\":\"WebSite\",\"@id\":\"https:\/\/www.ellingyachting.com\/#website\",\"url\":\"https:\/\/www.ellingyachting.com\/\",\"name\":\"Elling Yachting\",\"description\":\"Luxury Elling Yachts builders\",\"publisher\":{\"@id\":\"https:\/\/www.ellingyachting.com\/#organization\"},\"potentialAction\":[{\"@type\":\"SearchAction\",\"target\":{\"@type\":\"EntryPoint\",\"urlTemplate\":\"https:\/\/www.ellingyachting.com\/?s={search_term_string}\"},\"query-input\":{\"@type\":\"PropertyValueSpecification\",\"valueRequired\":true,\"valueName\":\"search_term_string\"}}],\"inLanguage\":\"de\"},{\"@type\":\"Organization\",\"@id\":\"https:\/\/www.ellingyachting.com\/#organization\",\"name\":\"Elling shipbuilding\",\"url\":\"https:\/\/www.ellingyachting.com\/\",\"logo\":{\"@type\":\"ImageObject\",\"inLanguage\":\"de\",\"@id\":\"https:\/\/www.ellingyachting.com\/#\/schema\/logo\/image\/\",\"url\":\"https:\/\/www.ellingyachting.com\/wp-content\/uploads\/2024\/12\/logo.png\",\"contentUrl\":\"https:\/\/www.ellingyachting.com\/wp-content\/uploads\/2024\/12\/logo.png\",\"width\":159,\"height\":125,\"caption\":\"Elling shipbuilding\"},\"image\":{\"@id\":\"https:\/\/www.ellingyachting.com\/#\/schema\/logo\/image\/\"},\"sameAs\":[\"https:\/\/www.facebook.com\/profile.php?id=100063969341938&locale=nl_NL\",\"https:\/\/www.instagram.com\/ellingyachts\/\"]}]}<\/script>\n<!-- \/ Yoast SEO plugin. -->","yoast_head_json":{"title":"Elling E3 - Elling Yachting","description":"Entdecken Sie die Elling E3 Motoryacht: eine kompakte, effiziente und luxuri\u00f6se Yacht, die f\u00fcr Abenteuer und Komfort konzipiert wurde. Es eignet sich sowohl f\u00fcr Kurztrips als auch f\u00fcr l\u00e4ngere Reisen und bietet au\u00dfergew\u00f6hnliche Leistung und innovative Funktionen.","robots":{"index":"index","follow":"follow","max-snippet":"max-snippet:-1","max-image-preview":"max-image-preview:large","max-video-preview":"max-video-preview:-1"},"canonical":"https:\/\/www.ellingyachting.com\/de\/das-sortiment\/elling-e3\/","og_locale":"de_DE","og_type":"article","og_title":"Elling E3 - Elling Yachting","og_description":"Entdecken Sie die Elling E3 Motoryacht: eine kompakte, effiziente und luxuri\u00f6se Yacht, die f\u00fcr Abenteuer und Komfort konzipiert wurde. Es eignet sich sowohl f\u00fcr Kurztrips als auch f\u00fcr l\u00e4ngere Reisen und bietet au\u00dfergew\u00f6hnliche Leistung und innovative Funktionen.","og_url":"https:\/\/www.ellingyachting.com\/de\/das-sortiment\/elling-e3\/","og_site_name":"Elling Yachting","article_publisher":"https:\/\/www.facebook.com\/profile.php?id=100063969341938&locale=nl_NL","article_modified_time":"2025-04-01T12:05:41+00:00","og_image":[{"width":159,"height":125,"url":"https:\/\/www.ellingyachting.com\/wp-content\/uploads\/2024\/12\/logo.png","type":"image\/png"}],"twitter_card":"summary_large_image","twitter_misc":{"Gesch\u00e4tzte Lesezeit":"1\u00a0Minute"},"schema":{"@context":"https:\/\/schema.org","@graph":[{"@type":"WebPage","@id":"https:\/\/www.ellingyachting.com\/de\/das-sortiment\/elling-e3\/","url":"https:\/\/www.ellingyachting.com\/de\/das-sortiment\/elling-e3\/","name":"Elling E3 - Elling Yachting","isPartOf":{"@id":"https:\/\/www.ellingyachting.com\/#website"},"datePublished":"2024-11-19T12:33:20+00:00","dateModified":"2025-04-01T12:05:41+00:00","description":"Entdecken Sie die Elling E3 Motoryacht: eine kompakte, effiziente und luxuri\u00f6se Yacht, die f\u00fcr Abenteuer und Komfort konzipiert wurde. Es eignet sich sowohl f\u00fcr Kurztrips als auch f\u00fcr l\u00e4ngere Reisen und bietet au\u00dfergew\u00f6hnliche Leistung und innovative Funktionen.","breadcrumb":{"@id":"https:\/\/www.ellingyachting.com\/de\/das-sortiment\/elling-e3\/#breadcrumb"},"inLanguage":"de","potentialAction":[{"@type":"ReadAction","target":["https:\/\/www.ellingyachting.com\/de\/das-sortiment\/elling-e3\/"]}]},{"@type":"BreadcrumbList","@id":"https:\/\/www.ellingyachting.com\/de\/das-sortiment\/elling-e3\/#breadcrumb","itemListElement":[{"@type":"ListItem","position":1,"name":"Home","item":"https:\/\/www.ellingyachting.com\/de\/"},{"@type":"ListItem","position":2,"name":"Das Sortiment","item":"https:\/\/www.ellingyachting.com\/de\/das-sortiment\/"},{"@type":"ListItem","position":3,"name":"Elling E3"}]},{"@type":"WebSite","@id":"https:\/\/www.ellingyachting.com\/#website","url":"https:\/\/www.ellingyachting.com\/","name":"Elling Yachting","description":"Luxury Elling Yachts builders","publisher":{"@id":"https:\/\/www.ellingyachting.com\/#organization"},"potentialAction":[{"@type":"SearchAction","target":{"@type":"EntryPoint","urlTemplate":"https:\/\/www.ellingyachting.com\/?s={search_term_string}"},"query-input":{"@type":"PropertyValueSpecification","valueRequired":true,"valueName":"search_term_string"}}],"inLanguage":"de"},{"@type":"Organization","@id":"https:\/\/www.ellingyachting.com\/#organization","name":"Elling shipbuilding","url":"https:\/\/www.ellingyachting.com\/","logo":{"@type":"ImageObject","inLanguage":"de","@id":"https:\/\/www.ellingyachting.com\/#\/schema\/logo\/image\/","url":"https:\/\/www.ellingyachting.com\/wp-content\/uploads\/2024\/12\/logo.png","contentUrl":"https:\/\/www.ellingyachting.com\/wp-content\/uploads\/2024\/12\/logo.png","width":159,"height":125,"caption":"Elling shipbuilding"},"image":{"@id":"https:\/\/www.ellingyachting.com\/#\/schema\/logo\/image\/"},"sameAs":["https:\/\/www.facebook.com\/profile.php?id=100063969341938&locale=nl_NL","https:\/\/www.instagram.com\/ellingyachts\/"]}]}},"_links":{"self":[{"href":"https:\/\/www.ellingyachting.com\/de\/wp-json\/wp\/v2\/pages\/2355","targetHints":{"allow":["GET"]}}],"collection":[{"href":"https:\/\/www.ellingyachting.com\/de\/wp-json\/wp\/v2\/pages"}],"about":[{"href":"https:\/\/www.ellingyachting.com\/de\/wp-json\/wp\/v2\/types\/page"}],"author":[{"embeddable":true,"href":"https:\/\/www.ellingyachting.com\/de\/wp-json\/wp\/v2\/users\/1"}],"replies":[{"embeddable":true,"href":"https:\/\/www.ellingyachting.com\/de\/wp-json\/wp\/v2\/comments?post=2355"}],"version-history":[{"count":2,"href":"https:\/\/www.ellingyachting.com\/de\/wp-json\/wp\/v2\/pages\/2355\/revisions"}],"predecessor-version":[{"id":2388,"href":"https:\/\/www.ellingyachting.com\/de\/wp-json\/wp\/v2\/pages\/2355\/revisions\/2388"}],"up":[{"embeddable":true,"href":"https:\/\/www.ellingyachting.com\/de\/wp-json\/wp\/v2\/pages\/2348"}],"wp:attachment":[{"href":"https:\/\/www.ellingyachting.com\/de\/wp-json\/wp\/v2\/media?parent=2355"}],"curies":[{"name":"wp","href":"https:\/\/api.w.org\/{rel}","templated":true}]}}