{"id":2264,"date":"2020-02-21T09:59:25","date_gmt":"2020-02-21T08:59:25","guid":{"rendered":"https:\/\/www.ellingyachting.com\/?page_id=2264"},"modified":"2025-06-19T08:45:54","modified_gmt":"2025-06-19T06:45:54","slug":"vertreter","status":"publish","type":"page","link":"https:\/\/www.ellingyachting.com\/de\/vertreter\/","title":{"rendered":"Vertreter"},"content":{"rendered":"<div class=\"wpb-content-wrapper\"><p>[vc_row row_type=&#8220;parallax&#8220; parallax_content_width=&#8220;in_grid&#8220; text_align=&#8220;left&#8220; full_screen_section_height=&#8220;no&#8220; section_height=&#8220;400&#8243; background_image=&#8220;735&#8243;][vc_column][\/vc_column][\/vc_row][vc_row css_animation=&#8220;element_from_fade&#8220; row_type=&#8220;row&#8220; use_row_as_full_screen_section=&#8220;no&#8220; type=&#8220;grid&#8220; angled_section=&#8220;no&#8220; text_align=&#8220;left&#8220; background_image_as_pattern=&#8220;without_pattern&#8220; css=&#8220;.vc_custom_1582275925068{padding-top: 40px !important;padding-bottom: 40px !important;}&#8220; z_index=&#8220;&#8220;][vc_column][vc_row_inner row_type=&#8220;row&#8220; type=&#8220;grid&#8220; text_align=&#8220;center&#8220; css_animation=&#8220;&#8220; el_class=&#8220;white-box-around max-width-white&#8220;][vc_column_inner el_class=&#8220;white-box-around max-width-white&#8220; width=&#8220;1\/2&#8243;][vc_column_text el_class=&#8220;big-brown-head&#8220;]<\/p>\n<h2 class=\"inview-child duration-1s delay-200ms animated fadeInUp\">Kontaktieren Sie die Werft.<\/h2>\n<p class=\"inview-child duration-1s delay-500ms animated fadeInUp\">Wenn Sie n\u00e4here Informationen \u00fcber unsere Yachten w\u00fcnschen, steht Ihnen das Elling-Team gerne zur Verf\u00fcgung.<\/p>\n<p><strong>Adresse<\/strong><br \/>\nElling Yachting<br \/>\nVeerdam 1<br \/>\n5308 JH Aalst<br \/>\nNiederlande<\/p>\n<p><strong>Kontakt<\/strong><br \/>\nTelefon. +31 418 67 31 03<br \/>\nE-Mail. info@ellingyachting.com[\/vc_column_text][\/vc_column_inner][vc_column_inner width=&#8220;1\/2&#8243;][vc_gmaps link=&#8220;#E-8_JTNDaWZyYW1lJTIwc3JjJTNEJTIyaHR0cHMlM0ElMkYlMkZ3d3cuZ29vZ2xlLmNvbSUyRm1hcHMlMkZlbWJlZCUzRnBiJTNEJTIxMW0xOCUyMTFtMTIlMjExbTMlMjExZDI5MzUuMzYxNzU5NzMyNjMyNCUyMTJkNS4xMTE0MDkyMjA5MzY2OCUyMTNkNTEuNzgxNzU5OTIzNTg4MDYlMjEybTMlMjExZjAlMjEyZjAlMjEzZjAlMjEzbTIlMjExaTEwMjQlMjEyaTc2OCUyMTRmMTMuMSUyMTNtMyUyMTFtMiUyMTFzMHg0N2M2OGRiNDcyNDVmYWViJTI1M0EweDcyMzBlNzI2OGM3ODk4MDklMjEyc0VsbGluZyUyNTIwWWFjaHRpbmclMjE1ZTAlMjEzbTIlMjExc25sJTIxMnNubCUyMTR2MTcyMTYzODY1NjQ5NCUyMTVtMiUyMTFzbmwlMjEyc25sJTIyJTIwd2lkdGglM0QlMjI2MDAlMjIlMjBoZWlnaHQlM0QlMjI0NTAlMjIlMjBzdHlsZSUzRCUyMmJvcmRlciUzQTAlM0IlMjIlMjBhbGxvd2Z1bGxzY3JlZW4lM0QlMjIlMjIlMjBsb2FkaW5nJTNEJTIybGF6eSUyMiUyMHJlZmVycmVycG9saWN5JTNEJTIybm8tcmVmZXJyZXItd2hlbi1kb3duZ3JhZGUlMjIlM0UlM0MlMkZpZnJhbWUlM0U=&#8220; size=&#8220;&#8220;][\/vc_column_inner][\/vc_row_inner][\/vc_column][\/vc_row][vc_row css_animation=&#8220;element_from_fade&#8220; row_type=&#8220;row&#8220; use_row_as_full_screen_section=&#8220;no&#8220; type=&#8220;grid&#8220; angled_section=&#8220;no&#8220; text_align=&#8220;left&#8220; background_image_as_pattern=&#8220;without_pattern&#8220; css=&#8220;.vc_custom_1582275925068{padding-top: 40px !important;padding-bottom: 40px !important;}&#8220; z_index=&#8220;&#8220;][vc_column][vc_row_inner row_type=&#8220;row&#8220; type=&#8220;grid&#8220; text_align=&#8220;center&#8220; css_animation=&#8220;&#8220;][vc_column_inner el_class=&#8220;white-box-around max-width-white&#8220;][vc_column_text el_class=&#8220;big-brown-head&#8220;]<\/p>\n<h2>Globale Pr\u00e4senz.<\/h2>\n<p>M\u00f6chten Sie lieber jemanden in Ihrem eigenen Land kontaktieren? Hier finden Sie Ihren Ansprechpartner.<br \/>\n[\/vc_column_text][\/vc_column_inner][\/vc_row_inner][\/vc_column][\/vc_row][vc_row css_animation=&#8220;element_from_fade&#8220; row_type=&#8220;row&#8220; use_row_as_full_screen_section=&#8220;no&#8220; type=&#8220;grid&#8220; angled_section=&#8220;no&#8220; text_align=&#8220;left&#8220; background_image_as_pattern=&#8220;without_pattern&#8220; z_index=&#8220;&#8220; el_class=&#8220;box-white-flex smaller-screen-style-box-3&#8243;][vc_column width=&#8220;1\/4&#8243; el_class=&#8220;white-box-around&#8220;][vc_column_text el_class=&#8220;small-p-font&#8220;]<\/p>\n<h4>Brokerage<\/h4>\n<p>Elling Brokerage BV Hoekeinde 24 4254 LN Sleeuwijk<\/p>\n<p>[\/vc_column_text][vc_column_text]T <a href=\"tel:%200031613298475\">+31 613298475<\/a><\/p>\n<p><a href=\"mailto:info@ellingbrokerage.com\">info@ellingbrokerage.com<\/a><br \/>\n<a href=\"https:\/\/www.ellingbrokerage.com\">www.ellingbrokerage.com<\/a>[\/vc_column_text][\/vc_column][vc_column width=&#8220;1\/4&#8243; el_class=&#8220;white-box-around&#8220;][vc_column_text el_class=&#8220;small-p-font&#8220;]<\/p>\n<h4>Australien<\/h4>\n<p>Docherty Marine Unit 1, 17 Commercial Drive Ashmore QLD 4214[\/vc_column_text][vc_column_text]T. <a href=\"https:\/\/www.google.com\/search?q=docherty+marine&amp;oq=docherty+marine&amp;aqs=edge..69i57j0i13i30i625j0i5i13i30i625l2j0i8i10i13i30i625j0i8i13i30.1969j0j4&amp;sourceid=chrome&amp;ie=UTF-8#\" data-dtype=\"d3ph\" data-local-attribute=\"d3ph\" data-ved=\"2ahUKEwjm3oj-5q39AhXOQvEDHTkYCgQQkAgoAHoECE8QAw\"><span aria-label=\"Telefoonnummer +61 7 5532 1312 bellen\">+61 7 5532 1312<\/span><\/a><\/p>\n<p><a href=\"mailto:info@dochertymarine.com.au\">info@dochertymarine.com.au<\/a><br \/>\n<a href=\"http:\/\/www.dochertymarine.com.au\">www.dochertymarine.com.au<\/a>[\/vc_column_text][\/vc_column][vc_column width=&#8220;1\/4&#8243; el_class=&#8220;white-box-around&#8220;][vc_column_text]<\/p>\n<h4>D\u00e4nemark<\/h4>\n<p>YMG Group Denmark IVS Egebjergvej 14 6372 Bylderup-Bov[\/vc_column_text][vc_column_text]T <a href=\"tel:%20004551496457\">+45 514 964 57<\/a><\/p>\n<p><a href=\"http:\/\/www.yacht-management-group.ch\" target=\"_blank\" rel=\"noopener noreferrer\">www.yacht-management-group.ch<\/a>[\/vc_column_text][\/vc_column][vc_column width=&#8220;1\/4&#8243; el_class=&#8220;white-box-around&#8220;][vc_column_text el_class=&#8220;small-p-font&#8220;]<\/p>\n<h4>Deutschland<\/h4>\n<p>Mare Handelsgesellschaft f\u00fcr Boote und Yachten UG Meckenheimer Stra\u00dfe 16 D-68199 Mannheim-Neckarau[\/vc_column_text][vc_column_text]T <a href=\"tel:00491736616270\">+49 (0) 173-66 16 270<\/a><\/p>\n<p><a href=\"mailto:info@mare-yacht.de\">info@mare-yacht.de<\/a><br \/>\n<a href=\"http:\/\/www.mare-yacht.de\/\" target=\"_blank\" rel=\"noopener noreferrer\">www.mare-yacht.de<\/a>[\/vc_column_text][\/vc_column][\/vc_row][vc_row css_animation=&#8220;element_from_fade&#8220; row_type=&#8220;row&#8220; use_row_as_full_screen_section=&#8220;no&#8220; type=&#8220;grid&#8220; angled_section=&#8220;no&#8220; text_align=&#8220;left&#8220; background_image_as_pattern=&#8220;without_pattern&#8220; z_index=&#8220;&#8220; css=&#8220;.vc_custom_1583756950931{margin-top: 40px !important;padding-bottom: 40px !important;}&#8220; el_class=&#8220;box-white-flex smaller-screen-style-box-3&#8243;][vc_column width=&#8220;1\/4&#8243; el_class=&#8220;white-box-around&#8220;][vc_column_text]<\/p>\n<h4>Vereinigtes K\u00f6nigreich<\/h4>\n<p>Blue Lagoon Marine 202 Sandbanks Road Poole Dorset, BH14 8HA<\/p>\n<p>Vereinigtes K\u00f6nigreich[\/vc_column_text][vc_column_text]T <a href=\"tel:%2000441202081700\">+44 (0) 1202 081 700<\/a><\/p>\n<p><a href=\"mailto:info@bluelagoonmarine.co.uk\">info@bluelagoonmarine.co.uk<\/a><br \/>\n<a href=\"https:\/\/www.ellingyachts.co.uk\/\" target=\"_blank\" rel=\"noopener noreferrer\">www.ellingyachts.co.uk<\/a>[\/vc_column_text][\/vc_column][vc_column width=&#8220;1\/4&#8243; el_class=&#8220;white-box-around&#8220;][vc_column_text]<\/p>\n<h4>Vereinigte Staaten von Amerika<\/h4>\n<p>Elling Yachts USA Jack Bolel 1125 West St, Ste. 616<br \/>\nAnnapolis, MD 21401<br \/>\nUSA[\/vc_column_text][vc_column_text]Work <a href=\"tel:+1%20(443)%20333-1194\">+1 (443) 333-1194<\/a><br \/>\nCell <a href=\"tel:+1%20(443)%20333-1194\">+1 (443) 722-3599<\/a><\/p>\n<p><a href=\"mailto:jb@ellingyachts.us\">jb@ellingyachts.us<\/a><br \/>\n<a href=\"https:\/\/www.ellingyachting.com\/de\/\" target=\"_blank\" rel=\"noopener noreferrer\">www.ellingyachting.com<\/a>[\/vc_column_text][\/vc_column][vc_column width=&#8220;1\/4&#8243; el_class=&#8220;white-box-around&#8220;][vc_column_text el_class=&#8220;small-p-font&#8220;]<\/p>\n<h4>Polen<\/h4>\n<p>Solna Boats Warzelnicza 1 Ko\u0142obrzeg 78-100 Poland[\/vc_column_text][vc_column_text]M <a href=\"tel:0048728878410\">+48 728 878 410<\/a><\/p>\n<p><a href=\"mailto:info@solnaboats.pl\">info@solnaboats.pl<\/a><br \/>\n<a href=\"http:\/\/solnaboats.pl\/\" target=\"_blank\" rel=\"noopener noreferrer\">www.solnaboats.pl<\/a>[\/vc_column_text][\/vc_column][vc_column width=&#8220;1\/4&#8243; el_class=&#8220;white-box-around&#8220;][vc_column_text el_class=&#8220;small-p-font&#8220;]<\/p>\n<h4>Norwegen<\/h4>\n<p>Aker yachts<br \/>\nSandviksveien 120<br \/>\n1363 H\u00f8vik[\/vc_column_text][vc_column_text]T\u00a0<a href=\"https:\/\/www.google.com\/search?q=aker+yachts&amp;rlz=1C1ONGR_nlNL1080NL1080&amp;oq=aker+yachts&amp;gs_lcrp=EgZjaHJvbWUqCggAEAAY4wIYgAQyCggAEAAY4wIYgAQyDQgBEC4YrwEYxwEYgAQyBwgCEAAYgAQyCAgDEAAYFhgeMggIBBAAGBYYHjIGCAUQRRg8MgYIBhBFGDwyBggHEEUYPNIBCDE3MDdqMGo3qAIAsAIA&amp;sourceid=chrome&amp;ie=UTF-8#\" data-dtype=\"d3ph\" data-local-attribute=\"d3ph\" data-ved=\"2ahUKEwiq3a7xs9mLAxVWlP0HHS2fCjQQkAgoAHoECC0QAg\"><span aria-label=\"Telefoonnummer +47 48 59 00 00 bellen\">+47 48 59 00 00<\/span><\/a><\/p>\n<p><a href=\"mailto:post@akeryachts.no\">post@akeryachts.no<\/a><br \/>\n<a href=\"https:\/\/akeryachts.no\/\">akeryachts.no<\/a>[\/vc_column_text][\/vc_column][\/vc_row]<\/p>\n<\/div>","protected":false},"excerpt":{"rendered":"<p>[vc_row row_type=&#8220;parallax&#8220; parallax_content_width=&#8220;in_grid&#8220; text_align=&#8220;left&#8220; full_screen_section_height=&#8220;no&#8220; section_height=&#8220;400&#8243; background_image=&#8220;735&#8243;][vc_column][\/vc_column][\/vc_row][vc_row css_animation=&#8220;element_from_fade&#8220; row_type=&#8220;row&#8220; use_row_as_full_screen_section=&#8220;no&#8220; type=&#8220;grid&#8220; angled_section=&#8220;no&#8220; text_align=&#8220;left&#8220; background_image_as_pattern=&#8220;without_pattern&#8220; css=&#8220;.vc_custom_1582275925068{padding-top: 40px !important;padding-bottom: 40px !important;}&#8220; z_index=&#8220;&#8220;][vc_column][vc_row_inner row_type=&#8220;row&#8220; type=&#8220;grid&#8220; text_align=&#8220;center&#8220; css_animation=&#8220;&#8220; el_class=&#8220;white-box-around max-width-white&#8220;][vc_column_inner el_class=&#8220;white-box-around max-width-white&#8220; width=&#8220;1\/2&#8243;][vc_column_text el_class=&#8220;big-brown-head&#8220;] Kontaktieren Sie die Werft. Wenn Sie n\u00e4here Informationen \u00fcber unsere Yachten w\u00fcnschen, steht Ihnen das&#8230;<\/p>\n","protected":false},"author":1,"featured_media":0,"parent":0,"menu_order":0,"comment_status":"closed","ping_status":"closed","template":"full_width.php","meta":{"_acf_changed":false,"footnotes":""},"class_list":["post-2264","page","type-page","status-publish","hentry"],"acf":[],"yoast_head":"<!-- This site is optimized with the Yoast SEO plugin v26.9 - https:\/\/yoast.com\/product\/yoast-seo-wordpress\/ -->\n<title>Elling Motoryachts Vertreter auf der ganzen Welt | Elling Yachts<\/title>\n<meta name=\"description\" content=\"Suchen Sie einen bestimmten Vertreter? Sie finden Elling Yachts Agenten auf der ganzen Welt. Alle Kontakt- und Adressdaten finden Sie hier.\" \/>\n<meta name=\"robots\" content=\"index, follow, max-snippet:-1, max-image-preview:large, max-video-preview:-1\" \/>\n<link rel=\"canonical\" href=\"https:\/\/www.ellingyachting.com\/de\/vertreter\/\" \/>\n<meta property=\"og:locale\" content=\"de_DE\" \/>\n<meta property=\"og:type\" content=\"article\" \/>\n<meta property=\"og:title\" content=\"Elling Motoryachts Vertreter auf der ganzen Welt | Elling Yachts\" \/>\n<meta property=\"og:description\" content=\"Suchen Sie einen bestimmten Vertreter? Sie finden Elling Yachts Agenten auf der ganzen Welt. Alle Kontakt- und Adressdaten finden Sie hier.\" \/>\n<meta property=\"og:url\" content=\"https:\/\/www.ellingyachting.com\/de\/vertreter\/\" \/>\n<meta property=\"og:site_name\" content=\"Elling Yachting\" \/>\n<meta property=\"article:publisher\" content=\"https:\/\/www.facebook.com\/profile.php?id=100063969341938&amp;locale=nl_NL\" \/>\n<meta property=\"article:modified_time\" content=\"2025-06-19T06:45:54+00:00\" \/>\n<meta property=\"og:image\" content=\"https:\/\/www.ellingyachting.com\/wp-content\/uploads\/2024\/12\/logo.png\" \/>\n\t<meta property=\"og:image:width\" content=\"159\" \/>\n\t<meta property=\"og:image:height\" content=\"125\" \/>\n\t<meta property=\"og:image:type\" content=\"image\/png\" \/>\n<meta name=\"twitter:card\" content=\"summary_large_image\" \/>\n<meta name=\"twitter:label1\" content=\"Gesch\u00e4tzte Lesezeit\" \/>\n\t<meta name=\"twitter:data1\" content=\"2\u00a0Minuten\" \/>\n<script type=\"application\/ld+json\" class=\"yoast-schema-graph\">{\"@context\":\"https:\/\/schema.org\",\"@graph\":[{\"@type\":\"WebPage\",\"@id\":\"https:\/\/www.ellingyachting.com\/de\/vertreter\/\",\"url\":\"https:\/\/www.ellingyachting.com\/de\/vertreter\/\",\"name\":\"Elling Motoryachts Vertreter auf der ganzen Welt | Elling Yachts\",\"isPartOf\":{\"@id\":\"https:\/\/www.ellingyachting.com\/#website\"},\"datePublished\":\"2020-02-21T08:59:25+00:00\",\"dateModified\":\"2025-06-19T06:45:54+00:00\",\"description\":\"Suchen Sie einen bestimmten Vertreter? Sie finden Elling Yachts Agenten auf der ganzen Welt. Alle Kontakt- und Adressdaten finden Sie hier.\",\"breadcrumb\":{\"@id\":\"https:\/\/www.ellingyachting.com\/de\/vertreter\/#breadcrumb\"},\"inLanguage\":\"de\",\"potentialAction\":[{\"@type\":\"ReadAction\",\"target\":[\"https:\/\/www.ellingyachting.com\/de\/vertreter\/\"]}]},{\"@type\":\"BreadcrumbList\",\"@id\":\"https:\/\/www.ellingyachting.com\/de\/vertreter\/#breadcrumb\",\"itemListElement\":[{\"@type\":\"ListItem\",\"position\":1,\"name\":\"Home\",\"item\":\"https:\/\/www.ellingyachting.com\/de\/\"},{\"@type\":\"ListItem\",\"position\":2,\"name\":\"Vertreter\"}]},{\"@type\":\"WebSite\",\"@id\":\"https:\/\/www.ellingyachting.com\/#website\",\"url\":\"https:\/\/www.ellingyachting.com\/\",\"name\":\"Elling Yachting\",\"description\":\"Luxury Elling Yachts builders\",\"publisher\":{\"@id\":\"https:\/\/www.ellingyachting.com\/#organization\"},\"potentialAction\":[{\"@type\":\"SearchAction\",\"target\":{\"@type\":\"EntryPoint\",\"urlTemplate\":\"https:\/\/www.ellingyachting.com\/?s={search_term_string}\"},\"query-input\":{\"@type\":\"PropertyValueSpecification\",\"valueRequired\":true,\"valueName\":\"search_term_string\"}}],\"inLanguage\":\"de\"},{\"@type\":\"Organization\",\"@id\":\"https:\/\/www.ellingyachting.com\/#organization\",\"name\":\"Elling shipbuilding\",\"url\":\"https:\/\/www.ellingyachting.com\/\",\"logo\":{\"@type\":\"ImageObject\",\"inLanguage\":\"de\",\"@id\":\"https:\/\/www.ellingyachting.com\/#\/schema\/logo\/image\/\",\"url\":\"https:\/\/www.ellingyachting.com\/wp-content\/uploads\/2024\/12\/logo.png\",\"contentUrl\":\"https:\/\/www.ellingyachting.com\/wp-content\/uploads\/2024\/12\/logo.png\",\"width\":159,\"height\":125,\"caption\":\"Elling shipbuilding\"},\"image\":{\"@id\":\"https:\/\/www.ellingyachting.com\/#\/schema\/logo\/image\/\"},\"sameAs\":[\"https:\/\/www.facebook.com\/profile.php?id=100063969341938&locale=nl_NL\",\"https:\/\/www.instagram.com\/ellingyachts\/\"]}]}<\/script>\n<!-- \/ Yoast SEO plugin. -->","yoast_head_json":{"title":"Elling Motoryachts Vertreter auf der ganzen Welt | Elling Yachts","description":"Suchen Sie einen bestimmten Vertreter? Sie finden Elling Yachts Agenten auf der ganzen Welt. Alle Kontakt- und Adressdaten finden Sie hier.","robots":{"index":"index","follow":"follow","max-snippet":"max-snippet:-1","max-image-preview":"max-image-preview:large","max-video-preview":"max-video-preview:-1"},"canonical":"https:\/\/www.ellingyachting.com\/de\/vertreter\/","og_locale":"de_DE","og_type":"article","og_title":"Elling Motoryachts Vertreter auf der ganzen Welt | Elling Yachts","og_description":"Suchen Sie einen bestimmten Vertreter? Sie finden Elling Yachts Agenten auf der ganzen Welt. Alle Kontakt- und Adressdaten finden Sie hier.","og_url":"https:\/\/www.ellingyachting.com\/de\/vertreter\/","og_site_name":"Elling Yachting","article_publisher":"https:\/\/www.facebook.com\/profile.php?id=100063969341938&locale=nl_NL","article_modified_time":"2025-06-19T06:45:54+00:00","og_image":[{"width":159,"height":125,"url":"https:\/\/www.ellingyachting.com\/wp-content\/uploads\/2024\/12\/logo.png","type":"image\/png"}],"twitter_card":"summary_large_image","twitter_misc":{"Gesch\u00e4tzte Lesezeit":"2\u00a0Minuten"},"schema":{"@context":"https:\/\/schema.org","@graph":[{"@type":"WebPage","@id":"https:\/\/www.ellingyachting.com\/de\/vertreter\/","url":"https:\/\/www.ellingyachting.com\/de\/vertreter\/","name":"Elling Motoryachts Vertreter auf der ganzen Welt | Elling Yachts","isPartOf":{"@id":"https:\/\/www.ellingyachting.com\/#website"},"datePublished":"2020-02-21T08:59:25+00:00","dateModified":"2025-06-19T06:45:54+00:00","description":"Suchen Sie einen bestimmten Vertreter? Sie finden Elling Yachts Agenten auf der ganzen Welt. Alle Kontakt- und Adressdaten finden Sie hier.","breadcrumb":{"@id":"https:\/\/www.ellingyachting.com\/de\/vertreter\/#breadcrumb"},"inLanguage":"de","potentialAction":[{"@type":"ReadAction","target":["https:\/\/www.ellingyachting.com\/de\/vertreter\/"]}]},{"@type":"BreadcrumbList","@id":"https:\/\/www.ellingyachting.com\/de\/vertreter\/#breadcrumb","itemListElement":[{"@type":"ListItem","position":1,"name":"Home","item":"https:\/\/www.ellingyachting.com\/de\/"},{"@type":"ListItem","position":2,"name":"Vertreter"}]},{"@type":"WebSite","@id":"https:\/\/www.ellingyachting.com\/#website","url":"https:\/\/www.ellingyachting.com\/","name":"Elling Yachting","description":"Luxury Elling Yachts builders","publisher":{"@id":"https:\/\/www.ellingyachting.com\/#organization"},"potentialAction":[{"@type":"SearchAction","target":{"@type":"EntryPoint","urlTemplate":"https:\/\/www.ellingyachting.com\/?s={search_term_string}"},"query-input":{"@type":"PropertyValueSpecification","valueRequired":true,"valueName":"search_term_string"}}],"inLanguage":"de"},{"@type":"Organization","@id":"https:\/\/www.ellingyachting.com\/#organization","name":"Elling shipbuilding","url":"https:\/\/www.ellingyachting.com\/","logo":{"@type":"ImageObject","inLanguage":"de","@id":"https:\/\/www.ellingyachting.com\/#\/schema\/logo\/image\/","url":"https:\/\/www.ellingyachting.com\/wp-content\/uploads\/2024\/12\/logo.png","contentUrl":"https:\/\/www.ellingyachting.com\/wp-content\/uploads\/2024\/12\/logo.png","width":159,"height":125,"caption":"Elling shipbuilding"},"image":{"@id":"https:\/\/www.ellingyachting.com\/#\/schema\/logo\/image\/"},"sameAs":["https:\/\/www.facebook.com\/profile.php?id=100063969341938&locale=nl_NL","https:\/\/www.instagram.com\/ellingyachts\/"]}]}},"_links":{"self":[{"href":"https:\/\/www.ellingyachting.com\/de\/wp-json\/wp\/v2\/pages\/2264","targetHints":{"allow":["GET"]}}],"collection":[{"href":"https:\/\/www.ellingyachting.com\/de\/wp-json\/wp\/v2\/pages"}],"about":[{"href":"https:\/\/www.ellingyachting.com\/de\/wp-json\/wp\/v2\/types\/page"}],"author":[{"embeddable":true,"href":"https:\/\/www.ellingyachting.com\/de\/wp-json\/wp\/v2\/users\/1"}],"replies":[{"embeddable":true,"href":"https:\/\/www.ellingyachting.com\/de\/wp-json\/wp\/v2\/comments?post=2264"}],"version-history":[{"count":14,"href":"https:\/\/www.ellingyachting.com\/de\/wp-json\/wp\/v2\/pages\/2264\/revisions"}],"predecessor-version":[{"id":2601,"href":"https:\/\/www.ellingyachting.com\/de\/wp-json\/wp\/v2\/pages\/2264\/revisions\/2601"}],"wp:attachment":[{"href":"https:\/\/www.ellingyachting.com\/de\/wp-json\/wp\/v2\/media?parent=2264"}],"curies":[{"name":"wp","href":"https:\/\/api.w.org\/{rel}","templated":true}]}}