{"id":2262,"date":"2020-02-20T13:05:18","date_gmt":"2020-02-20T12:05:18","guid":{"rendered":"https:\/\/www.ellingyachting.com\/?page_id=2262"},"modified":"2025-01-07T16:36:53","modified_gmt":"2025-01-07T15:36:53","slug":"kontakt","status":"publish","type":"page","link":"https:\/\/www.ellingyachting.com\/de\/kontakt\/","title":{"rendered":"Kontakt"},"content":{"rendered":"<div class=\"wpb-content-wrapper\"><p>[vc_row row_type=&#8220;parallax&#8220; parallax_content_width=&#8220;in_grid&#8220; text_align=&#8220;left&#8220; full_screen_section_height=&#8220;no&#8220; section_height=&#8220;400&#8243; background_image=&#8220;339&#8243;][vc_column][\/vc_column][\/vc_row][vc_row css_animation=&#8220;element_from_fade&#8220; row_type=&#8220;row&#8220; use_row_as_full_screen_section=&#8220;no&#8220; type=&#8220;grid&#8220; angled_section=&#8220;no&#8220; text_align=&#8220;left&#8220; background_image_as_pattern=&#8220;without_pattern&#8220; css=&#8220;.vc_custom_1582211062092{padding-top: 40px !important;padding-bottom: 60px !important;}&#8220; z_index=&#8220;&#8220;][vc_column][vc_row_inner row_type=&#8220;row&#8220; type=&#8220;grid&#8220; text_align=&#8220;left&#8220; css_animation=&#8220;&#8220;][vc_column_inner width=&#8220;1\/2&#8243; css=&#8220;.vc_custom_1582211191337{padding-top: 20px !important;}&#8220;][vc_column_text el_class=&#8220;big-brown-head&#8220;]<\/p>\n<h1>Wie k\u00f6nnen wir Ihnen helfen?<\/h1>\n<p>[\/vc_column_text][vc_empty_space height=&#8220;20px&#8220;]<div class=\"qode-accordion-holder clearfix qode-toggle qode-initial \">\n\t<h4 class=\"clearfix qode-title-holder\">\n<span class=\"qode-tab-title\">\n\t\t\t<span class=\"qode-tab-title-icon\">\n\t\t\t<i class=\"qode_icon_font_awesome fa fa-chevron-right \" ><\/i>\t\t<\/span>\n\t    <span class=\"qode-tab-title-inner\">\n        Pers\u00f6nliches Angebot anfordern    <\/span>\n<\/span>\n<span class=\"qode-accordion-mark\">\n    <span class=\"qode-accordion-mark-icon\">\n        <span class=\"icon_plus\"><\/span>\n        <span class=\"icon_minus-06\"><\/span>\n    <\/span>\n<\/span>\n<\/h4>\n<div id = quote-request-list class=\"qode-accordion-content qode-acc-title-with-icon\" >\n    <div class=\"qode-accordion-content-inner\">\n        [vc_raw_html]JTNDYSUyMGl0ZW1wcm9wJTNEJTIydXJsJTIyJTIwaHJlZiUzRCUyMmh0dHBzJTNBJTJGJTJGd3d3LmVsbGluZ3lhY2h0aW5nLmNvbSUyRmRlJTJGZTMtcGVyc29lbmxpY2hlcy1hbmdlYm90JTJGJTIyJTIwdGl0bGUlM0QlMjJQZXJzJUMzJUI2bmxpY2hlcyUyMEFuZ2Vib3QlMjBmJUMzJUJDciUyMGRpZSUyMEUzJTIyJTIwdGFyZ2V0JTNEJTIyX3NlbGYlMjIlMjBjbGFzcyUzRCUyMnF1b3RlLWJ1dHRvbiUyMiUzRVBlcnMlQzMlQjZubGljaGVzJTIwQW5nZWJvdCUyMGYlQzMlQkNyJTIwZGllJTIwRTMlM0NpJTIwY2xhc3MlM0QlMjJxb2RlX2ljb25fZm9udF9hd2Vzb21lJTIwZmElMjBmYS1jaGV2cm9uLXJpZ2h0JTIwcW9kZV9idXR0b25faWNvbl9lbGVtZW50JTIyJTIwc3R5bGUlM0QlMjIlMjIlM0UlM0MlMkZpJTNFJTNDJTJGYSUzRSUwQQ==[\/vc_raw_html][vc_raw_html]JTNDYSUyMGl0ZW1wcm9wJTNEJTIydXJsJTIyJTIwaHJlZiUzRCUyMmh0dHBzJTNBJTJGJTJGd3d3LmVsbGluZ3lhY2h0aW5nLmNvbSUyRmRlJTJGZTQtcGVyc29lbmxpY2hlcy1hbmdlYm90JTJGJTIyJTIwdGl0bGUlM0QlMjJQZXJzJUMzJUI2bmxpY2hlcyUyMEFuZ2Vib3QlMjBmJUMzJUJDciUyMGRpZSUyMEU0JTIyJTIwdGFyZ2V0JTNEJTIyX3NlbGYlMjIlMjBjbGFzcyUzRCUyMnF1b3RlLWJ1dHRvbiUyMiUzRVBlcnMlQzMlQjZubGljaGVzJTIwQW5nZWJvdCUyMGYlQzMlQkNyJTIwZGllJTIwRTQlM0NpJTIwY2xhc3MlM0QlMjJxb2RlX2ljb25fZm9udF9hd2Vzb21lJTIwZmElMjBmYS1jaGV2cm9uLXJpZ2h0JTIwcW9kZV9idXR0b25faWNvbl9lbGVtZW50JTIyJTIwc3R5bGUlM0QlMjIlMjIlM0UlM0MlMkZpJTNFJTNDJTJGYSUzRSUwQQ==[\/vc_raw_html][vc_raw_html]JTNDYSUyMGl0ZW1wcm9wJTNEJTIydXJsJTIyJTIwaHJlZiUzRCUyMmh0dHBzJTNBJTJGJTJGd3d3LmVsbGluZ3lhY2h0aW5nLmNvbSUyRmRlJTJGZTYtcGVyc29lbmxpY2hlcy1hbmdlYm90JTJGJTIyJTIwdGl0bGUlM0QlMjJQZXJzJUMzJUI2bmxpY2hlcyUyMEFuZ2Vib3QlMjBmJUMzJUJDciUyMGRpZSUyMEU2JTIyJTIwdGFyZ2V0JTNEJTIyX3NlbGYlMjIlMjBjbGFzcyUzRCUyMnF1b3RlLWJ1dHRvbiUyMiUzRVBlcnMlQzMlQjZubGljaGVzJTIwQW5nZWJvdCUyMGYlQzMlQkNyJTIwZGllJTIwRTYlM0NpJTIwY2xhc3MlM0QlMjJxb2RlX2ljb25fZm9udF9hd2Vzb21lJTIwZmElMjBmYS1jaGV2cm9uLXJpZ2h0JTIwcW9kZV9idXR0b25faWNvbl9lbGVtZW50JTIyJTIwc3R5bGUlM0QlMjIlMjIlM0UlM0MlMkZpJTNFJTNDJTJGYSUzRSUwQQ==[\/vc_raw_html]    <\/div>\n<\/div><h4 class=\"clearfix qode-title-holder\">\n<span class=\"qode-tab-title\">\n\t\t\t<span class=\"qode-tab-title-icon\">\n\t\t\t<i class=\"qode_icon_font_awesome fa fa-chevron-right \" ><\/i>\t\t<\/span>\n\t    <span class=\"qode-tab-title-inner\">\n        Nehmen Sie Kontakt auf    <\/span>\n<\/span>\n<span class=\"qode-accordion-mark\">\n    <span class=\"qode-accordion-mark-icon\">\n        <span class=\"icon_plus\"><\/span>\n        <span class=\"icon_minus-06\"><\/span>\n    <\/span>\n<\/span>\n<\/h4>\n<div  class=\"qode-accordion-content qode-acc-title-with-icon\" >\n    <div class=\"qode-accordion-content-inner\">\n        [vc_column_text]\n<div class=\"wpcf7 no-js\" id=\"wpcf7-f9-o1\" lang=\"nl-NL\" dir=\"ltr\" data-wpcf7-id=\"9\">\n<div class=\"screen-reader-response\"><p role=\"status\" aria-live=\"polite\" aria-atomic=\"true\"><\/p> <ul><\/ul><\/div>\n<form action=\"\/de\/wp-json\/wp\/v2\/pages\/2262#wpcf7-f9-o1\" method=\"post\" class=\"wpcf7-form init\" aria-label=\"Contactformulier\" novalidate=\"novalidate\" data-status=\"init\">\n<fieldset class=\"hidden-fields-container\"><input type=\"hidden\" name=\"_wpcf7\" value=\"9\" \/><input type=\"hidden\" name=\"_wpcf7_version\" value=\"6.1.5\" \/><input type=\"hidden\" name=\"_wpcf7_locale\" value=\"nl_NL\" \/><input type=\"hidden\" name=\"_wpcf7_unit_tag\" value=\"wpcf7-f9-o1\" \/><input type=\"hidden\" name=\"_wpcf7_container_post\" value=\"0\" \/><input type=\"hidden\" name=\"_wpcf7_posted_data_hash\" value=\"\" \/>\n<\/fieldset>\n<p>[vc_row css_animation=\"\" row_type=\"row\" use_row_as_full_screen_section=\"no\" type=\"full_width\" angled_section=\"no\" text_align=\"left\" background_image_as_pattern=\"without_pattern\"][vc_column][vc_column_text]<label> Your name (required)<br \/>\n<span class=\"wpcf7-form-control-wrap\" data-name=\"uw-naam\"><input size=\"40\" maxlength=\"400\" class=\"wpcf7-form-control wpcf7-text wpcf7-validates-as-required\" aria-required=\"true\" aria-invalid=\"false\" value=\"\" type=\"text\" name=\"uw-naam\" \/><\/span> <\/label>\n<\/p>\n<p><label> Your phone number<br \/>\n<span class=\"wpcf7-form-control-wrap\" data-name=\"uw-telefoonnummer\"><input size=\"40\" maxlength=\"400\" class=\"wpcf7-form-control wpcf7-tel wpcf7-text wpcf7-validates-as-tel\" aria-invalid=\"false\" value=\"\" type=\"tel\" name=\"uw-telefoonnummer\" \/><\/span><\/label>\n<\/p>\n<p><label> Your email address (required)<br \/>\n<span class=\"wpcf7-form-control-wrap\" data-name=\"uw-emailadres\"><input size=\"40\" maxlength=\"400\" class=\"wpcf7-form-control wpcf7-email wpcf7-validates-as-required wpcf7-text wpcf7-validates-as-email\" aria-required=\"true\" aria-invalid=\"false\" value=\"\" type=\"email\" name=\"uw-emailadres\" \/><\/span> <\/label>\n<\/p>\n<p><label> Your message<br \/>\n<span class=\"wpcf7-form-control-wrap\" data-name=\"bericht\"><textarea cols=\"40\" rows=\"10\" maxlength=\"2000\" class=\"wpcf7-form-control wpcf7-textarea\" aria-invalid=\"false\" name=\"bericht\"><\/textarea><\/span> <\/label>\n<\/p>\n<div class=\"wpcf7-turnstile cf-turnstile\" data-sitekey=\"0x4AAAAAACAs1LYeka4uyr4Z\" data-response-field-name=\"_wpcf7_turnstile_response\"><\/div>\n<p><input class=\"wpcf7-form-control wpcf7-submit has-spinner\" type=\"submit\" value=\"Stay updated\" \/>[\/vc_column_text][\/vc_column][\/vc_row]\n<\/p><div class=\"wpcf7-response-output\" aria-hidden=\"true\"><\/div>\n<\/form>\n<\/div>\n<style><\/style>[\/vc_column_text]    <\/div>\n<\/div><\/div>[vc_empty_space height=&#8220;20px&#8220;][vc_column_text]Haben Sie eine Frage oder w\u00fcnschen Sie weitere Informationen? Sie k\u00f6nnen dies \u00fcber die oben genannten Optionen tun. Sie k\u00f6nnen sich \u00fcber das Kontaktformular mit uns in Verbindung setzen oder ein individuelles Angebot anfordern. M\u00f6chten Sie lieber telefonisch mit uns sprechen? Auch das ist m\u00f6glich. [\/vc_column_text][vc_empty_space height=&#8220;20px&#8220;][\/vc_column_inner][vc_column_inner el_class=&#8220;white-box-around&#8220; width=&#8220;1\/2&#8243;][vc_column_text el_class=&#8220;big-brown-head&#8220;]<\/p>\n<h2>Kontakt.<\/h2>\n<p>[\/vc_column_text][vc_column_text]Wir freuen uns immer \u00fcber Ihren Besuch!<\/p>\n<p>Sie k\u00f6nnen Ihren Berater unter der unten angegebenen Nummer und E-Mail-Adresse erreichen.<\/p>\n<p>Oder kommen Sie doch einfach vorbei und erleben Sie die Aufregung einer Elling selbst?[\/vc_column_text][vc_column_text]T <a href=\"tel:0031418673103\">+31 418 673 103<\/a><\/p>\n<p><a href=\"mailto:info@ellingyachting.com\">info@ellingyachting.com<\/a>[\/vc_column_text][vc_empty_space height=&#8220;10px&#8220;][vc_column_text]<strong>Elling Shipbuilding BV<\/strong><br \/>\nVeerdam 1<br \/>\n5308 JH Aalst<br \/>\nDie Niederlande[\/vc_column_text][\/vc_column_inner][\/vc_row_inner][\/vc_column][\/vc_row][vc_row css_animation=&#8220;&#8220; row_type=&#8220;row&#8220; use_row_as_full_screen_section=&#8220;no&#8220; type=&#8220;full_width&#8220; angled_section=&#8220;no&#8220; text_align=&#8220;left&#8220; background_image_as_pattern=&#8220;without_pattern&#8220;][vc_column][vc_row_inner row_type=&#8220;row&#8220; type=&#8220;grid&#8220; text_align=&#8220;center&#8220; css_animation=&#8220;&#8220;][vc_column_inner][vc_column_text]<\/p>\n<h2>Wie Sie uns finden<\/h2>\n<p>[\/vc_column_text][\/vc_column_inner][\/vc_row_inner][vc_empty_space height=&#8220;10px&#8220;][vc_single_image image=&#8220;645&#8243; img_size=&#8220;full&#8220; alignment=&#8220;center&#8220; onclick=&#8220;custom_link&#8220; img_link_target=&#8220;_blank&#8220; qode_css_animation=&#8220;&#8220; qode_hover_animation=&#8220;zoom_in&#8220; link=&#8220;https:\/\/www.google.nl\/maps\/place\/Elling+Shipbuilding+BV\/@51.8028585,5.0160545,10z\/data=!4m12!1m6!3m5!1s0x47c68db47245faeb:0x7230e7268c789809!2sElling+Shipbuilding+BV!8m2!3d51.7819023!4d5.1155001!3m4!1s0x47c68db47245faeb:0x7230e7268c789809!8m2!3d51.7819023!4d5.1155001&#8243; el_class=&#8220;min-height-map-image&#8220;][\/vc_column][\/vc_row]<\/p>\n<\/div>","protected":false},"excerpt":{"rendered":"<p>[vc_row row_type=&#8220;parallax&#8220; parallax_content_width=&#8220;in_grid&#8220; text_align=&#8220;left&#8220; full_screen_section_height=&#8220;no&#8220; section_height=&#8220;400&#8243; background_image=&#8220;339&#8243;][vc_column][\/vc_column][\/vc_row][vc_row css_animation=&#8220;element_from_fade&#8220; row_type=&#8220;row&#8220; use_row_as_full_screen_section=&#8220;no&#8220; type=&#8220;grid&#8220; angled_section=&#8220;no&#8220; text_align=&#8220;left&#8220; background_image_as_pattern=&#8220;without_pattern&#8220; css=&#8220;.vc_custom_1582211062092{padding-top: 40px !important;padding-bottom: 60px !important;}&#8220; z_index=&#8220;&#8220;][vc_column][vc_row_inner row_type=&#8220;row&#8220; type=&#8220;grid&#8220; text_align=&#8220;left&#8220; css_animation=&#8220;&#8220;][vc_column_inner width=&#8220;1\/2&#8243; css=&#8220;.vc_custom_1582211191337{padding-top: 20px !important;}&#8220;][vc_column_text el_class=&#8220;big-brown-head&#8220;] Wie k\u00f6nnen wir Ihnen helfen? [\/vc_column_text][vc_empty_space height=&#8220;20px&#8220;][vc_empty_space height=&#8220;20px&#8220;][vc_column_text]Haben Sie eine Frage oder w\u00fcnschen Sie weitere Informationen?&#8230;<\/p>\n","protected":false},"author":1,"featured_media":0,"parent":0,"menu_order":0,"comment_status":"closed","ping_status":"closed","template":"full_width.php","meta":{"_acf_changed":false,"footnotes":""},"class_list":["post-2262","page","type-page","status-publish","hentry"],"acf":[],"yoast_head":"<!-- This site is optimized with the Yoast SEO plugin v26.9 - https:\/\/yoast.com\/product\/yoast-seo-wordpress\/ -->\n<title>Kontaktieren Sie uns oder fordern Sie ein Angebot f\u00fcr eine Elling Motoryacht an | Elling Yachting<\/title>\n<meta name=\"description\" content=\"Haben Sie eine Frage? Oder m\u00f6chten Sie ein Angebot f\u00fcr einen Elling E3, E4 oder E6 einholen? Das alles ist m\u00f6glich. Nehmen Sie jetzt Kontakt mit Elling Yachting auf.\" \/>\n<meta name=\"robots\" content=\"index, follow, max-snippet:-1, max-image-preview:large, max-video-preview:-1\" \/>\n<link rel=\"canonical\" href=\"https:\/\/www.ellingyachting.com\/de\/kontakt\/\" \/>\n<meta property=\"og:locale\" content=\"de_DE\" \/>\n<meta property=\"og:type\" content=\"article\" \/>\n<meta property=\"og:title\" content=\"Kontaktieren Sie uns oder fordern Sie ein Angebot f\u00fcr eine Elling Motoryacht an | Elling Yachting\" \/>\n<meta property=\"og:description\" content=\"Haben Sie eine Frage? Oder m\u00f6chten Sie ein Angebot f\u00fcr einen Elling E3, E4 oder E6 einholen? Das alles ist m\u00f6glich. Nehmen Sie jetzt Kontakt mit Elling Yachting auf.\" \/>\n<meta property=\"og:url\" content=\"https:\/\/www.ellingyachting.com\/de\/kontakt\/\" \/>\n<meta property=\"og:site_name\" content=\"Elling Yachting\" \/>\n<meta property=\"article:publisher\" content=\"https:\/\/www.facebook.com\/profile.php?id=100063969341938&amp;locale=nl_NL\" \/>\n<meta property=\"article:modified_time\" content=\"2025-01-07T15:36:53+00:00\" \/>\n<meta property=\"og:image\" content=\"https:\/\/www.ellingyachting.com\/wp-content\/uploads\/2024\/12\/logo.png\" \/>\n\t<meta property=\"og:image:width\" content=\"159\" \/>\n\t<meta property=\"og:image:height\" content=\"125\" \/>\n\t<meta property=\"og:image:type\" content=\"image\/png\" \/>\n<meta name=\"twitter:card\" content=\"summary_large_image\" \/>\n<meta name=\"twitter:label1\" content=\"Gesch\u00e4tzte Lesezeit\" \/>\n\t<meta name=\"twitter:data1\" content=\"2\u00a0Minuten\" \/>\n<script type=\"application\/ld+json\" class=\"yoast-schema-graph\">{\"@context\":\"https:\/\/schema.org\",\"@graph\":[{\"@type\":\"WebPage\",\"@id\":\"https:\/\/www.ellingyachting.com\/de\/kontakt\/\",\"url\":\"https:\/\/www.ellingyachting.com\/de\/kontakt\/\",\"name\":\"Kontaktieren Sie uns oder fordern Sie ein Angebot f\u00fcr eine Elling Motoryacht an | Elling Yachting\",\"isPartOf\":{\"@id\":\"https:\/\/www.ellingyachting.com\/#website\"},\"datePublished\":\"2020-02-20T12:05:18+00:00\",\"dateModified\":\"2025-01-07T15:36:53+00:00\",\"description\":\"Haben Sie eine Frage? Oder m\u00f6chten Sie ein Angebot f\u00fcr einen Elling E3, E4 oder E6 einholen? Das alles ist m\u00f6glich. Nehmen Sie jetzt Kontakt mit Elling Yachting auf.\",\"breadcrumb\":{\"@id\":\"https:\/\/www.ellingyachting.com\/de\/kontakt\/#breadcrumb\"},\"inLanguage\":\"de\",\"potentialAction\":[{\"@type\":\"ReadAction\",\"target\":[\"https:\/\/www.ellingyachting.com\/de\/kontakt\/\"]}]},{\"@type\":\"BreadcrumbList\",\"@id\":\"https:\/\/www.ellingyachting.com\/de\/kontakt\/#breadcrumb\",\"itemListElement\":[{\"@type\":\"ListItem\",\"position\":1,\"name\":\"Home\",\"item\":\"https:\/\/www.ellingyachting.com\/de\/\"},{\"@type\":\"ListItem\",\"position\":2,\"name\":\"Kontakt\"}]},{\"@type\":\"WebSite\",\"@id\":\"https:\/\/www.ellingyachting.com\/#website\",\"url\":\"https:\/\/www.ellingyachting.com\/\",\"name\":\"Elling Yachting\",\"description\":\"Luxury Elling Yachts builders\",\"publisher\":{\"@id\":\"https:\/\/www.ellingyachting.com\/#organization\"},\"potentialAction\":[{\"@type\":\"SearchAction\",\"target\":{\"@type\":\"EntryPoint\",\"urlTemplate\":\"https:\/\/www.ellingyachting.com\/?s={search_term_string}\"},\"query-input\":{\"@type\":\"PropertyValueSpecification\",\"valueRequired\":true,\"valueName\":\"search_term_string\"}}],\"inLanguage\":\"de\"},{\"@type\":\"Organization\",\"@id\":\"https:\/\/www.ellingyachting.com\/#organization\",\"name\":\"Elling shipbuilding\",\"url\":\"https:\/\/www.ellingyachting.com\/\",\"logo\":{\"@type\":\"ImageObject\",\"inLanguage\":\"de\",\"@id\":\"https:\/\/www.ellingyachting.com\/#\/schema\/logo\/image\/\",\"url\":\"https:\/\/www.ellingyachting.com\/wp-content\/uploads\/2024\/12\/logo.png\",\"contentUrl\":\"https:\/\/www.ellingyachting.com\/wp-content\/uploads\/2024\/12\/logo.png\",\"width\":159,\"height\":125,\"caption\":\"Elling shipbuilding\"},\"image\":{\"@id\":\"https:\/\/www.ellingyachting.com\/#\/schema\/logo\/image\/\"},\"sameAs\":[\"https:\/\/www.facebook.com\/profile.php?id=100063969341938&locale=nl_NL\",\"https:\/\/www.instagram.com\/ellingyachts\/\"]}]}<\/script>\n<!-- \/ Yoast SEO plugin. -->","yoast_head_json":{"title":"Kontaktieren Sie uns oder fordern Sie ein Angebot f\u00fcr eine Elling Motoryacht an | Elling Yachting","description":"Haben Sie eine Frage? Oder m\u00f6chten Sie ein Angebot f\u00fcr einen Elling E3, E4 oder E6 einholen? Das alles ist m\u00f6glich. Nehmen Sie jetzt Kontakt mit Elling Yachting auf.","robots":{"index":"index","follow":"follow","max-snippet":"max-snippet:-1","max-image-preview":"max-image-preview:large","max-video-preview":"max-video-preview:-1"},"canonical":"https:\/\/www.ellingyachting.com\/de\/kontakt\/","og_locale":"de_DE","og_type":"article","og_title":"Kontaktieren Sie uns oder fordern Sie ein Angebot f\u00fcr eine Elling Motoryacht an | Elling Yachting","og_description":"Haben Sie eine Frage? Oder m\u00f6chten Sie ein Angebot f\u00fcr einen Elling E3, E4 oder E6 einholen? Das alles ist m\u00f6glich. Nehmen Sie jetzt Kontakt mit Elling Yachting auf.","og_url":"https:\/\/www.ellingyachting.com\/de\/kontakt\/","og_site_name":"Elling Yachting","article_publisher":"https:\/\/www.facebook.com\/profile.php?id=100063969341938&locale=nl_NL","article_modified_time":"2025-01-07T15:36:53+00:00","og_image":[{"width":159,"height":125,"url":"https:\/\/www.ellingyachting.com\/wp-content\/uploads\/2024\/12\/logo.png","type":"image\/png"}],"twitter_card":"summary_large_image","twitter_misc":{"Gesch\u00e4tzte Lesezeit":"2\u00a0Minuten"},"schema":{"@context":"https:\/\/schema.org","@graph":[{"@type":"WebPage","@id":"https:\/\/www.ellingyachting.com\/de\/kontakt\/","url":"https:\/\/www.ellingyachting.com\/de\/kontakt\/","name":"Kontaktieren Sie uns oder fordern Sie ein Angebot f\u00fcr eine Elling Motoryacht an | Elling Yachting","isPartOf":{"@id":"https:\/\/www.ellingyachting.com\/#website"},"datePublished":"2020-02-20T12:05:18+00:00","dateModified":"2025-01-07T15:36:53+00:00","description":"Haben Sie eine Frage? Oder m\u00f6chten Sie ein Angebot f\u00fcr einen Elling E3, E4 oder E6 einholen? Das alles ist m\u00f6glich. Nehmen Sie jetzt Kontakt mit Elling Yachting auf.","breadcrumb":{"@id":"https:\/\/www.ellingyachting.com\/de\/kontakt\/#breadcrumb"},"inLanguage":"de","potentialAction":[{"@type":"ReadAction","target":["https:\/\/www.ellingyachting.com\/de\/kontakt\/"]}]},{"@type":"BreadcrumbList","@id":"https:\/\/www.ellingyachting.com\/de\/kontakt\/#breadcrumb","itemListElement":[{"@type":"ListItem","position":1,"name":"Home","item":"https:\/\/www.ellingyachting.com\/de\/"},{"@type":"ListItem","position":2,"name":"Kontakt"}]},{"@type":"WebSite","@id":"https:\/\/www.ellingyachting.com\/#website","url":"https:\/\/www.ellingyachting.com\/","name":"Elling Yachting","description":"Luxury Elling Yachts builders","publisher":{"@id":"https:\/\/www.ellingyachting.com\/#organization"},"potentialAction":[{"@type":"SearchAction","target":{"@type":"EntryPoint","urlTemplate":"https:\/\/www.ellingyachting.com\/?s={search_term_string}"},"query-input":{"@type":"PropertyValueSpecification","valueRequired":true,"valueName":"search_term_string"}}],"inLanguage":"de"},{"@type":"Organization","@id":"https:\/\/www.ellingyachting.com\/#organization","name":"Elling shipbuilding","url":"https:\/\/www.ellingyachting.com\/","logo":{"@type":"ImageObject","inLanguage":"de","@id":"https:\/\/www.ellingyachting.com\/#\/schema\/logo\/image\/","url":"https:\/\/www.ellingyachting.com\/wp-content\/uploads\/2024\/12\/logo.png","contentUrl":"https:\/\/www.ellingyachting.com\/wp-content\/uploads\/2024\/12\/logo.png","width":159,"height":125,"caption":"Elling shipbuilding"},"image":{"@id":"https:\/\/www.ellingyachting.com\/#\/schema\/logo\/image\/"},"sameAs":["https:\/\/www.facebook.com\/profile.php?id=100063969341938&locale=nl_NL","https:\/\/www.instagram.com\/ellingyachts\/"]}]}},"_links":{"self":[{"href":"https:\/\/www.ellingyachting.com\/de\/wp-json\/wp\/v2\/pages\/2262","targetHints":{"allow":["GET"]}}],"collection":[{"href":"https:\/\/www.ellingyachting.com\/de\/wp-json\/wp\/v2\/pages"}],"about":[{"href":"https:\/\/www.ellingyachting.com\/de\/wp-json\/wp\/v2\/types\/page"}],"author":[{"embeddable":true,"href":"https:\/\/www.ellingyachting.com\/de\/wp-json\/wp\/v2\/users\/1"}],"replies":[{"embeddable":true,"href":"https:\/\/www.ellingyachting.com\/de\/wp-json\/wp\/v2\/comments?post=2262"}],"version-history":[{"count":4,"href":"https:\/\/www.ellingyachting.com\/de\/wp-json\/wp\/v2\/pages\/2262\/revisions"}],"predecessor-version":[{"id":2482,"href":"https:\/\/www.ellingyachting.com\/de\/wp-json\/wp\/v2\/pages\/2262\/revisions\/2482"}],"wp:attachment":[{"href":"https:\/\/www.ellingyachting.com\/de\/wp-json\/wp\/v2\/media?parent=2262"}],"curies":[{"name":"wp","href":"https:\/\/api.w.org\/{rel}","templated":true}]}}