{"id":2259,"date":"2019-10-08T10:03:38","date_gmt":"2019-10-08T08:03:38","guid":{"rendered":"https:\/\/www.ellingyachting.com\/?page_id=2259"},"modified":"2026-01-06T13:45:26","modified_gmt":"2026-01-06T12:45:26","slug":"home","status":"publish","type":"page","link":"https:\/\/www.ellingyachting.com\/de\/","title":{"rendered":"Home"},"content":{"rendered":"<div class=\"wpb-content-wrapper\"><p>[vc_row css_animation=&#8220;&#8220; row_type=&#8220;row&#8220; use_row_as_full_screen_section=&#8220;no&#8220; type=&#8220;full_width&#8220; angled_section=&#8220;no&#8220; text_align=&#8220;left&#8220; background_image_as_pattern=&#8220;without_pattern&#8220; css=&#8220;.vc_custom_1582639408514{background-color: #000000 !important;}&#8220; z_index=&#8220;&#8220; el_class=&#8220;video-stream-holder&#8220;][vc_column][vc_raw_html]JTNDc3RyZWFtJTIwc3JjJTNEJTIyMzUzYjAyN2QwNGEyOTk4MDkyMGIwMGExYzIyMTAyN2MlMjIlMjBhdXRvcGxheSUyMGxvb3AlMjBtdXRlJTNFJTNDJTJGc3RyZWFtJTNFJTBBJTNDc2NyaXB0JTIwZGF0YS1jZmFzeW5jJTNEJTIyZmFsc2UlMjIlMjBkZWZlciUyMHR5cGUlM0QlMjJ0ZXh0JTJGamF2YXNjcmlwdCUyMiUyMHNyYyUzRCUyMmh0dHBzJTNBJTJGJTJGZW1iZWQudmlkZW9kZWxpdmVyeS5uZXQlMkZlbWJlZCUyRnI0eHUuZmxhOS5sYXRlc3QuanMlM0Z2aWRlbyUzRDM1M2IwMjdkMDRhMjk5ODA5MjBiMDBhMWMyMjEwMjdjJTIyJTNFJTNDJTJGc2NyaXB0JTNF[\/vc_raw_html][\/vc_column][\/vc_row][vc_row css_animation=&#8220;&#8220; row_type=&#8220;row&#8220; use_row_as_full_screen_section=&#8220;no&#8220; type=&#8220;full_width&#8220; angled_section=&#8220;no&#8220; text_align=&#8220;left&#8220; background_image_as_pattern=&#8220;without_pattern&#8220; el_class=&#8220;flex-row-over&#8220; z_index=&#8220;&#8220;][vc_column][vc_row_inner row_type=&#8220;row&#8220; type=&#8220;grid&#8220; text_align=&#8220;left&#8220; css_animation=&#8220;element_from_fade&#8220; el_class=&#8220;home-h1-styling&#8220;][vc_column_inner width=&#8220;1\/2&#8243;][vc_column_text]<\/p>\n<h1>Elling Yacht <span class=\"gold-head\">E6<\/span><br \/>\nPower and elegance<\/h1>\n<p>[\/vc_column_text][\/vc_column_inner][vc_column_inner el_class=&#8220;text-align-right&#8220; width=&#8220;1\/2&#8243;]<a  itemprop=\"url\" href=\"\/the-elling-motor-yacht-range\/157727\/elling-e6\/\" target=\"_self\"  class=\"qbutton  default\" style=\"margin: 20px 0px 65px 0px; \">Entdecken Sie das E6<i class=\"qode_icon_font_awesome fa fa-chevron-right qode_button_icon_element\"><\/i><\/a>[\/vc_column_inner][\/vc_row_inner][\/vc_column][\/vc_row][vc_row css_animation=&#8220;element_from_fade&#8220; row_type=&#8220;row&#8220; use_row_as_full_screen_section=&#8220;no&#8220; type=&#8220;full_width&#8220; angled_section=&#8220;no&#8220; text_align=&#8220;left&#8220; background_image_as_pattern=&#8220;without_pattern&#8220; css=&#8220;.vc_custom_1570612979519{padding-top: 80px !important;padding-bottom: 80px !important;}&#8220; z_index=&#8220;&#8220;][vc_column][vc_row_inner row_type=&#8220;row&#8220; type=&#8220;grid&#8220; text_align=&#8220;left&#8220; css_animation=&#8220;&#8220;][vc_column_inner][vc_column_text el_class=&#8220;big-brown-head&#8220;]<\/p>\n<h3>Elling-Produkt palette<\/h3>\n<p>[\/vc_column_text][\/vc_column_inner][\/vc_row_inner][vc_row_inner row_type=&#8220;row&#8220; type=&#8220;grid&#8220; text_align=&#8220;left&#8220; css_animation=&#8220;&#8220; css=&#8220;.vc_custom_1583760049898{margin-top: 30px !important;}&#8220; el_class=&#8220;three-box-footer-home&#8220;][vc_column_inner width=&#8220;1\/3&#8243;][vc_single_image image=&#8220;1755&#8243; img_size=&#8220;full&#8220; alignment=&#8220;center&#8220; onclick=&#8220;custom_link&#8220; css=&#8220;&#8220; qode_css_animation=&#8220;&#8220; qode_hover_animation=&#8220;zoom_in&#8220; link=&#8220;https:\/\/www.ellingyachting.com\/de\/das-sortiment\/elling-e3\/&#8220;][vc_column_text css=&#8220;.vc_custom_1607093010670{margin-top: 20px !important;}&#8220;]<\/p>\n<h4>Elling E3<\/h4>\n<p>13.8m 45FT<\/p>\n<h5>The pure spirit of adventure.<\/h5>\n<p>[\/vc_column_text]<a  itemprop=\"url\" href=\"https:\/\/www.ellingyachting.com\/de\/das-sortiment\/elling-e3\/\" target=\"_self\"  class=\"qbutton  default\" style=\"margin: 20px 0px 0px 0px; \">Ihre Elling E3<i class=\"qode_icon_font_awesome fa fa-chevron-right qode_button_icon_element\"><\/i><\/a>[\/vc_column_inner][vc_column_inner width=&#8220;1\/3&#8243;][vc_single_image image=&#8220;2645&#8243; img_size=&#8220;2000&#215;1333&#8243; alignment=&#8220;center&#8220; onclick=&#8220;custom_link&#8220; css=&#8220;&#8220; qode_css_animation=&#8220;&#8220; qode_hover_animation=&#8220;zoom_in&#8220; link=&#8220;https:\/\/www.ellingyachting.com\/de\/das-sortiment\/elling-e4\/&#8220;][vc_column_text css=&#8220;.vc_custom_1607093016829{margin-top: 20px !important;}&#8220;]<\/p>\n<h4>Elling E4<\/h4>\n<p>14.95m &#8211; 49 FT<\/p>\n<h5>Elegance meets safety.<\/h5>\n<p>[\/vc_column_text]<a  itemprop=\"url\" href=\"https:\/\/www.ellingyachting.com\/de\/das-sortiment\/elling-e4\/\" target=\"_self\"  class=\"qbutton  default\" style=\"margin: 20px 0px 0px 0px; \">Ihre Elling E4<i class=\"qode_icon_font_awesome fa fa-chevron-right qode_button_icon_element\"><\/i><\/a>[\/vc_column_inner][vc_column_inner width=&#8220;1\/3&#8243;][vc_single_image image=&#8220;1705&#8243; img_size=&#8220;full&#8220; alignment=&#8220;center&#8220; onclick=&#8220;custom_link&#8220; css=&#8220;&#8220; qode_css_animation=&#8220;&#8220; qode_hover_animation=&#8220;zoom_in&#8220; link=&#8220;https:\/\/www.ellingyachting.com\/de\/das-sortiment\/elling-e6\/&#8220;][vc_column_text css=&#8220;.vc_custom_1607093024354{margin-top: 20px !important;}&#8220;]<\/p>\n<h4>Elling E6<\/h4>\n<p>19.8m &#8211; 65 FT<\/p>\n<h5>Fullfilling your dreams.<\/h5>\n<p>[\/vc_column_text]<a  itemprop=\"url\" href=\"https:\/\/www.ellingyachting.com\/de\/das-sortiment\/elling-e6\/\" target=\"_self\"  class=\"qbutton  default\" style=\"margin: 20px 0px 0px 0px; \">Ihre Elling E6<i class=\"qode_icon_font_awesome fa fa-chevron-right qode_button_icon_element\"><\/i><\/a>[\/vc_column_inner][\/vc_row_inner][\/vc_column][\/vc_row][vc_row row_type=&#8220;parallax&#8220; parallax_content_width=&#8220;in_grid&#8220; text_align=&#8220;left&#8220; full_screen_section_height=&#8220;no&#8220; section_height=&#8220;600&#8243; background_image=&#8220;178&#8243;][vc_column][\/vc_column][\/vc_row][vc_row css_animation=&#8220;&#8220; row_type=&#8220;row&#8220; use_row_as_full_screen_section=&#8220;no&#8220; type=&#8220;full_width&#8220; angled_section=&#8220;no&#8220; text_align=&#8220;left&#8220; background_image_as_pattern=&#8220;without_pattern&#8220; z_index=&#8220;&#8220; anchor=&#8220;viewmore&#8220;][vc_column][vc_row_inner row_type=&#8220;row&#8220; type=&#8220;grid&#8220; text_align=&#8220;left&#8220; css_animation=&#8220;element_from_fade&#8220; css=&#8220;.vc_custom_1583759421093{padding-top: 80px !important;padding-bottom: 80px !important;}&#8220; transition_delay=&#8220;500&#8243; el_class=&#8220;two-block-style order-change-mobile&#8220;][vc_column_inner el_class=&#8220;white-box-around&#8220; width=&#8220;1\/3&#8243; css=&#8220;.vc_custom_1582199390133{padding-top: 20px !important;padding-bottom: 40px !important;}&#8220;][vc_column_text]<\/p>\n<h2>E6. eine neue Welt der Abenteuer<\/h2>\n<p>Die E-Serie E6 stellt den H\u00f6hepunkt unserer Erfolge im Bereich des modernen Luxusyachtdesigns dar und verk\u00f6rpert das \u201eGo-anywhere\u201c-Konzept. Dieses Boot legt die Ma\u00dfst\u00e4be, die bereits von der E4 gesetzt wurden, h\u00f6her und bietet zus\u00e4tzlich 16 Fu\u00df Luxus, so dass Sie sich in noch gr\u00f6\u00dferem Komfort entspannen und eine gr\u00f6\u00dfere Reichweite erzielen k\u00f6nnen.[\/vc_column_text][vc_column_text]Die E-Serie setzt neue Ma\u00dfst\u00e4be f\u00fcr Sicherheit und Luxus im modernen Yachtdesign. Sie wird aus Twaron<span class=\"superScript\">\u00ae<\/span> nach dem anspruchsvollen Standard der CE-Kategorie A (Ocean) gebaut und ist damit so robust wie ein Rettungsboot! Unsere Modelle sind optional mit einem Hilfsmotor ausgestattet, damit Sie auch in schwierigen Situationen beruhigt sein k\u00f6nnen! Ob auf der anderen Seite des Kanals oder auf dem Ozean, Sie werden den Luxus der E-Serie das ganze Jahr \u00fcber genie\u00dfen wollen.[\/vc_column_text]<a  itemprop=\"url\" href=\"\/the-elling-motor-yacht-range\/157727\/elling-e6\/\" target=\"_self\"  class=\"qbutton  default\" style=\"margin: 20px 0px 0px 0px; \">Weitere Details zum E6 anzeigen<i class=\"qode_icon_font_awesome fa fa-chevron-right qode_button_icon_element\"><\/i><\/a>[\/vc_column_inner][vc_column_inner el_class=&#8220;give-text-more-space-left&#8220; width=&#8220;2\/3&#8243; css=&#8220;.vc_custom_1582199911979{padding-top: 50px !important;}&#8220;][vc_single_image image=&#8220;1451&#8243; img_size=&#8220;full&#8220; alignment=&#8220;right&#8220; qode_css_animation=&#8220;&#8220;][vc_single_image image=&#8220;1299&#8243; img_size=&#8220;full&#8220; css=&#8220;.vc_custom_1570541907456{margin-top: 30px !important;}&#8220; qode_css_animation=&#8220;&#8220; el_class=&#8220;blue-after-landscape-small&#8220;][\/vc_column_inner][\/vc_row_inner][\/vc_column][\/vc_row][vc_row row_type=&#8220;parallax&#8220; parallax_content_width=&#8220;in_grid&#8220; text_align=&#8220;left&#8220; full_screen_section_height=&#8220;no&#8220; section_height=&#8220;700&#8243; background_image=&#8220;128&#8243;][vc_column][\/vc_column][\/vc_row][vc_row css_animation=&#8220;&#8220; row_type=&#8220;row&#8220; use_row_as_full_screen_section=&#8220;no&#8220; type=&#8220;full_width&#8220; angled_section=&#8220;no&#8220; text_align=&#8220;left&#8220; background_image_as_pattern=&#8220;without_pattern&#8220;][vc_column][vc_row_inner row_type=&#8220;row&#8220; type=&#8220;grid&#8220; text_align=&#8220;left&#8220; css_animation=&#8220;element_from_fade&#8220; css=&#8220;.vc_custom_1583755647406{padding-top: 120px !important;padding-bottom: 120px !important;}&#8220; el_class=&#8220;two-block-style&#8220;][vc_column_inner width=&#8220;1\/3&#8243;][vc_single_image image=&#8220;1305&#8243; img_size=&#8220;full&#8220; alignment=&#8220;center&#8220; qode_css_animation=&#8220;&#8220; el_class=&#8220;brown-after-landscape-small&#8220;][vc_single_image image=&#8220;1309&#8243; img_size=&#8220;full&#8220; alignment=&#8220;center&#8220; css=&#8220;.vc_custom_1583759642833{margin-top: 30px !important;}&#8220; qode_css_animation=&#8220;&#8220; el_class=&#8220;blue-after-landscape-medium&#8220;][\/vc_column_inner][vc_column_inner el_class=&#8220;give-text-bigger-space-left white-box-around&#8220; width=&#8220;2\/3&#8243;][vc_column_text]<\/p>\n<h2>E6. Die Komb\u00fcse ist ein echtes &#8218;Zuhause von Zuhause&#8216;<\/h2>\n<p>Die Komb\u00fcse ist einfach umwerfend! Sie bietet gen\u00fcgend Platz, um Gourmet-Mahlzeiten oder auch nur Snacks f\u00fcr die Crew zuzubereiten. Perfekt f\u00fcr die Bewirtung von Freunden und Familie und ausgestattet mit einem gro\u00dfen Miele-K\u00fchlschrank mit Gefrierfach und Geschirrsp\u00fcler. Viel Stauraum und pflegeleichte Arbeitsfl\u00e4chen aus Marmor sorgen f\u00fcr ein einfaches Erscheinungsbild.<\/p>\n<p>Die Eignerkabine ist der perfekte Ort, um sich von den Aktivit\u00e4ten des Tages zu erholen und zu entspannen. Lehnen Sie sich zur\u00fcck und genie\u00dfen Sie ein gek\u00fchltes Glas Champagner auf dem pr\u00e4chtigen Doppelbett \u2013 Sie haben es sich verdient. Stellen Sie sich vor, Sie w\u00e4ren in einem F\u00fcnf-Sterne-Hotel und h\u00e4tten ein ger\u00e4umiges Bad mit Doppeldusche, gro\u00dfem Waschbecken und Kopfteil \u2013 alles, was Sie sich w\u00fcnschen.<\/p>\n<p>\u00d6ffnen Sie das Dach und lassen Sie die Sonne herein&#8230; f\u00fcr das Flybridge-Feeling, oder wenn Sie es vorziehen, k\u00f6nnen Sie das Wetter aussperren &#8211; es ist Ihre Wahl. Das automatische und hermetisch geschlossene Schiebedach ist auch unter schwierigsten Bedingungen absolut wasserdicht.[\/vc_column_text]<a  itemprop=\"url\" href=\"\/the-elling-motor-yacht-range\/157727\/elling-e6\/\" target=\"_self\"  class=\"qbutton  default\" style=\"margin: 20px 0px 0px 0px; \">Mehr Entdecken<i class=\"qode_icon_font_awesome fa fa-chevron-right qode_button_icon_element\"><\/i><\/a>[\/vc_column_inner][\/vc_row_inner][\/vc_column][\/vc_row]<\/p>\n<\/div>","protected":false},"excerpt":{"rendered":"<p>[vc_row css_animation=&#8220;&#8220; row_type=&#8220;row&#8220; use_row_as_full_screen_section=&#8220;no&#8220; type=&#8220;full_width&#8220; angled_section=&#8220;no&#8220; text_align=&#8220;left&#8220; background_image_as_pattern=&#8220;without_pattern&#8220; css=&#8220;.vc_custom_1582639408514{background-color: #000000 !important;}&#8220; z_index=&#8220;&#8220; el_class=&#8220;video-stream-holder&#8220;][vc_column][vc_raw_html]JTNDc3RyZWFtJTIwc3JjJTNEJTIyMzUzYjAyN2QwNGEyOTk4MDkyMGIwMGExYzIyMTAyN2MlMjIlMjBhdXRvcGxheSUyMGxvb3AlMjBtdXRlJTNFJTNDJTJGc3RyZWFtJTNFJTBBJTNDc2NyaXB0JTIwZGF0YS1jZmFzeW5jJTNEJTIyZmFsc2UlMjIlMjBkZWZlciUyMHR5cGUlM0QlMjJ0ZXh0JTJGamF2YXNjcmlwdCUyMiUyMHNyYyUzRCUyMmh0dHBzJTNBJTJGJTJGZW1iZWQudmlkZW9kZWxpdmVyeS5uZXQlMkZlbWJlZCUyRnI0eHUuZmxhOS5sYXRlc3QuanMlM0Z2aWRlbyUzRDM1M2IwMjdkMDRhMjk5ODA5MjBiMDBhMWMyMjEwMjdjJTIyJTNFJTNDJTJGc2NyaXB0JTNF[\/vc_raw_html][\/vc_column][\/vc_row][vc_row css_animation=&#8220;&#8220; row_type=&#8220;row&#8220; use_row_as_full_screen_section=&#8220;no&#8220; type=&#8220;full_width&#8220; angled_section=&#8220;no&#8220; text_align=&#8220;left&#8220; background_image_as_pattern=&#8220;without_pattern&#8220; el_class=&#8220;flex-row-over&#8220; z_index=&#8220;&#8220;][vc_column][vc_row_inner row_type=&#8220;row&#8220; type=&#8220;grid&#8220; text_align=&#8220;left&#8220; css_animation=&#8220;element_from_fade&#8220; el_class=&#8220;home-h1-styling&#8220;][vc_column_inner width=&#8220;1\/2&#8243;][vc_column_text] Elling Yacht E6 Power and elegance [\/vc_column_text][\/vc_column_inner][vc_column_inner el_class=&#8220;text-align-right&#8220; width=&#8220;1\/2&#8243;][\/vc_column_inner][\/vc_row_inner][\/vc_column][\/vc_row][vc_row css_animation=&#8220;element_from_fade&#8220; row_type=&#8220;row&#8220; use_row_as_full_screen_section=&#8220;no&#8220; type=&#8220;full_width&#8220; angled_section=&#8220;no&#8220; text_align=&#8220;left&#8220; background_image_as_pattern=&#8220;without_pattern&#8220; css=&#8220;.vc_custom_1570612979519{padding-top:&#8230;<\/p>\n","protected":false},"author":1,"featured_media":0,"parent":0,"menu_order":0,"comment_status":"closed","ping_status":"closed","template":"full_width.php","meta":{"_acf_changed":false,"footnotes":""},"class_list":["post-2259","page","type-page","status-publish","hentry"],"acf":[],"yoast_head":"<!-- This site is optimized with the Yoast SEO plugin v26.9 - https:\/\/yoast.com\/product\/yoast-seo-wordpress\/ -->\n<title>Elling Yachts \u2013 Luxury Motor Yachts for Adventure and Comfort<\/title>\n<meta name=\"description\" content=\"Entdecken Sie Elling Yachten: Luxus trifft Leistung. Entdecken Sie die E-Serie, die f\u00fcr Sicherheit, Innovation und ganzj\u00e4hrigen Komfort entwickelt wurde.\" \/>\n<meta name=\"robots\" content=\"index, follow, max-snippet:-1, max-image-preview:large, max-video-preview:-1\" \/>\n<link rel=\"canonical\" href=\"https:\/\/www.ellingyachting.com\/de\/\" \/>\n<meta property=\"og:locale\" content=\"de_DE\" \/>\n<meta property=\"og:type\" content=\"article\" \/>\n<meta property=\"og:title\" content=\"Elling Yachts \u2013 Luxury Motor Yachts for Adventure and Comfort\" \/>\n<meta property=\"og:description\" content=\"Entdecken Sie Elling Yachten: Luxus trifft Leistung. Entdecken Sie die E-Serie, die f\u00fcr Sicherheit, Innovation und ganzj\u00e4hrigen Komfort entwickelt wurde.\" \/>\n<meta property=\"og:url\" content=\"https:\/\/www.ellingyachting.com\/de\/\" \/>\n<meta property=\"og:site_name\" content=\"Elling Yachting\" \/>\n<meta property=\"article:publisher\" content=\"https:\/\/www.facebook.com\/profile.php?id=100063969341938&amp;locale=nl_NL\" \/>\n<meta property=\"article:modified_time\" content=\"2026-01-06T12:45:26+00:00\" \/>\n<meta property=\"og:image\" content=\"https:\/\/www.ellingyachting.com\/wp-content\/uploads\/2024\/12\/logo.png\" \/>\n\t<meta property=\"og:image:width\" content=\"159\" \/>\n\t<meta property=\"og:image:height\" content=\"125\" \/>\n\t<meta property=\"og:image:type\" content=\"image\/png\" \/>\n<meta name=\"twitter:card\" content=\"summary_large_image\" \/>\n<meta name=\"twitter:label1\" content=\"Gesch\u00e4tzte Lesezeit\" \/>\n\t<meta name=\"twitter:data1\" content=\"5\u00a0Minuten\" \/>\n<script type=\"application\/ld+json\" class=\"yoast-schema-graph\">{\"@context\":\"https:\/\/schema.org\",\"@graph\":[{\"@type\":\"WebPage\",\"@id\":\"https:\/\/www.ellingyachting.com\/de\/\",\"url\":\"https:\/\/www.ellingyachting.com\/de\/\",\"name\":\"Elling Yachts \u2013 Luxury Motor Yachts for Adventure and Comfort\",\"isPartOf\":{\"@id\":\"https:\/\/www.ellingyachting.com\/#website\"},\"datePublished\":\"2019-10-08T08:03:38+00:00\",\"dateModified\":\"2026-01-06T12:45:26+00:00\",\"description\":\"Entdecken Sie Elling Yachten: Luxus trifft Leistung. Entdecken Sie die E-Serie, die f\u00fcr Sicherheit, Innovation und ganzj\u00e4hrigen Komfort entwickelt wurde.\",\"breadcrumb\":{\"@id\":\"https:\/\/www.ellingyachting.com\/de\/#breadcrumb\"},\"inLanguage\":\"de\",\"potentialAction\":[{\"@type\":\"ReadAction\",\"target\":[\"https:\/\/www.ellingyachting.com\/de\/\"]}]},{\"@type\":\"BreadcrumbList\",\"@id\":\"https:\/\/www.ellingyachting.com\/de\/#breadcrumb\",\"itemListElement\":[{\"@type\":\"ListItem\",\"position\":1,\"name\":\"Home\",\"item\":\"https:\/\/www.ellingyachting.com\/de\/\"},{\"@type\":\"ListItem\",\"position\":2,\"name\":\"Home\"}]},{\"@type\":\"WebSite\",\"@id\":\"https:\/\/www.ellingyachting.com\/#website\",\"url\":\"https:\/\/www.ellingyachting.com\/\",\"name\":\"Elling Yachting\",\"description\":\"Luxury Elling Yachts builders\",\"publisher\":{\"@id\":\"https:\/\/www.ellingyachting.com\/#organization\"},\"potentialAction\":[{\"@type\":\"SearchAction\",\"target\":{\"@type\":\"EntryPoint\",\"urlTemplate\":\"https:\/\/www.ellingyachting.com\/?s={search_term_string}\"},\"query-input\":{\"@type\":\"PropertyValueSpecification\",\"valueRequired\":true,\"valueName\":\"search_term_string\"}}],\"inLanguage\":\"de\"},{\"@type\":\"Organization\",\"@id\":\"https:\/\/www.ellingyachting.com\/#organization\",\"name\":\"Elling shipbuilding\",\"url\":\"https:\/\/www.ellingyachting.com\/\",\"logo\":{\"@type\":\"ImageObject\",\"inLanguage\":\"de\",\"@id\":\"https:\/\/www.ellingyachting.com\/#\/schema\/logo\/image\/\",\"url\":\"https:\/\/www.ellingyachting.com\/wp-content\/uploads\/2024\/12\/logo.png\",\"contentUrl\":\"https:\/\/www.ellingyachting.com\/wp-content\/uploads\/2024\/12\/logo.png\",\"width\":159,\"height\":125,\"caption\":\"Elling shipbuilding\"},\"image\":{\"@id\":\"https:\/\/www.ellingyachting.com\/#\/schema\/logo\/image\/\"},\"sameAs\":[\"https:\/\/www.facebook.com\/profile.php?id=100063969341938&locale=nl_NL\",\"https:\/\/www.instagram.com\/ellingyachts\/\"]}]}<\/script>\n<!-- \/ Yoast SEO plugin. -->","yoast_head_json":{"title":"Elling Yachts \u2013 Luxury Motor Yachts for Adventure and Comfort","description":"Entdecken Sie Elling Yachten: Luxus trifft Leistung. Entdecken Sie die E-Serie, die f\u00fcr Sicherheit, Innovation und ganzj\u00e4hrigen Komfort entwickelt wurde.","robots":{"index":"index","follow":"follow","max-snippet":"max-snippet:-1","max-image-preview":"max-image-preview:large","max-video-preview":"max-video-preview:-1"},"canonical":"https:\/\/www.ellingyachting.com\/de\/","og_locale":"de_DE","og_type":"article","og_title":"Elling Yachts \u2013 Luxury Motor Yachts for Adventure and Comfort","og_description":"Entdecken Sie Elling Yachten: Luxus trifft Leistung. Entdecken Sie die E-Serie, die f\u00fcr Sicherheit, Innovation und ganzj\u00e4hrigen Komfort entwickelt wurde.","og_url":"https:\/\/www.ellingyachting.com\/de\/","og_site_name":"Elling Yachting","article_publisher":"https:\/\/www.facebook.com\/profile.php?id=100063969341938&locale=nl_NL","article_modified_time":"2026-01-06T12:45:26+00:00","og_image":[{"width":159,"height":125,"url":"https:\/\/www.ellingyachting.com\/wp-content\/uploads\/2024\/12\/logo.png","type":"image\/png"}],"twitter_card":"summary_large_image","twitter_misc":{"Gesch\u00e4tzte Lesezeit":"5\u00a0Minuten"},"schema":{"@context":"https:\/\/schema.org","@graph":[{"@type":"WebPage","@id":"https:\/\/www.ellingyachting.com\/de\/","url":"https:\/\/www.ellingyachting.com\/de\/","name":"Elling Yachts \u2013 Luxury Motor Yachts for Adventure and Comfort","isPartOf":{"@id":"https:\/\/www.ellingyachting.com\/#website"},"datePublished":"2019-10-08T08:03:38+00:00","dateModified":"2026-01-06T12:45:26+00:00","description":"Entdecken Sie Elling Yachten: Luxus trifft Leistung. Entdecken Sie die E-Serie, die f\u00fcr Sicherheit, Innovation und ganzj\u00e4hrigen Komfort entwickelt wurde.","breadcrumb":{"@id":"https:\/\/www.ellingyachting.com\/de\/#breadcrumb"},"inLanguage":"de","potentialAction":[{"@type":"ReadAction","target":["https:\/\/www.ellingyachting.com\/de\/"]}]},{"@type":"BreadcrumbList","@id":"https:\/\/www.ellingyachting.com\/de\/#breadcrumb","itemListElement":[{"@type":"ListItem","position":1,"name":"Home","item":"https:\/\/www.ellingyachting.com\/de\/"},{"@type":"ListItem","position":2,"name":"Home"}]},{"@type":"WebSite","@id":"https:\/\/www.ellingyachting.com\/#website","url":"https:\/\/www.ellingyachting.com\/","name":"Elling Yachting","description":"Luxury Elling Yachts builders","publisher":{"@id":"https:\/\/www.ellingyachting.com\/#organization"},"potentialAction":[{"@type":"SearchAction","target":{"@type":"EntryPoint","urlTemplate":"https:\/\/www.ellingyachting.com\/?s={search_term_string}"},"query-input":{"@type":"PropertyValueSpecification","valueRequired":true,"valueName":"search_term_string"}}],"inLanguage":"de"},{"@type":"Organization","@id":"https:\/\/www.ellingyachting.com\/#organization","name":"Elling shipbuilding","url":"https:\/\/www.ellingyachting.com\/","logo":{"@type":"ImageObject","inLanguage":"de","@id":"https:\/\/www.ellingyachting.com\/#\/schema\/logo\/image\/","url":"https:\/\/www.ellingyachting.com\/wp-content\/uploads\/2024\/12\/logo.png","contentUrl":"https:\/\/www.ellingyachting.com\/wp-content\/uploads\/2024\/12\/logo.png","width":159,"height":125,"caption":"Elling shipbuilding"},"image":{"@id":"https:\/\/www.ellingyachting.com\/#\/schema\/logo\/image\/"},"sameAs":["https:\/\/www.facebook.com\/profile.php?id=100063969341938&locale=nl_NL","https:\/\/www.instagram.com\/ellingyachts\/"]}]}},"_links":{"self":[{"href":"https:\/\/www.ellingyachting.com\/de\/wp-json\/wp\/v2\/pages\/2259","targetHints":{"allow":["GET"]}}],"collection":[{"href":"https:\/\/www.ellingyachting.com\/de\/wp-json\/wp\/v2\/pages"}],"about":[{"href":"https:\/\/www.ellingyachting.com\/de\/wp-json\/wp\/v2\/types\/page"}],"author":[{"embeddable":true,"href":"https:\/\/www.ellingyachting.com\/de\/wp-json\/wp\/v2\/users\/1"}],"replies":[{"embeddable":true,"href":"https:\/\/www.ellingyachting.com\/de\/wp-json\/wp\/v2\/comments?post=2259"}],"version-history":[{"count":24,"href":"https:\/\/www.ellingyachting.com\/de\/wp-json\/wp\/v2\/pages\/2259\/revisions"}],"predecessor-version":[{"id":3389,"href":"https:\/\/www.ellingyachting.com\/de\/wp-json\/wp\/v2\/pages\/2259\/revisions\/3389"}],"wp:attachment":[{"href":"https:\/\/www.ellingyachting.com\/de\/wp-json\/wp\/v2\/media?parent=2259"}],"curies":[{"name":"wp","href":"https:\/\/api.w.org\/{rel}","templated":true}]}}