{"id":2257,"date":"2020-02-24T14:27:04","date_gmt":"2020-02-24T13:27:04","guid":{"rendered":"https:\/\/www.ellingyachting.com\/?page_id=2257"},"modified":"2025-06-25T16:10:12","modified_gmt":"2025-06-25T14:10:12","slug":"unsere-werte","status":"publish","type":"page","link":"https:\/\/www.ellingyachting.com\/de\/unsere-werte\/","title":{"rendered":"Unsere Werte"},"content":{"rendered":"<div class=\"wpb-content-wrapper\"><p>[vc_row row_type=&#8220;parallax&#8220; parallax_content_width=&#8220;in_grid&#8220; text_align=&#8220;left&#8220; full_screen_section_height=&#8220;no&#8220; section_height=&#8220;400&#8243; background_image=&#8220;81&#8243;][vc_column][\/vc_column][\/vc_row][vc_row css_animation=&#8220;element_from_fade&#8220; row_type=&#8220;row&#8220; use_row_as_full_screen_section=&#8220;no&#8220; type=&#8220;grid&#8220; angled_section=&#8220;no&#8220; text_align=&#8220;left&#8220; background_image_as_pattern=&#8220;without_pattern&#8220; css=&#8220;.vc_custom_1582272612042{padding-top: 40px !important;}&#8220; z_index=&#8220;&#8220;][vc_column][\/vc_column][\/vc_row][vc_row css_animation=&#8220;element_from_fade&#8220; row_type=&#8220;row&#8220; use_row_as_full_screen_section=&#8220;no&#8220; type=&#8220;full_width&#8220; angled_section=&#8220;no&#8220; text_align=&#8220;left&#8220; background_image_as_pattern=&#8220;without_pattern&#8220; css=&#8220;.vc_custom_1582553012202{margin-top: 100px !important;}&#8220; z_index=&#8220;&#8220;][vc_column][vc_row_inner row_type=&#8220;row&#8220; type=&#8220;grid&#8220; text_align=&#8220;left&#8220; css_animation=&#8220;&#8220;][vc_column_inner width=&#8220;1\/2&#8243;][vc_single_image image=&#8220;730&#8243; img_size=&#8220;full&#8220; qode_css_animation=&#8220;&#8220; el_class=&#8220;image-with-shadow blue-after-image&#8220;][vc_empty_space height=&#8220;50px&#8220;][vc_single_image image=&#8220;2630&#8243; img_size=&#8220;full&#8220; qode_css_animation=&#8220;&#8220; el_class=&#8220;image-with-shadow&#8220;][\/vc_column_inner][vc_column_inner el_class=&#8220;white-box-around&#8220; width=&#8220;1\/2&#8243; css=&#8220;.vc_custom_1584002804476{padding-top: 40px !important;padding-bottom: 40px !important;}&#8220;][vc_column_text]<\/p>\n<h2>\u00dcber Elling Yachten<\/h2>\n<p>Erstens stellte Elling im Dezember 1997 ihr erstes <a href=\"https:\/\/www.ellingyachting.com\/e3-quote-request\/\" target=\"_blank\" rel=\"noopener noreferrer\">Elling E3<\/a>-Modell vor. Entworfen, gebaut und auf den Markt gebracht von Neptune Marine. Neptune Marine wurde 1975 als erster niederl\u00e4ndischer Hersteller von Booten aus Fiberglas gegr\u00fcndet.<\/p>\n<p>&#8222;Es ist unser Traum, das beste Boot der Welt zu bauen&#8220;<\/p>\n<p>Zweitens wurde Elling zu einer weltweit bekannten Marke f\u00fcr hochwertige Motorboote. Elling hat sich weltweit einen Namen gemacht und seine Position in einem Nischenmarkt ausgebaut. Egal, ob Sie Elling als explorer, hochwertigen Trawler, luxuri\u00f6se Motoryacht oder als ozeankreuzer betrachten. Das Elling-Schiff ist eine vielseitige Motoryacht mit unbegrenzten M\u00f6glichkeiten.<\/p>\n<p>Es spielt keine Rolle, ob Sie davon tr\u00e4umen, die Welt zu umsegeln, Inselhopping im Mittelmeer oder in der \u00c4g\u00e4is zu betreiben oder sich einfach den Traum zu erf\u00fcllen, die Binnengew\u00e4sser Europas und dar\u00fcber hinaus zu befahren. Elling kann Ihnen die richtige Motoryacht anbieten.<\/p>\n<p>Die Leidenschaft und das handwerkliche K\u00f6nnen unserer sorgf\u00e4ltig ausgew\u00e4hlten und hochqualifizierten Mitarbeiter stellen unsere Kunden seit mehr als 25 Jahren zufrieden.<\/p>\n<p>Dar\u00fcber hinaus ist Elling mit vielen Premieren an vorderster Front dabei. Wie z.B. die Transatlantikreise 2008 mit drei brandneuen <a href=\"https:\/\/www.ellingyachting.com\/e4-quote-request\/\" target=\"_blank\" rel=\"noopener noreferrer\">Elling E4s<\/a>. Der erfolgreiche <a href=\"https:\/\/youtu.be\/taEvjNbilSo\" target=\"_blank\" rel=\"noopener noreferrer\">360-Grad-Kentertest<\/a> im Jahr 2014 verbl\u00fcffte die Konkurrenz ebenso wie viele geladene G\u00e4ste, f\u00fchrende Vertreter der maritimen Industrie und die Presse.<\/p>\n<p>Um den Kreis zu schlie\u00dfen, war die Einf\u00fchrung des klassenbesten <a href=\"https:\/\/www.ellingyachting.com\/e6-quote-request\/\" target=\"_blank\" rel=\"noopener noreferrer\">Elling E6<\/a> ein durchschlagender Erfolg und beeindruckt weiterhin alle, die seine hervorragenden Fahr- und Leistungseigenschaften kennengelernt haben.<\/p>\n<p>Als Familienunternehmen bin ich stolz darauf, mein Wissen und meine Leidenschaft an die n\u00e4chste Generation weitergeben zu d\u00fcrfen. Ich arbeite eng mit meinen beiden S\u00f6hnen zusammen: Wouter, der f\u00fcr Vertrieb und Marketing verantwortlich ist, und Sander, der als Elektrotechniker unser Produktionsteam unterst\u00fctzt. Ihr Engagement sichert die Kontinuit\u00e4t unseres handwerklichen Anspruchs und st\u00e4rkt unser langfristiges Bestreben, unseren Kunden weltweit au\u00dfergew\u00f6hnliche Yachten zu liefern.<\/p>\n<p>Abschlie\u00dfend m\u00f6chte ich Sie als leidenschaftlicher Abenteurer auf unserer Website begr\u00fc\u00dfen. Ich hoffe, dass Ihr Besuch zu einem neuen Kapitel in Ihrem Leben f\u00fchrt.<\/p>\n<p><strong>Anton van den Bos<\/strong><br \/>\n<em>CEO<\/em>[\/vc_column_text][\/vc_column_inner][\/vc_row_inner][vc_empty_space height=&#8220;60px&#8220;][\/vc_column][\/vc_row]<\/p>\n<\/div>","protected":false},"excerpt":{"rendered":"<p>[vc_row row_type=&#8220;parallax&#8220; parallax_content_width=&#8220;in_grid&#8220; text_align=&#8220;left&#8220; full_screen_section_height=&#8220;no&#8220; section_height=&#8220;400&#8243; background_image=&#8220;81&#8243;][vc_column][\/vc_column][\/vc_row][vc_row css_animation=&#8220;element_from_fade&#8220; row_type=&#8220;row&#8220; use_row_as_full_screen_section=&#8220;no&#8220; type=&#8220;grid&#8220; angled_section=&#8220;no&#8220; text_align=&#8220;left&#8220; background_image_as_pattern=&#8220;without_pattern&#8220; css=&#8220;.vc_custom_1582272612042{padding-top: 40px !important;}&#8220; z_index=&#8220;&#8220;][vc_column][\/vc_column][\/vc_row][vc_row css_animation=&#8220;element_from_fade&#8220; row_type=&#8220;row&#8220; use_row_as_full_screen_section=&#8220;no&#8220; type=&#8220;full_width&#8220; angled_section=&#8220;no&#8220; text_align=&#8220;left&#8220; background_image_as_pattern=&#8220;without_pattern&#8220; css=&#8220;.vc_custom_1582553012202{margin-top: 100px !important;}&#8220; z_index=&#8220;&#8220;][vc_column][vc_row_inner row_type=&#8220;row&#8220; type=&#8220;grid&#8220; text_align=&#8220;left&#8220; css_animation=&#8220;&#8220;][vc_column_inner width=&#8220;1\/2&#8243;][vc_single_image image=&#8220;730&#8243; img_size=&#8220;full&#8220; qode_css_animation=&#8220;&#8220; el_class=&#8220;image-with-shadow blue-after-image&#8220;][vc_empty_space height=&#8220;50px&#8220;][vc_single_image image=&#8220;2630&#8243; img_size=&#8220;full&#8220; qode_css_animation=&#8220;&#8220; el_class=&#8220;image-with-shadow&#8220;][\/vc_column_inner][vc_column_inner el_class=&#8220;white-box-around&#8220;&#8230;<\/p>\n","protected":false},"author":1,"featured_media":0,"parent":0,"menu_order":0,"comment_status":"closed","ping_status":"closed","template":"full_width.php","meta":{"_acf_changed":false,"footnotes":""},"class_list":["post-2257","page","type-page","status-publish","hentry"],"acf":[],"yoast_head":"<!-- This site is optimized with the Yoast SEO plugin v26.9 - https:\/\/yoast.com\/product\/yoast-seo-wordpress\/ -->\n<title>\u00dcber Elling Yachten, Supermotoryachten | Elling Yachting<\/title>\n<meta name=\"description\" content=\"Elling Yachts wurde 1997 unter dem Namen Neptune Marine Shipbuilding bv gegr\u00fcndet. In diesem Jahr wurde die erste Motoryacht von Elling gebaut.\" \/>\n<meta name=\"robots\" content=\"index, follow, max-snippet:-1, max-image-preview:large, max-video-preview:-1\" \/>\n<link rel=\"canonical\" href=\"https:\/\/www.ellingyachting.com\/de\/unsere-werte\/\" \/>\n<meta property=\"og:locale\" content=\"de_DE\" \/>\n<meta property=\"og:type\" content=\"article\" \/>\n<meta property=\"og:title\" content=\"\u00dcber Elling Yachten, Supermotoryachten | Elling Yachting\" \/>\n<meta property=\"og:description\" content=\"Elling Yachts wurde 1997 unter dem Namen Neptune Marine Shipbuilding bv gegr\u00fcndet. In diesem Jahr wurde die erste Motoryacht von Elling gebaut.\" \/>\n<meta property=\"og:url\" content=\"https:\/\/www.ellingyachting.com\/de\/unsere-werte\/\" \/>\n<meta property=\"og:site_name\" content=\"Elling Yachting\" \/>\n<meta property=\"article:publisher\" content=\"https:\/\/www.facebook.com\/profile.php?id=100063969341938&amp;locale=nl_NL\" \/>\n<meta property=\"article:modified_time\" content=\"2025-06-25T14:10:12+00:00\" \/>\n<meta property=\"og:image\" content=\"https:\/\/www.ellingyachting.com\/wp-content\/uploads\/2024\/12\/logo.png\" \/>\n\t<meta property=\"og:image:width\" content=\"159\" \/>\n\t<meta property=\"og:image:height\" content=\"125\" \/>\n\t<meta property=\"og:image:type\" content=\"image\/png\" \/>\n<meta name=\"twitter:card\" content=\"summary_large_image\" \/>\n<meta name=\"twitter:label1\" content=\"Gesch\u00e4tzte Lesezeit\" \/>\n\t<meta name=\"twitter:data1\" content=\"3\u00a0Minuten\" \/>\n<script type=\"application\/ld+json\" class=\"yoast-schema-graph\">{\"@context\":\"https:\/\/schema.org\",\"@graph\":[{\"@type\":\"WebPage\",\"@id\":\"https:\/\/www.ellingyachting.com\/de\/unsere-werte\/\",\"url\":\"https:\/\/www.ellingyachting.com\/de\/unsere-werte\/\",\"name\":\"\u00dcber Elling Yachten, Supermotoryachten | Elling Yachting\",\"isPartOf\":{\"@id\":\"https:\/\/www.ellingyachting.com\/#website\"},\"datePublished\":\"2020-02-24T13:27:04+00:00\",\"dateModified\":\"2025-06-25T14:10:12+00:00\",\"description\":\"Elling Yachts wurde 1997 unter dem Namen Neptune Marine Shipbuilding bv gegr\u00fcndet. In diesem Jahr wurde die erste Motoryacht von Elling gebaut.\",\"breadcrumb\":{\"@id\":\"https:\/\/www.ellingyachting.com\/de\/unsere-werte\/#breadcrumb\"},\"inLanguage\":\"de\",\"potentialAction\":[{\"@type\":\"ReadAction\",\"target\":[\"https:\/\/www.ellingyachting.com\/de\/unsere-werte\/\"]}]},{\"@type\":\"BreadcrumbList\",\"@id\":\"https:\/\/www.ellingyachting.com\/de\/unsere-werte\/#breadcrumb\",\"itemListElement\":[{\"@type\":\"ListItem\",\"position\":1,\"name\":\"Home\",\"item\":\"https:\/\/www.ellingyachting.com\/de\/\"},{\"@type\":\"ListItem\",\"position\":2,\"name\":\"Unsere Werte\"}]},{\"@type\":\"WebSite\",\"@id\":\"https:\/\/www.ellingyachting.com\/#website\",\"url\":\"https:\/\/www.ellingyachting.com\/\",\"name\":\"Elling Yachting\",\"description\":\"Luxury Elling Yachts builders\",\"publisher\":{\"@id\":\"https:\/\/www.ellingyachting.com\/#organization\"},\"potentialAction\":[{\"@type\":\"SearchAction\",\"target\":{\"@type\":\"EntryPoint\",\"urlTemplate\":\"https:\/\/www.ellingyachting.com\/?s={search_term_string}\"},\"query-input\":{\"@type\":\"PropertyValueSpecification\",\"valueRequired\":true,\"valueName\":\"search_term_string\"}}],\"inLanguage\":\"de\"},{\"@type\":\"Organization\",\"@id\":\"https:\/\/www.ellingyachting.com\/#organization\",\"name\":\"Elling shipbuilding\",\"url\":\"https:\/\/www.ellingyachting.com\/\",\"logo\":{\"@type\":\"ImageObject\",\"inLanguage\":\"de\",\"@id\":\"https:\/\/www.ellingyachting.com\/#\/schema\/logo\/image\/\",\"url\":\"https:\/\/www.ellingyachting.com\/wp-content\/uploads\/2024\/12\/logo.png\",\"contentUrl\":\"https:\/\/www.ellingyachting.com\/wp-content\/uploads\/2024\/12\/logo.png\",\"width\":159,\"height\":125,\"caption\":\"Elling shipbuilding\"},\"image\":{\"@id\":\"https:\/\/www.ellingyachting.com\/#\/schema\/logo\/image\/\"},\"sameAs\":[\"https:\/\/www.facebook.com\/profile.php?id=100063969341938&locale=nl_NL\",\"https:\/\/www.instagram.com\/ellingyachts\/\"]}]}<\/script>\n<!-- \/ Yoast SEO plugin. -->","yoast_head_json":{"title":"\u00dcber Elling Yachten, Supermotoryachten | Elling Yachting","description":"Elling Yachts wurde 1997 unter dem Namen Neptune Marine Shipbuilding bv gegr\u00fcndet. In diesem Jahr wurde die erste Motoryacht von Elling gebaut.","robots":{"index":"index","follow":"follow","max-snippet":"max-snippet:-1","max-image-preview":"max-image-preview:large","max-video-preview":"max-video-preview:-1"},"canonical":"https:\/\/www.ellingyachting.com\/de\/unsere-werte\/","og_locale":"de_DE","og_type":"article","og_title":"\u00dcber Elling Yachten, Supermotoryachten | Elling Yachting","og_description":"Elling Yachts wurde 1997 unter dem Namen Neptune Marine Shipbuilding bv gegr\u00fcndet. In diesem Jahr wurde die erste Motoryacht von Elling gebaut.","og_url":"https:\/\/www.ellingyachting.com\/de\/unsere-werte\/","og_site_name":"Elling Yachting","article_publisher":"https:\/\/www.facebook.com\/profile.php?id=100063969341938&locale=nl_NL","article_modified_time":"2025-06-25T14:10:12+00:00","og_image":[{"width":159,"height":125,"url":"https:\/\/www.ellingyachting.com\/wp-content\/uploads\/2024\/12\/logo.png","type":"image\/png"}],"twitter_card":"summary_large_image","twitter_misc":{"Gesch\u00e4tzte Lesezeit":"3\u00a0Minuten"},"schema":{"@context":"https:\/\/schema.org","@graph":[{"@type":"WebPage","@id":"https:\/\/www.ellingyachting.com\/de\/unsere-werte\/","url":"https:\/\/www.ellingyachting.com\/de\/unsere-werte\/","name":"\u00dcber Elling Yachten, Supermotoryachten | Elling Yachting","isPartOf":{"@id":"https:\/\/www.ellingyachting.com\/#website"},"datePublished":"2020-02-24T13:27:04+00:00","dateModified":"2025-06-25T14:10:12+00:00","description":"Elling Yachts wurde 1997 unter dem Namen Neptune Marine Shipbuilding bv gegr\u00fcndet. In diesem Jahr wurde die erste Motoryacht von Elling gebaut.","breadcrumb":{"@id":"https:\/\/www.ellingyachting.com\/de\/unsere-werte\/#breadcrumb"},"inLanguage":"de","potentialAction":[{"@type":"ReadAction","target":["https:\/\/www.ellingyachting.com\/de\/unsere-werte\/"]}]},{"@type":"BreadcrumbList","@id":"https:\/\/www.ellingyachting.com\/de\/unsere-werte\/#breadcrumb","itemListElement":[{"@type":"ListItem","position":1,"name":"Home","item":"https:\/\/www.ellingyachting.com\/de\/"},{"@type":"ListItem","position":2,"name":"Unsere Werte"}]},{"@type":"WebSite","@id":"https:\/\/www.ellingyachting.com\/#website","url":"https:\/\/www.ellingyachting.com\/","name":"Elling Yachting","description":"Luxury Elling Yachts builders","publisher":{"@id":"https:\/\/www.ellingyachting.com\/#organization"},"potentialAction":[{"@type":"SearchAction","target":{"@type":"EntryPoint","urlTemplate":"https:\/\/www.ellingyachting.com\/?s={search_term_string}"},"query-input":{"@type":"PropertyValueSpecification","valueRequired":true,"valueName":"search_term_string"}}],"inLanguage":"de"},{"@type":"Organization","@id":"https:\/\/www.ellingyachting.com\/#organization","name":"Elling shipbuilding","url":"https:\/\/www.ellingyachting.com\/","logo":{"@type":"ImageObject","inLanguage":"de","@id":"https:\/\/www.ellingyachting.com\/#\/schema\/logo\/image\/","url":"https:\/\/www.ellingyachting.com\/wp-content\/uploads\/2024\/12\/logo.png","contentUrl":"https:\/\/www.ellingyachting.com\/wp-content\/uploads\/2024\/12\/logo.png","width":159,"height":125,"caption":"Elling shipbuilding"},"image":{"@id":"https:\/\/www.ellingyachting.com\/#\/schema\/logo\/image\/"},"sameAs":["https:\/\/www.facebook.com\/profile.php?id=100063969341938&locale=nl_NL","https:\/\/www.instagram.com\/ellingyachts\/"]}]}},"_links":{"self":[{"href":"https:\/\/www.ellingyachting.com\/de\/wp-json\/wp\/v2\/pages\/2257","targetHints":{"allow":["GET"]}}],"collection":[{"href":"https:\/\/www.ellingyachting.com\/de\/wp-json\/wp\/v2\/pages"}],"about":[{"href":"https:\/\/www.ellingyachting.com\/de\/wp-json\/wp\/v2\/types\/page"}],"author":[{"embeddable":true,"href":"https:\/\/www.ellingyachting.com\/de\/wp-json\/wp\/v2\/users\/1"}],"replies":[{"embeddable":true,"href":"https:\/\/www.ellingyachting.com\/de\/wp-json\/wp\/v2\/comments?post=2257"}],"version-history":[{"count":8,"href":"https:\/\/www.ellingyachting.com\/de\/wp-json\/wp\/v2\/pages\/2257\/revisions"}],"predecessor-version":[{"id":2634,"href":"https:\/\/www.ellingyachting.com\/de\/wp-json\/wp\/v2\/pages\/2257\/revisions\/2634"}],"wp:attachment":[{"href":"https:\/\/www.ellingyachting.com\/de\/wp-json\/wp\/v2\/media?parent=2257"}],"curies":[{"name":"wp","href":"https:\/\/api.w.org\/{rel}","templated":true}]}}