{"id":2256,"date":"2020-12-01T16:56:08","date_gmt":"2020-12-01T15:56:08","guid":{"rendered":"https:\/\/www.ellingyachting.com\/?page_id=2256"},"modified":"2025-03-24T13:34:53","modified_gmt":"2025-03-24T12:34:53","slug":"persoenliches-angebot","status":"publish","type":"page","link":"https:\/\/www.ellingyachting.com\/de\/persoenliches-angebot\/","title":{"rendered":"Pers\u00f6nliches Angebot"},"content":{"rendered":"<div class=\"wpb-content-wrapper\"><p>[vc_row row_type=&#8220;parallax&#8220; parallax_content_width=&#8220;in_grid&#8220; text_align=&#8220;left&#8220; full_screen_section_height=&#8220;no&#8220; section_height=&#8220;400&#8243; background_image=&#8220;793&#8243; el_class=&#8220;dont-show-on-mobile&#8220;][vc_column][\/vc_column][\/vc_row][vc_row css_animation=&#8220;&#8220; row_type=&#8220;row&#8220; use_row_as_full_screen_section=&#8220;no&#8220; type=&#8220;full_width&#8220; angled_section=&#8220;no&#8220; text_align=&#8220;left&#8220; background_image_as_pattern=&#8220;without_pattern&#8220; el_class=&#8220;flex-row-over dont-show-on-mobile&#8220; z_index=&#8220;&#8220;][vc_column][vc_row_inner row_type=&#8220;row&#8220; type=&#8220;grid&#8220; text_align=&#8220;left&#8220; css_animation=&#8220;element_from_fade&#8220; el_class=&#8220;home-h1-styling&#8220;][vc_column_inner width=&#8220;1\/2&#8243;][\/vc_column_inner][vc_column_inner el_class=&#8220;text-align-right&#8220; width=&#8220;1\/2&#8243;][\/vc_column_inner][\/vc_row_inner][\/vc_column][\/vc_row][vc_row css_animation=&#8220;element_from_fade&#8220; row_type=&#8220;row&#8220; use_row_as_full_screen_section=&#8220;no&#8220; type=&#8220;full_width&#8220; angled_section=&#8220;no&#8220; text_align=&#8220;left&#8220; background_image_as_pattern=&#8220;without_pattern&#8220; css=&#8220;.vc_custom_1582201138721{padding-top: 40px !important;padding-bottom: 80px !important;}&#8220; z_index=&#8220;&#8220;][vc_column][vc_row_inner row_type=&#8220;row&#8220; type=&#8220;grid&#8220; text_align=&#8220;left&#8220; css_animation=&#8220;&#8220;][vc_column_inner][vc_column_text el_class=&#8220;big-brown-head&#8220;]<\/p>\n<h1>Fragen Sie hier nach Ihrem pers\u00f6nlichen Angebot.<\/h1>\n<p>[\/vc_column_text][\/vc_column_inner][\/vc_row_inner][vc_row_inner row_type=&#8220;row&#8220; type=&#8220;grid&#8220; text_align=&#8220;left&#8220; css_animation=&#8220;&#8220; css=&#8220;.vc_custom_1570609570604{margin-top: 30px !important;}&#8220;][vc_column_inner width=&#8220;1\/2&#8243;]<div class=\"q_image_with_text_over q_iwto_hover\"><div class=\"shader\" style=\"background-color: rgba(0,0,0,0.01)\"><\/div><div class=\"shader_hover\" style=\"background-color: rgba(0,0,0,0.5)\"><\/div><img decoding=\"async\" itemprop=\"image\" src=\"https:\/\/www.ellingyachting.com\/wp-content\/uploads\/2020\/12\/Elling-E3-at-Palm-beach-2-1-scaled.jpg\" alt=\"\" \/><div class=\"text\"><table><tr><td><h3 class=\"caption no_icon\" style=\"\"><\/h3><\/td><\/tr><\/table><table><tr><td><div class=\"desc\"><\/p>\n<h3 class=\"h2-style\">Personalisiertes Angebot Elling <span class=\"gold-head\">E3<\/span><\/h3>\n<p><a class=\"qbutton no-show-only-hover default\" href=\"https:\/\/www.ellingyachting.com\/de\/e3-persoenliches-angebot\/\" rel=\"noopener noreferrer\">Fragen Sie hier nach Ihrem pers\u00f6nlichen Angebot.<i class=\"qode_icon_font_awesome fa fa-chevron-right qode_button_icon_element\"><\/i><\/a><\/div><\/td><\/tr><\/table><\/div><\/div>[vc_empty_space height=&#8220;30px&#8220;]<div class=\"q_image_with_text_over q_iwto_hover\"><div class=\"shader\" style=\"background-color: rgba(0,0,0,0.01)\"><\/div><div class=\"shader_hover\" style=\"background-color: rgba(0,0,0,0.5)\"><\/div><img decoding=\"async\" itemprop=\"image\" src=\"https:\/\/www.ellingyachting.com\/wp-content\/uploads\/2020\/12\/IMG_0880-scaled.jpg\" alt=\"\" \/><div class=\"text\"><table><tr><td><h3 class=\"caption no_icon\" style=\"\"><\/h3><\/td><\/tr><\/table><table><tr><td><div class=\"desc\"><\/p>\n<h3 class=\"h2-style\">Personalisiertes Angebot Elling <span class=\"gold-head\">E4<\/span><\/h3>\n<p><a class=\"qbutton no-show-only-hover default\" href=\"https:\/\/www.ellingyachting.com\/de\/e4-persoenliches-angebot\/\" rel=\"noopener noreferrer\">Fragen Sie hier nach Ihrem pers\u00f6nlichen Angebot.<i class=\"qode_icon_font_awesome fa fa-chevron-right qode_button_icon_element\"><\/i><\/a><\/div><\/td><\/tr><\/table><\/div><\/div>[\/vc_column_inner][vc_column_inner el_class=&#8220;overview-after-boat-brown&#8220; width=&#8220;1\/2&#8243;][vc_empty_space height=&#8220;200px&#8220;]<div class=\"q_image_with_text_over q_iwto_hover\"><div class=\"shader\" style=\"background-color: rgba(0,0,0,0.01)\"><\/div><div class=\"shader_hover\" style=\"background-color: rgba(0,0,0,0.5)\"><\/div><img decoding=\"async\" itemprop=\"image\" src=\"https:\/\/www.ellingyachting.com\/wp-content\/uploads\/2020\/12\/040119BTPF-5251-scaled.jpg\" alt=\"\" \/><div class=\"text\"><table><tr><td><h3 class=\"caption no_icon\" style=\"\"><\/h3><\/td><\/tr><\/table><table><tr><td><div class=\"desc\"><\/p>\n<h3 class=\"h2-style\">Personalisiertes Angebot Elling <span class=\"gold-head\">E6<\/span><\/h3>\n<p><a class=\"qbutton no-show-only-hover default\" href=\"https:\/\/www.ellingyachting.com\/de\/e6-persoenliches-angebot\/\" rel=\"noopener noreferrer\">Fragen Sie hier nach Ihrem pers\u00f6nlichen Angebot.<i class=\"qode_icon_font_awesome fa fa-chevron-right qode_button_icon_element\"><\/i><\/a><\/div><\/td><\/tr><\/table><\/div><\/div>[\/vc_column_inner][\/vc_row_inner][\/vc_column][\/vc_row]<\/p>\n<\/div>","protected":false},"excerpt":{"rendered":"<p>[vc_row row_type=&#8220;parallax&#8220; parallax_content_width=&#8220;in_grid&#8220; text_align=&#8220;left&#8220; full_screen_section_height=&#8220;no&#8220; section_height=&#8220;400&#8243; background_image=&#8220;793&#8243; el_class=&#8220;dont-show-on-mobile&#8220;][vc_column][\/vc_column][\/vc_row][vc_row css_animation=&#8220;&#8220; row_type=&#8220;row&#8220; use_row_as_full_screen_section=&#8220;no&#8220; type=&#8220;full_width&#8220; angled_section=&#8220;no&#8220; text_align=&#8220;left&#8220; background_image_as_pattern=&#8220;without_pattern&#8220; el_class=&#8220;flex-row-over dont-show-on-mobile&#8220; z_index=&#8220;&#8220;][vc_column][vc_row_inner row_type=&#8220;row&#8220; type=&#8220;grid&#8220; text_align=&#8220;left&#8220; css_animation=&#8220;element_from_fade&#8220; el_class=&#8220;home-h1-styling&#8220;][vc_column_inner width=&#8220;1\/2&#8243;][\/vc_column_inner][vc_column_inner el_class=&#8220;text-align-right&#8220; width=&#8220;1\/2&#8243;][\/vc_column_inner][\/vc_row_inner][\/vc_column][\/vc_row][vc_row css_animation=&#8220;element_from_fade&#8220; row_type=&#8220;row&#8220; use_row_as_full_screen_section=&#8220;no&#8220; type=&#8220;full_width&#8220; angled_section=&#8220;no&#8220; text_align=&#8220;left&#8220; background_image_as_pattern=&#8220;without_pattern&#8220; css=&#8220;.vc_custom_1582201138721{padding-top: 40px !important;padding-bottom: 80px !important;}&#8220; z_index=&#8220;&#8220;][vc_column][vc_row_inner row_type=&#8220;row&#8220; type=&#8220;grid&#8220; text_align=&#8220;left&#8220; css_animation=&#8220;&#8220;][vc_column_inner][vc_column_text el_class=&#8220;big-brown-head&#8220;] Fragen&#8230;<\/p>\n","protected":false},"author":1,"featured_media":0,"parent":0,"menu_order":0,"comment_status":"closed","ping_status":"closed","template":"full_width.php","meta":{"_acf_changed":false,"footnotes":""},"class_list":["post-2256","page","type-page","status-publish","hentry"],"acf":[],"yoast_head":"<!-- This site is optimized with the Yoast SEO plugin v26.9 - https:\/\/yoast.com\/product\/yoast-seo-wordpress\/ -->\n<title>Fragen Sie ein pers\u00f6nliches Angebot f\u00fcr eine Elling | Elling Yachting<\/title>\n<meta name=\"description\" content=\"Erhalten Sie ein pers\u00f6nliches Angebot f\u00fcr Ihre Elling-Yacht. Entdecken Sie ma\u00dfgeschneiderte Preise, Optionen und Funktionen f\u00fcr Ihre ultimative Luxus-Motoryacht.\" \/>\n<meta name=\"robots\" content=\"index, follow, max-snippet:-1, max-image-preview:large, max-video-preview:-1\" \/>\n<link rel=\"canonical\" href=\"https:\/\/www.ellingyachting.com\/de\/persoenliches-angebot\/\" \/>\n<meta property=\"og:locale\" content=\"de_DE\" \/>\n<meta property=\"og:type\" content=\"article\" \/>\n<meta property=\"og:title\" content=\"Fragen Sie ein pers\u00f6nliches Angebot f\u00fcr eine Elling | Elling Yachting\" \/>\n<meta property=\"og:description\" content=\"Erhalten Sie ein pers\u00f6nliches Angebot f\u00fcr Ihre Elling-Yacht. Entdecken Sie ma\u00dfgeschneiderte Preise, Optionen und Funktionen f\u00fcr Ihre ultimative Luxus-Motoryacht.\" \/>\n<meta property=\"og:url\" content=\"https:\/\/www.ellingyachting.com\/de\/persoenliches-angebot\/\" \/>\n<meta property=\"og:site_name\" content=\"Elling Yachting\" \/>\n<meta property=\"article:publisher\" content=\"https:\/\/www.facebook.com\/profile.php?id=100063969341938&amp;locale=nl_NL\" \/>\n<meta property=\"article:modified_time\" content=\"2025-03-24T12:34:53+00:00\" \/>\n<meta property=\"og:image\" content=\"https:\/\/www.ellingyachting.com\/wp-content\/uploads\/2024\/12\/logo.png\" \/>\n\t<meta property=\"og:image:width\" content=\"159\" \/>\n\t<meta property=\"og:image:height\" content=\"125\" \/>\n\t<meta property=\"og:image:type\" content=\"image\/png\" \/>\n<meta name=\"twitter:card\" content=\"summary_large_image\" \/>\n<meta name=\"twitter:label1\" content=\"Gesch\u00e4tzte Lesezeit\" \/>\n\t<meta name=\"twitter:data1\" content=\"1\u00a0Minute\" \/>\n<script type=\"application\/ld+json\" class=\"yoast-schema-graph\">{\"@context\":\"https:\/\/schema.org\",\"@graph\":[{\"@type\":\"WebPage\",\"@id\":\"https:\/\/www.ellingyachting.com\/de\/persoenliches-angebot\/\",\"url\":\"https:\/\/www.ellingyachting.com\/de\/persoenliches-angebot\/\",\"name\":\"Fragen Sie ein pers\u00f6nliches Angebot f\u00fcr eine Elling | Elling Yachting\",\"isPartOf\":{\"@id\":\"https:\/\/www.ellingyachting.com\/#website\"},\"datePublished\":\"2020-12-01T15:56:08+00:00\",\"dateModified\":\"2025-03-24T12:34:53+00:00\",\"description\":\"Erhalten Sie ein pers\u00f6nliches Angebot f\u00fcr Ihre Elling-Yacht. Entdecken Sie ma\u00dfgeschneiderte Preise, Optionen und Funktionen f\u00fcr Ihre ultimative Luxus-Motoryacht.\",\"breadcrumb\":{\"@id\":\"https:\/\/www.ellingyachting.com\/de\/persoenliches-angebot\/#breadcrumb\"},\"inLanguage\":\"de\",\"potentialAction\":[{\"@type\":\"ReadAction\",\"target\":[\"https:\/\/www.ellingyachting.com\/de\/persoenliches-angebot\/\"]}]},{\"@type\":\"BreadcrumbList\",\"@id\":\"https:\/\/www.ellingyachting.com\/de\/persoenliches-angebot\/#breadcrumb\",\"itemListElement\":[{\"@type\":\"ListItem\",\"position\":1,\"name\":\"Home\",\"item\":\"https:\/\/www.ellingyachting.com\/de\/\"},{\"@type\":\"ListItem\",\"position\":2,\"name\":\"Pers\u00f6nliches Angebot\"}]},{\"@type\":\"WebSite\",\"@id\":\"https:\/\/www.ellingyachting.com\/#website\",\"url\":\"https:\/\/www.ellingyachting.com\/\",\"name\":\"Elling Yachting\",\"description\":\"Luxury Elling Yachts builders\",\"publisher\":{\"@id\":\"https:\/\/www.ellingyachting.com\/#organization\"},\"potentialAction\":[{\"@type\":\"SearchAction\",\"target\":{\"@type\":\"EntryPoint\",\"urlTemplate\":\"https:\/\/www.ellingyachting.com\/?s={search_term_string}\"},\"query-input\":{\"@type\":\"PropertyValueSpecification\",\"valueRequired\":true,\"valueName\":\"search_term_string\"}}],\"inLanguage\":\"de\"},{\"@type\":\"Organization\",\"@id\":\"https:\/\/www.ellingyachting.com\/#organization\",\"name\":\"Elling shipbuilding\",\"url\":\"https:\/\/www.ellingyachting.com\/\",\"logo\":{\"@type\":\"ImageObject\",\"inLanguage\":\"de\",\"@id\":\"https:\/\/www.ellingyachting.com\/#\/schema\/logo\/image\/\",\"url\":\"https:\/\/www.ellingyachting.com\/wp-content\/uploads\/2024\/12\/logo.png\",\"contentUrl\":\"https:\/\/www.ellingyachting.com\/wp-content\/uploads\/2024\/12\/logo.png\",\"width\":159,\"height\":125,\"caption\":\"Elling shipbuilding\"},\"image\":{\"@id\":\"https:\/\/www.ellingyachting.com\/#\/schema\/logo\/image\/\"},\"sameAs\":[\"https:\/\/www.facebook.com\/profile.php?id=100063969341938&locale=nl_NL\",\"https:\/\/www.instagram.com\/ellingyachts\/\"]}]}<\/script>\n<!-- \/ Yoast SEO plugin. -->","yoast_head_json":{"title":"Fragen Sie ein pers\u00f6nliches Angebot f\u00fcr eine Elling | Elling Yachting","description":"Erhalten Sie ein pers\u00f6nliches Angebot f\u00fcr Ihre Elling-Yacht. Entdecken Sie ma\u00dfgeschneiderte Preise, Optionen und Funktionen f\u00fcr Ihre ultimative Luxus-Motoryacht.","robots":{"index":"index","follow":"follow","max-snippet":"max-snippet:-1","max-image-preview":"max-image-preview:large","max-video-preview":"max-video-preview:-1"},"canonical":"https:\/\/www.ellingyachting.com\/de\/persoenliches-angebot\/","og_locale":"de_DE","og_type":"article","og_title":"Fragen Sie ein pers\u00f6nliches Angebot f\u00fcr eine Elling | Elling Yachting","og_description":"Erhalten Sie ein pers\u00f6nliches Angebot f\u00fcr Ihre Elling-Yacht. Entdecken Sie ma\u00dfgeschneiderte Preise, Optionen und Funktionen f\u00fcr Ihre ultimative Luxus-Motoryacht.","og_url":"https:\/\/www.ellingyachting.com\/de\/persoenliches-angebot\/","og_site_name":"Elling Yachting","article_publisher":"https:\/\/www.facebook.com\/profile.php?id=100063969341938&locale=nl_NL","article_modified_time":"2025-03-24T12:34:53+00:00","og_image":[{"width":159,"height":125,"url":"https:\/\/www.ellingyachting.com\/wp-content\/uploads\/2024\/12\/logo.png","type":"image\/png"}],"twitter_card":"summary_large_image","twitter_misc":{"Gesch\u00e4tzte Lesezeit":"1\u00a0Minute"},"schema":{"@context":"https:\/\/schema.org","@graph":[{"@type":"WebPage","@id":"https:\/\/www.ellingyachting.com\/de\/persoenliches-angebot\/","url":"https:\/\/www.ellingyachting.com\/de\/persoenliches-angebot\/","name":"Fragen Sie ein pers\u00f6nliches Angebot f\u00fcr eine Elling | Elling Yachting","isPartOf":{"@id":"https:\/\/www.ellingyachting.com\/#website"},"datePublished":"2020-12-01T15:56:08+00:00","dateModified":"2025-03-24T12:34:53+00:00","description":"Erhalten Sie ein pers\u00f6nliches Angebot f\u00fcr Ihre Elling-Yacht. Entdecken Sie ma\u00dfgeschneiderte Preise, Optionen und Funktionen f\u00fcr Ihre ultimative Luxus-Motoryacht.","breadcrumb":{"@id":"https:\/\/www.ellingyachting.com\/de\/persoenliches-angebot\/#breadcrumb"},"inLanguage":"de","potentialAction":[{"@type":"ReadAction","target":["https:\/\/www.ellingyachting.com\/de\/persoenliches-angebot\/"]}]},{"@type":"BreadcrumbList","@id":"https:\/\/www.ellingyachting.com\/de\/persoenliches-angebot\/#breadcrumb","itemListElement":[{"@type":"ListItem","position":1,"name":"Home","item":"https:\/\/www.ellingyachting.com\/de\/"},{"@type":"ListItem","position":2,"name":"Pers\u00f6nliches Angebot"}]},{"@type":"WebSite","@id":"https:\/\/www.ellingyachting.com\/#website","url":"https:\/\/www.ellingyachting.com\/","name":"Elling Yachting","description":"Luxury Elling Yachts builders","publisher":{"@id":"https:\/\/www.ellingyachting.com\/#organization"},"potentialAction":[{"@type":"SearchAction","target":{"@type":"EntryPoint","urlTemplate":"https:\/\/www.ellingyachting.com\/?s={search_term_string}"},"query-input":{"@type":"PropertyValueSpecification","valueRequired":true,"valueName":"search_term_string"}}],"inLanguage":"de"},{"@type":"Organization","@id":"https:\/\/www.ellingyachting.com\/#organization","name":"Elling shipbuilding","url":"https:\/\/www.ellingyachting.com\/","logo":{"@type":"ImageObject","inLanguage":"de","@id":"https:\/\/www.ellingyachting.com\/#\/schema\/logo\/image\/","url":"https:\/\/www.ellingyachting.com\/wp-content\/uploads\/2024\/12\/logo.png","contentUrl":"https:\/\/www.ellingyachting.com\/wp-content\/uploads\/2024\/12\/logo.png","width":159,"height":125,"caption":"Elling shipbuilding"},"image":{"@id":"https:\/\/www.ellingyachting.com\/#\/schema\/logo\/image\/"},"sameAs":["https:\/\/www.facebook.com\/profile.php?id=100063969341938&locale=nl_NL","https:\/\/www.instagram.com\/ellingyachts\/"]}]}},"_links":{"self":[{"href":"https:\/\/www.ellingyachting.com\/de\/wp-json\/wp\/v2\/pages\/2256","targetHints":{"allow":["GET"]}}],"collection":[{"href":"https:\/\/www.ellingyachting.com\/de\/wp-json\/wp\/v2\/pages"}],"about":[{"href":"https:\/\/www.ellingyachting.com\/de\/wp-json\/wp\/v2\/types\/page"}],"author":[{"embeddable":true,"href":"https:\/\/www.ellingyachting.com\/de\/wp-json\/wp\/v2\/users\/1"}],"replies":[{"embeddable":true,"href":"https:\/\/www.ellingyachting.com\/de\/wp-json\/wp\/v2\/comments?post=2256"}],"version-history":[{"count":3,"href":"https:\/\/www.ellingyachting.com\/de\/wp-json\/wp\/v2\/pages\/2256\/revisions"}],"predecessor-version":[{"id":2523,"href":"https:\/\/www.ellingyachting.com\/de\/wp-json\/wp\/v2\/pages\/2256\/revisions\/2523"}],"wp:attachment":[{"href":"https:\/\/www.ellingyachting.com\/de\/wp-json\/wp\/v2\/media?parent=2256"}],"curies":[{"name":"wp","href":"https:\/\/api.w.org\/{rel}","templated":true}]}}