{"id":2255,"date":"2018-04-19T13:35:21","date_gmt":"2018-04-19T11:35:21","guid":{"rendered":"https:\/\/www.ellingyachting.com\/?page_id=2255"},"modified":"2024-12-02T08:14:12","modified_gmt":"2024-12-02T07:14:12","slug":"datenschutz-cookies","status":"publish","type":"page","link":"https:\/\/www.ellingyachting.com\/de\/datenschutz-cookies\/","title":{"rendered":"Datenschutz &amp; Cookies"},"content":{"rendered":"<div class=\"wpb-content-wrapper\"><p>[vc_row css_animation=&#8220;&#8220; row_type=&#8220;row&#8220; use_row_as_full_screen_section=&#8220;no&#8220; type=&#8220;full_width&#8220; angled_section=&#8220;no&#8220; text_align=&#8220;left&#8220; background_image_as_pattern=&#8220;without_pattern&#8220; css=&#8220;.vc_custom_1582641101337{padding-bottom: 60px !important;}&#8220; z_index=&#8220;&#8220;][vc_column][vc_column_text]<\/p>\n<h1>Erkl\u00e4rung zum Datenschutz<\/h1>\n<p>[\/vc_column_text][vc_column_text]Dies ist die Datenschutzerkl\u00e4rung von Elling Shipbuilding (im Folgenden auch als \u201ewir\u201c, \u201ewir\u201c und \u201euns\u201c bezeichnet). Der Firmensitz befindet sich in Veerdam 1, 5308 Yh, Aalst, Niederlande. Wenn Sie die Website von Elling Shipbuilding unter https:\/\/www.elling-yachting.com (im Folgenden: \u201edie Website\u201c) besuchen, verarbeiten wir verschiedene Daten \u00fcber Sie. Wir tun dies f\u00fcr verschiedene Zwecke. Nachstehend k\u00f6nnen Sie nachlesen, welche Daten wir verarbeiten und zu welchem Zweck wir dies tun. \u00dcbrigens ist der Begriff \u201eVerarbeitung\u201c sehr weit gefasst. Das Gesetz definiert ihn als alle Handlungen vom Zeitpunkt der Erhebung bis zur L\u00f6schung. Der Begriff \u201eVerarbeitung\u201c umfasst auch die vor\u00fcbergehende Speicherung Ihrer Daten.        <\/p>\n<p>&nbsp;<\/p>\n<p>Wir nehmen Ihre Privatsph\u00e4re sehr ernst und werden Ihre Daten auf sichere Weise verarbeiten und nutzen. Nat\u00fcrlich informieren wir Sie in diesem Datenschutzhinweis auch dar\u00fcber, welche Rechte Sie haben und wie Sie diese Rechte aus\u00fcben k\u00f6nnen.  <\/p>\n<p>&nbsp;<\/p>\n<p><strong>Warum verarbeiten wir Ihre Daten? <\/strong><\/p>\n<p>Wir verarbeiten Ihre Daten f\u00fcr verschiedene Zwecke. Im Allgemeinen verarbeiten wir Ihre Daten, um Ihre Nutzung der Website zu optimieren und sicherzustellen, dass wir Ihnen die von Ihnen erworbenen Produkte und\/oder Dienstleistungen zur Verf\u00fcgung stellen k\u00f6nnen. Im Einzelnen verarbeiten wir Ihre Daten f\u00fcr die folgenden Zwecke:.  <\/p>\n<ul>\n<li>Damit die Website ordnungsgem\u00e4\u00df funktionieren kann;<\/li>\n<li>Verbesserung der Website;<\/li>\n<li>Um eine f\u00fcr Sie besser geeignete Website anzubieten;<\/li>\n<li>Um Ihnen (personalisierte) Angebote und Informationen zu senden;<\/li>\n<li>Um Ihnen unseren Newsletter zu schicken;<\/li>\n<\/ul>\n<p>&nbsp;<\/p>\n<p><strong>Welche Daten verarbeiten wir \u00fcber Sie?<\/strong><\/p>\n<p><em>Korrektes Funktionieren der Website<\/em><\/p>\n<p>Damit die Website ordnungsgem\u00e4\u00df funktioniert, verwenden wir automatisch generierte Informationen wie Ihre IP-Adresse, die Art, Version und Sprache Ihres Browsers und\/oder die Aufl\u00f6sung Ihres Bildschirms.<\/p>\n<p>&nbsp;<\/p>\n<p><em>Optimierung der Website<\/em><\/p>\n<p>Um die Website zu verbessern, verwenden wir bestimmte Informationen, die w\u00e4hrend Ihres Besuchs auf der Website gesammelt werden, wie z. B.: Ihre IP-Adresse, die Seiten, die Sie auf der Website besuchen und wie lange Sie auf diesen Seiten bleiben, wie Sie auf die Website gekommen sind, welches Computersystem Sie verwenden und den Typ und die Version Ihres Browsers.<\/p>\n<p>&nbsp;<\/p>\n<p><em>Besondere Angebote \u00fcber einen Newsletter<\/em><\/p>\n<p>Wenn Sie diese Option w\u00e4hlen, erhalten Sie regelm\u00e4\u00dfig unseren Newsletter per E-Mail mit interessanten Aktionen und Angeboten. M\u00f6chten Sie den Newsletter abbestellen? Sie k\u00f6nnen den Newsletter jederzeit \u00fcber einen Link im Newsletter abbestellen.   <\/p>\n<p>&nbsp;<\/p>\n<p>Wir werden Ihre Daten niemals ohne Ihre ausdr\u00fcckliche Zustimmung an Dritte zu deren kommerziellen Zwecken weitergeben.<\/p>\n<p>&nbsp;<\/p>\n<p><strong>Was passiert, wenn Sie einen Link \u00fcber die Website herstellen?<\/strong><\/p>\n<p>Die Website kann Hyperlinks enthalten, die Sie, wenn Sie sie anklicken, von der Website auf die Website einer anderen Partei weiterleiten. Wir haben keine Kontrolle \u00fcber den Inhalt der Websites anderer Parteien und die dort angebotenen Produkte und\/oder Dienstleistungen. Auch wissen wir nicht, wie Ihre Daten auf diesen anderen Websites behandelt werden. Diese Datenschutzerkl\u00e4rung bezieht sich nur auf (pers\u00f6nliche) Daten, die \u00fcber die Website erhoben werden. Wir k\u00f6nnen keine Verantwortung oder Haftung f\u00fcr die Websites anderer Parteien und deren Umgang mit Ihren (personenbezogenen) Daten \u00fcbernehmen.     <\/p>\n<p>&nbsp;<\/p>\n<p><strong>Geben wir Ihre Daten an andere Parteien weiter? <\/strong><\/p>\n<p>Elling Shipbuilding darf Ihre Daten nur dann an Dritte weitergeben, wenn Sie ausdr\u00fccklich Ihr Einverst\u00e4ndnis in Bezug auf einen bestimmten Dritten gegeben haben oder wenn diese Daten nicht auf Sie pers\u00f6nlich zur\u00fcckgef\u00fchrt werden k\u00f6nnen (z. B. automatisch generierte Informationen mit Ausnahme Ihrer IP-Adresse).<\/p>\n<p>&nbsp;<\/p>\n<p>Schlie\u00dflich kann Elling Shipbuilding Ihre Daten an Dritte weitergeben, wenn das Unternehmen aufgrund von Gesetzen und\/oder Vorschriften dazu verpflichtet ist, wenn es aufgrund eines Gerichtsverfahrens dazu gezwungen ist und\/oder wenn es dies zum Schutz seiner eigenen Rechte f\u00fcr notwendig h\u00e4lt.<\/p>\n<p>&nbsp;<\/p>\n<p><strong>Rechte unserer Besucher und Kunden<\/strong><\/p>\n<p>Als Besucher oder Kunde der Website haben Sie das Recht, sich mit uns in Verbindung zu setzen und uns aufzufordern, Sie dar\u00fcber zu informieren, ob wir Daten \u00fcber Sie verarbeiten. Sie k\u00f6nnen uns \u00fcber das Kontaktformular kontaktieren. Nachdem die Anfrage gestellt wurde, werden wir Sie schriftlich \u00fcber Folgendes informieren:   <\/p>\n<ul>\n<li>welche Daten wir verarbeiten;<\/li>\n<li>f\u00fcr welche Zwecke wir sie verarbeiten;<\/li>\n<li>Woher diese Daten stammen;<\/li>\n<li>An wen wir die Daten weitergeben und zu welchem Zweck.<\/li>\n<\/ul>\n<p>&nbsp;<\/p>\n<p>Sie haben auch das Recht, von uns die Berichtigung, Erg\u00e4nzung, L\u00f6schung oder Sperrung Ihrer personenbezogenen Daten zu verlangen. Sie k\u00f6nnen diesen Antrag stellen, wenn:  <\/p>\n<ul>\n<li>die Daten sind sachlich falsch;<\/li>\n<li>unvollst\u00e4ndig oder f\u00fcr die Zwecke der Verarbeitung nicht anwendbar sind;<\/li>\n<li>oder unter Versto\u00df gegen das Gesetz verarbeitet werden.<\/li>\n<\/ul>\n<p>&nbsp;<\/p>\n<p>Elling Shipbuilding teilt Ihnen innerhalb von vier Wochen nach Ihrem Antrag schriftlich mit, ob sie Ihrem Antrag auf Berichtigung, Erg\u00e4nzung, L\u00f6schung oder Sperrung nachkommen wird. Wenn Elling Shipbuilding Ihrem Antrag nicht nachkommt, wird sie den Grund daf\u00fcr angeben.  <\/p>\n<p>&nbsp;<\/p>\n<p><strong>Sicherheit<\/strong><\/p>\n<p>&nbsp;<\/p>\n<p><strong>Versand in L\u00e4nder au\u00dferhalb der EU<\/strong><\/p>\n<p>Aus technischen und betrieblichen Gr\u00fcnden kann es erforderlich sein, dass Ihre (personenbezogenen) Daten an (Server von) Tochtergesellschaften von Elling Shipbuilding au\u00dferhalb des Europ\u00e4ischen Wirtschaftsraums \u00fcbermittelt werden. Da die dortigen Datenschutzbestimmungen m\u00f6glicherweise nicht den gleichen Schutz bieten wie innerhalb des Europ\u00e4ischen Wirtschaftsraums, wird Elling Shipbuilding die EU-Standardvertragsklauseln verwenden, um Ihre Daten so weit wie m\u00f6glich zu sch\u00fctzen. Sollte dies nicht m\u00f6glich sein, wird Elling Shipbuilding Sie um Erlaubnis bitten, Ihre (personenbezogenen) Daten in L\u00e4nder zu \u00fcbermitteln, die kein angemessenes Schutzniveau bieten. Sie k\u00f6nnen diese Zustimmung jederzeit widerrufen.    <\/p>\n<p>&nbsp;<\/p>\n<p><strong>Zusammenfassend<\/strong><\/p>\n<p>Haben Sie nach dem Lesen dieser Datenschutzerkl\u00e4rung noch Fragen zum Schutz Ihrer Daten w\u00e4hrend Ihres Besuchs auf der Website? Wenden Sie sich bitte schriftlich, telefonisch oder per E-Mail an uns. Diese Datenschutzerkl\u00e4rung kann ge\u00e4ndert werden. Diese \u00c4nderungen werden auf der Website bekannt gegeben.    [\/vc_column_text][vc_column_text css=&#8220;.vc_custom_1582641093772{margin-top: 60px !important;}&#8220;]<\/p>\n<h1>Cookie-Erkl\u00e4rung<\/h1>\n<p>[\/vc_column_text][vc_column_text]Diese Cookie-Erkl\u00e4rung beschreibt die von Elling Shipbuilding (im Folgenden auch als \u201ewir\u201c, \u201euns\u201c und \u201eunser\u201c bezeichnet) \u00fcber die Website https:\/\/www.elling-yachting.com (im Folgenden als \u201eWebsite\u201c bezeichnet) verwendeten Cookies und den Zweck, zu dem diese Cookies eingesetzt werden. Elling Shipbuilding hat seinen Sitz in Veerdam 1, 5308 Jh, Aalst, Niederlande.  <\/p>\n<p>&nbsp;<\/p>\n<p><strong>Was sind Cookies? <\/strong><\/p>\n<p>Cookies sind kleine (Text-)Informationen, die an Ihren Browser gesendet werden, wenn Sie eine Website besuchen, und die dann auf der Festplatte oder im Speicher Ihres Computers, Tablets oder Mobiltelefons (im Folgenden: \u201eGer\u00e4t\u201c) gespeichert werden. \u00dcber die Website platzierte Cookies k\u00f6nnen Ihr Ger\u00e4t oder die darauf gespeicherten Dateien nicht besch\u00e4digen.  <\/p>\n<p>&nbsp;<\/p>\n<p><strong>Welche Cookies werden von Elling Shipbuilding verwendet? <\/strong><\/p>\n<p><em>Funktionierende Cookies<\/em><\/p>\n<p>Elling Shipbuilding verwendet in erster Linie funktionale Cookies. Diese Cookies sind notwendig, um Ihnen die von Ihnen angeforderten Dienste und Funktionalit\u00e4ten zur Verf\u00fcgung zu stellen. Funktionale Cookies merken sich zum Beispiel, dass Sie angemeldet sind, so dass Sie sich auf einer sp\u00e4teren Webseite nicht erneut anmelden m\u00fcssen.   <\/p>\n<p>&nbsp;<\/p>\n<p><em>Analytics-Cookies<\/em><\/p>\n<p>Elling Shipbuilding maakt gebruik van analytische diensten voor het verzamelen van statistieken met betrekking tot het gebruik van en de navigatie op de Website. Deze gegevens worden geanalyseerd door de aanbieder van deze analysediensten en de resultaten worden verstrekt aan Elling Shipbuilding. Elling Shipbuilding verkrijgt op deze wijze inzicht in hoe de Website wordt gebruikt en kan aan de hand van die gegevens de Website en\/of haar dienstverlening zo nodig aanpassen. Indien wettelijk vereist kan de analyticsdienst deze informatie aan derden verstrekken.    <\/p>\n<p>&nbsp;<\/p>\n<p><em>Soziale Plugins<\/em><\/p>\n<p>Die Website kann Zugang zu verschiedenen sozialen Medien bieten, wie Facebook, Twitter, LinkedIn, Instagram, Pinterest, Youtube und Google+. Diese sogenannten Social Plugins erm\u00f6glichen es Ihnen, Informationen auf der Website zu teilen und anderen zu empfehlen. Die Social Plugins werden von Dritten verwendet, um Cookies auf Ihrem Ger\u00e4t zu platzieren. Dabei kann es sich um Cookies handeln, die dazu dienen, Ihr Nutzererlebnis zu optimieren, oder um Tracking-Cookies, die dazu dienen, Ihr Surfverhalten \u00fcber mehrere Websites hinweg zu verfolgen und ein Profil Ihres Surfverhaltens zu erstellen.   <\/p>\n<p>&nbsp;<\/p>\n<p><em>Tracking-Cookies<\/em><\/p>\n<p>Elling Shipbuilding verwendet auf der Website Cookies von Dritten, die Ihnen auf der Grundlage Ihres Surfverhaltens personalisierte Angebote unterbreiten k\u00f6nnen.<\/p>\n<p>&nbsp;<\/p>\n<p>Die Website legt ein Cookie mit einer eindeutigen Nummer auf Ihrem Ger\u00e4t ab. Dieses Cookie erm\u00f6glicht es uns, Ihr Ger\u00e4t zu erkennen, wenn Sie eine andere Website besuchen, die Teil desselben Werbenetzwerks ist. Dies erm\u00f6glicht es Elling Shipbuilding, Ihnen Werbung auf dieser anderen Website zu zeigen.  <\/p>\n<p>&nbsp;<\/p>\n<p>Die auf diese Weise gesammelten Daten werden von Elling Shipbuilding nur dazu verwendet, Ihnen unsere Werbung auf anderen Websites zu zeigen, und werden nicht mit anderen Dateien verkn\u00fcpft.<\/p>\n<p>&nbsp;<\/p>\n<p><strong>Cookies l\u00f6schen<\/strong><\/p>\n<p>Sie k\u00f6nnen die Erlaubnis, die Sie Elling Shipbuilding zum Setzen und Lesen von Cookies gegeben haben, jederzeit widerrufen, indem Sie Ihren Browser so einstellen, dass er keine Cookies akzeptiert, oder indem Sie alle bereits in Ihrem Browser gesetzten Cookies l\u00f6schen. Bitte konsultieren Sie die Hilfefunktion Ihres Browsers, um herauszufinden, wie Sie Cookies l\u00f6schen k\u00f6nnen. <\/p>\n<p>&nbsp;<\/p>\n<p>Sie sollten beachten, dass das L\u00f6schen von Cookies dazu f\u00fchren kann, dass bestimmte Teile der Website nicht richtig oder \u00fcberhaupt nicht funktionieren.<\/p>\n<p>&nbsp;<\/p>\n<p>Die Ablehnung und L\u00f6schung von Cookies wirkt sich nur auf den Computer und den Browser aus, auf dem Sie diese Aktion durchf\u00fchren. Wenn Sie mehr als einen Computer und\/oder Browser verwenden, m\u00fcssen Sie die obige(n) Aktion(en) f\u00fcr jeden Computer und\/oder Browser wiederholen. <\/p>\n<p>&nbsp;<\/p>\n<p><strong>Datenschutz-Erkl\u00e4rung<\/strong><\/p>\n<p>Die mit Hilfe eines Cookies gesammelten Informationen k\u00f6nnen personenbezogene Daten enthalten. Ist dies der Fall, so gilt die Datenschutzerkl\u00e4rung von Elling Shipbuilding auch f\u00fcr die Verarbeitung dieser personenbezogenen Daten. Die Datenschutzerkl\u00e4rung kann auf der Website eingesehen werden.  <\/p>\n<p>&nbsp;<\/p>\n<p><strong>Fragen<\/strong><\/p>\n<p>Wenn Sie Fragen zu dieser Cookie-Erkl\u00e4rung haben, senden Sie uns bitte eine Nachricht \u00fcber das Kontaktformular.[\/vc_column_text][\/vc_column][\/vc_row]<\/p>\n<\/div>","protected":false},"excerpt":{"rendered":"<p>[vc_row css_animation=&#8220;&#8220; row_type=&#8220;row&#8220; use_row_as_full_screen_section=&#8220;no&#8220; type=&#8220;full_width&#8220; angled_section=&#8220;no&#8220; text_align=&#8220;left&#8220; background_image_as_pattern=&#8220;without_pattern&#8220; css=&#8220;.vc_custom_1582641101337{padding-bottom: 60px !important;}&#8220; z_index=&#8220;&#8220;][vc_column][vc_column_text] Erkl\u00e4rung zum Datenschutz [\/vc_column_text][vc_column_text]Dies ist die Datenschutzerkl\u00e4rung von Elling Shipbuilding (im Folgenden auch als \u201ewir\u201c, \u201ewir\u201c und \u201euns\u201c bezeichnet). Der Firmensitz befindet sich in Veerdam 1, 5308 Yh, Aalst, Niederlande. Wenn Sie die&#8230;<\/p>\n","protected":false},"author":1,"featured_media":0,"parent":0,"menu_order":0,"comment_status":"closed","ping_status":"closed","template":"","meta":{"_acf_changed":false,"footnotes":""},"class_list":["post-2255","page","type-page","status-publish","hentry"],"acf":[],"yoast_head":"<!-- This site is optimized with the Yoast SEO plugin v26.9 - https:\/\/yoast.com\/product\/yoast-seo-wordpress\/ -->\n<title>Lesen Sie die Datenschutz- und Cookie-Erkl\u00e4rung von Elling | Elling Yachting<\/title>\n<meta name=\"description\" content=\"Lesen Sie hier die Datenschutzerkl\u00e4rung und die Cookie-Regeln f\u00fcr die Website von Elling Yachting. Wir verwenden Cookies, um Ihnen die beste Website-Erfahrung zu bieten. Lesen Sie hier mehr.\" \/>\n<meta name=\"robots\" content=\"index, follow, max-snippet:-1, max-image-preview:large, max-video-preview:-1\" \/>\n<link rel=\"canonical\" href=\"https:\/\/www.ellingyachting.com\/de\/datenschutz-cookies\/\" \/>\n<meta property=\"og:locale\" content=\"de_DE\" \/>\n<meta property=\"og:type\" content=\"article\" \/>\n<meta property=\"og:title\" content=\"Lesen Sie die Datenschutz- und Cookie-Erkl\u00e4rung von Elling | Elling Yachting\" \/>\n<meta property=\"og:description\" content=\"Lesen Sie hier die Datenschutzerkl\u00e4rung und die Cookie-Regeln f\u00fcr die Website von Elling Yachting. Wir verwenden Cookies, um Ihnen die beste Website-Erfahrung zu bieten. Lesen Sie hier mehr.\" \/>\n<meta property=\"og:url\" content=\"https:\/\/www.ellingyachting.com\/de\/datenschutz-cookies\/\" \/>\n<meta property=\"og:site_name\" content=\"Elling Yachting\" \/>\n<meta property=\"article:publisher\" content=\"https:\/\/www.facebook.com\/profile.php?id=100063969341938&amp;locale=nl_NL\" \/>\n<meta property=\"article:modified_time\" content=\"2024-12-02T07:14:12+00:00\" \/>\n<meta property=\"og:image\" content=\"https:\/\/www.ellingyachting.com\/wp-content\/uploads\/2024\/12\/logo.png\" \/>\n\t<meta property=\"og:image:width\" content=\"159\" \/>\n\t<meta property=\"og:image:height\" content=\"125\" \/>\n\t<meta property=\"og:image:type\" content=\"image\/png\" \/>\n<meta name=\"twitter:card\" content=\"summary_large_image\" \/>\n<meta name=\"twitter:label1\" content=\"Gesch\u00e4tzte Lesezeit\" \/>\n\t<meta name=\"twitter:data1\" content=\"8\u00a0Minuten\" \/>\n<script type=\"application\/ld+json\" class=\"yoast-schema-graph\">{\"@context\":\"https:\/\/schema.org\",\"@graph\":[{\"@type\":\"WebPage\",\"@id\":\"https:\/\/www.ellingyachting.com\/de\/datenschutz-cookies\/\",\"url\":\"https:\/\/www.ellingyachting.com\/de\/datenschutz-cookies\/\",\"name\":\"Lesen Sie die Datenschutz- und Cookie-Erkl\u00e4rung von Elling | Elling Yachting\",\"isPartOf\":{\"@id\":\"https:\/\/www.ellingyachting.com\/#website\"},\"datePublished\":\"2018-04-19T11:35:21+00:00\",\"dateModified\":\"2024-12-02T07:14:12+00:00\",\"description\":\"Lesen Sie hier die Datenschutzerkl\u00e4rung und die Cookie-Regeln f\u00fcr die Website von Elling Yachting. Wir verwenden Cookies, um Ihnen die beste Website-Erfahrung zu bieten. Lesen Sie hier mehr.\",\"breadcrumb\":{\"@id\":\"https:\/\/www.ellingyachting.com\/de\/datenschutz-cookies\/#breadcrumb\"},\"inLanguage\":\"de\",\"potentialAction\":[{\"@type\":\"ReadAction\",\"target\":[\"https:\/\/www.ellingyachting.com\/de\/datenschutz-cookies\/\"]}]},{\"@type\":\"BreadcrumbList\",\"@id\":\"https:\/\/www.ellingyachting.com\/de\/datenschutz-cookies\/#breadcrumb\",\"itemListElement\":[{\"@type\":\"ListItem\",\"position\":1,\"name\":\"Home\",\"item\":\"https:\/\/www.ellingyachting.com\/de\/\"},{\"@type\":\"ListItem\",\"position\":2,\"name\":\"Datenschutz &amp; Cookies\"}]},{\"@type\":\"WebSite\",\"@id\":\"https:\/\/www.ellingyachting.com\/#website\",\"url\":\"https:\/\/www.ellingyachting.com\/\",\"name\":\"Elling Yachting\",\"description\":\"Luxury Elling Yachts builders\",\"publisher\":{\"@id\":\"https:\/\/www.ellingyachting.com\/#organization\"},\"potentialAction\":[{\"@type\":\"SearchAction\",\"target\":{\"@type\":\"EntryPoint\",\"urlTemplate\":\"https:\/\/www.ellingyachting.com\/?s={search_term_string}\"},\"query-input\":{\"@type\":\"PropertyValueSpecification\",\"valueRequired\":true,\"valueName\":\"search_term_string\"}}],\"inLanguage\":\"de\"},{\"@type\":\"Organization\",\"@id\":\"https:\/\/www.ellingyachting.com\/#organization\",\"name\":\"Elling shipbuilding\",\"url\":\"https:\/\/www.ellingyachting.com\/\",\"logo\":{\"@type\":\"ImageObject\",\"inLanguage\":\"de\",\"@id\":\"https:\/\/www.ellingyachting.com\/#\/schema\/logo\/image\/\",\"url\":\"https:\/\/www.ellingyachting.com\/wp-content\/uploads\/2024\/12\/logo.png\",\"contentUrl\":\"https:\/\/www.ellingyachting.com\/wp-content\/uploads\/2024\/12\/logo.png\",\"width\":159,\"height\":125,\"caption\":\"Elling shipbuilding\"},\"image\":{\"@id\":\"https:\/\/www.ellingyachting.com\/#\/schema\/logo\/image\/\"},\"sameAs\":[\"https:\/\/www.facebook.com\/profile.php?id=100063969341938&locale=nl_NL\",\"https:\/\/www.instagram.com\/ellingyachts\/\"]}]}<\/script>\n<!-- \/ Yoast SEO plugin. -->","yoast_head_json":{"title":"Lesen Sie die Datenschutz- und Cookie-Erkl\u00e4rung von Elling | Elling Yachting","description":"Lesen Sie hier die Datenschutzerkl\u00e4rung und die Cookie-Regeln f\u00fcr die Website von Elling Yachting. Wir verwenden Cookies, um Ihnen die beste Website-Erfahrung zu bieten. Lesen Sie hier mehr.","robots":{"index":"index","follow":"follow","max-snippet":"max-snippet:-1","max-image-preview":"max-image-preview:large","max-video-preview":"max-video-preview:-1"},"canonical":"https:\/\/www.ellingyachting.com\/de\/datenschutz-cookies\/","og_locale":"de_DE","og_type":"article","og_title":"Lesen Sie die Datenschutz- und Cookie-Erkl\u00e4rung von Elling | Elling Yachting","og_description":"Lesen Sie hier die Datenschutzerkl\u00e4rung und die Cookie-Regeln f\u00fcr die Website von Elling Yachting. Wir verwenden Cookies, um Ihnen die beste Website-Erfahrung zu bieten. Lesen Sie hier mehr.","og_url":"https:\/\/www.ellingyachting.com\/de\/datenschutz-cookies\/","og_site_name":"Elling Yachting","article_publisher":"https:\/\/www.facebook.com\/profile.php?id=100063969341938&locale=nl_NL","article_modified_time":"2024-12-02T07:14:12+00:00","og_image":[{"width":159,"height":125,"url":"https:\/\/www.ellingyachting.com\/wp-content\/uploads\/2024\/12\/logo.png","type":"image\/png"}],"twitter_card":"summary_large_image","twitter_misc":{"Gesch\u00e4tzte Lesezeit":"8\u00a0Minuten"},"schema":{"@context":"https:\/\/schema.org","@graph":[{"@type":"WebPage","@id":"https:\/\/www.ellingyachting.com\/de\/datenschutz-cookies\/","url":"https:\/\/www.ellingyachting.com\/de\/datenschutz-cookies\/","name":"Lesen Sie die Datenschutz- und Cookie-Erkl\u00e4rung von Elling | Elling Yachting","isPartOf":{"@id":"https:\/\/www.ellingyachting.com\/#website"},"datePublished":"2018-04-19T11:35:21+00:00","dateModified":"2024-12-02T07:14:12+00:00","description":"Lesen Sie hier die Datenschutzerkl\u00e4rung und die Cookie-Regeln f\u00fcr die Website von Elling Yachting. Wir verwenden Cookies, um Ihnen die beste Website-Erfahrung zu bieten. Lesen Sie hier mehr.","breadcrumb":{"@id":"https:\/\/www.ellingyachting.com\/de\/datenschutz-cookies\/#breadcrumb"},"inLanguage":"de","potentialAction":[{"@type":"ReadAction","target":["https:\/\/www.ellingyachting.com\/de\/datenschutz-cookies\/"]}]},{"@type":"BreadcrumbList","@id":"https:\/\/www.ellingyachting.com\/de\/datenschutz-cookies\/#breadcrumb","itemListElement":[{"@type":"ListItem","position":1,"name":"Home","item":"https:\/\/www.ellingyachting.com\/de\/"},{"@type":"ListItem","position":2,"name":"Datenschutz &amp; Cookies"}]},{"@type":"WebSite","@id":"https:\/\/www.ellingyachting.com\/#website","url":"https:\/\/www.ellingyachting.com\/","name":"Elling Yachting","description":"Luxury Elling Yachts builders","publisher":{"@id":"https:\/\/www.ellingyachting.com\/#organization"},"potentialAction":[{"@type":"SearchAction","target":{"@type":"EntryPoint","urlTemplate":"https:\/\/www.ellingyachting.com\/?s={search_term_string}"},"query-input":{"@type":"PropertyValueSpecification","valueRequired":true,"valueName":"search_term_string"}}],"inLanguage":"de"},{"@type":"Organization","@id":"https:\/\/www.ellingyachting.com\/#organization","name":"Elling shipbuilding","url":"https:\/\/www.ellingyachting.com\/","logo":{"@type":"ImageObject","inLanguage":"de","@id":"https:\/\/www.ellingyachting.com\/#\/schema\/logo\/image\/","url":"https:\/\/www.ellingyachting.com\/wp-content\/uploads\/2024\/12\/logo.png","contentUrl":"https:\/\/www.ellingyachting.com\/wp-content\/uploads\/2024\/12\/logo.png","width":159,"height":125,"caption":"Elling shipbuilding"},"image":{"@id":"https:\/\/www.ellingyachting.com\/#\/schema\/logo\/image\/"},"sameAs":["https:\/\/www.facebook.com\/profile.php?id=100063969341938&locale=nl_NL","https:\/\/www.instagram.com\/ellingyachts\/"]}]}},"_links":{"self":[{"href":"https:\/\/www.ellingyachting.com\/de\/wp-json\/wp\/v2\/pages\/2255","targetHints":{"allow":["GET"]}}],"collection":[{"href":"https:\/\/www.ellingyachting.com\/de\/wp-json\/wp\/v2\/pages"}],"about":[{"href":"https:\/\/www.ellingyachting.com\/de\/wp-json\/wp\/v2\/types\/page"}],"author":[{"embeddable":true,"href":"https:\/\/www.ellingyachting.com\/de\/wp-json\/wp\/v2\/users\/1"}],"replies":[{"embeddable":true,"href":"https:\/\/www.ellingyachting.com\/de\/wp-json\/wp\/v2\/comments?post=2255"}],"version-history":[{"count":1,"href":"https:\/\/www.ellingyachting.com\/de\/wp-json\/wp\/v2\/pages\/2255\/revisions"}],"predecessor-version":[{"id":2422,"href":"https:\/\/www.ellingyachting.com\/de\/wp-json\/wp\/v2\/pages\/2255\/revisions\/2422"}],"wp:attachment":[{"href":"https:\/\/www.ellingyachting.com\/de\/wp-json\/wp\/v2\/media?parent=2255"}],"curies":[{"name":"wp","href":"https:\/\/api.w.org\/{rel}","templated":true}]}}